{"id":10069,"date":"2026-05-12T11:19:23","date_gmt":"2026-05-12T09:19:23","guid":{"rendered":"https:\/\/www.javorszky.hu\/wordpress\/?page_id=10069"},"modified":"2026-05-12T11:34:39","modified_gmt":"2026-05-12T09:34:39","slug":"ugyintezes-beteg-elhalalozasa-eseten","status":"publish","type":"page","link":"http:\/\/www.javorszky.hu\/wordpress\/?page_id=10069","title":{"rendered":"\u00dcgyint\u00e9z\u00e9s beteg elhal\u00e1loz\u00e1sa eset\u00e9n"},"content":{"rendered":"\n<p><strong>\u00dcgyint\u00e9z\u00e9s beteg elhal\u00e1loz\u00e1sa eset\u00e9n<\/strong><\/p>\n\n\n\n<p>A Hozz\u00e1tartoz\u00f3nak, vagy az \u00e1ltala megb\u00edzott szem\u00e9lynek azon a K\u00d3RH\u00c1ZI OSZT\u00c1LYON kell kezdeni az \u00fcgyint\u00e9z\u00e9st, ahol a hal\u00e1l bek\u00f6vetkezett:<\/p>\n\n\n\n<ul><li>Az illet\u00e9kes oszt\u00e1lyon megkapja a szem\u00e9lyi okm\u00e1nyokat, valamint a szem\u00e9lyes t\u00e1rgyakat, illetve m\u00e9g a beteg \u00e1ltal behozott dokument\u00e1ci\u00f3t, valamint az esetleges igazol\u00e1sokat a munkahely fel\u00e9.<\/li><li>Boncol\u00e1s mell\u0151z\u00e9s\u00e9re vonatkoz\u00f3 ig\u00e9nyt szint\u00e9n az OSZT\u00c1LYON kell jelezni \u00e9s a k\u00e9relmez\u0151 nyomtatv\u00e1nyt kit\u00f6lteni. (\u00c9letbiztos\u00edt\u00e1s eset\u00e9n egyeztessenek a Biztos\u00edt\u00f3val, hogy van-e sz\u00fcks\u00e9g k\u00f3rboncol\u00e1sra \u00e9s annak eredm\u00e9ny\u00e9re.)<br>A boncol\u00e1s mell\u0151z\u00e9s\u00e9hez h\u00e1rom enged\u00e9ly egy\u00fcttesen sz\u00fcks\u00e9ges:<br><strong>1.&nbsp;<\/strong>Oszt\u00e1lyvezet\u0151 f\u0151orvosi&nbsp;&nbsp;&nbsp;<strong>2.&nbsp;<\/strong>Patol\u00f3gus oszt\u00e1lyvezet\u0151i&nbsp;&nbsp;&nbsp;<strong>3.<\/strong>&nbsp;Igazgat\u00f3s\u00e1gi<\/li><\/ul>\n\n\n\n<p>Az elhunyt szem\u00e9lyi igazolv\u00e1ny\u00e1val \u00e9s lakc\u00edmk\u00e1rty\u00e1j\u00e1val a Hozz\u00e1tartoz\u00f3 megb\u00edz egy temetkez\u00e9si v\u00e1llalkoz\u00e1st, aki hivatalosan a nev\u00e9ben elj\u00e1r. (A temetkez\u00e9si v\u00e1llalkoz\u00f3 kiv\u00e1laszt\u00e1sa egy\u00e9ni d\u00f6nt\u00e9s,&nbsp;<strong>a K\u00f3rh\u00e1z dolgoz\u00f3i ehhez javaslatot nem adhatnak!<\/strong>).<br>Amennyiben az Anyak\u00f6vez\u00e9st nem a megb\u00edzott Temetkez\u00e9s, hanem a Hozz\u00e1tartoz\u00f3 int\u00e9zi (egy\u00e9ni \u00fcgyint\u00e9z\u00e9s), az al\u00e1bbi dokumentumokra lesz sz\u00fcks\u00e9g:<\/p>\n\n\n\n<ul><li>Elhunyt szem\u00e9lyi igazolv\u00e1nya,<\/li><li>Elhunyt lakc\u00edmk\u00e1rty\u00e1ja,<\/li><li>Elhunyt csal\u00e1di \u00e1llapot\u00e1t igazol\u00f3 hivatalos okirat (h\u00e1zass\u00e1gi anyak\u00f6nyvi kivonat, \u00f6zvegys\u00e9g eset\u00e9n az elhunyt h\u00e1zast\u00e1rs halotti anyak\u00f6nyvi kivonata),<\/li><li>Halottvizsg\u00e1lati bizony\u00edtv\u00e1ny (eHVB) I-II. p\u00e9ld\u00e1nya, mely a Patol\u00f3giai Oszt\u00e1lyon vehet\u0151 \u00e1t.<\/li><li>KSH Hal\u00e1loz\u00e1si Lap (Temetkez\u00e9si v\u00e1llalkoz\u00f3 int\u00e9zi \/ egy\u00e9ni \u00fcgyint\u00e9z\u00e9s eset\u00e9n a Betegfelv\u00e9teli Iroda t\u00f6lti ki).<\/li><\/ul>\n\n\n\n<p>A hozz\u00e1tartoz\u00f3nak lehet\u0151s\u00e9ge van az elhunyt fel\u00f6lt\u00f6ztet\u00e9s\u00e9hez az \u00f6lt\u00f6z\u00e9ket a temetkez\u00e9si v\u00e1llalkoz\u00f3n kereszt\u00fcl, vagy szem\u00e9lyesen a Patol\u00f3gi\u00e1n \u00e1tadni.<\/p>\n\n\n\n<p>K\u00e9rj\u00fck a ruh\u00e1zatot n\u00e9vvel ell\u00e1tni.<\/p>\n\n\n\n<p>A k\u00f3rh\u00e1z Patol\u00f3giai oszt\u00e1ly\u00e1n az elhunyt megtekinthet\u0151 , a megtekint\u00e9sre id\u0151pontot szem\u00e9lyesen vagy telefonon (+30 30 799 0811)lehet egyeztetni.<\/p>\n\n\n\n<p><strong>Halottell\u00e1t\u00e1ssal kapcsolatos d\u00edjak:<\/strong><\/p>\n\n\n\n<p>V\u00e9gtisztess\u00e9gre t\u00f6rt\u00e9n\u0151 komplex el\u0151k\u00e9sz\u00edt\u00e9s: \u00f6lt\u00f6ztet\u00e9s, hajmos\u00e1s sz\u00e1r\u00edt\u00e1ssal, borotv\u00e1l\u00e1s \u00e9s egy\u00e9b el\u0151k\u00e9sz\u00edt\u00e9s:&nbsp;<strong><mark>brutt\u00f3 25.400 Ft<\/mark><\/strong><\/p>\n\n\n\n<p>V\u00e9gtisztess\u00e9gre val\u00f3 fel\u00f6lt\u00f6ztet\u00e9s:&nbsp;<strong><mark>brutt\u00f3 12.700 Ft<\/mark><\/strong><\/p>\n\n\n\n<p>Hamvaszt\u00e1sra val\u00f3 el\u0151k\u00e9sz\u00edt\u00e9s hozott leped\u0151ben:&nbsp;<strong><mark>brutt\u00f3 7.600 Ft<\/mark><\/strong><\/p>\n\n\n\n<p>Az elhunyt h\u0171t\u00e9s\u00e9\u00e9rt a K\u00f3rh\u00e1z h\u0171t\u00e9si d\u00edjat sz\u00e1m\u00edt fel, mely napi&nbsp;<strong><mark>brutto 5000,-Ft<\/mark><\/strong>, mely a halottvizsg\u00e1lati bizony\u00edtv\u00e1ny ki\u00e1ll\u00edt\u00e1s\u00e1t k\u00f6vet\u0151 munkanapt\u00f3l lesz felsz\u00e1molva (ezt a megb\u00edzott Temetkez\u00e9s munkat\u00e1rsa t\u00e9r\u00edti meg a k\u00f3rh\u00e1z P\u00e9nzt\u00e1r\u00e1ban).<\/p>\n\n\n\n<p>Tov\u00e1bbi dokumentumokat kik\u00e9rni (Boncol\u00e1si jegyz\u0151k\u00f6nyv, K\u00f3rh\u00e1zi dokument\u00e1ci\u00f3) a Szakrendel\u0151 f\u00f6ldszintj\u00e9n a Betegfelv\u00e9teli Irod\u00e1n, vagy a 06\/27\/620-620\/1408-as mell\u00e9ken lehets\u00e9ges, b\u0151vebben l\u00e1sd :&nbsp;<a href=\"http:\/\/www.javorszky.hu\/wordpress\/?page_id=4372\">http:\/\/www.javorszky.hu\/wordpress\/?page_id=4372<\/a><\/p>\n\n\n\n<p>Tov\u00e1bbi inform\u00e1ci\u00f3, t\u00e1j\u00e9koztat\u00e1s az al\u00e1bbi telefonsz\u00e1mon:<\/p>\n\n\n\n<p>Telefonos inform\u00e1ci\u00f3k halotti \u00fcgyint\u00e9z\u00e9sr\u0151l:&nbsp;<strong><mark>+36 30 799 0811<\/mark><\/strong>&nbsp;munkanapokon 8:00-14:00 k\u00f6z\u00f6tt<\/p>\n\n\n\n<p>Szem\u00e9lyes&nbsp;<strong>\u00fcgyint\u00e9z\u00e9s&nbsp;<\/strong>a Patol\u00f3gia Oszt\u00e1lyon<strong>:<\/strong>&nbsp;<mark><strong>munkanapokon 10:00-12:00<\/strong><\/mark>k\u00f6z\u00f6tt<\/p>\n\n\n\n<p class=\"has-text-align-center\"><strong><em>Elhunytak elsz\u00e1ll\u00edt\u00e1sa az al\u00e1bbi id\u0151pontokban lehets\u00e9ges:<\/em><\/strong><\/p>\n\n\n\n<p class=\"has-text-align-center\">H\u00e9tf\u0151-Cs\u00fct\u00f6rt\u00f6k: 10:00-12:00<\/p>\n\n\n\n<p class=\"has-text-align-center\">P\u00e9ntek: 10:00-11.30<\/p>\n","protected":false},"excerpt":{"rendered":"<p>\u00dcgyint\u00e9z\u00e9s beteg elhal\u00e1loz\u00e1sa eset\u00e9n A Hozz\u00e1tartoz\u00f3nak, vagy az \u00e1ltala megb\u00edzott szem\u00e9lynek azon a K\u00d3RH\u00c1ZI OSZT\u00c1LYON kell kezdeni az \u00fcgyint\u00e9z\u00e9st, ahol a hal\u00e1l bek\u00f6vetkezett: Az illet\u00e9kes oszt\u00e1lyon megkapja a szem\u00e9lyi okm\u00e1nyokat, valamint a szem\u00e9lyes t\u00e1rgyakat, illetve m\u00e9g a beteg \u00e1ltal behozott dokument\u00e1ci\u00f3t, valamint az esetleges igazol\u00e1sokat a munkahely fel\u00e9. Boncol\u00e1s mell\u0151z\u00e9s\u00e9re vonatkoz\u00f3 ig\u00e9nyt szint\u00e9n az OSZT\u00c1LYON [&hellip;]<\/p>\n","protected":false},"author":5,"featured_media":0,"parent":0,"menu_order":0,"comment_status":"closed","ping_status":"closed","template":"","meta":[],"_links":{"self":[{"href":"http:\/\/www.javorszky.hu\/wordpress\/index.php?rest_route=\/wp\/v2\/pages\/10069"}],"collection":[{"href":"http:\/\/www.javorszky.hu\/wordpress\/index.php?rest_route=\/wp\/v2\/pages"}],"about":[{"href":"http:\/\/www.javorszky.hu\/wordpress\/index.php?rest_route=\/wp\/v2\/types\/page"}],"author":[{"embeddable":true,"href":"http:\/\/www.javorszky.hu\/wordpress\/index.php?rest_route=\/wp\/v2\/users\/5"}],"replies":[{"embeddable":true,"href":"http:\/\/www.javorszky.hu\/wordpress\/index.php?rest_route=%2Fwp%2Fv2%2Fcomments&post=10069"}],"version-history":[{"count":2,"href":"http:\/\/www.javorszky.hu\/wordpress\/index.php?rest_route=\/wp\/v2\/pages\/10069\/revisions"}],"predecessor-version":[{"id":10076,"href":"http:\/\/www.javorszky.hu\/wordpress\/index.php?rest_route=\/wp\/v2\/pages\/10069\/revisions\/10076"}],"wp:attachment":[{"href":"http:\/\/www.javorszky.hu\/wordpress\/index.php?rest_route=%2Fwp%2Fv2%2Fmedia&parent=10069"}],"curies":[{"name":"wp","href":"https:\/\/api.w.org\/{rel}","templated":true}]}}