{"id":1156,"date":"2016-10-03T14:11:36","date_gmt":"2016-10-03T12:11:36","guid":{"rendered":"http:\/\/www.javorszky.hu\/wordpress\/?page_id=1156"},"modified":"2026-04-28T11:36:15","modified_gmt":"2026-04-28T09:36:15","slug":"palyazat","status":"publish","type":"page","link":"http:\/\/www.javorszky.hu\/wordpress\/?page_id=1156","title":{"rendered":"\u00c1ll\u00e1saj\u00e1nlatok"},"content":{"rendered":"\n<h2 class=\"has-text-align-center\"><strong>Orvosi poz\u00edci\u00f3k<\/strong><\/h2>\n\n\n\n<p class=\"has-text-align-center has-black-color has-pale-cyan-blue-background-color has-text-color has-background\"><a href=\"https:\/\/www.javorszky.hu\/wordpress\/?page_id=4258\" data-type=\"URL\" data-id=\"https:\/\/www.javorszky.hu\/wordpress\/?page_id=4258\">Reumatol\u00f3gus szakorvos<\/a><\/p>\n\n\n\n<p class=\"has-text-align-center has-black-color has-pale-cyan-blue-background-color has-text-color has-background\"><a href=\"http:\/\/www.javorszky.hu\/wordpress\/?page_id=6194\" data-type=\"URL\" data-id=\"http:\/\/www.javorszky.hu\/wordpress\/?page_id=6194\">Sz\u00fcl\u00e9sz-n\u0151gy\u00f3gy\u00e1sz szakorvos<\/a><\/p>\n\n\n\n<p class=\"has-text-align-center has-pale-cyan-blue-background-color has-background\"><a href=\"https:\/\/www.javorszky.hu\/wordpress\/?page_id=9569\" data-type=\"URL\" data-id=\"https:\/\/www.javorszky.hu\/wordpress\/?page_id=9569\">Szem\u00e9sz szakorvos<\/a><\/p>\n\n\n\n<p class=\"has-text-align-center has-pale-cyan-blue-background-color has-background\"><a href=\"https:\/\/www.javorszky.hu\/wordpress\/?page_id=9226\" data-type=\"URL\" data-id=\"https:\/\/www.javorszky.hu\/wordpress\/?page_id=9226\">Belgy\u00f3gy\u00e1sz szakorvos<\/a><\/p>\n\n\n\n<p class=\"has-text-align-center has-pale-cyan-blue-background-color has-background\"><a href=\"http:\/\/www.javorszky.hu\/wordpress\/?page_id=5173\">Vezet\u0151 kardiol\u00f3gus szakorvos ( Kardiol\u00f3giai Szakrendel\u0151)<\/a><\/p>\n\n\n\n<p class=\"has-text-align-center has-pale-cyan-blue-background-color has-background\"><a href=\"http:\/\/www.javorszky.hu\/wordpress\/?page_id=5177\">Radiol\u00f3gus Szakorvos<\/a><\/p>\n\n\n\n<p class=\"has-text-align-center has-pale-cyan-blue-background-color has-background\"><a href=\"http:\/\/www.javorszky.hu\/wordpress\/?page_id=5782\">F\u00fcl-orr g\u00e9g\u00e9szeti Oszt\u00e1ly\/Szakrendel\u0151 szakorvos<\/a><\/p>\n\n\n\n<p class=\"has-text-align-center has-pale-cyan-blue-background-color has-background\"><a href=\"https:\/\/www.javorszky.hu\/wordpress\/?page_id=6748\" data-type=\"page\" data-id=\"6748\">Mozg\u00e1sszervi Rehabilit\u00e1ci\u00f3s Oszt\u00e1ly- Szakorvos<\/a><\/p>\n\n\n\n<p class=\"has-text-align-center has-pale-cyan-blue-background-color has-background\"><a href=\"https:\/\/www.javorszky.hu\/wordpress\/?page_id=9936\" data-type=\"URL\" data-id=\"https:\/\/www.javorszky.hu\/wordpress\/?page_id=9936\">Radiol\u00f3gus szakorvos (csak UH ell\u00e1t\u00e1s)<\/a><\/p>\n\n\n\n<h2 class=\"has-text-align-center\"><strong>Szakdolgoz\u00f3i poz\u00edci\u00f3k<\/strong><\/h2>\n\n\n\n<p class=\"has-text-align-center has-black-color has-pale-cyan-blue-background-color has-text-color has-background\"><a href=\"http:\/\/www.javorszky.hu\/wordpress\/?page_id=6105\">\u00c1pol\u00f3<\/a><\/p>\n\n\n\n<p class=\"has-text-align-center has-pale-cyan-blue-background-color has-background\"><a href=\"https:\/\/www.javorszky.hu\/wordpress\/?page_id=6784\" data-type=\"URL\" data-id=\"https:\/\/www.javorszky.hu\/wordpress\/?page_id=6784\">Izot\u00f3p assziszten<\/a>s<\/p>\n\n\n\n<p class=\"has-text-align-center has-pale-cyan-blue-background-color has-background\"><a href=\"https:\/\/www.javorszky.hu\/wordpress\/?page_id=9550\" data-type=\"URL\" data-id=\"https:\/\/www.javorszky.hu\/wordpress\/?page_id=9550\">Aneszteziol\u00f3giai szakasszisztens<\/a><\/p>\n\n\n\n<p class=\"has-text-align-center has-pale-cyan-blue-background-color has-background\"><a href=\"https:\/\/www.javorszky.hu\/wordpress\/?page_id=9912\" data-type=\"URL\" data-id=\"https:\/\/www.javorszky.hu\/wordpress\/?page_id=9912\">Gasztroenterol\u00f3giai oszt\u00e1ly f\u0151\u00e1pol\u00f3<\/a><\/p>\n\n\n\n<p class=\"has-text-align-center has-pale-cyan-blue-background-color has-background\"><a href=\"https:\/\/www.javorszky.hu\/wordpress\/?page_id=9996\" data-type=\"URL\" data-id=\"https:\/\/www.javorszky.hu\/wordpress\/?page_id=9996\">Orvos\u00edrnok<\/a><\/p>\n\n\n\n<h2 class=\"has-text-align-center\"><strong>Igazgat\u00e1si ter\u00fclet<\/strong><\/h2>\n\n\n\n<p class=\"has-text-align-center has-pale-cyan-blue-background-color has-background\"><a href=\"https:\/\/www.javorszky.hu\/wordpress\/?page_id=9780\" data-type=\"URL\" data-id=\"https:\/\/www.javorszky.hu\/wordpress\/?page_id=9780\">Bels\u0151 ellen\u0151r<\/a><\/p>\n\n\n\n<p class=\"has-text-align-center has-pale-cyan-blue-background-color has-background\"><a href=\"https:\/\/www.javorszky.hu\/wordpress\/?page_id=9963\" data-type=\"URL\" data-id=\"https:\/\/www.javorszky.hu\/wordpress\/?page_id=9963\">F\u0151k\u00f6nyvi k\u00f6nyvel\u0151<\/a><\/p>\n","protected":false},"excerpt":{"rendered":"<p>Orvosi poz\u00edci\u00f3k Reumatol\u00f3gus szakorvos Sz\u00fcl\u00e9sz-n\u0151gy\u00f3gy\u00e1sz szakorvos Szem\u00e9sz szakorvos Belgy\u00f3gy\u00e1sz szakorvos Vezet\u0151 kardiol\u00f3gus szakorvos ( Kardiol\u00f3giai Szakrendel\u0151) Radiol\u00f3gus Szakorvos F\u00fcl-orr g\u00e9g\u00e9szeti Oszt\u00e1ly\/Szakrendel\u0151 szakorvos Mozg\u00e1sszervi Rehabilit\u00e1ci\u00f3s Oszt\u00e1ly- Szakorvos Radiol\u00f3gus szakorvos (csak UH ell\u00e1t\u00e1s) Szakdolgoz\u00f3i poz\u00edci\u00f3k \u00c1pol\u00f3 Izot\u00f3p asszisztens Aneszteziol\u00f3giai szakasszisztens Gasztroenterol\u00f3giai oszt\u00e1ly f\u0151\u00e1pol\u00f3 Orvos\u00edrnok Igazgat\u00e1si ter\u00fclet Bels\u0151 ellen\u0151r F\u0151k\u00f6nyvi k\u00f6nyvel\u0151<\/p>\n","protected":false},"author":1,"featured_media":0,"parent":0,"menu_order":0,"comment_status":"closed","ping_status":"closed","template":"","meta":[],"_links":{"self":[{"href":"http:\/\/www.javorszky.hu\/wordpress\/index.php?rest_route=\/wp\/v2\/pages\/1156"}],"collection":[{"href":"http:\/\/www.javorszky.hu\/wordpress\/index.php?rest_route=\/wp\/v2\/pages"}],"about":[{"href":"http:\/\/www.javorszky.hu\/wordpress\/index.php?rest_route=\/wp\/v2\/types\/page"}],"author":[{"embeddable":true,"href":"http:\/\/www.javorszky.hu\/wordpress\/index.php?rest_route=\/wp\/v2\/users\/1"}],"replies":[{"embeddable":true,"href":"http:\/\/www.javorszky.hu\/wordpress\/index.php?rest_route=%2Fwp%2Fv2%2Fcomments&post=1156"}],"version-history":[{"count":431,"href":"http:\/\/www.javorszky.hu\/wordpress\/index.php?rest_route=\/wp\/v2\/pages\/1156\/revisions"}],"predecessor-version":[{"id":10005,"href":"http:\/\/www.javorszky.hu\/wordpress\/index.php?rest_route=\/wp\/v2\/pages\/1156\/revisions\/10005"}],"wp:attachment":[{"href":"http:\/\/www.javorszky.hu\/wordpress\/index.php?rest_route=%2Fwp%2Fv2%2Fmedia&parent=1156"}],"curies":[{"name":"wp","href":"https:\/\/api.w.org\/{rel}","templated":true}]}}