{"id":155,"date":"2013-05-22T09:29:32","date_gmt":"2013-05-22T07:29:32","guid":{"rendered":"http:\/\/www.javorszky.hu\/wordpress\/?page_id=155"},"modified":"2026-02-17T11:35:39","modified_gmt":"2026-02-17T10:35:39","slug":"belgyogy","status":"publish","type":"page","link":"http:\/\/www.javorszky.hu\/wordpress\/?page_id=155","title":{"rendered":"Belgy\u00f3gy\u00e1szati &#8211; Kardiol\u00f3giai oszt\u00e1ly (Izot\u00f3p r\u00e9szleg)"},"content":{"rendered":"\n<p><strong><span class=\"has-inline-color has-vivid-cyan-blue-color\">Belgy\u00f3gy\u00e1szat<\/span><\/strong><\/p>\n\n\n\n<p>1970-ben kezdte meg m\u0171k\u00f6d\u00e9s\u00e9t a k\u00f3rh\u00e1z f\u0151\u00e9p\u00fclet\u00e9nek IV. emelet\u00e9n, &nbsp;dr. Branyiczky L\u00e1szl\u00f3 vezet\u00e9s\u00e9vel. Az oszt\u00e1ly keretein bel\u00fcl m\u0171k\u00f6d\u0151 rheumatol\u00f3giai r\u00e9szleget 1978-ig dr. Gecseg Gyula fel\u00fcgyelte. A rheumatol\u00f3giai profil tov\u00e1bbra is megmaradt 1996-ig, dr. Fieszl Borb\u00e1la vezet\u00e9s\u00e9vel. M\u00e1sf\u00e9l \u00e9ven \u00e1t a szem\u00e9szeti fekv\u0151betegek h\u00e1tt\u00e9roszt\u00e1lyak\u00e9nt is m\u0171k\u00f6dt\u00fcnk.<\/p>\n\n\n\n<p>Branyiczky f\u0151orvos nyugd\u00edjba vonul\u00e1sa ut\u00e1n az oszt\u00e1lyt 1982-ig dr. T\u00f3th J\u00e1nos, a II. Belgy\u00f3gy\u00e1szat vezet\u0151 f\u0151orvosa ir\u00e1ny\u00edtotta, majd 1991-ig dr. Dom\u00e1n J\u00f3zsef \u00e1llt az oszt\u00e1ly \u00e9l\u00e9n. Ekkor a s\u00e1vszerinti ell\u00e1t\u00e1s k\u00f6telezetts\u00e9gein t\u00fal nephrol\u00f3gia \u00e9s a peritone\u00e1lis dialysis megszervez\u00e9s\u00e9vel b\u0151v\u00fclt az oszt\u00e1ly profilja. 1991-1994. k\u00f6z\u00f6tt &nbsp;&nbsp;&nbsp;dr. Benedek Csaba, majd dr. Konr\u00e1dy Andr\u00e1s lett az oszt\u00e1ly vezet\u0151je. Ekkor \u00faj profilk\u00e9nt az endokrinol\u00f3gia \u00e9s a nucle\u00e1ris medicina ter\u00fclet\u00e9vel b\u0151v\u00fclt a tev\u00e9kenys\u00e9g\u00fcnk.<\/p>\n\n\n\n<p> Az oszt\u00e1ly f\u0151 feladata a kardiol\u00f3giai \u00e9s gastroenterol\u00f3giai t\u00e1rgyk\u00f6r\u00f6k\u00f6n t\u00falmen\u0151en, a belgy\u00f3gy\u00e1szat \u00f6sszes t\u00f6bbi \u00e1g\u00e1hoz tartoz\u00f3 ter\u00fcleti betegek ell\u00e1t\u00e1sa. A fekv\u0151beteg ell\u00e1t\u00e1s mellett t\u00f6bb szakambulanci\u00e1t m\u0171k\u00f6dtet\u00fcnk: endocrinol\u00f3gia- izot\u00f3p diagnosztika, klinikai onkol\u00f3gia, nephrol\u00f3gia \u00e9s belgy\u00f3gy\u00e1szat.<\/p>\n\n\n\n<p><strong><span class=\"has-inline-color has-vivid-cyan-blue-color\">Kardiol\u00f3gia<\/span><\/strong><\/p>\n\n\n\n<p>A II. Belgy\u00f3gy\u00e1szat 1970. \u00e1prilis 15-\u00e9n fogadta els\u0151 betegeit. Kezdetben 60 \u00e1gyon \u00e9s ter\u00fcleti elv alapj\u00e1n m\u0171k\u00f6d\u00f6tt, vezet\u0151je dr. Tobi\u00e1s Istv\u00e1n f\u0151orvos volt, aki 1981-ben vonult nyugd\u00edjba. \u0150t a vezet\u00e9sben dr. T\u00f3th J\u00e1nos k\u00f6vette, aki a k\u00f3rh\u00e1z megnyit\u00e1sakor&nbsp;ker\u00fclt a k\u00f3rh\u00e1zba frissen v\u00e9gzett belgy\u00f3gy\u00e1sz szakorvosk\u00e9nt \u00e9s &nbsp;&nbsp;&nbsp;2001-ig ir\u00e1ny\u00edtotta azt. Nev\u00e9hez f\u0171z\u0151dik az oszt\u00e1ly kardiol\u00f3giai&nbsp;profilj\u00e1nak \u00e9s eszk\u00f6z\u00f6s felt\u00e9teleinek kialak\u00edt\u00e1sa, valamint a kardiol\u00f3giai gondoz\u00e1s megszervez\u00e9se a ter\u00fcleten. 1974-ben az&nbsp;oszt\u00e1ly keretein bel\u00fcl m\u00e1r megkezdte m\u0171k\u00f6d\u00e9s\u00e9t egy n\u00e9gy\u00e1gyas coronaria-\u0151rz\u0151, mely Medicor gy\u00e1rtm\u00e1ny\u00fa monitorrendszerrel&nbsp;volt felszerelve. Az \u00faj magas sz\u00ednvonal\u00fa \u0151rz\u0151 6 \u00e1gyon 1994-ben ny\u00edlt meg.<\/p>\n\n\n\n<p>1996-ban alakult meg a Kardiol\u00f3giai oszt\u00e1ly,&nbsp;melyr\u0151l 1988-t\u00f3l napjainkig t\u00f6bb koll\u00e9ga szerzett belgy\u00f3gy\u00e1szatra r\u00e1\u00e9p\u00edtett kardiol\u00f3giai szakk\u00e9pes\u00edt\u00e9st, ami az eszk\u00f6z\u00f6s felt\u00e9telek&nbsp;mellett alapj\u00e1t k\u00e9pezte a Kardiol\u00f3giai oszt\u00e1ly l\u00e9trej\u00f6tt\u00e9nek. A Kardiol\u00f3giai oszt\u00e1lyt Dr. T\u00f3th J\u00e1nos ut\u00e1n 2001 \u00e9s 2010 k\u00f6z\u00f6tt dr. Koll\u00e1r \u00c1gnes ir\u00e1ny\u00edtotta. Id\u0151szaka alatt az oszt\u00e1ly magas sz\u00ednvonal\u00fa m\u0171k\u00f6d\u00e9se mellett folyamatos volt az ambul\u00e1ns ell\u00e1t\u00e1s, bele \u00e9rtve a transthoracalis echocardiogr\u00e1fi\u00e1s rendel\u00e9st is.<\/p>\n\n\n\n<p>&nbsp;A kardiol\u00f3gia profil biztos\u00edt\u00e1sa mellett az oszt\u00e1ly orvosai szinten tartj\u00e1k \u00e9s fejlesztik belgy\u00f3gy\u00e1szati k\u00e9pzetts\u00e9g\u00fcket is, ami a t\u00e1rsbetegs\u00e9gek ell\u00e1t\u00e1s\u00e1ban \u00e9s a \u201cmell\u00e9kleletk\u00e9nt\u201d \u00e9szlelt egy\u00e9b betegs\u00e9gek menedzsel\u00e9s\u00e9ben j\u00f3l hasznos\u00edthat\u00f3<\/p>\n\n\n\n<p><strong><span class=\"has-inline-color has-vivid-cyan-blue-color\">Izot\u00f3p R\u00e9szleg<\/span><\/strong><\/p>\n\n\n\n<p>Nagy fejl\u0151d\u00e9sen ment kereszt\u00fcl, \u00e9s ma m\u00e1r egyes ter\u00fcleteken (pl. pajzsmirigy r\u00e1k) region\u00e1lis centrum lett. Ugyan\u00edgy van ez a radioj\u00f3d kezel\u00e9sek, k\u00fcl\u00f6n\u00f6sen a nagyd\u00f3zis\u00faak tekintet\u00e9ben. Az endocrin profil szorosan kapcsol\u00f3dik a r\u00e9szleg munk\u00e1j\u00e1hoz. A r\u00e9szlegen alkalmazott klinikai kutat\u00e1s folyik.<\/p>\n\n\n\n<p><strong><mark style=\"background-color:rgba(0, 0, 0, 0)\" class=\"has-inline-color has-vivid-cyan-blue-color\">Oszt\u00e1lyvezet\u0151 f\u0151orvos <\/mark><mark style=\"background-color:rgba(0, 0, 0, 0)\" class=\"has-inline-color has-black-color\">Dr. <\/mark>Drenyovszki Zita<\/strong><\/p>\n\n\n\n<p><strong><mark style=\"background-color:rgba(0, 0, 0, 0)\" class=\"has-inline-color has-vivid-cyan-blue-color\">Oszt\u00e1lyvezet\u0151 f\u0151\u00e1pol\u00f3:&nbsp;<\/mark>\u00c1brah\u00e1m R\u00f3bertn\u00e9<\/strong><\/p>\n\n\n\n<p><strong><mark style=\"background-color:rgba(0, 0, 0, 0)\" class=\"has-inline-color has-vivid-cyan-blue-color\">Belgy\u00f3gy\u00e1szati oszt\u00e1ly helye:&nbsp;<\/mark>F\u0151\u00e9p\u00fclet, V. emelet, mindk\u00e9t oldal<\/strong><\/p>\n\n\n\n<p class=\"has-vivid-cyan-blue-color has-text-color\"><strong>Orvosok:<\/strong><\/p>\n\n\n\n<p>dr. B\u00e9nik Tam\u00e1s  f\u0151orvos  <\/p>\n\n\n\n<p>dr. Csesz\u00e1r M\u00e1t\u00e9 J\u00e1nos rezidens <\/p>\n\n\n\n<p>dr. Csizmadia Zolt\u00e1n S\u00e1ndor f\u0151orvos <\/p>\n\n\n\n<p>dr. Drenyovszki Zita f\u0151orvos (diabetol\u00f3gia)<\/p>\n\n\n\n<p>dr. Fodor-Moln\u00e1r Regina rezidens<\/p>\n\n\n\n<p>dr. Hajsz\u00e1n Nikoletta szakorvos <\/p>\n\n\n\n<p>dr. Juh\u00e1sz Enik\u0151 Fanni rezidens<\/p>\n\n\n\n<p>dr. Korbely-Koncz Orsolya rezidens <\/p>\n\n\n\n<p>dr. Kov\u00e1cs Zs\u00f3fia rezidens<\/p>\n\n\n\n<p>dr. Pancsira Henrietta adjunktus<\/p>\n\n\n\n<p>dr. P\u00e1rizs Eszter rezidens <\/p>\n","protected":false},"excerpt":{"rendered":"<p>Belgy\u00f3gy\u00e1szat 1970-ben kezdte meg m\u0171k\u00f6d\u00e9s\u00e9t a k\u00f3rh\u00e1z f\u0151\u00e9p\u00fclet\u00e9nek IV. emelet\u00e9n, &nbsp;dr. Branyiczky L\u00e1szl\u00f3 vezet\u00e9s\u00e9vel. Az oszt\u00e1ly keretein bel\u00fcl m\u0171k\u00f6d\u0151 rheumatol\u00f3giai r\u00e9szleget 1978-ig dr. Gecseg Gyula fel\u00fcgyelte. A rheumatol\u00f3giai profil tov\u00e1bbra is megmaradt 1996-ig, dr. Fieszl Borb\u00e1la vezet\u00e9s\u00e9vel. M\u00e1sf\u00e9l \u00e9ven \u00e1t a szem\u00e9szeti fekv\u0151betegek h\u00e1tt\u00e9roszt\u00e1lyak\u00e9nt is m\u0171k\u00f6dt\u00fcnk. Branyiczky f\u0151orvos nyugd\u00edjba vonul\u00e1sa ut\u00e1n az oszt\u00e1lyt 1982-ig dr. [&hellip;]<\/p>\n","protected":false},"author":1,"featured_media":0,"parent":0,"menu_order":0,"comment_status":"closed","ping_status":"closed","template":"","meta":[],"_links":{"self":[{"href":"http:\/\/www.javorszky.hu\/wordpress\/index.php?rest_route=\/wp\/v2\/pages\/155"}],"collection":[{"href":"http:\/\/www.javorszky.hu\/wordpress\/index.php?rest_route=\/wp\/v2\/pages"}],"about":[{"href":"http:\/\/www.javorszky.hu\/wordpress\/index.php?rest_route=\/wp\/v2\/types\/page"}],"author":[{"embeddable":true,"href":"http:\/\/www.javorszky.hu\/wordpress\/index.php?rest_route=\/wp\/v2\/users\/1"}],"replies":[{"embeddable":true,"href":"http:\/\/www.javorszky.hu\/wordpress\/index.php?rest_route=%2Fwp%2Fv2%2Fcomments&post=155"}],"version-history":[{"count":16,"href":"http:\/\/www.javorszky.hu\/wordpress\/index.php?rest_route=\/wp\/v2\/pages\/155\/revisions"}],"predecessor-version":[{"id":9784,"href":"http:\/\/www.javorszky.hu\/wordpress\/index.php?rest_route=\/wp\/v2\/pages\/155\/revisions\/9784"}],"wp:attachment":[{"href":"http:\/\/www.javorszky.hu\/wordpress\/index.php?rest_route=%2Fwp%2Fv2%2Fmedia&parent=155"}],"curies":[{"name":"wp","href":"https:\/\/api.w.org\/{rel}","templated":true}]}}