{"id":157,"date":"2013-05-22T09:32:52","date_gmt":"2013-05-22T07:32:52","guid":{"rendered":"http:\/\/www.javorszky.hu\/wordpress\/?page_id=157"},"modified":"2026-02-06T10:11:17","modified_gmt":"2026-02-06T09:11:17","slug":"fulorrgege","status":"publish","type":"page","link":"http:\/\/www.javorszky.hu\/wordpress\/?page_id=157","title":{"rendered":"F\u00fcl- Orr- G\u00e9g\u00e9szeti Oszt\u00e1ly"},"content":{"rendered":"\n<p>A k\u00f3rh\u00e1z megnyit\u00e1s\u00e1t k\u00f6vet\u0151en dr. Farag\u00f3 L\u00e1szl\u00f3 f\u0151orvos vezette a g\u00e9geoszt\u00e1lyt 1981-ig, nyugd\u00edjba vonul\u00e1s\u00e1ig. Ekkor dr. Bea J\u00e1nos megb\u00edzott f\u0151orvos \u00e1llt az oszt\u00e1ly \u00e9l\u00e9re, dr. Russay Gy\u00f6rgy kinevez\u00e9s\u00e9ig. 1985 \u00e1prilis\u00e1ban a g\u00e9g\u00e9szetet visszahelyezt\u00e9k a \u201er\u00e9gi k\u00f3rh\u00e1z\u201c \u00e9p\u00fclet\u00e9be, ahol l0 \u00e9ven \u00e1t m\u0171k\u00f6d\u00f6tt. Id\u0151k\u00f6zben Russay f\u0151orvos elhal\u00e1lozott, \u00edgy 1987-ig dr. P\u00f3ka L\u00e1szl\u00f3t b\u00edzt\u00e1k meg az oszt\u00e1ly ir\u00e1ny\u00edt\u00e1s\u00e1val. A g\u00e9g\u00e9szetet l995-ben visszahelyezt\u00e9k a k\u00f3rh\u00e1z f\u0151\u00e9p\u00fclet\u00e9be. 1987-1997 k\u00f6z\u00f6tt dr. Ist\u00f3k Zolt\u00e1n vezette az oszt\u00e1lyt, majd az interregnum h\u00e9t h\u00f3napja alatt dr. Erd\u00e9lyszky M\u00e1rta volt megb\u00edzott f\u0151orvosn\u0151, akit 1998 \u2013 2015 k\u00f6z\u00f6tt dr. G\u00f6rgey Csaba k\u00f6vetett.<\/p>\n\n\n\n<p>Az oszt\u00e1ly profilja jelent\u0151sen b\u0151v\u00fclt, ell\u00e1tj\u00e1k a fej-nyaki tumoros betegek nagy r\u00e9sz\u00e9t is, \u00edgy m\u00e1s k\u00f3rh\u00e1zba m\u0171t\u00e9tre csak elv\u00e9tve ker\u00fcl \u00e1t beteg. Bevezet\u00e9sre ker\u00fclt az endoszk\u00f3pos mell\u00e9k\u00fcreg &#8211; seb\u00e9szet teljes palett\u00e1ja, a nagy b\u0151rtumorok kimetsz\u00e9s ut\u00e1ni plasztikai fed\u00e9se. A m\u0171t\u00e9ti hall\u00e1sjav\u00edt\u00e1sra \u2013 bele\u00e9rtve a hall\u00f3csontok prot\u00e9zissel val\u00f3 helyettes\u00edt\u00e9s\u00e9t is \u2013 van lehet\u0151s\u00e9g. A seb\u00e9szeti sz\u00e9ndioxid laser\u00fcnkel, kisebb g\u00e9getumorok l\u00e9gcs\u0151metsz\u00e9s n\u00e9lk\u00fcli megold\u00e1s\u00e1ra, sz\u00e1j\u00fcregi, v\u00e1logatott b\u0151rtumorok ell\u00e1t\u00e1s\u00e1ra van lehet\u0151s\u00e9g\u00fcnk.<\/p>\n\n\n\n<p>A kellemetlen kism\u0171t\u00e9tek t\u00falnyom\u00f3 r\u00e9sze m\u00e1r altat\u00e1sban t\u00f6rt\u00e9nik. Speci\u00e1lis orr- \u00e9s f\u00fclplasztikai beavatkoz\u00e1sokat v\u00e9gz\u00fcnk. A gyermekbetegek k\u00edv\u00e1ns\u00e1gra sz\u00fcl\u0151vel egy\u00fctt fekhetnek be. Az idegi t\u00edpus\u00fa hall\u00e1sveszt\u00e9sek, f\u00fclz\u00fag\u00e1sok kezel\u00e9s\u00e9re, karbantart\u00e1s\u00e1ra rendszeresen ism\u00e9tl\u0151d\u0151 inf\u00fazi\u00f3s k\u00far\u00e1kat aj\u00e1nlunk. Ell\u00e1tjuk a k\u00f6rny\u00e9k lakoss\u00e1g\u00e1t hall\u00f3k\u00e9sz\u00fcl\u00e9kkel. Az oszt\u00e1ly mindennapos felv\u00e9teles \u00fcgyeletet ad Pest megye \u00e9s N\u00f3gr\u00e1d megye idetartoz\u00f3 r\u00e9sz\u00e9re. M\u0171t\u00e9tes napon bentalv\u00f3, nem m\u0171t\u00e9tes napon k\u00e9szenl\u00e9ti az \u00fcgyeleti szolg\u00e1lat, mint az orsz\u00e1g t\u00f6bbi k\u00f6zk\u00f3rh\u00e1z\u00e1ban.<\/p>\n\n\n\n<p><strong><mark style=\"background-color:rgba(0, 0, 0, 0)\" class=\"has-inline-color has-vivid-cyan-blue-color\">Oszt\u00e1lyvezet\u0151 f\u0151orvos:<\/mark> Dr. Trencs\u00e9nyi Gy\u00f6rgy<\/strong><\/p>\n\n\n\n<p><strong><mark style=\"background-color:rgba(0, 0, 0, 0)\" class=\"has-inline-color has-vivid-cyan-blue-color\">Oszt\u00e1lyvezet\u0151 f\u0151\u00e1pol\u00f3<\/mark>: Dallosn\u00e9 Kir\u00e1ly Erika<\/strong><\/p>\n\n\n\n<p><strong><mark style=\"background-color:rgba(0, 0, 0, 0)\" class=\"has-inline-color has-vivid-cyan-blue-color\">Oszt\u00e1ly helye:<\/mark> K\u00f3rh\u00e1z I. emelet, bal oldal<\/strong><\/p>\n\n\n\n<p class=\"has-vivid-cyan-blue-color has-text-color\"><strong>Orvosok:<\/strong><\/p>\n\n\n\n<p>Dr. G\u00f6rgey Csaba szakorvos <\/p>\n\n\n\n<p>Dr. Horv\u00e1th N\u00f3ra f\u0151orvos <\/p>\n\n\n\n<p>Dr. Juh\u00e1sz M\u00e1ria Anna szakorvos<\/p>\n","protected":false},"excerpt":{"rendered":"<p>A k\u00f3rh\u00e1z megnyit\u00e1s\u00e1t k\u00f6vet\u0151en dr. Farag\u00f3 L\u00e1szl\u00f3 f\u0151orvos vezette a g\u00e9geoszt\u00e1lyt 1981-ig, nyugd\u00edjba vonul\u00e1s\u00e1ig. Ekkor dr. Bea J\u00e1nos megb\u00edzott f\u0151orvos \u00e1llt az oszt\u00e1ly \u00e9l\u00e9re, dr. Russay Gy\u00f6rgy kinevez\u00e9s\u00e9ig. 1985 \u00e1prilis\u00e1ban a g\u00e9g\u00e9szetet visszahelyezt\u00e9k a \u201er\u00e9gi k\u00f3rh\u00e1z\u201c \u00e9p\u00fclet\u00e9be, ahol l0 \u00e9ven \u00e1t m\u0171k\u00f6d\u00f6tt. Id\u0151k\u00f6zben Russay f\u0151orvos elhal\u00e1lozott, \u00edgy 1987-ig dr. P\u00f3ka L\u00e1szl\u00f3t b\u00edzt\u00e1k meg az oszt\u00e1ly [&hellip;]<\/p>\n","protected":false},"author":1,"featured_media":0,"parent":0,"menu_order":0,"comment_status":"closed","ping_status":"closed","template":"","meta":[],"_links":{"self":[{"href":"http:\/\/www.javorszky.hu\/wordpress\/index.php?rest_route=\/wp\/v2\/pages\/157"}],"collection":[{"href":"http:\/\/www.javorszky.hu\/wordpress\/index.php?rest_route=\/wp\/v2\/pages"}],"about":[{"href":"http:\/\/www.javorszky.hu\/wordpress\/index.php?rest_route=\/wp\/v2\/types\/page"}],"author":[{"embeddable":true,"href":"http:\/\/www.javorszky.hu\/wordpress\/index.php?rest_route=\/wp\/v2\/users\/1"}],"replies":[{"embeddable":true,"href":"http:\/\/www.javorszky.hu\/wordpress\/index.php?rest_route=%2Fwp%2Fv2%2Fcomments&post=157"}],"version-history":[{"count":12,"href":"http:\/\/www.javorszky.hu\/wordpress\/index.php?rest_route=\/wp\/v2\/pages\/157\/revisions"}],"predecessor-version":[{"id":9688,"href":"http:\/\/www.javorszky.hu\/wordpress\/index.php?rest_route=\/wp\/v2\/pages\/157\/revisions\/9688"}],"wp:attachment":[{"href":"http:\/\/www.javorszky.hu\/wordpress\/index.php?rest_route=%2Fwp%2Fv2%2Fmedia&parent=157"}],"curies":[{"name":"wp","href":"https:\/\/api.w.org\/{rel}","templated":true}]}}