{"id":166,"date":"2013-05-22T09:41:08","date_gmt":"2013-05-22T07:41:08","guid":{"rendered":"http:\/\/www.javorszky.hu\/wordpress\/?page_id=166"},"modified":"2025-06-05T10:00:34","modified_gmt":"2025-06-05T08:00:34","slug":"gasztroenterologia","status":"publish","type":"page","link":"http:\/\/www.javorszky.hu\/wordpress\/?page_id=166","title":{"rendered":"Gasztroenterol\u00f3giai Oszt\u00e1ly"},"content":{"rendered":"\n<p>A 40 \u00e1gyas Gasztroenterol\u00f3giai oszt\u00e1ly 1996-ban ker\u00fclt kialak\u00edt\u00e1sra. Oszt\u00e1lyunk f\u0151 profilja az em\u00e9szt\u0151szervi (nyel\u0151cs\u0151, gyomor, b\u00e9l, hasny\u00e1lmirigy \u00e9s m\u00e1j stb.) betegek gy\u00f3gy\u00edt\u00e1sa. \u00c9vente t\u00f6bb mint 300 \u00fagynevezett endoszk\u00f3pos m\u0171t\u00e9tet v\u00e9gz\u00fcnk, ezek f\u0151leg polypusok elt\u00e1vol\u00edt\u00e1s\u00e1t, nyel\u00e9sk\u00e9ptelen betegben b\u0151r\u00f6n \u00e1t ejtett sebb\u0151l t\u00e1pl\u00e1l\u00f3 gyomorszonda bevezet\u00e9s\u00e9t, \u00e9s v\u00e9rz\u00e9scsillap\u00edt\u00f3 elj\u00e1r\u00e1sokat jelentik.<\/p>\n\n\n\n<p>V\u00e1cott 1980-\u00f3ta non-stop \u00fcgyeletet tartunk \u00e9letvesz\u00e9lyes em\u00e9szt\u0151szervi v\u00e9rz\u00e9ssel jelentkez\u0151 betegeinknek, ahol nemcsak a v\u00e9rz\u00e9s forr\u00e1s\u00e1t \u00e1llap\u00edtjuk meg, hanem endoszk\u00f3pos m\u00f3dszerrel v\u00e9rz\u00e9scsillap\u00edt\u00e1st is v\u00e9gz\u00fcnk injektorral, hemoklippel, argon plazma koagul\u00e1ci\u00f3val vagy ezek kombin\u00e1ci\u00f3j\u00e1val.<\/p>\n\n\n\n<p>Haz\u00e1nkban sz\u00e1mos diagnosztikus \u00e9s ter\u00e1pi\u00e1s m\u00f3dszert els\u0151k\u00e9nt vagy els\u0151k k\u00f6z\u00f6tt vezett\u00fcnk be oszt\u00e1lyunkon, \u00edgy az intravitalis fest\u00e9seket \u00e9s a korai gyomorr\u00e1k \u00e9s r\u00e1kel\u0151z\u0151 \u00e1llapotok \u00fagynevezett mucosa resecti\u00f3s \u00e9s submucosus dissecti\u00f3s m\u0171t\u00e9teit. Ut\u00f3bbiak azt jelentik, hogy id\u0151ben t\u00f6rt\u00e9nt diagn\u00f3zis eset\u00e9n hasi megnyit\u00e1s n\u00e9lk\u00fcli, \u00fagynevezett minim\u00e1l invaz\u00edv beavatkoz\u00e1ssal, endoszk\u00f3pos m\u00f3dszerrel lehet a k\u00f3ros r\u00e9szt elt\u00e1vol\u00edtani.&nbsp; Nemzetk\u00f6zi \u00e9s hazai kapcsolataink r\u00e9v\u00e9n, konferenci\u00e1kon \u00e9s alkot\u00f3m\u0171helyekben igyeksz\u00fcnk a legmodernebb diagnosztikus \u00e9s ter\u00e1pi\u00e1s ir\u00e1nyelveket elsaj\u00e1t\u00edtani \u00e9s oszt\u00e1lyunkon alkalmazni.<\/p>\n\n\n\n<p>Az oszt\u00e1ly a Semmelweis Egyetem akkredit\u00e1lt k\u00e9pz\u0151helye belgy\u00f3gy\u00e1szatb\u00f3l \u00e9s gasztroenterol\u00f3gi\u00e1b\u00f3l.<\/p>\n\n\n\n<p>K\u00e9t nagy forgalm\u00fa szakambulanci\u00e1t m\u0171k\u00f6dtet\u00fcnk,egy endoszk\u00f3pos (ahol \u201et\u00fckr\u00f6z\u00e9sek\u201c folynak) \u00e9s egy konzultat\u00edv jelleg\u0171t. M\u0171szerezetts\u00e9g\u00fcnk megfelel a II\/B min\u0151s\u00edt\u00e9snek.<\/p>\n\n\n\n<p><strong><mark style=\"background-color:rgba(0, 0, 0, 0)\" class=\"has-inline-color has-vivid-cyan-blue-color\">Oszt\u00e1lyvezet\u0151 f\u0151orvos:<\/mark> Dr. Sz\u00e1sz Magdolna<\/strong><\/p>\n\n\n\n<p><strong><mark style=\"background-color:rgba(0, 0, 0, 0)\" class=\"has-inline-color has-vivid-cyan-blue-color\">Oszt\u00e1lyvezet\u0151 f\u0151\u00e1pol\u00f3:<\/mark> Moln\u00e1r \u00c1gnes<\/strong><\/p>\n\n\n\n<p class=\"has-vivid-cyan-blue-color has-text-color\"><strong>Orvosok:<\/strong><\/p>\n\n\n\n<p>Dr. Adorj\u00e1ni Endre f\u0151orvos <\/p>\n\n\n\n<p>Dr. Bartha-B\u00edr\u00f3 Zs\u00f3fia rezidens <\/p>\n\n\n\n<p>Dr. Katona Bal\u00e1zs szakorvos <\/p>\n\n\n\n<p>Dr. Kiss-Tampu Tatiana rezidens <\/p>\n\n\n\n<p>Dr. R\u00e1dics Zolt\u00e1n szakorvos <\/p>\n\n\n\n<p>Dr. Szalatnyai B\u00e1lint rezidens <\/p>\n\n\n\n<p>Dr. Sz\u00e1sz Magdolna f\u0151orvos<\/p>\n\n\n\n<p>Dr. Moln\u00e1r Csaba szakorvos<\/p>\n\n\n\n<p>Dr. Stef\u00e1n M\u00e1rton Mih\u00e1ly rezidens<\/p>\n\n\n\n<p>Dr. K\u00fcrti Zsuzsanna rezidens<\/p>\n\n\n\n<p><strong><span class=\"has-inline-color has-vivid-cyan-blue-color\">Szakambulancia vezet\u0151:<\/span> Dr. Szal\u00f3ki Tibor PhD.<\/strong><\/p>\n\n\n\n<p><strong><span class=\"has-inline-color has-vivid-cyan-blue-color\">Oszt\u00e1ly helye: <\/span>\u201eF\u201d pavilon f\u00f6ldszint (szakambulanci\u00e1k) \u00e9s emelet (oszt\u00e1ly)<\/strong><\/p>\n","protected":false},"excerpt":{"rendered":"<p>A 40 \u00e1gyas Gasztroenterol\u00f3giai oszt\u00e1ly 1996-ban ker\u00fclt kialak\u00edt\u00e1sra. Oszt\u00e1lyunk f\u0151 profilja az em\u00e9szt\u0151szervi (nyel\u0151cs\u0151, gyomor, b\u00e9l, hasny\u00e1lmirigy \u00e9s m\u00e1j stb.) betegek gy\u00f3gy\u00edt\u00e1sa. \u00c9vente t\u00f6bb mint 300 \u00fagynevezett endoszk\u00f3pos m\u0171t\u00e9tet v\u00e9gz\u00fcnk, ezek f\u0151leg polypusok elt\u00e1vol\u00edt\u00e1s\u00e1t, nyel\u00e9sk\u00e9ptelen betegben b\u0151r\u00f6n \u00e1t ejtett sebb\u0151l t\u00e1pl\u00e1l\u00f3 gyomorszonda bevezet\u00e9s\u00e9t, \u00e9s v\u00e9rz\u00e9scsillap\u00edt\u00f3 elj\u00e1r\u00e1sokat jelentik. V\u00e1cott 1980-\u00f3ta non-stop \u00fcgyeletet tartunk \u00e9letvesz\u00e9lyes em\u00e9szt\u0151szervi v\u00e9rz\u00e9ssel [&hellip;]<\/p>\n","protected":false},"author":1,"featured_media":0,"parent":0,"menu_order":0,"comment_status":"closed","ping_status":"closed","template":"","meta":[],"_links":{"self":[{"href":"http:\/\/www.javorszky.hu\/wordpress\/index.php?rest_route=\/wp\/v2\/pages\/166"}],"collection":[{"href":"http:\/\/www.javorszky.hu\/wordpress\/index.php?rest_route=\/wp\/v2\/pages"}],"about":[{"href":"http:\/\/www.javorszky.hu\/wordpress\/index.php?rest_route=\/wp\/v2\/types\/page"}],"author":[{"embeddable":true,"href":"http:\/\/www.javorszky.hu\/wordpress\/index.php?rest_route=\/wp\/v2\/users\/1"}],"replies":[{"embeddable":true,"href":"http:\/\/www.javorszky.hu\/wordpress\/index.php?rest_route=%2Fwp%2Fv2%2Fcomments&post=166"}],"version-history":[{"count":21,"href":"http:\/\/www.javorszky.hu\/wordpress\/index.php?rest_route=\/wp\/v2\/pages\/166\/revisions"}],"predecessor-version":[{"id":8685,"href":"http:\/\/www.javorszky.hu\/wordpress\/index.php?rest_route=\/wp\/v2\/pages\/166\/revisions\/8685"}],"wp:attachment":[{"href":"http:\/\/www.javorszky.hu\/wordpress\/index.php?rest_route=%2Fwp%2Fv2%2Fmedia&parent=166"}],"curies":[{"name":"wp","href":"https:\/\/api.w.org\/{rel}","templated":true}]}}