{"id":17,"date":"2013-05-17T13:45:28","date_gmt":"2013-05-17T11:45:28","guid":{"rendered":"http:\/\/www.javorszky.hu\/wordpress\/?page_id=17"},"modified":"2022-06-23T13:25:24","modified_gmt":"2022-06-23T11:25:24","slug":"osztajok-vizsgalatok","status":"publish","type":"page","link":"http:\/\/www.javorszky.hu\/wordpress\/?page_id=17","title":{"rendered":"Fekv\u0151beteg ell\u00e1t\u00e1s"},"content":{"rendered":"\n<p><\/p>\n\n\n\n<div class=\"wp-container-1 wp-block-group\"><div class=\"wp-block-group__inner-container\">\n<p class=\"has-text-align-center has-black-color has-pale-cyan-blue-background-color has-text-color has-background has-regular-font-size\"><a href=\"http:\/\/www.javorszky.hu\/wordpress\/?page_id=152\">Aneszteziol\u00f3giai \u00e9s Intenz\u00edv Ter\u00e1pi\u00e1s Oszt\u00e1ly<\/a><\/p>\n\n\n\n<p class=\"has-text-align-center has-black-color has-pale-cyan-blue-background-color has-text-color has-background has-regular-font-size\"><a href=\"http:\/\/www.javorszky.hu\/wordpress\/?page_id=154\">\u00c1pol\u00e1si Oszt\u00e1ly<\/a><\/p>\n\n\n\n<p class=\"has-text-align-center has-black-color has-pale-cyan-blue-background-color has-text-color has-background has-regular-font-size\"><a href=\"http:\/\/www.javorszky.hu\/wordpress\/?page_id=155\">Belgy\u00f3gy\u00e1szati &#8211; Kardiol\u00f3giai Oszt\u00e1ly (Izot\u00f3p r\u00e9szleg)<\/a><\/p>\n\n\n\n<p class=\"has-text-align-center has-black-color has-pale-cyan-blue-background-color has-text-color has-background has-regular-font-size\"><a href=\"http:\/\/www.javorszky.hu\/wordpress\/?page_id=156\">\u00dajsz\u00fcl\u00f6tt, Csecsem\u0151- \u00e9s Gyermek Oszt\u00e1ly<\/a><\/p>\n\n\n\n<p class=\"has-text-align-center has-black-color has-pale-cyan-blue-background-color has-text-color has-background has-regular-font-size\"><a href=\"http:\/\/www.javorszky.hu\/wordpress\/?page_id=157\">F\u00fcl-Orr-G\u00e9g\u00e9szeti Oszt\u00e1ly<\/a><\/p>\n\n\n\n<p class=\"has-text-align-center has-black-color has-pale-cyan-blue-background-color has-text-color has-background has-regular-font-size\"><a href=\"http:\/\/www.javorszky.hu\/wordpress\/?page_id=166\">Gasztroenterol\u00f3giai Oszt\u00e1ly<\/a><\/p>\n\n\n\n<p class=\"has-text-align-center has-black-color has-pale-cyan-blue-background-color has-text-color has-background has-regular-font-size\"><a href=\"http:\/\/www.javorszky.hu\/wordpress\/?page_id=170\">K\u00f6zponti m\u0171t\u0151<\/a><\/p>\n\n\n\n<p class=\"has-text-align-center has-black-color has-pale-cyan-blue-background-color has-text-color has-background has-regular-font-size\"><a href=\"http:\/\/www.javorszky.hu\/wordpress\/?page_id=174\">Mozg\u00e1sszervi Rehabilit\u00e1ci\u00f3s Oszt\u00e1ly<\/a><\/p>\n\n\n\n<p class=\"has-text-align-center has-black-color has-pale-cyan-blue-background-color has-text-color has-background has-regular-font-size\"><a href=\"http:\/\/www.javorszky.hu\/wordpress\/?page_id=171\">Neurol\u00f3gia \u00e9s Stroke Oszt\u00e1ly<\/a><\/p>\n\n\n\n<p class=\"has-text-align-center has-black-color has-pale-cyan-blue-background-color has-text-color has-background has-regular-font-size\"><a href=\"http:\/\/www.javorszky.hu\/wordpress\/?page_id=187\">Pathol\u00f3giai Oszt\u00e1ly<\/a><\/p>\n\n\n\n<p class=\"has-text-align-center has-black-color has-pale-cyan-blue-background-color has-text-color has-background has-regular-font-size\"><a href=\"http:\/\/www.javorszky.hu\/wordpress\/?page_id=173\">Pszichi\u00e1triai Oszt\u00e1ly<\/a><\/p>\n\n\n\n<p class=\"has-text-align-center has-black-color has-pale-cyan-blue-background-color has-text-color has-background has-regular-font-size\"><a href=\"http:\/\/www.javorszky.hu\/wordpress\/?page_id=175\">Seb\u00e9szeti \u00e9s egynapos urol\u00f3giai seb\u00e9szeti Oszt\u00e1ly<\/a><\/p>\n\n\n\n<p class=\"has-text-align-center has-black-color has-pale-cyan-blue-background-color has-text-color has-background has-regular-font-size\"><a href=\"http:\/\/www.javorszky.hu\/wordpress\/?page_id=177\">Sz\u00fcl\u00e9szeti&nbsp; \u00e9s&nbsp; N\u0151gy\u00f3gy\u00e1szati Oszt\u00e1ly<\/a><\/p>\n\n\n\n<p class=\"has-text-align-center has-black-color has-pale-cyan-blue-background-color has-text-color has-background has-regular-font-size\"><a href=\"http:\/\/www.javorszky.hu\/wordpress\/?page_id=179\">Traumatol\u00f3giai Oszt\u00e1ly<\/a><\/p>\n<\/div><\/div>\n","protected":false},"excerpt":{"rendered":"<p>Aneszteziol\u00f3giai \u00e9s Intenz\u00edv Ter\u00e1pi\u00e1s Oszt\u00e1ly \u00c1pol\u00e1si Oszt\u00e1ly Belgy\u00f3gy\u00e1szati &#8211; Kardiol\u00f3giai Oszt\u00e1ly (Izot\u00f3p r\u00e9szleg) \u00dajsz\u00fcl\u00f6tt, Csecsem\u0151- \u00e9s Gyermek Oszt\u00e1ly F\u00fcl-Orr-G\u00e9g\u00e9szeti Oszt\u00e1ly Gasztroenterol\u00f3giai Oszt\u00e1ly K\u00f6zponti m\u0171t\u0151 Mozg\u00e1sszervi Rehabilit\u00e1ci\u00f3s Oszt\u00e1ly Neurol\u00f3gia \u00e9s Stroke Oszt\u00e1ly Pathol\u00f3giai Oszt\u00e1ly Pszichi\u00e1triai Oszt\u00e1ly Seb\u00e9szeti \u00e9s egynapos urol\u00f3giai seb\u00e9szeti Oszt\u00e1ly Sz\u00fcl\u00e9szeti&nbsp; \u00e9s&nbsp; N\u0151gy\u00f3gy\u00e1szati Oszt\u00e1ly Traumatol\u00f3giai Oszt\u00e1ly<\/p>\n","protected":false},"author":1,"featured_media":0,"parent":0,"menu_order":0,"comment_status":"closed","ping_status":"closed","template":"","meta":[],"_links":{"self":[{"href":"http:\/\/www.javorszky.hu\/wordpress\/index.php?rest_route=\/wp\/v2\/pages\/17"}],"collection":[{"href":"http:\/\/www.javorszky.hu\/wordpress\/index.php?rest_route=\/wp\/v2\/pages"}],"about":[{"href":"http:\/\/www.javorszky.hu\/wordpress\/index.php?rest_route=\/wp\/v2\/types\/page"}],"author":[{"embeddable":true,"href":"http:\/\/www.javorszky.hu\/wordpress\/index.php?rest_route=\/wp\/v2\/users\/1"}],"replies":[{"embeddable":true,"href":"http:\/\/www.javorszky.hu\/wordpress\/index.php?rest_route=%2Fwp%2Fv2%2Fcomments&post=17"}],"version-history":[{"count":33,"href":"http:\/\/www.javorszky.hu\/wordpress\/index.php?rest_route=\/wp\/v2\/pages\/17\/revisions"}],"predecessor-version":[{"id":4110,"href":"http:\/\/www.javorszky.hu\/wordpress\/index.php?rest_route=\/wp\/v2\/pages\/17\/revisions\/4110"}],"wp:attachment":[{"href":"http:\/\/www.javorszky.hu\/wordpress\/index.php?rest_route=%2Fwp%2Fv2%2Fmedia&parent=17"}],"curies":[{"name":"wp","href":"https:\/\/api.w.org\/{rel}","templated":true}]}}