{"id":175,"date":"2013-05-22T10:03:43","date_gmt":"2013-05-22T08:03:43","guid":{"rendered":"http:\/\/www.javorszky.hu\/wordpress\/?page_id=175"},"modified":"2026-02-17T11:43:16","modified_gmt":"2026-02-17T10:43:16","slug":"sebeszeti-osztaly","status":"publish","type":"page","link":"http:\/\/www.javorszky.hu\/wordpress\/?page_id=175","title":{"rendered":"Seb\u00e9szeti \u00e9s egynapos urol\u00f3giai seb\u00e9szeti oszt\u00e1ly"},"content":{"rendered":"\n<p class=\"has-vivid-cyan-blue-color has-text-color\"><strong><em>A m\u00falt:<\/em><\/strong><\/p>\n\n\n\n<p style=\"line-height:1.5\">A Seb\u00e9szeti oszt\u00e1ly <strong><em>1970 <\/em><\/strong>\u00e1prilis\u00e1ban k\u00f6lt\u00f6z\u00f6tt \u00e1t az \u00faj k\u00f3rh\u00e1zba, m\u00e1sf\u00e9l emeleten 100 \u00e1ggyal indult, igaz ekkor m\u00e9g nem v\u00e1lt k\u00fcl\u00f6n a baleseti seb\u00e9szet \u00e9s bizonyos urol\u00f3giai kezel\u00e9seket, kism\u0171t\u00e9teket is v\u00e9gezt\u00fcnk. <strong><em>1971<\/em><\/strong> febru\u00e1rj\u00e1ban kett\u00e9 v\u00e1lt a seb\u00e9szet. <\/p>\n\n\n\n<p style=\"line-height:1.5\">A II. seb\u00e9szet vezet\u0151je <strong><em>dr. Koll\u00e1r Lajos<\/em><\/strong>, az <\/p>\n\n\n\n<p style=\"line-height:1.5\">I. Seb\u00e9szet\u00e9 <strong><em>dr. J\u00e1vorszky \u00d6d\u00f6n <\/em><\/strong>volt. Ut\u00f3bbit 1973-ban nyugd\u00edjazt\u00e1k, ut\u00f3dja <strong><em>dr. Kov\u00e1cs Bertalan.<\/em><\/strong><\/p>\n\n\n\n<p style=\"line-height:1.5\"> A II. seb\u00e9szet vezet\u0151je \u00e9s egyben a k\u00f3rh\u00e1z igazgat\u00f3ja dr. Koll\u00e1r Lajos lett. (1969-1988)<\/p>\n\n\n\n<p style=\"line-height:1.5\">1991-ben egy \u00e9vre megb\u00edzottk\u00e9nt <strong><em>dr. Berta Mih\u00e1ly<\/em><\/strong> volt a Seb\u00e9szeti oszt\u00e1ly vezet\u0151je majd ezt a posztot <strong><em>dr. Szentl\u00e9leki K\u00e1roly<\/em><\/strong> vette \u00e1t.<\/p>\n\n\n\n<p class=\"has-vivid-cyan-blue-color has-text-color\"><strong><em>A jelen:<\/em><\/strong><\/p>\n\n\n\n<p style=\"line-height:1\">A seb\u00e9szeti oszt\u00e1ly a k\u00f3rh\u00e1z f\u0151\u00e9p\u00fclet\u00e9nek negyedik emelet\u00e9n m\u0171k\u00f6dik 45 \u00e1gyon, melyb\u0151l 10 \u00e1gyon az egynapos seb\u00e9szeti \u00e9s urol\u00f3giai betegek ell\u00e1t\u00e1sa zajlik.<\/p>\n\n\n\n<p>Seb\u00e9szeti tev\u00e9kenys\u00e9g\u00fcnk a gasztroenterol\u00f3giai- \u00e9s az \u00e1ltal\u00e1nos seb\u00e9szet ter\u00fclet\u00e9t \u00f6leli \u00e1t, kiv\u00e9ve a speci\u00e1lis profil\u00fa nyel\u0151cs\u0151-, cardia-, m\u00e1j- \u00e9s hasny\u00e1lmirigy seb\u00e9szetet.(kor\u00e1bban oszt\u00e1lyunkon mellkas- \u00e9s \u00e9rseb\u00e9szet is m\u0171k\u00f6d\u00f6tt).<\/p>\n\n\n\n<p>A gasztroenterol\u00f3giai seb\u00e9szeten bel\u00fcl v\u00e9gezz\u00fck a gyomor- \u00e9s b\u00e9l m\u0171t\u00e9teket, az epeh\u00f3lyag elt\u00e1vol\u00edt\u00e1st \u00e9s coloproctol\u00f3giai (vastag- \u00e9s v\u00e9gb\u00e9l) m\u0171t\u00e9teket. Az \u00e1ltal\u00e1nos seb\u00e9szeten be\u00fcl v\u00e9gz\u00fcnk hasfali- \u00e9s l\u00e1gy\u00e9ks\u00e9rvm\u0171t\u00e9teket, a pajzsmirigy j\u00f3 indulat\u00fa betegs\u00e9geinek m\u0171t\u00e9tjeit, az eml\u0151 j\u00f3 \u00e9s rosszindulat\u00fa daganatos betegs\u00e9geinek m\u0171t\u00e9tjeit. 2002 \u00f3ta m\u0171k\u00f6dik k\u00f3rh\u00e1zunkban az Eml\u0151centrum, ahol az ell\u00e1t\u00e1si ter\u00fclet\u00fcnk\u00f6n a vesz\u00e9lyeztetett kor\u00fa n\u0151k eml\u0151daganat sz\u0171r\u00e9s\u00e9t v\u00e9gzik az&nbsp; erre a speci\u00e1lis feladatra szakosodott orvososok. Az innen az oszt\u00e1lyunkra ker\u00fcl\u0151 betegek- az eml\u0151k\u00f6zponttal egy\u00fcttm\u0171k\u00f6dve- a legkorszer\u0171bb ell\u00e1t\u00e1sban r\u00e9szes\u00fclnek (corebiopsia, sentinel nyirokcsom\u00f3 izot\u00f3p-jel\u00f6l\u00e9se, szervmegtart\u00f3 m\u0171t\u00e9tek). T\u00f6bb mint 10 \u00e9ve m\u0171k\u00f6dik \u00fan. onkoteam k\u00f3rh\u00e1zunkban.<\/p>\n\n\n\n<p>A laparoscopos seb\u00e9szetet 1993-ban kezdt\u00fck el, az epeh\u00f3lyag elt\u00e1vol\u00edt\u00e1s\u00e1t az esetek kb. 97%-\u00e1ban v\u00e9gezz\u00fck ezzel a m\u00f3dszerrel,&nbsp; ill. t\u00f6bb \u00e9ve a vastagb\u00e9l, a v\u00e9gb\u00e9l, a vakb\u00e9l \u00e9s a s\u00e9rvek m\u0171t\u00e9tjeinek nagy sz\u00e1m\u00e1t&nbsp; is.<\/p>\n\n\n\n<p>Tudom\u00e1ny: munkat\u00e1rsaink rendszeresen vesznek r\u00e9szt a Magyar Seb\u00e9szeti T\u00e1rsass\u00e1g&nbsp; hazai kongresszusain hallgat\u00f3k\u00e9nt \u00e9s el\u0151ad\u00f3k\u00e9nt. <\/p>\n\n\n\n<p>Sz\u00e1mos cikk\u00fcnk jelent meg hazai tudom\u00e1nyos foly\u00f3iratokban, melyekben ismertett\u00fck munk\u00e1nkat, eredm\u00e9nyeinket.<\/p>\n\n\n\n<p>K\u00f3rh\u00e1zunkban t\u00f6bb \u00e9ve m\u0171k\u00f6dik a Colostom\u00e1s Klub, mely az Magyar ILCO klub akt\u00edv tagja. Oszt\u00e1lyunkon t\u00f6bb sztoma-ter\u00e1pi\u00e1s n\u0151v\u00e9r is tev\u00e9kenykedik.<\/p>\n\n\n\n<p>A k\u00f3rh\u00e1zunkban m\u0171k\u00f6d\u0151 seb\u00e9szeti szakrendel\u00e9st is oszt\u00e1lyunk orvosai l\u00e1tj\u00e1k el, ahol ambulans m\u0171t\u00e9teket is v\u00e9geznek (pl. b\u0151r \u00e9s b\u0151ralatti elv\u00e1ltoz\u00e1sok elt\u00e1vol\u00edt\u00e1sa, stb. &#8230;).<\/p>\n\n\n\n<p style=\"line-height:1\"><strong><mark style=\"background-color:rgba(0, 0, 0, 0)\" class=\"has-inline-color has-vivid-cyan-blue-color\">Oszt\u00e1lyvezet\u0151 f\u0151orvos:<\/mark> Dr. Nagy Jen\u0151<\/strong><\/p>\n\n\n\n<p style=\"line-height:1\"><strong><mark style=\"background-color:rgba(0, 0, 0, 0)\" class=\"has-inline-color has-vivid-cyan-blue-color\">Oszt\u00e1lyvezet\u0151 f\u0151\u00e1pol\u00f3:<\/mark>&nbsp;M\u00e1csai Szilvia<\/strong><\/p>\n\n\n\n<p class=\"has-black-color has-text-color\" style=\"line-height:1\"><strong><mark style=\"background-color:rgba(0, 0, 0, 0)\" class=\"has-inline-color has-vivid-cyan-blue-color\">Oszt\u00e1ly helye<\/mark>:&nbsp;K\u00f3rh\u00e1z IV. emelet, mindk\u00e9t oldal<\/strong><\/p>\n\n\n\n<p class=\"has-vivid-cyan-blue-color has-text-color\" style=\"line-height:1\"><strong>Orvosok<\/strong> :<\/p>\n\n\n\n<p style=\"line-height:0.4\"><strong>Dr. Cs\u00f3li Bal\u00e1zs<\/strong> szakorvos<\/p>\n\n\n\n<p style=\"line-height:0.8\"><strong>Dr.\u00a0El-Meouch Hicham Sobhi<\/strong> f\u0151orvos<\/p>\n\n\n\n<p><strong>Dr. Farkas Katalin<\/strong> szakorvos<\/p>\n\n\n\n<p style=\"line-height:1\"><strong>Dr. Grics L\u00e1szl\u00f3<\/strong> f\u0151orvos <\/p>\n\n\n\n<p style=\"line-height:1\"><strong>Dr. Gy\u00f6rgy Alp\u00e1r<\/strong> szakorvos<\/p>\n\n\n\n<p style=\"line-height:1\"><strong>Dr. Herr Gy\u00f6rgy<\/strong> f\u0151orvos <\/p>\n\n\n\n<p style=\"line-height:1\"><strong>Dr. Hlav\u00e1n Csaba<\/strong> rezidens <\/p>\n\n\n\n<p><strong>Dr. Kakucs T\u00edmea<\/strong> szakorvos- oszt\u00e1lyvezet\u0151 helyettes<\/p>\n\n\n\n<p style=\"line-height:1\"><strong>Dr. K\u00f6teles Csaba<\/strong> szakorvos<\/p>\n\n\n\n<p style=\"line-height:1\"><strong>Dr. Malan Dorin Cristian<\/strong> szakorvos <\/p>\n\n\n\n<p style=\"line-height:0.6\"><strong>Dr. P\u00e9ter Abig\u00e9l<\/strong> rezidens<\/p>\n\n\n\n<p><strong>Dr. Pitrik Fruzsina <\/strong>orvos<\/p>\n\n\n\n<p style=\"line-height:1\"><strong>Dr. Ursu Mikl\u00f3s<\/strong> szakorvos<\/p>\n\n\n\n<p style=\"line-height:1\"><strong>Dr. \u00dcrm\u00f6si \u00c1d\u00e1m<\/strong> rezidens <\/p>\n\n\n\n<p style=\"line-height:1\"><strong>Boryn\u00e9 Dr. Laczk\u00f3 \u00c1gnes<\/strong> szakorvos (\u00e9rseb\u00e9sz)<\/p>\n\n\n\n<hr class=\"wp-block-separator has-css-opacity is-style-wide\"\/>\n\n\n\n<p><strong><span class=\"has-inline-color has-vivid-cyan-blue-color\">Egynapos urol\u00f3giai seb\u00e9szet<\/span><\/strong><\/p>\n\n\n\n<p>A manu\u00e1lis oszt\u00e1lyok orsz\u00e1gos \u00e1tszervez\u00e9se kapcs\u00e1n k\u00f3rh\u00e1zunkban az urol\u00f3giai oszt\u00e1ly megsz\u0171nt, a seb\u00e9szeti oszt\u00e1ly keret\u00e9ben mint <strong>egynapos urol\u00f3giai seb\u00e9szet m\u0171k\u00f6dik<\/strong> Az egynapos seb\u00e9szeti ell\u00e1t\u00e1s l\u00e9nyege, hogy el\u0151zetesen kivizsg\u00e1lt betegeink a felv\u00e9tel napj\u00e1n m\u0171t\u00e9tre ker\u00fclnek, \u00e9s 24 \u00f3r\u00e1n bel\u00fcl elhagyj\u00e1k int\u00e9zet\u00fcnket. Betegeink beavatkoz\u00e1s el\u0151tti kivizsg\u00e1l\u00e1sa, majd a m\u0171t\u00e9tet k\u00f6vet\u0151 ell\u00e1t\u00e1sa, gondoz\u00e1sa urol\u00f3giai szakrendel\u00e9s\u00fcnk\u00f6n t\u00f6rt\u00e9nik. &nbsp;Az egynapos urol\u00f3giai seb\u00e9szeti ell\u00e1t\u00e1s keret\u00e9ben v\u00e9gezhet\u0151 beavatkoz\u00e1sokat az OEP vonatkoz\u00f3 list\u00e1ja t\u00fcnteti fel. Ebb\u0151l kiemelhet\u0151k a h\u00fagycs\u00f6v\u00f6n kereszt\u00fcl v\u00e9gzett endoszk\u00f3pos prosztata megkisebb\u00edt\u0151 m\u0171t\u00e9tek, az endoszk\u00f3pos h\u00f3lyagtumor elt\u00e1vol\u00edt\u00f3 beavatkoz\u00e1sok, a vese,- \u00e9s ur\u00e9terk\u00f6vek l\u00f6k\u00e9shull\u00e1m kezel\u00e9se, a h\u00fagyh\u00f3lyagk\u00f6vek h\u00fagycs\u00f6v\u00f6n kereszt\u00fcl t\u00f6rt\u00e9n\u0151 endoszk\u00f3pos elt\u00e1vol\u00edt\u00e1sa, valamint a f\u00e9rfiak k\u00fcls\u0151 nemiszervein v\u00e9gzett beavatkoz\u00e1sok meghat\u00e1rozott k\u00f6re. Urol\u00f3giai egynapos seb\u00e9szeti ell\u00e1t\u00e1sra felvett betegeink elhelyez\u00e9s\u00e9re a Seb\u00e9szeti Oszt\u00e1lyon 10 \u00e1gy \u00e1ll rendelkez\u00e9sre. A beavatkoz\u00e1sokat a K\u00f6zponti M\u0171t\u0151blokkban, illetve a k\u0151z\u00faz\u00e1sra kijel\u00f6lt helyis\u00e9gben v\u00e9gezz\u00fck.<\/p>\n\n\n\n<p style=\"line-height:1\"><strong><span class=\"has-inline-color has-vivid-cyan-blue-color\">Orvos: <\/span>Dr. Kun Istv\u00e1n f\u0151orvos<\/strong><\/p>\n\n\n\n<p style=\"line-height:1\"><strong><span class=\"has-inline-color has-vivid-cyan-blue-color\">Oszt\u00e1ly helye:<\/span> K\u00f3rh\u00e1z IV. emelet, mindk\u00e9t oldal<\/strong><\/p>\n","protected":false},"excerpt":{"rendered":"<p>A m\u00falt: A Seb\u00e9szeti oszt\u00e1ly 1970 \u00e1prilis\u00e1ban k\u00f6lt\u00f6z\u00f6tt \u00e1t az \u00faj k\u00f3rh\u00e1zba, m\u00e1sf\u00e9l emeleten 100 \u00e1ggyal indult, igaz ekkor m\u00e9g nem v\u00e1lt k\u00fcl\u00f6n a baleseti seb\u00e9szet \u00e9s bizonyos urol\u00f3giai kezel\u00e9seket, kism\u0171t\u00e9teket is v\u00e9gezt\u00fcnk. 1971 febru\u00e1rj\u00e1ban kett\u00e9 v\u00e1lt a seb\u00e9szet. A II. seb\u00e9szet vezet\u0151je dr. Koll\u00e1r Lajos, az I. Seb\u00e9szet\u00e9 dr. J\u00e1vorszky \u00d6d\u00f6n volt. Ut\u00f3bbit 1973-ban [&hellip;]<\/p>\n","protected":false},"author":1,"featured_media":0,"parent":0,"menu_order":0,"comment_status":"closed","ping_status":"closed","template":"","meta":[],"_links":{"self":[{"href":"http:\/\/www.javorszky.hu\/wordpress\/index.php?rest_route=\/wp\/v2\/pages\/175"}],"collection":[{"href":"http:\/\/www.javorszky.hu\/wordpress\/index.php?rest_route=\/wp\/v2\/pages"}],"about":[{"href":"http:\/\/www.javorszky.hu\/wordpress\/index.php?rest_route=\/wp\/v2\/types\/page"}],"author":[{"embeddable":true,"href":"http:\/\/www.javorszky.hu\/wordpress\/index.php?rest_route=\/wp\/v2\/users\/1"}],"replies":[{"embeddable":true,"href":"http:\/\/www.javorszky.hu\/wordpress\/index.php?rest_route=%2Fwp%2Fv2%2Fcomments&post=175"}],"version-history":[{"count":28,"href":"http:\/\/www.javorszky.hu\/wordpress\/index.php?rest_route=\/wp\/v2\/pages\/175\/revisions"}],"predecessor-version":[{"id":9786,"href":"http:\/\/www.javorszky.hu\/wordpress\/index.php?rest_route=\/wp\/v2\/pages\/175\/revisions\/9786"}],"wp:attachment":[{"href":"http:\/\/www.javorszky.hu\/wordpress\/index.php?rest_route=%2Fwp%2Fv2%2Fmedia&parent=175"}],"curies":[{"name":"wp","href":"https:\/\/api.w.org\/{rel}","templated":true}]}}