{"id":179,"date":"2013-05-22T10:05:37","date_gmt":"2013-05-22T08:05:37","guid":{"rendered":"http:\/\/www.javorszky.hu\/wordpress\/?page_id=179"},"modified":"2026-02-17T11:50:52","modified_gmt":"2026-02-17T10:50:52","slug":"traumatologiai-osztaly","status":"publish","type":"page","link":"http:\/\/www.javorszky.hu\/wordpress\/?page_id=179","title":{"rendered":"Traumatol\u00f3giai Oszt\u00e1ly"},"content":{"rendered":"\n<p>A K\u00f3rh\u00e1z l\u00e9tes\u00edt\u00e9se ut\u00e1ni \u00e9vekben a dr. J\u00e1vorszky \u00d6d\u00f6n \u00e1ltal vezetett Seb\u00e9szeti oszt\u00e1lyon t\u00f6rt\u00e9nt a s\u00e9r\u00fcltek kezel\u00e9se. 1974-ben \u00e9rkezett dr. Nagy L\u00e1szl\u00f3 traumatol\u00f3gus szakorvos V\u00e1cra, aki v\u00e1llalta az \u00f6n\u00e1ll\u00f3 traumatol\u00f3gia m\u0171vel\u00e9s\u00e9t, \u00e9rdekeinek \u00e9rv\u00e9nyes\u00edt\u00e9s\u00e9t. Kitart\u00f3 sz\u00e1nd\u00e9ka nyom\u00e1n el\u0151bb 25, majd 36 \u00e1gyas r\u00e9szleg alakult. Ut\u00f3bbi 1978-ban m\u00e1r a Baleseti Seb\u00e9szet meghonos\u00edt\u00e1s\u00e1t jelentette. K\u00e9t munkat\u00e1rs\u00e1val, dr. Lam\u00e1r Istv\u00e1nnal \u00e9s dr. D\u00f3zsa Gy\u00f6rggyel ind\u00edtott\u00e1k el a kornak megfelel\u0151 baleseti ell\u00e1t\u00e1st \u00c9szak-Pest megy\u00e9ben. 1987-t\u0151l, dr. Nagy L\u00e1szl\u00f3 oszt\u00e1lyvezet\u0151 f\u0151orvoss\u00e1 t\u00f6rt\u00e9nt kinevez\u00e9s\u00e9t\u0151l 6-8, a \u201890-es \u00e9vek k\u00f6zepe t\u00e1j\u00e9k\u00e1n m\u00e1r 14-15 baleseti seb\u00e9sz el\u0151bb 78, k\u00e9s\u0151bb az ell\u00e1t\u00e1s korszer\u0171s\u00f6d\u00e9s\u00e9vel 70 \u00e1gyas oszt\u00e1lyon dolgozott. Dr. Nagy L\u00e1szl\u00f3 \u2013 a v\u00e1ci traumatol\u00f3gia l\u00e9trehoz\u00f3ja, sz\u00e1mos szakorvos mentora \u2013 1997-ben bek\u00f6vetkezett hal\u00e1la ut\u00e1n, dr. Kurucz L\u00e1szl\u00f3 vette \u00e1t az oszt\u00e1ly vezet\u00e9s\u00e9t, aki ezen feladatot 15 \u00e9ven \u00e1t l\u00e1tta el.<\/p>\n\n\n\n<p>Oszt\u00e1lyunk k\u00e9szen \u00e1ll a legk\u00fcl\u00f6nb\u00f6z\u0151bb, adott helyzetben a legs\u00falyosabb s\u00e9r\u00fcl\u00e9sek \u00e9s azok k\u00f6vetkezm\u00e9nyeinek ell\u00e1t\u00e1s\u00e1ra. Tessz\u00fck ezt az esetek d\u00f6nt\u0151 r\u00e9sz\u00e9ben a s\u00e9r\u00fcl\u00e9st k\u00f6vet\u0151en k\u00f6zvetlen\u00fcl, mert \u00edgy van a p\u00e1ciensnek a legjobb es\u00e9lye a miel\u0151bbi, marad\u00e9k n\u00e9lk\u00fcli fel\u00e9p\u00fcl\u00e9sre. Korszer\u0171 implantatumokat, behelyez\u0151 eszk\u00f6z\u00f6ket v\u00e1lasztottunk, \u00e9s kijelenthet\u0151, hogy s\u00e9r\u00fcltjeinkbe minimaliz\u00e1lt felt\u00e1r\u00e1sokb\u00f3l kiv\u00e1l\u00f3 stabiliz\u00e1l\u00f3 rendszerek ker\u00fclnek (pl.: k\u00fcl\u00f6nb\u00f6z\u0151 vel\u0151\u00fcrszegek, dinamikus csavarok, fix\u00e1lt csavar\u00fa lemezek, k\u00fcls\u0151 r\u00f6gz\u00edt\u0151k).<\/p>\n\n\n\n<p>2012-t\u0151l I. progresszivit\u00e1si szint\u0171 besorol\u00e1st kaptunk, azaz oszt\u00e1lyunk jelenleg&nbsp; egyszer\u0171 \u00e9s \u00f6sszetett v\u00e9gtags\u00e9r\u00fcl\u00e9sekre vonatkoz\u00f3 ell\u00e1t\u00e1si kompetenci\u00e1val rendelkezik. Nem csup\u00e1n frissen szerzett s\u00e9r\u00fcl\u00e9sek megold\u00e1s\u00e1val foglalkozunk, hanem s\u00e9r\u00fcl\u00e9s k\u00f6vetkezt\u00e9ben, de egy\u00e9b, els\u0151sorban ortop\u00e9diai okokb\u00f3l is kialakult hib\u00e1s v\u00e9gtaghossz, illetve tengely\u00e1ll\u00e1sok, besz\u0171k\u00fclt \u00edz\u00fcleti funkci\u00f3k, \u00edz\u00fcleteken bel\u00fcli elt\u00e9r\u00e9sek, mozg\u00e1s- \u00e9s \u00e9rz\u00e9skies\u00e9sek, csont- \u00e9s sz\u00f6vethi\u00e1nyok kiigaz\u00edt\u00e1s\u00e1val, p\u00f3tl\u00e1s\u00e1val is. Ezen helyre\u00e1ll\u00edt\u00f3 t\u00e9nyked\u00e9seink k\u00e9pezik special\u00edt\u00e1sainkat is csukl\u00f3- \u00e9s k\u00e9zseb\u00e9szetben, valamint a csip\u0151- \u00e9s t\u00e9rdseb\u00e9szetben. Ut\u00f3bbi nagy \u00edz\u00fcletek m\u0171vi p\u00f3tl\u00e1s\u00e1t, vagyis protetiz\u00e1l\u00e1s\u00e1t is v\u00e9gezz\u00fck. Az oszt\u00e1ly saj\u00e1t gy\u00f3gytorn\u00e1sszal is rendelkezik, aki a m\u0171t\u00e9ti ell\u00e1t\u00e1st k\u00f6vet\u0151en a lehet\u0151 leghamarabb megkezdi a beteg s\u00e9r\u00fcl\u00e9s\u00e9hez, \u00e1llapot\u00e1hoz \u00e9s ig\u00e9nyeihez illesztett funkcion\u00e1lis kezel\u00e9st. Munk\u00e1j\u00e1t k\u00fcl\u00f6nb\u00f6z\u0151 eszk\u00f6z\u00f6k (pl. t\u00e9rdmozgat\u00f3 g\u00e9pek, tornaterem) is seg\u00edti.<\/p>\n\n\n\n<p style=\"line-height:1\"><strong><span class=\"has-inline-color has-vivid-cyan-blue-color\">Oszt\u00e1lyvezet\u0151 f\u0151orvos: <\/span>Dr. Horv\u00e1th Tam\u00e1s<\/strong><\/p>\n\n\n\n<p style=\"line-height:1\"><strong><mark style=\"background-color:rgba(0, 0, 0, 0)\" class=\"has-inline-color has-vivid-cyan-blue-color\">Oszt\u00e1lyvezet\u0151 f\u0151\u00e1pol\u00f3:<\/mark> Dallos Tam\u00e1s<\/strong><\/p>\n\n\n\n<p style=\"line-height:1\"><strong><mark style=\"background-color:rgba(0, 0, 0, 0)\" class=\"has-inline-color has-vivid-cyan-blue-color\">Oszt\u00e1ly helye: <\/mark>K\u00f3rh\u00e1z II. emelet, mindk\u00e9t oldal<\/strong><\/p>\n\n\n\n<p class=\"has-vivid-cyan-blue-color has-text-color\" style=\"line-height:1\"><strong>Orvosok:<\/strong><\/p>\n\n\n\n<p><strong>Dr. Akbari Mohammadali<\/strong> szakorvos<\/p>\n\n\n\n<p><strong>Dr. Bakaja L\u00e1szl\u00f3<\/strong> szakorvos<\/p>\n\n\n\n<p><strong>Dr. Bak\u00f3 \u00c1ron<\/strong> adjunktus<\/p>\n\n\n\n<p><strong>Dr. Bork\u00f3 Attila<\/strong> f\u0151orvos<\/p>\n\n\n\n<p><strong>Dr. Debreceni \u00c1gnes T\u00fcnde<\/strong> orvos<\/p>\n\n\n\n<p><strong>Dr. Fidel Zolt\u00e1n<\/strong>  f\u0151orvos<\/p>\n\n\n\n<p><strong>Dr. Fl\u00f3ris Istv\u00e1n PhD.<\/strong> f\u0151orvos<\/p>\n\n\n\n<p><strong>Dr. Glavatity Andr\u00e1s<\/strong> orvos<\/p>\n\n\n\n<p><strong>Dr. Hammer P\u00e9ter L\u00e1szl\u00f3<\/strong> szakorvos<\/p>\n\n\n\n<p><strong>Dr. Kant\u00f3 Tibor<\/strong> rezidens<\/p>\n\n\n\n<p><strong>Dr. Kov\u00e1cs Gergely<\/strong> adjunktus <\/p>\n\n\n\n<p><strong>Dr. Marsi L\u00e1szl\u00f3<\/strong> szakorvos <\/p>\n\n\n\n<p><strong>Dr. Osgy\u00e1n Henrik \u00c1kos<\/strong> f\u0151orvos <\/p>\n\n\n\n<p><strong>Dr. Pesuth Andr\u00e1s<\/strong> f\u0151orvos <\/p>\n\n\n\n<p><strong>Dr. Szalay Kriszti\u00e1n<\/strong> szakorvos<\/p>\n\n\n\n<p><strong>Dr. Szatm\u00e1ri Attila<\/strong> szakorvos<\/p>\n\n\n\n<p><strong>Dr. Szebeni Szilvia<\/strong> f\u0151orvos<\/p>\n\n\n\n<p><strong>Dr. Sz\u00f6gi Mikl\u00f3s<\/strong> szakorvos<\/p>\n\n\n\n<p><strong>Dr. Szvoboda M\u00e1t\u00e9<\/strong> orvos<\/p>\n\n\n\n<p><strong>Dr. Wlad\u00e1r Zolt\u00e1n<\/strong> szakorvos<\/p>\n","protected":false},"excerpt":{"rendered":"<p>A K\u00f3rh\u00e1z l\u00e9tes\u00edt\u00e9se ut\u00e1ni \u00e9vekben a dr. J\u00e1vorszky \u00d6d\u00f6n \u00e1ltal vezetett Seb\u00e9szeti oszt\u00e1lyon t\u00f6rt\u00e9nt a s\u00e9r\u00fcltek kezel\u00e9se. 1974-ben \u00e9rkezett dr. Nagy L\u00e1szl\u00f3 traumatol\u00f3gus szakorvos V\u00e1cra, aki v\u00e1llalta az \u00f6n\u00e1ll\u00f3 traumatol\u00f3gia m\u0171vel\u00e9s\u00e9t, \u00e9rdekeinek \u00e9rv\u00e9nyes\u00edt\u00e9s\u00e9t. Kitart\u00f3 sz\u00e1nd\u00e9ka nyom\u00e1n el\u0151bb 25, majd 36 \u00e1gyas r\u00e9szleg alakult. Ut\u00f3bbi 1978-ban m\u00e1r a Baleseti Seb\u00e9szet meghonos\u00edt\u00e1s\u00e1t jelentette. K\u00e9t munkat\u00e1rs\u00e1val, dr. Lam\u00e1r [&hellip;]<\/p>\n","protected":false},"author":1,"featured_media":0,"parent":0,"menu_order":0,"comment_status":"closed","ping_status":"closed","template":"","meta":[],"_links":{"self":[{"href":"http:\/\/www.javorszky.hu\/wordpress\/index.php?rest_route=\/wp\/v2\/pages\/179"}],"collection":[{"href":"http:\/\/www.javorszky.hu\/wordpress\/index.php?rest_route=\/wp\/v2\/pages"}],"about":[{"href":"http:\/\/www.javorszky.hu\/wordpress\/index.php?rest_route=\/wp\/v2\/types\/page"}],"author":[{"embeddable":true,"href":"http:\/\/www.javorszky.hu\/wordpress\/index.php?rest_route=\/wp\/v2\/users\/1"}],"replies":[{"embeddable":true,"href":"http:\/\/www.javorszky.hu\/wordpress\/index.php?rest_route=%2Fwp%2Fv2%2Fcomments&post=179"}],"version-history":[{"count":15,"href":"http:\/\/www.javorszky.hu\/wordpress\/index.php?rest_route=\/wp\/v2\/pages\/179\/revisions"}],"predecessor-version":[{"id":9788,"href":"http:\/\/www.javorszky.hu\/wordpress\/index.php?rest_route=\/wp\/v2\/pages\/179\/revisions\/9788"}],"wp:attachment":[{"href":"http:\/\/www.javorszky.hu\/wordpress\/index.php?rest_route=%2Fwp%2Fv2%2Fmedia&parent=179"}],"curies":[{"name":"wp","href":"https:\/\/api.w.org\/{rel}","templated":true}]}}