{"id":187,"date":"2013-05-22T10:12:44","date_gmt":"2013-05-22T08:12:44","guid":{"rendered":"http:\/\/www.javorszky.hu\/wordpress\/?page_id=187"},"modified":"2024-11-12T10:48:46","modified_gmt":"2024-11-12T09:48:46","slug":"pathologia","status":"publish","type":"page","link":"http:\/\/www.javorszky.hu\/wordpress\/?page_id=187","title":{"rendered":"Pathol\u00f3gia"},"content":{"rendered":"\n<p>A k\u00f3rh\u00e1z \u00e1tad\u00e1sakor egy orvossal, dr. Juh\u00e1sz B\u00e9l\u00e1val, egy sz\u00f6vettani asszisztenssel \u00e9s k\u00e9t boncmesterrel kezd\u0151d\u00f6tt a munka. 1970-1995-ig az oszt\u00e1lyvezet\u0151 f\u0151orvos dr. Varga Szabolcs volt,1995-1998-ig dr. T\u00f3th Bernadett, majd 1998-2003-ig dr. K\u00e1rolyi P\u00e9ter, 2003-2010-ig dr. T\u00f3th Veronika, 2010-2015-ig dr. K\u00f3czi Zolt\u00e1n (megb\u00edz\u00e1ssal), 2016-2018-ig ism\u00e9t dr. K\u00e1rolyi P\u00e9ter, majd 2018- dr. Lellei Ilona.<\/p>\n\n\n\n<p>A patol\u00f3giai oszt\u00e1ly tev\u00e9kenys\u00e9g\u00e9nek szerves r\u00e9sze a k\u00f3rh\u00e1zi oszt\u00e1lyokon, ell\u00e1t\u00e1si ter\u00fcleteken elhunytak boncol\u00e1sa, boncsz\u00f6vettani vizsg\u00e1lata, valamint az ezzel kapcsolatos adminisztr\u00e1ci\u00f3s feladatok elv\u00e9gz\u00e9se. A k\u00f3rboncol\u00e1s sor\u00e1n az elhunyt alapbetegs\u00e9g\u00e9nek, a hal\u00e1l ok\u00e1t k\u00e9pez\u0151 betegs\u00e9gnek \u00e9s k\u00eds\u00e9r\u0151 betegs\u00e9g\u00e9nek felt\u00e1r\u00e1sa \u00e9s meg\u00e1llap\u00edt\u00e1sa t\u00f6rt\u00e9nik, a mindenkori hat\u00e1lyos jogszab\u00e1lyok&nbsp; szerint.<\/p>\n\n\n\n<p>Oszt\u00e1lyunkon v\u00e9gezz\u00fck a k\u00f3rh\u00e1zi ambulanci\u00e1kon \u00e9s oszt\u00e1lyokon levett sz\u00f6vetmint\u00e1k, t\u0171biopszi\u00e1k \u00e9s a m\u0171t\u00e9ti beavatkoz\u00e1sok sor\u00e1n elt\u00e1vol\u00edtott kis \u00e9s nagy prepar\u00e1tumok hisztok\u00e9miai \u00e9s immunhisztok\u00e9miai vizsg\u00e1lata. A sz\u00f6vettani anyagok feldolgoz\u00e1sa a szakmai koll\u00e9giumok \u00e1ltal javasolt metodika alapj\u00e1n t\u00f6rt\u00e9nik.<\/p>\n\n\n\n<p>Az emberi testb\u0151l sz\u00e1rmaz\u00f3 sejtek vizsg\u00e1lata is oszt\u00e1lyunkon t\u00f6rt\u00e9nik, amiket k\u00fcl\u00f6nb\u00f6z\u0151 m\u00f3dszerekkel nyernek (v\u00e9konyt\u0171-v\u00e1kuum aspir\u00e1ci\u00f3 stb.), illetve a test\u00fcregi folyad\u00e9kok \u00e9s exfoliat\u00edv citol\u00f3giai anyagok feldolgoz\u00e1s\u00e1t, a n\u0151gy\u00f3gy\u00e1szati m\u00e9hnyak sz\u0171r\u00e9s sor\u00e1n levett kenetek \u00e9rt\u00e9kel\u00e9s\u00e9t. A tapinthat\u00f3 terim\u00e9k citol\u00f3giai mintav\u00e9tel\u00e9ben szem\u00e9lyesen is k\u00f6zrem\u0171k\u00f6d\u00fcnk.<\/p>\n\n\n\n<p>A diagnosztikus c\u00e9llal vett sz\u00f6vet- \u00e9s sejtmint\u00e1k \u00e9rt\u00e9kel\u00e9s\u00e9nek fontos szerepe van a beteg tov\u00e1bbi kezel\u00e9s\u00e9t meghat\u00e1roz\u00f3 d\u00f6nt\u00e9sekben. Az oszt\u00e1ly orvosai ez\u00e9rt r\u00e9szt vesznek a multidiszciplin\u00e1ris onkol\u00f3giai bizotts\u00e1g \u00fcl\u00e9sein is. &nbsp;<\/p>\n\n\n\n<p><\/p>\n\n\n\n<p><strong><mark style=\"background-color:rgba(0, 0, 0, 0)\" class=\"has-inline-color has-vivid-cyan-blue-color\">Oszt\u00e1lyvezet\u0151 f\u0151orvos:<\/mark>&nbsp;Dr. Lellei Ilona<\/strong><\/p>\n\n\n\n<p><strong><mark style=\"background-color:rgba(0, 0, 0, 0)\" class=\"has-inline-color has-vivid-cyan-blue-color\">Vezet\u0151 asszisztens: <\/mark>Kmetz-Bern\u00e1th Melinda<\/strong><\/p>\n\n\n\n<p><strong><mark style=\"background-color:rgba(0, 0, 0, 0)\" class=\"has-inline-color has-vivid-cyan-blue-color\">Oszt\u00e1ly helye:<\/mark><\/strong> <strong>F\u0151\u00e9p\u00fclet, alagsor, \u201eC\u201d r\u00e9sz<\/strong><\/p>\n\n\n\n<p class=\"has-vivid-cyan-blue-color has-text-color\"><strong>Orvosok:<\/strong><\/p>\n\n\n\n<p>Szakorvos: <strong>dr. B\u00e9kefi Alfr\u00e9d Norbert<\/strong><\/p>\n\n\n\n<p>Szakorvos: <strong>dr. Misnyovszki P\u00e9ter<\/strong><\/p>\n\n\n\n<p>Rezidens: <strong>dr. T\u00e9zsla Zs\u00f3fia<\/strong><\/p>\n","protected":false},"excerpt":{"rendered":"<p>A k\u00f3rh\u00e1z \u00e1tad\u00e1sakor egy orvossal, dr. Juh\u00e1sz B\u00e9l\u00e1val, egy sz\u00f6vettani asszisztenssel \u00e9s k\u00e9t boncmesterrel kezd\u0151d\u00f6tt a munka. 1970-1995-ig az oszt\u00e1lyvezet\u0151 f\u0151orvos dr. Varga Szabolcs volt,1995-1998-ig dr. T\u00f3th Bernadett, majd 1998-2003-ig dr. K\u00e1rolyi P\u00e9ter, 2003-2010-ig dr. T\u00f3th Veronika, 2010-2015-ig dr. K\u00f3czi Zolt\u00e1n (megb\u00edz\u00e1ssal), 2016-2018-ig ism\u00e9t dr. K\u00e1rolyi P\u00e9ter, majd 2018- dr. Lellei Ilona. A patol\u00f3giai oszt\u00e1ly [&hellip;]<\/p>\n","protected":false},"author":1,"featured_media":0,"parent":0,"menu_order":0,"comment_status":"closed","ping_status":"closed","template":"","meta":[],"_links":{"self":[{"href":"http:\/\/www.javorszky.hu\/wordpress\/index.php?rest_route=\/wp\/v2\/pages\/187"}],"collection":[{"href":"http:\/\/www.javorszky.hu\/wordpress\/index.php?rest_route=\/wp\/v2\/pages"}],"about":[{"href":"http:\/\/www.javorszky.hu\/wordpress\/index.php?rest_route=\/wp\/v2\/types\/page"}],"author":[{"embeddable":true,"href":"http:\/\/www.javorszky.hu\/wordpress\/index.php?rest_route=\/wp\/v2\/users\/1"}],"replies":[{"embeddable":true,"href":"http:\/\/www.javorszky.hu\/wordpress\/index.php?rest_route=%2Fwp%2Fv2%2Fcomments&post=187"}],"version-history":[{"count":14,"href":"http:\/\/www.javorszky.hu\/wordpress\/index.php?rest_route=\/wp\/v2\/pages\/187\/revisions"}],"predecessor-version":[{"id":7751,"href":"http:\/\/www.javorszky.hu\/wordpress\/index.php?rest_route=\/wp\/v2\/pages\/187\/revisions\/7751"}],"wp:attachment":[{"href":"http:\/\/www.javorszky.hu\/wordpress\/index.php?rest_route=%2Fwp%2Fv2%2Fmedia&parent=187"}],"curies":[{"name":"wp","href":"https:\/\/api.w.org\/{rel}","templated":true}]}}