{"id":191,"date":"2013-05-22T10:16:51","date_gmt":"2013-05-22T08:16:51","guid":{"rendered":"http:\/\/www.javorszky.hu\/wordpress\/?page_id=191"},"modified":"2026-04-16T10:43:14","modified_gmt":"2026-04-16T08:43:14","slug":"foglalkozas-egeszsegugyi-szolgalat","status":"publish","type":"page","link":"http:\/\/www.javorszky.hu\/wordpress\/?page_id=191","title":{"rendered":"Foglalkoz\u00e1s &#8211; eg\u00e9szs\u00e9g\u00fcgy"},"content":{"rendered":"\n<p>A Foglalkoz\u00e1s-eg\u00e9szs\u00e9g\u00fcgyi szakell\u00e1t\u00e1s feladatai k\u00f6z\u00e9 tartozik a munkak\u00f6ri alkalmass\u00e1g II.fokon t\u00f6rt\u00e9n\u0151 elb\u00edr\u00e1l\u00e1sa, a k\u00e9zi l\u0151fegyverek, l\u0151szerek, g\u00e1z- \u00e9s riaszt\u00f3 fegyverek megszerz\u00e9s\u00e9vel \u00e9s tart\u00e1s\u00e1val kapcsolatos eg\u00e9szs\u00e9gi alkalmass\u00e1g II. fokon t\u00f6rt\u00e9n\u0151 elb\u00edr\u00e1l\u00e1sa, a megv\u00e1ltozott munkak\u00e9pess\u00e9g\u0171 \u00e1ll\u00e1skeres\u0151k, munkan\u00e9lk\u00fcli \u00e1ll\u00e1skeres\u0151k orvosi alkalmass\u00e1gi vizsg\u00e1lata, a k\u00f6zfoglalkoztat\u00e1s keret\u00e9ben alkalmazott munkav\u00e1llal\u00f3k foglalkoztathat\u00f3s\u00e1g\u00e1nak szakv\u00e9lem\u00e9nyez\u00e9se, a k\u00f6zhaszn\u00fa munka el\u0151k\u00e9sz\u00edt\u00e9se \u00e9rdek\u00e9ben az \u00e1ll\u00e1skeres\u0151 munkak\u00f6ri alkalmass\u00e1gi v\u00e9lem\u00e9nyez\u00e9se, a szakk\u00e9pz\u0151 Int\u00e9zm\u00e9nyek sz\u00e1m\u00e1ra a szakmai alkalmass\u00e1g orvosi vizsg\u00e1lata \u00e9s v\u00e9lem\u00e9nyez\u00e9se, a k\u00f6z\u00e9rdek\u0171 munkav\u00e9gz\u00e9s let\u00f6lt\u00e9se el\u0151tti&nbsp; foglalkoztathat\u00f3s\u00e1g szakv\u00e9lem\u00e9nyez\u00e9se, a szakell\u00e1t\u00e1s ny\u00fajt\u00e1sa foglalkoz\u00e1si megbeteged\u00e9ssel vagy annak gyan\u00faj\u00e1val beutaltak sz\u00e1m\u00e1ra, \u00e9s nem utols\u00f3 sorban a konzultat\u00edv tev\u00e9kenys\u00e9g m\u00e1s szakter\u00fcletek orvosai sz\u00e1m\u00e1ra a foglalkoz\u00e1si megbeteged\u00e9sek k\u00f6r\u00e9b\u0151l.<\/p>\n\n\n\n<p class=\"has-vivid-cyan-blue-color has-text-color\"><strong><strong>Beutal\u00f3 k\u00f6teles, id\u0151pontfoglal\u00e1s sz\u00fcks\u00e9ges<\/strong><\/strong>!<\/p>\n\n\n\n<p>Foglalkoz\u00e1s-eg\u00e9szs\u00e9g\u00fcgyi szakell\u00e1t\u00e1sra el\u0151zetes id\u0151pont egyeztet\u00e9s sz\u00fcks\u00e9ges a k\u00f6vetkez\u0151 sz\u00e1mon: 06-27\/620-620\/1470 mell\u00e9ken vagy szem\u00e9lyesen. <\/p>\n\n\n\n<p>Szakmai alkalmass\u00e1gi vizsg\u00e1latra val\u00f3 jelentkez\u00e9s eset\u00e9n minden esetben k\u00f6telez\u0151 beutal\u00f3t hozni a szakk\u00e9pz\u00e9si c\u00e9gt\u0151l (hi\u00e1ny\u00e1ban a szakk\u00e9pz\u00e9si c\u00e9ggel k\u00f6t\u00f6tt szerz\u0151d\u00e9st). <\/p>\n\n\n\n<p>Tov\u00e1bbiakban eg\u00e9szs\u00e9g\u00fcgyi \u00e1llapot\u00e1val kapcsolatos dokument\u00e1ci\u00f3t k\u00e9rj\u00fck hozza mag\u00e1val!<\/p>\n\n\n\n<p>Foglalkoztathat\u00f3s\u00e1gi vizsg\u00e1lat eset\u00e9n is beutal\u00f3 sz\u00fcks\u00e9ges, valamint a fenti dokument\u00e1ci\u00f3k.<\/p>\n\n\n\n<p><strong>Szakrendel\u00e9s helye<\/strong>: <strong><mark style=\"background-color:rgba(0, 0, 0, 0)\" class=\"has-inline-color has-vivid-cyan-blue-color\">II. emelet R251<\/mark><\/strong><\/p>\n\n\n\n<p class=\"has-vivid-cyan-blue-color has-text-color\"><mark style=\"background-color:rgba(0, 0, 0, 0)\" class=\"has-inline-color has-black-color\"><strong>El\u0151jegyz\u00e9s \u00e9s Inform\u00e1ci\u00f3k<\/strong>:<\/mark><strong>8:00-12:00<\/strong><\/p>\n\n\n\n<p class=\"has-text-align-left has-vivid-cyan-blue-color has-text-color\"><mark style=\"background-color:rgba(0, 0, 0, 0)\" class=\"has-inline-color has-black-color\"><strong>Telefonsz\u00e1m<\/strong><\/mark>:<strong><mark style=\"background-color:rgba(0, 0, 0, 0)\" class=\"has-inline-color has-black-color\">+36 27\/620-620\/<\/mark>1470 mell\u00e9k<\/strong><\/p>\n\n\n\n<figure class=\"wp-block-table is-style-stripes\"><table class=\"has-black-color has-pale-cyan-blue-background-color has-text-color has-background\"><thead><tr><th><strong>Orvos<\/strong><\/th><th><strong>H\u00e9tf\u0151<\/strong><\/th><th><strong>Kedd<\/strong><\/th><th><strong>Szerda<\/strong><\/th><th><strong>Cs\u00fct\u00f6rt\u00f6k<\/strong><\/th><th><strong>P\u00e9ntek<\/strong><\/th><\/tr><\/thead><tbody><tr><td><strong>Dr. Szilv\u00e1gyi \u00c1gnes<\/strong><\/td><td><strong>8:00-12:00<\/strong><br><\/td><td><\/td><td><strong>8:00-12:00<\/strong><\/td><td><\/td><td><\/td><\/tr><tr><td><strong>Dr. B\u00e9nik Gyula<\/strong><\/td><td>       &#8211;<\/td><td><strong>12.30-14:30<\/strong><\/td><td><\/td><td><strong>12:30-14.30<\/strong><\/td><td><strong>8:00-9:00<\/strong><\/td><\/tr><\/tbody><\/table><\/figure>\n\n\n\n<h5 class=\"has-vivid-cyan-blue-color has-text-color\">Foglalkoz\u00e1s-eg\u00e9szs\u00e9g\u00fcgyi vizsg\u00e1lat k\u00f3rh\u00e1zi dolgoz\u00f3knak<\/h5>\n\n\n\n<figure class=\"wp-block-table is-style-stripes\"><table class=\"has-pale-cyan-blue-background-color has-background\"><thead><tr><th><strong>Orvos<\/strong><\/th><th class=\"has-text-align-center\" data-align=\"center\"><strong>H\u00e9tf\u0151<\/strong><\/th><th class=\"has-text-align-center\" data-align=\"center\"><strong>Kedd<\/strong><\/th><th class=\"has-text-align-center\" data-align=\"center\"><strong>Szerda<\/strong><\/th><th class=\"has-text-align-center\" data-align=\"center\"><strong>Cs\u00fct\u00f6rt\u00f6k<\/strong><\/th><th class=\"has-text-align-center\" data-align=\"center\"><strong>P\u00e9ntek<\/strong><\/th><\/tr><\/thead><tbody><tr><td><strong>Dr. Szilv\u00e1gyi \u00c1gnes<\/strong><\/td><td class=\"has-text-align-center\" data-align=\"center\"><strong>8:00-12:00<\/strong><\/td><td class=\"has-text-align-center\" data-align=\"center\"><strong>8:00-12:00<\/strong><\/td><td class=\"has-text-align-center\" data-align=\"center\"><strong>8:00-12:00<\/strong><\/td><td class=\"has-text-align-center\" data-align=\"center\"><strong>8:00-12:00<\/strong><\/td><td class=\"has-text-align-center\" data-align=\"center\"><strong>&#8211;<\/strong><\/td><\/tr><\/tbody><\/table><\/figure>\n\n\n\n<p><\/p>\n\n\n\n<p><\/p>\n","protected":false},"excerpt":{"rendered":"<p>A Foglalkoz\u00e1s-eg\u00e9szs\u00e9g\u00fcgyi szakell\u00e1t\u00e1s feladatai k\u00f6z\u00e9 tartozik a munkak\u00f6ri alkalmass\u00e1g II.fokon t\u00f6rt\u00e9n\u0151 elb\u00edr\u00e1l\u00e1sa, a k\u00e9zi l\u0151fegyverek, l\u0151szerek, g\u00e1z- \u00e9s riaszt\u00f3 fegyverek megszerz\u00e9s\u00e9vel \u00e9s tart\u00e1s\u00e1val kapcsolatos eg\u00e9szs\u00e9gi alkalmass\u00e1g II. fokon t\u00f6rt\u00e9n\u0151 elb\u00edr\u00e1l\u00e1sa, a megv\u00e1ltozott munkak\u00e9pess\u00e9g\u0171 \u00e1ll\u00e1skeres\u0151k, munkan\u00e9lk\u00fcli \u00e1ll\u00e1skeres\u0151k orvosi alkalmass\u00e1gi vizsg\u00e1lata, a k\u00f6zfoglalkoztat\u00e1s keret\u00e9ben alkalmazott munkav\u00e1llal\u00f3k foglalkoztathat\u00f3s\u00e1g\u00e1nak szakv\u00e9lem\u00e9nyez\u00e9se, a k\u00f6zhaszn\u00fa munka el\u0151k\u00e9sz\u00edt\u00e9se \u00e9rdek\u00e9ben az \u00e1ll\u00e1skeres\u0151 munkak\u00f6ri alkalmass\u00e1gi [&hellip;]<\/p>\n","protected":false},"author":1,"featured_media":0,"parent":0,"menu_order":0,"comment_status":"closed","ping_status":"closed","template":"","meta":[],"_links":{"self":[{"href":"http:\/\/www.javorszky.hu\/wordpress\/index.php?rest_route=\/wp\/v2\/pages\/191"}],"collection":[{"href":"http:\/\/www.javorszky.hu\/wordpress\/index.php?rest_route=\/wp\/v2\/pages"}],"about":[{"href":"http:\/\/www.javorszky.hu\/wordpress\/index.php?rest_route=\/wp\/v2\/types\/page"}],"author":[{"embeddable":true,"href":"http:\/\/www.javorszky.hu\/wordpress\/index.php?rest_route=\/wp\/v2\/users\/1"}],"replies":[{"embeddable":true,"href":"http:\/\/www.javorszky.hu\/wordpress\/index.php?rest_route=%2Fwp%2Fv2%2Fcomments&post=191"}],"version-history":[{"count":38,"href":"http:\/\/www.javorszky.hu\/wordpress\/index.php?rest_route=\/wp\/v2\/pages\/191\/revisions"}],"predecessor-version":[{"id":9972,"href":"http:\/\/www.javorszky.hu\/wordpress\/index.php?rest_route=\/wp\/v2\/pages\/191\/revisions\/9972"}],"wp:attachment":[{"href":"http:\/\/www.javorszky.hu\/wordpress\/index.php?rest_route=%2Fwp%2Fv2%2Fmedia&parent=191"}],"curies":[{"name":"wp","href":"https:\/\/api.w.org\/{rel}","templated":true}]}}