{"id":193,"date":"2013-05-22T10:18:14","date_gmt":"2013-05-22T08:18:14","guid":{"rendered":"http:\/\/www.javorszky.hu\/wordpress\/?page_id=193"},"modified":"2026-04-13T11:30:39","modified_gmt":"2026-04-13T09:30:39","slug":"reumatologiai-szakrendelo-es-kozponti-fizioterapia","status":"publish","type":"page","link":"http:\/\/www.javorszky.hu\/wordpress\/?page_id=193","title":{"rendered":"Reumatol\u00f3gia \u00e9s  Fizioter\u00e1pia"},"content":{"rendered":"\n<p>A Reumatol\u00f3giai Szakrendel\u0151ben a mozg\u00e1sszervi panaszokkal \u00e9rkez\u0151 betegek ell\u00e1t\u00e1sa (vizsg\u00e1lat, diagn\u00f3zis fel\u00e1ll\u00edt\u00e1sa \u00e9s a ter\u00e1pia be\u00e1ll\u00edt\u00e1sa), a csontritkul\u00e1sban szenved\u0151, illetve a gyullad\u00e1sos mozg\u00e1sszervi betegs\u00e9ggel k\u00fczd\u0151 betegek gondoz\u00e1sa folyik.<\/p>\n\n\n\n<p>A k\u00f3rh\u00e1z Szakrendel\u0151j\u00e9t 1980-ban adt\u00e1k \u00e1t, az \u00e9p\u00fclet f\u00f6ldszintj\u00e9n kapott helyet a Reumatol\u00f3giai szakrendel\u00e9s.<\/p>\n\n\n\n<p>1996-ban \u2013 az orsz\u00e1gos \u00e1gysz\u00e1m cs\u00f6kkent\u00e9s r\u00e9szek\u00e9nt \u2013 megsz\u0171nt a \u201efekv\u0151 reuma\u201d r\u00e9szleg, ezt k\u00f6vet\u0151en a fekv\u0151betegek a kistarcsai Fl\u00f3r Ferenc K\u00f3rh\u00e1z illetve a budapesti OMI (ORFI\/BIK) reumatol\u00f3giai oszt\u00e1lyain lettek elhelyezve.<\/p>\n\n\n\n<p>A Reumatol\u00f3giai Oszt\u00e1lyt 1970-t\u0151l dr. Gecseg Gyula f\u0151orvos \u00far, 1974-t\u0151l dr. Fieszl Borb\u00e1la f\u0151orvos asszony, vezette.<\/p>\n\n\n\n<p> A szakrendel\u00e9st 1996-t\u00f3l dr. Porn\u00f3i Anna f\u0151orvos asszony vezette, majd 2001-t\u0151l dr. Sz\u00e9kely Gabriella f\u0151orvos asszony ir\u00e1ny\u00edtja<\/p>\n\n\n\n<p><\/p>\n\n\n\n<p>A Reumatol\u00f3giai szakrendel\u00e9shez csatolva m\u0171k\u00f6dik az Osteoporosis Centrum.<\/p>\n\n\n\n<p>Fizioter\u00e1pi\u00e1s kezel\u00e9s 1970-t\u0151l folyik a k\u00f3rh\u00e1zban  fizioter\u00e1pi\u00e1s asszisztensek \u00e9s gy\u00f3gytorn\u00e1szok k\u00f6zrem\u0171k\u00f6d\u00e9s\u00e9vel.<\/p>\n\n\n\n<p>A   Fizioter\u00e1pia a Szakrendel\u0151 f\u00f6ldszintj\u00e9n m\u0171k\u00f6dik. Itt t\u00f6rt\u00e9nik a betegek kezel\u00e9se (galv\u00e1n \u00e1ram, diadinamikus \u00e1ram, k\u00f6z\u00e9pfrekvenci\u00e1s interferencia, ultrahang, m\u00e1gnes) , \u00e9s itt tal\u00e1lhat\u00f3ak a gy\u00f3gymassz\u0151ri kezel\u0151 helyis\u00e9gek , a hydroter\u00e1pi\u00e1s gy\u00f3gymedence \u00e9s az egy\u00e9ni \u00e9s csoportos gy\u00f3gytorna kezel\u00e9sre alkalmas tornatermek. A p\u00e1ciensek csak az orvosok \u00e1ltal el\u0151\u00edrt kezel\u00e9seket kapj\u00e1k meg.<\/p>\n\n\n\n<p>A Fizioter\u00e1pi\u00e1t a Reumatol\u00f3giai&nbsp; szakrendel\u00e9s mindenkori vezet\u0151 f\u0151orvosa ir\u00e1ny\u00edtja.<\/p>\n\n\n\n<p style=\"line-height:0.9\"><strong><mark style=\"background-color:rgba(0, 0, 0, 0)\" class=\"has-inline-color has-black-color\">Vezet\u0151 gy\u00f3gytorn\u00e1sz<\/mark><mark style=\"background-color:rgba(0, 0, 0, 0)\" class=\"has-inline-color has-vivid-cyan-blue-color\">:<\/mark><\/strong> <strong><em>Keczk\u00f3 Erzs\u00e9be<\/em><\/strong>t<\/p>\n\n\n\n<p class=\"has-text-align-center has-medium-font-size\" style=\"line-height:0.4\"><strong><mark style=\"background-color:rgba(0, 0, 0, 0)\" class=\"has-inline-color has-vivid-cyan-blue-color\">Reumatol\u00f3giai szakrendel\u00e9s<\/mark><\/strong><\/p>\n\n\n\n<p class=\"has-text-align-center\" style=\"line-height:0.4\"><mark style=\"background-color:rgba(0, 0, 0, 0)\" class=\"has-inline-color has-vivid-cyan-blue-color\">(Beutal\u00f3 k\u00f6teles)<\/mark><\/p>\n\n\n\n<p style=\"line-height:1\">Orvos: <mark style=\"background-color:rgba(0, 0, 0, 0)\" class=\"has-inline-color has-black-color\"><strong>Dr. V\u00e1mos \u00c9va<\/strong><\/mark><\/p>\n\n\n\n<p style=\"line-height:1\"><mark style=\"background-color:rgba(0, 0, 0, 0)\" class=\"has-inline-color has-black-color\">Rendel\u00e9s helye: Szakrendel\u0151<strong> fszt. R040<\/strong><\/mark><\/p>\n\n\n\n<p class=\"has-text-align-center\" style=\"line-height:0.9\"><strong>El\u0151jegyz\u00e9s:<\/strong><\/p>\n\n\n\n<p class=\"has-text-align-center\"><mark style=\"background-color:rgba(0, 0, 0, 0)\" class=\"has-inline-color has-vivid-cyan-blue-color\"><strong>+36 27\/620-676;+36 27\/620-677 vagy &#x65;&#x6c;&#x6f;&#x6a;&#x65;&#x67;&#x79;&#x7a;&#x65;&#x73;&#x40;&#x6a;&#x61;&#x76;&#111;&#114;&#115;&#122;&#107;&#121;&#46;&#104;&#117;<\/strong> <\/mark><\/p>\n\n\n\n<figure class=\"wp-block-table is-style-stripes\"><table class=\"has-pale-cyan-blue-background-color has-background\"><thead><tr><th><strong>Orvos<\/strong><\/th><th class=\"has-text-align-center\" data-align=\"center\"><strong>H\u00e9tf\u0151<\/strong><\/th><th class=\"has-text-align-center\" data-align=\"center\"><strong>Kedd<\/strong><\/th><th class=\"has-text-align-center\" data-align=\"center\"><strong>Szerda<\/strong><\/th><th class=\"has-text-align-center\" data-align=\"center\"><strong>Cs\u00fct\u00f6rt\u00f6k<\/strong><\/th><th class=\"has-text-align-center\" data-align=\"center\"><strong>P\u00e9ntek<\/strong><\/th><\/tr><\/thead><tbody><tr><td><strong>Dr. V\u00e1mos \u00c9va<\/strong><\/td><td class=\"has-text-align-center\" data-align=\"center\"><strong>7:30-15:30<\/strong><\/td><td class=\"has-text-align-center\" data-align=\"center\"><strong>7:30-15:30<\/strong><\/td><td class=\"has-text-align-center\" data-align=\"center\"><strong>7:30-16:30<\/strong><\/td><td class=\"has-text-align-center\" data-align=\"center\"><strong>7:30-12:30<\/strong><\/td><td class=\"has-text-align-center\" data-align=\"center\">&#8211;<\/td><\/tr><\/tbody><\/table><\/figure>\n\n\n\n<p class=\"has-text-align-center has-pale-cyan-blue-background-color has-background has-medium-font-size\"><strong><mark style=\"background-color:rgba(0, 0, 0, 0)\" class=\"has-inline-color has-black-color\">Fizioter\u00e1pi\u00e1s szakrendel\u00e9s<\/mark><\/strong><\/p>\n\n\n\n<p class=\"has-text-align-center has-vivid-cyan-blue-color has-text-color\" style=\"line-height:0.5\"><strong>Szakorvos \u00e1ltal kit\u00f6lt\u00f6tt kezel\u0151lap sz\u00fcks\u00e9ges<\/strong><\/p>\n\n\n\n<p style=\"line-height:1\">Helye: Szakrendel\u0151 f\u00f6ldszint: <strong>R010<\/strong><\/p>\n\n\n\n<p class=\"has-text-align-center\" style=\"line-height:0.8\"><strong>El\u0151jegyz\u00e9s:<\/strong><\/p>\n\n\n\n<p class=\"has-text-align-center has-vivid-cyan-blue-color has-cyan-bluish-gray-background-color has-text-color has-background\" style=\"line-height:0.8\"><strong><mark style=\"background-color:rgba(0, 0, 0, 0)\" class=\"has-inline-color has-black-color\">+36 27\/620-620\/1418mell\u00e9k<\/mark><\/strong><\/p>\n\n\n\n<figure class=\"wp-block-table is-style-stripes\"><table class=\"has-pale-cyan-blue-background-color has-background\"><thead><tr><th><\/th><th class=\"has-text-align-center\" data-align=\"center\"><strong>H\u00e9tf\u0151<\/strong><\/th><th class=\"has-text-align-center\" data-align=\"center\"><strong>Kedd<\/strong><\/th><th class=\"has-text-align-center\" data-align=\"center\"><strong>Szerda<\/strong><\/th><th class=\"has-text-align-center\" data-align=\"center\"><strong>Cs\u00fct\u00f6rt\u00f6k<\/strong><\/th><th class=\"has-text-align-center\" data-align=\"center\"><strong>P\u00e9ntek<\/strong><\/th><\/tr><\/thead><tbody><tr><td><strong>Gy\u00f3gytorna<\/strong><\/td><td class=\"has-text-align-center\" data-align=\"center\"><strong>6:30-16:00<\/strong><\/td><td class=\"has-text-align-center\" data-align=\"center\"><strong>6:30-16:00<\/strong><\/td><td class=\"has-text-align-center\" data-align=\"center\"><strong>6:30-16:00<\/strong><\/td><td class=\"has-text-align-center\" data-align=\"center\"><strong>6:30-16:00<\/strong><\/td><td class=\"has-text-align-center\" data-align=\"center\"><strong>6:30-13:00<\/strong><\/td><\/tr><tr><td><strong>Fizikoter\u00e1pia, massz\u00e1zs<\/strong><\/td><td class=\"has-text-align-center\" data-align=\"center\"><strong>6:30-16:00<\/strong><\/td><td class=\"has-text-align-center\" data-align=\"center\"><strong>6:30-16:00<\/strong><\/td><td class=\"has-text-align-center\" data-align=\"center\"><strong>6:30-16:00<\/strong><\/td><td class=\"has-text-align-center\" data-align=\"center\"><strong>6:30-16:00<\/strong><\/td><td class=\"has-text-align-center\" data-align=\"center\"><strong>6:30-13:00<\/strong><\/td><\/tr><tr><td><strong>Massz\u00e1zs<\/strong><\/td><td class=\"has-text-align-center\" data-align=\"center\"><strong>6:00-16:00<\/strong><\/td><td class=\"has-text-align-center\" data-align=\"center\"><strong>6:00-16:00<\/strong><\/td><td class=\"has-text-align-center\" data-align=\"center\"><strong>6:00-16:00<\/strong><\/td><td class=\"has-text-align-center\" data-align=\"center\"><strong>6:00-16:00<\/strong><\/td><td class=\"has-text-align-center\" data-align=\"center\"><strong>6:00-13:00<\/strong><\/td><\/tr><\/tbody><\/table><\/figure>\n","protected":false},"excerpt":{"rendered":"<p>A Reumatol\u00f3giai Szakrendel\u0151ben a mozg\u00e1sszervi panaszokkal \u00e9rkez\u0151 betegek ell\u00e1t\u00e1sa (vizsg\u00e1lat, diagn\u00f3zis fel\u00e1ll\u00edt\u00e1sa \u00e9s a ter\u00e1pia be\u00e1ll\u00edt\u00e1sa), a csontritkul\u00e1sban szenved\u0151, illetve a gyullad\u00e1sos mozg\u00e1sszervi betegs\u00e9ggel k\u00fczd\u0151 betegek gondoz\u00e1sa folyik. A k\u00f3rh\u00e1z Szakrendel\u0151j\u00e9t 1980-ban adt\u00e1k \u00e1t, az \u00e9p\u00fclet f\u00f6ldszintj\u00e9n kapott helyet a Reumatol\u00f3giai szakrendel\u00e9s. 1996-ban \u2013 az orsz\u00e1gos \u00e1gysz\u00e1m cs\u00f6kkent\u00e9s r\u00e9szek\u00e9nt \u2013 megsz\u0171nt a \u201efekv\u0151 reuma\u201d r\u00e9szleg, [&hellip;]<\/p>\n","protected":false},"author":1,"featured_media":0,"parent":0,"menu_order":0,"comment_status":"closed","ping_status":"closed","template":"","meta":[],"_links":{"self":[{"href":"http:\/\/www.javorszky.hu\/wordpress\/index.php?rest_route=\/wp\/v2\/pages\/193"}],"collection":[{"href":"http:\/\/www.javorszky.hu\/wordpress\/index.php?rest_route=\/wp\/v2\/pages"}],"about":[{"href":"http:\/\/www.javorszky.hu\/wordpress\/index.php?rest_route=\/wp\/v2\/types\/page"}],"author":[{"embeddable":true,"href":"http:\/\/www.javorszky.hu\/wordpress\/index.php?rest_route=\/wp\/v2\/users\/1"}],"replies":[{"embeddable":true,"href":"http:\/\/www.javorszky.hu\/wordpress\/index.php?rest_route=%2Fwp%2Fv2%2Fcomments&post=193"}],"version-history":[{"count":65,"href":"http:\/\/www.javorszky.hu\/wordpress\/index.php?rest_route=\/wp\/v2\/pages\/193\/revisions"}],"predecessor-version":[{"id":9935,"href":"http:\/\/www.javorszky.hu\/wordpress\/index.php?rest_route=\/wp\/v2\/pages\/193\/revisions\/9935"}],"wp:attachment":[{"href":"http:\/\/www.javorszky.hu\/wordpress\/index.php?rest_route=%2Fwp%2Fv2%2Fmedia&parent=193"}],"curies":[{"name":"wp","href":"https:\/\/api.w.org\/{rel}","templated":true}]}}