{"id":195,"date":"2013-05-22T10:18:58","date_gmt":"2013-05-22T08:18:58","guid":{"rendered":"http:\/\/www.javorszky.hu\/wordpress\/?page_id=195"},"modified":"2025-03-25T09:03:57","modified_gmt":"2025-03-25T08:03:57","slug":"osteoporosis-centrum","status":"publish","type":"page","link":"http:\/\/www.javorszky.hu\/wordpress\/?page_id=195","title":{"rendered":"ODM csonts\u0171r\u0171s\u00e9g vizsg\u00e1lat"},"content":{"rendered":"\n<p style=\"line-height:1\"><strong><em>Tisztelt P\u00e1cienseink!<\/em><\/strong><\/p>\n\n\n\n<p style=\"line-height:1\">ODM\/Csontritkul\u00e1sm\u00e9r\u00e9s az elk\u00f6vetkez\u0151 id\u0151szakban<strong> m\u0171szaki hiba miatt sz\u00fcnetel!<\/strong><\/p>\n\n\n\n<p class=\"has-text-align-left\" style=\"line-height:1\">K\u00e9rj\u00fck t\u00fcrelm\u00fcket \u00e9s meg\u00e9rt\u00e9s\u00fcket!<\/p>\n\n\n\n<p class=\"has-text-align-left\" style=\"line-height:1\">I<strong>d\u0151pontot tudnak foglalni az Eg\u00e9szs\u00e9gablakban vagy a 1812-es korm\u00e1nyzati sz\u00e1mon!<\/strong><\/p>\n\n\n\n<p style=\"line-height:1.5\"><strong>Ter\u00fcleti ell\u00e1t\u00e1si k\u00f6telezetts\u00e9g <\/strong>a<a href=\"http:\/\/www.javorszky.hu\/wordpress\/wp-content\/uploads\/2025\/03\/25-2025-kormanyrendelet.pdf\" data-type=\"URL\" data-id=\"http:\/\/www.javorszky.hu\/wordpress\/wp-content\/uploads\/2025\/03\/25-2025-kormanyrendelet.pdf\"> 29\/2025. sz\u00e1m\u00fa Korm\u00e1nyrendelet<\/a> alapj\u00e1n az EESZT <strong>digit\u00e1lis id\u0151pontfoglal\u00e1si rendszerben nincs,<\/strong> \u00edgy <strong><mark style=\"background-color:rgba(0, 0, 0, 0)\" class=\"has-inline-color has-vivid-red-color\">b\u00e1rmely m\u00e1s int\u00e9zm\u00e9ny fogadja \u00d6n\u00f6ket!<\/mark><\/strong><\/p>\n\n\n\n<p class=\"has-text-align-center\"><strong><mark style=\"background-color:rgba(0, 0, 0, 0)\" class=\"has-inline-color has-vivid-cyan-blue-color\">T\u00e1j\u00e9koztatjuk \u00d6n\u00f6ket, hogy csonts\u0171r\u0171s\u00e9g (ODM,DEXA) vizsg\u00e1latra az al\u00e1bbi int\u00e9zm\u00e9nyekben van lehet\u0151s\u00e9g\u00fck id\u0151pontot k\u00e9rni:<\/mark><\/strong><\/p>\n\n\n\n<p class=\"has-text-align-center\" style=\"line-height:1.2\"><strong>\u00c9PC Honv\u00e9d K\u00f3rh\u00e1z<\/strong><\/p>\n\n\n\n<p class=\"has-text-align-center\" style=\"line-height:1.2\">Budapest, R\u00f3bert K\u00e1roly krt. 44.<\/p>\n\n\n\n<p class=\"has-text-align-center\" style=\"line-height:1.2\">Id\u0151pontk\u00e9r\u00e9s: 06\/20-214 1454<\/p>\n\n\n\n<p class=\"has-text-align-center\" style=\"line-height:1.2\">Vizsg\u00e1latok 8:00-12:00 \u00f3ra k\u00f6z\u00f6tt zajlanak, 12:00-14:00 k\u00f6z\u00f6tt h\u00edvhat\u00f3 az asszisztens<\/p>\n\n\n\n<hr class=\"wp-block-separator has-alpha-channel-opacity is-style-wide\"\/>\n\n\n\n<p class=\"has-text-align-center\" style=\"line-height:1.2\"><strong>DUNAKESZI-SZTK<\/strong> Eg\u00e9szs\u00e9g\u00fcgyi \u00e9s Szoci\u00e1lis K\u00f6zhaszn\u00fa Nonprofit Kft.<\/p>\n\n\n\n<p class=\"has-text-align-center\" style=\"line-height:1.2\">&nbsp;Dunakeszi F\u0151 \u00fat 75-81.<\/p>\n\n\n\n<p class=\"has-text-align-center\" style=\"line-height:1.2\">A vizsg\u00e1lat nem TB t\u00e1mogatott! Beutal\u00f3 sz\u00fcks\u00e9ges!<\/p>\n\n\n\n<p class=\"has-text-align-center\" style=\"line-height:1.2\">K\u00f6zponti telefonsz\u00e1m: 27\/341-600, (70\/6061-290, 70\/6061-461) el\u0151jegyz\u00e9s a k\u00f6zponti sz\u00e1mon.<\/p>\n\n\n\n<hr class=\"wp-block-separator has-alpha-channel-opacity is-style-wide\"\/>\n\n\n\n<p class=\"has-text-align-center\" style=\"line-height:1\"><strong>Kistarcsai Fl\u00f3r Ferenc K\u00f3rh\u00e1z<\/strong><\/p>\n\n\n\n<p class=\"has-text-align-center\" style=\"line-height:1\">TELEFON<a href=\"https:\/\/www.florhosp.hu\/betegeinknek\/altalanos-betegtajekoztato\/\">+36 28 507-600<\/a>\/126 mell\u00e9k<\/p>\n\n\n\n<ul><li>beutal\u00f3 az adott int\u00e9zm\u00e9nybe sz\u00f3ljon<\/li><li>\u00a0120 kg tests\u00faly felett nem tudj\u00e1k elv\u00e9gezni a vizsg\u00e1latot<\/li><li>1 h\u00e9ten bel\u00fcl kontrasztanyagot kapott, abban az esetbe a vizsg\u00e1lat nem v\u00e9gezhet\u0151 el<\/li><li>ter\u00fcleti ell\u00e1t\u00e1si k\u00f6telezetts\u00e9g megsz\u0171nt<\/li><\/ul>\n\n\n\n<hr class=\"wp-block-separator has-alpha-channel-opacity is-style-wide\"\/>\n\n\n\n<p>K\u00f3rh\u00e1zunkban a csontritkul\u00e1sos betegek ell\u00e1t\u00e1sa a Nemzeti Osteoporosis Programhoz (1995) csatlakozva indult 1996-ban. <\/p>\n\n\n\n<p>Az Osteoporosis Centrum munk\u00e1j\u00e1ban t\u00f6bb szakma orvosai vettek r\u00e9szt: reumatol\u00f3gusok, belgy\u00f3gy\u00e1szok, traumatol\u00f3gusok, klimax szakambulancia orvosai, endokrinol\u00f3gusok.<\/p>\n\n\n\n<p>Az Oszteodenzitometri\u00e1s Laborban (ODM) t\u00f6rzsm\u00e9r\u0151 k\u00e9sz\u00fcl\u00e9k \u00e1ll rendelkez\u00e9s\u00fcnkre a kezdetekt\u0151l.Centrumvezet\u0151i feladatokat a Reumatol\u00f3giai Szakrendel\u0151 mindenkori vezet\u0151 f\u0151orvosa l\u00e1tja el.<\/p>\n\n\n\n<p><strong><em>A szakrendel\u00e9st csak szakorvosi beutal\u00f3val (belgy\u00f3gy\u00e1szat, seb\u00e9szet, traumatol\u00f3gia, sz\u00fcl\u00e9szet-n\u0151gy\u00f3gy\u00e1szat, ortop\u00e9dia, urol\u00f3gia, klinikai onkol\u00f3gia, reumatol\u00f3gia-\u00e9s fizioter\u00e1pia, mozg\u00e1sszervi rehabilit\u00e1ci\u00f3, endokrinol\u00f3gia, diabetol\u00f3gia) lehet ig\u00e9nybe venni.<\/em><\/strong> <\/p>\n\n\n\n<p>A betegek a m\u00e9r\u00e9si eredm\u00e9nyt k\u00e9zhez kapj\u00e1k, a vizsg\u00e1lat v\u00e9g\u00e9n.<\/p>\n\n\n\n<p class=\"has-vivid-cyan-blue-color has-text-color has-medium-font-size\"><mark style=\"background-color:rgba(0, 0, 0, 0)\" class=\"has-inline-color has-vivid-red-color\"><strong>Szakorvosi Beutal\u00f3 \u00e9s el\u0151jegyz\u00e9s sz\u00fcks\u00e9ges<\/strong>!<\/mark><\/p>\n\n\n\n<p><strong>El\u0151jegyz\u00e9s:<mark style=\"background-color:rgba(0, 0, 0, 0)\" class=\"has-inline-color has-vivid-red-color\"> <\/mark><\/strong><mark style=\"background-color:rgba(0, 0, 0, 0)\" class=\"has-inline-color has-vivid-cyan-blue-color\"><strong>Telefonos el\u0151jegyz\u00e9s<\/strong> <\/mark><strong>munkanapokon&nbsp;<\/strong> &nbsp;<strong>07:00-14:45 <\/strong>-ig:&nbsp; <strong>&nbsp; <\/strong><\/p>\n\n\n\n<p><strong><mark style=\"background-color:rgba(0, 0, 0, 0)\" class=\"has-inline-color has-vivid-cyan-blue-color\">+36 27 620-676  vagy  + 36 27 620-677<\/mark><\/strong><\/p>\n\n\n\n<p><mark style=\"background-color:rgba(0, 0, 0, 0)\" class=\"has-inline-color has-black-color\"><strong>Elektronikus id\u0151pont foglal\u00e1s<\/strong>:<\/mark><strong><mark style=\"background-color:rgba(0, 0, 0, 0)\" class=\"has-inline-color has-vivid-cyan-blue-color\">eloj&#101;&#103;&#121;&#122;&#101;&#115;&#64;&#x6a;&#x61;&#x76;&#x6f;&#x72;&#x73;&#x7a;&#x6b;&#x79;&#46;hu<\/mark><\/strong><\/p>\n\n\n\n<p><strong>Rendel\u00e9s helye: <\/strong> <strong><mark style=\"background-color:rgba(0, 0, 0, 0)\" class=\"has-inline-color has-vivid-cyan-blue-color\">Szakrendel\u0151 f\u00f6ldszint R063<\/mark><\/strong><\/p>\n\n\n\n<p><strong>Rendel\u00e9s ideje:<\/strong> <mark style=\"background-color:rgba(0, 0, 0, 0)\" class=\"has-inline-color has-vivid-cyan-blue-color\"><strong>az el\u0151re egyeztetett id\u0151pontok napjain, el\u0151jegyz\u00e9s alapj\u00e1n<\/strong><\/mark> (8:00-14:00 )<\/p>\n\n\n\n<p><strong>Az osteodenzitometria (ODM, csonts\u0171r\u0171s\u00e9g-m\u00e9r\u00e9s) a csontok \u00e1sv\u00e1nyianyag-tartalm\u00e1nak m\u00e9r\u00e9s\u00e9t szolg\u00e1l\u00f3 vizsg\u00e1l\u00f3 elj\u00e1r\u00e1s. A csont s\u0171r\u0171s\u00e9g\u00e9t\u0151l f\u00fcgg, hogy mennyire \u00e1ll ellen a t\u00f6r\u00e9snek.<\/strong><\/p>\n\n\n\n<p><strong>Mikor van sz\u00fcks\u00e9g a csonts\u0171r\u0171s\u00e9g-m\u00e9r\u00e9s elv\u00e9gz\u00e9s\u00e9re?<\/strong><\/p>\n\n\n\n<p>A csonts\u0171r\u0171s\u00e9g m\u00e9r\u00e9s\u00e9re els\u0151sorban akkor van sz\u00fcks\u00e9g, ha felmer\u00fcl a&nbsp;csontritkul\u00e1s<a href=\"https:\/\/www.webbeteg.hu\/aloldal\/csontritkulas\"><\/a>&nbsp;gyan\u00faja, vagy m\u00e1r kialakult cs\u00f6kkent csonts\u0171r\u0171s\u00e9g eset\u00e9ben k\u00f6vetni szeretn\u00e9nk a beteg \u00e1llapot\u00e1t, a ter\u00e1pia hat\u00e9konys\u00e1g\u00e1t.<\/p>\n\n\n\n<p>Fokoz\u00f3dik a kock\u00e1zat csontritkul\u00e1sra: 65 \u00e9v felett (n\u0151k \u00e9s f\u00e9rfiak), 45 \u00e9ves kor el\u0151tti menopauza eset\u00e9n, kor\u00e1bbi csontt\u00f6r\u00f6ttek eset\u00e9ben, azokn\u00e1l, akiknek csal\u00e1dj\u00e1ban combnyakt\u00f6r\u00e9s el\u0151fordult, pajzsmirigy, m\u00e1j \u00e9s vesebetegekn\u00e9l, szteroid gy\u00f3gyszert szed\u0151, doh\u00e1nyz\u00f3 betegekn\u00e9l.<\/p>\n\n\n\n<p>A csonts\u0171r\u0171s\u00e9g m\u00e9r\u00e9se speci\u00e1lis r\u00f6ntgenberendez\u00e9ssel t\u00f6rt\u00e9nik az ODM (oszteodenzitometri\u00e1s) laborat\u00f3riumban. Az elj\u00e1r\u00e1s csek\u00e9ly sug\u00e1rterhel\u00e9ssel j\u00e1r. A standard elj\u00e1r\u00e1s alapja, hogy a csont elnyeli a r\u00f6ntgensugarakat a csont \u00e1sv\u00e1nyianyag-tartalm\u00e1t\u00f3l f\u00fcgg\u0151en, vagyis a csonton \u00e1thaladt, marad\u00e9k r\u00f6ntgensug\u00e1rz\u00e1s mennyis\u00e9g\u00e9nek m\u00e9r\u00e9s\u00e9b\u0151l k\u00f6vetkeztetni lehet az adott csont \u00e1sv\u00e1nyi anyag tartalm\u00e1ra. A m\u00e9r\u00e9si adatokb\u00f3l sz\u00e1m\u00edt\u00f3g\u00e9pes program sz\u00e1m\u00edtja ki az adott csont \u00e1sv\u00e1nyianyag-tartalm\u00e1t, \u00e9s ezt a leletben r\u00f6gz\u00edti.<\/p>\n\n\n\n<p><strong>Milyen id\u0151k\u00f6z\u00f6nk\u00e9nt ker\u00fclhet r\u00e1 sor?<\/strong><\/p>\n\n\n\n<p>Az ism\u00e9tl\u00e9s gyakoris\u00e1ga a csontritkul\u00e1s s\u00falyoss\u00e1g\u00e1t\u00f3l \u00e9s az adott kezel\u00e9st\u0151l f\u00fcgg, a beteget kezel\u0151 szakorvos (pl. reumatol\u00f3gus) \u00edt\u00e9li meg. \u00c1ltal\u00e1ban norm\u00e1lis csonts\u0171r\u0171s\u00e9g eset\u00e9n h\u00e1rom\u00e9vente, m\u00e9rs\u00e9kelt csontritkul\u00e1s eset\u00e9n k\u00e9t\u00e9vente, s\u00falyos esetekben \u00e9vente \u00e9rdemes a vizsg\u00e1latot ism\u00e9telni, a ter\u00e1pia eredm\u00e9ny\u00e9nek k\u00f6vet\u00e9s\u00e9re.<\/p>\n\n\n\n<p><strong>Mit tartalmaz a vizsg\u00e1lati lelet?<\/strong><\/p>\n\n\n\n<p>Az eredm\u00e9nyek \u00e9rt\u00e9kel\u00e9se az Eg\u00e9szs\u00e9g\u00fcgyi Vil\u00e1gszervezet (WHO) aj\u00e1nl\u00e1sa alapj\u00e1n t\u00f6rt\u00e9nik:<br><strong>T-score nagyobb, mint -1,0: norm\u00e1lis csonts\u0171r\u0171s\u00e9g &#8211; kontroll 36 havonta finansz\u00edrozott,<br>T-score -1,0 \u00e9s -2,5 k\u00f6z\u00f6tti: cs\u00f6kkent csonts\u0171r\u0171s\u00e9g &#8211; kontroll 24 havonta finansz\u00edrozott,<br>Tscore kisebb, mint&nbsp;-2,5: csontritkul\u00e1s (oszteopor\u00f3zis) &#8211; kontroll 12 havonta finansz\u00edrozott.<\/strong><\/p>\n\n\n\n<p>A reumatol\u00f3gus szakorvos a m\u00e9rt T-score \u00e9rt\u00e9kek alapj\u00e1n \u00e1llap\u00edtja meg a kezel\u00e9s sz\u00fcks\u00e9gess\u00e9g\u00e9t \u00e9s sz\u00fcks\u00e9g eset\u00e9n a k\u00f6vetkez\u0151 kontroll id\u0151pontj\u00e1t.<\/p>\n\n\n\n<p>Fontos, hogy \u2013 ellent\u00e9tben a k\u00e9palkot\u00f3 vizsg\u00e1latokkal \u2013 \u00f6sszehasonl\u00edt\u00e1sra csak ugyanazon a helyen, azonos berendez\u00e9sen k\u00e9sz\u00fclt m\u00e9r\u00e9sek alkalmasak, a m\u00e1shonnan vitt leletek nem.<\/p>\n\n\n\n<p><strong>Milyen beutal\u00f3val lehet ig\u00e9nybe venni a vizsg\u00e1latot?<\/strong><\/p>\n\n\n\n<p>Szakorvosi beutal\u00f3 sz\u00fcks\u00e9ges az ODM vizsg\u00e1latokra. H\u00e1ziorvosi beutal\u00f3t nem tudunk elfogadni!<br>Beutalhat: belgy\u00f3gy\u00e1sz, seb\u00e9sz, traumatol\u00f3gus, sz\u00fcl\u00e9sz-n\u0151gy\u00f3gy\u00e1sz, ortop\u00e9dus, urol\u00f3gus, klinikai onkol\u00f3gus, reumatol\u00f3gus, mozg\u00e1sszervi rehabilit\u00e1ci\u00f3s, hematol\u00f3gus, allergol\u00f3gia- \u00e9s klinikai immunol\u00f3gia, endokrinol\u00f3gus, anyagcsere \u00e9s diabetol\u00f3gus, gasztroenterol\u00f3gus szakorvos.<\/p>\n\n\n\n<p><strong>Mennyi ideig tart a vizsg\u00e1lat?<\/strong><\/p>\n\n\n\n<p>A m\u00e9r\u00e9s elv\u00e9gz\u00e9se kb. 20 percet ig\u00e9nyel, de ha a beteg mozg\u00e1s\u00e1ban korl\u00e1tozott, ak\u00e1r 30 percig is eltarthat.<\/p>\n\n\n\n<p><strong>Mely testt\u00e1j\u00e9kon t\u00f6rt\u00e9nik a csonts\u0171r\u0171s\u00e9g m\u00e9r\u00e9se?<\/strong><\/p>\n\n\n\n<p>Az ODM laborat\u00f3riumban a gerinc \u00e1gy\u00e9ki szakasz\u00e1n \u00e9s a combnyak ter\u00fclet\u00e9n m\u00e9rj\u00fck a csonts\u0171r\u0171s\u00e9get.<\/p>\n\n\n\n<p><strong>A vizsg\u00e1lat menete<\/strong><\/p>\n\n\n\n<p>Int\u00e9zet\u00fcnkben a vizsg\u00e1latokat Medilinc Osteocore 2 t\u00edpus\u00fa csonts\u0171r\u0171s\u00e9g m\u00e9r\u0151 k\u00e9sz\u00fcl\u00e9kkel v\u00e9gezz\u00fck.<\/p>\n\n\n\n<p>\u2022 A m\u00e9r\u00e9s a vizsg\u00e1l\u00f3 asztalon fekv\u0151 helyzetben mozdulatlanul t\u00f6rt\u00e9nik.<br>\u2022 A vizsg\u00e1lt ter\u00fclet felett a g\u00e9p m\u00e9r\u00e9s k\u00f6zben folyamatosan mozog.<br>\u2022 A beteg a vizsg\u00e1lat ut\u00e1n r\u00f6vid id\u0151n bel\u00fcl megkapja a leletet.<\/p>\n\n\n\n<p>A vizsg\u00e1lat nem j\u00e1r semmif\u00e9le f\u00e1jdalommal.<br>Mivel a berendez\u00e9s nyitott, bez\u00e1rts\u00e1g \u00e9rz\u00e9s nem alakul ki a betegben.<br>A k\u00e9sz\u00fcl\u00e9k maximum 150 kg tests\u00fallyal terhelhet\u0151.<\/p>\n\n\n\n<p><strong>Milyen el\u0151k\u00e9sz\u00fclet sz\u00fcks\u00e9ges a vizsg\u00e1lathoz?<\/strong><\/p>\n\n\n\n<p>A vizsg\u00e1lat el\u0151k\u00e9sz\u00edt\u00e9st nem ig\u00e9nyel (a beteg ehet, ihat, gy\u00f3gyszereit beveheti), de 24 \u00f3r\u00e1val a vizsg\u00e1latot megel\u0151z\u0151en a kalciumban gazdag \u00e9telek ker\u00fclend\u0151k.<\/p>\n\n\n\n<p><strong>Mikor nem v\u00e9gezhet\u0151 el a vizsg\u00e1lat?<\/strong><\/p>\n\n\n\n<p>Nem v\u00e9gezhet\u0151 el a vizsg\u00e1lat:<br>\u2022 ha el\u0151z\u0151leg b\u00e1rmilyen r\u00f6ntgenkontrasztanyagos vizsg\u00e1lata volt a betegnek<br>\u2022 terhess\u00e9g eset\u00e9n<br>\u2022 t\u00f6r\u00f6tt v\u00e9gtagokon<br>\u2022 a m\u00e9r\u00e9si ter\u00fcletre es\u0151 be\u00fcltetett implant\u00e1tumokn\u00e1l, prot\u00e9zisekn\u00e9l<br>\u2022 s\u00falyos gerincferd\u00fcl\u00e9sn\u00e9l.<\/p>\n\n\n\n<p><strong>Mire \u00e9rdemes figyelni?<\/strong><\/p>\n\n\n\n<p>K\u00e9rj\u00fck tisztelt betegeinket, hogy az el\u0151z\u0151 vizsg\u00e1latok leleteit mindig hozz\u00e1k magukkal!<\/p>\n\n\n\n\n\n<hr class=\"wp-block-separator has-css-opacity\"\/>\n","protected":false},"excerpt":{"rendered":"<p>Tisztelt P\u00e1cienseink! ODM\/Csontritkul\u00e1sm\u00e9r\u00e9s az elk\u00f6vetkez\u0151 id\u0151szakban m\u0171szaki hiba miatt sz\u00fcnetel! K\u00e9rj\u00fck t\u00fcrelm\u00fcket \u00e9s meg\u00e9rt\u00e9s\u00fcket! Id\u0151pontot tudnak foglalni az Eg\u00e9szs\u00e9gablakban vagy a 1812-es korm\u00e1nyzati sz\u00e1mon! Ter\u00fcleti ell\u00e1t\u00e1si k\u00f6telezetts\u00e9g a 29\/2025. sz\u00e1m\u00fa Korm\u00e1nyrendelet alapj\u00e1n az EESZT digit\u00e1lis id\u0151pontfoglal\u00e1si rendszerben nincs, \u00edgy b\u00e1rmely m\u00e1s int\u00e9zm\u00e9ny fogadja \u00d6n\u00f6ket! T\u00e1j\u00e9koztatjuk \u00d6n\u00f6ket, hogy csonts\u0171r\u0171s\u00e9g (ODM,DEXA) vizsg\u00e1latra az al\u00e1bbi int\u00e9zm\u00e9nyekben van lehet\u0151s\u00e9g\u00fck [&hellip;]<\/p>\n","protected":false},"author":1,"featured_media":0,"parent":0,"menu_order":0,"comment_status":"closed","ping_status":"closed","template":"","meta":[],"_links":{"self":[{"href":"http:\/\/www.javorszky.hu\/wordpress\/index.php?rest_route=\/wp\/v2\/pages\/195"}],"collection":[{"href":"http:\/\/www.javorszky.hu\/wordpress\/index.php?rest_route=\/wp\/v2\/pages"}],"about":[{"href":"http:\/\/www.javorszky.hu\/wordpress\/index.php?rest_route=\/wp\/v2\/types\/page"}],"author":[{"embeddable":true,"href":"http:\/\/www.javorszky.hu\/wordpress\/index.php?rest_route=\/wp\/v2\/users\/1"}],"replies":[{"embeddable":true,"href":"http:\/\/www.javorszky.hu\/wordpress\/index.php?rest_route=%2Fwp%2Fv2%2Fcomments&post=195"}],"version-history":[{"count":30,"href":"http:\/\/www.javorszky.hu\/wordpress\/index.php?rest_route=\/wp\/v2\/pages\/195\/revisions"}],"predecessor-version":[{"id":8378,"href":"http:\/\/www.javorszky.hu\/wordpress\/index.php?rest_route=\/wp\/v2\/pages\/195\/revisions\/8378"}],"wp:attachment":[{"href":"http:\/\/www.javorszky.hu\/wordpress\/index.php?rest_route=%2Fwp%2Fv2%2Fmedia&parent=195"}],"curies":[{"name":"wp","href":"https:\/\/api.w.org\/{rel}","templated":true}]}}