{"id":198,"date":"2013-05-22T10:19:47","date_gmt":"2013-05-22T08:19:47","guid":{"rendered":"http:\/\/www.javorszky.hu\/wordpress\/?page_id=198"},"modified":"2026-04-15T10:05:28","modified_gmt":"2026-04-15T08:05:28","slug":"tudogondozo","status":"publish","type":"page","link":"http:\/\/www.javorszky.hu\/wordpress\/?page_id=198","title":{"rendered":"T\u00fcd\u0151gondoz\u00f3 &#8211; T\u00fcd\u0151sz\u0171r\u0151 \u00c1llom\u00e1s"},"content":{"rendered":"\n<p class=\"has-text-align-left\"><\/p>\n\n\n<div class=\"wp-block-image\">\n<figure class=\"aligncenter size-large is-resized\"><a href=\"http:\/\/www.javorszky.hu\/wordpress\/wp-content\/uploads\/2022\/06\/Tudogondozo-1.jpg\"><img loading=\"lazy\" src=\"http:\/\/www.javorszky.hu\/wordpress\/wp-content\/uploads\/2022\/06\/Tudogondozo-1-1024x670.jpg\" alt=\"\" class=\"wp-image-3624\" width=\"563\" height=\"368\" srcset=\"http:\/\/www.javorszky.hu\/wordpress\/wp-content\/uploads\/2022\/06\/Tudogondozo-1-1024x670.jpg 1024w, http:\/\/www.javorszky.hu\/wordpress\/wp-content\/uploads\/2022\/06\/Tudogondozo-1-300x196.jpg 300w, http:\/\/www.javorszky.hu\/wordpress\/wp-content\/uploads\/2022\/06\/Tudogondozo-1-768x502.jpg 768w, http:\/\/www.javorszky.hu\/wordpress\/wp-content\/uploads\/2022\/06\/Tudogondozo-1-1536x1004.jpg 1536w, http:\/\/www.javorszky.hu\/wordpress\/wp-content\/uploads\/2022\/06\/Tudogondozo-1-2048x1339.jpg 2048w, http:\/\/www.javorszky.hu\/wordpress\/wp-content\/uploads\/2022\/06\/Tudogondozo-1-1020x667.jpg 1020w\" sizes=\"(max-width: 563px) 100vw, 563px\" \/><\/a><\/figure><\/div>\n\n\n<p class=\"has-text-align-left\">2005 december\u00e9t\u0151l a k\u00f3rh\u00e1z ter\u00fclet\u00e9n, meg\u00fajult \u00e9p\u00fcletben \u00e9s \u00fajabb g\u00e9pekkel kieg\u00e9szitve m\u0171k\u00f6dik.<\/p>\n\n\n\n<p class=\"has-text-align-left\"><strong><span class=\"has-inline-color has-vivid-cyan-blue-color\"> T\u00fcd\u0151sz\u0171r\u00e9s:&nbsp;<\/span><\/strong> <\/p>\n\n\n\n<ul><li><strong>18 \u00e9ves kor alatt <\/strong><\/li><\/ul>\n\n\n\n<p>18 \u00e9ves kor alatt munkaalkalmass\u00e1g elbir\u00e1l\u00e1sa c\u00e9lj\u00e1b\u00f3l a 102\/2023 (XII.29.) BM rendelet alapj\u00e1n t\u00fcd\u0151sz\u0171r\u00e9s nem v\u00e9gezhet\u0151!<\/p>\n\n\n\n<p>(csak beutal\u00f3val, orvos \u00e1ltal meghat\u00e1rozott szakmai indok alapj\u00e1n, sz\u00fcl\u0151i beleegyez\u0151 nyilatkozattal!)<\/p>\n\n\n\n<ul><li><strong>18-40 \u00e9v k\u00f6z\u00f6tt beutal\u00f3val vagy t\u00e9r\u00edt\u00e9s ellen\u00e9ben<\/strong>( <strong>1700 Ft<\/strong>)<\/li><\/ul>\n\n\n\n<ul><li><strong>40 \u00e9ves kor felett az ell\u00e1t\u00e1si ter\u00fclet\u00fcnk\u00f6n bel\u00fcl, beutal\u00f3 n\u00e9lk\u00fcl t\u00e9r\u00edt\u00e9smentesen lehet ig\u00e9nybe venni.<\/strong><\/li><\/ul>\n\n\n\n<p><\/p>\n\n\n\n<p><strong><span class=\"has-inline-color has-vivid-cyan-blue-color\">T\u00fcd\u0151gy\u00f3gy\u00e1szati Szakrendel\u00e9s:<\/span><\/strong> <strong>csak id\u0151pontra, orvosi beutal\u00f3val tudjuk fogadni a betegeket!<\/strong><\/p>\n\n\n\n<p><\/p>\n\n\n\n<p class=\"has-text-align-left\"><strong><span class=\"has-inline-color has-vivid-cyan-blue-color\">Vizsg\u00e1lataink:<\/span><\/strong><\/p>\n\n\n\n<p class=\"has-text-align-left\"> <strong>Spirometria (l\u00e9gz\u00e9sfunkci\u00f3s vizsg\u00e1latot)<\/strong><\/p>\n\n\n\n<p class=\"has-text-align-left\"><strong>&nbsp;Allergiavizsg\u00e1lat b\u0151rpr\u00f3b\u00e1val <em>(csak l\u00e9guti t\u00fcnetek eset\u00e9n, 15 \u00e9v felettieknek<\/em>)<\/strong><\/p>\n\n\n\n<hr class=\"wp-block-separator has-css-opacity\"\/>\n\n\n\n<p><\/p>\n\n\n\n<p class=\"has-text-align-left\"><strong><span class=\"has-inline-color has-vivid-cyan-blue-color\">Vezet\u0151 f\u0151orvos:<\/span> Dr. Sipos Anik\u00f3<\/strong><\/p>\n\n\n\n<p class=\"has-text-align-left\"><strong><span class=\"has-inline-color has-vivid-cyan-blue-color\">Vezet\u0151 asszisztens:<\/span> Moln\u00e1r L\u00e1szl\u00f3n\u00e9<\/strong><\/p>\n\n\n\n<p class=\"has-text-align-left\"><strong><span class=\"has-inline-color has-vivid-cyan-blue-color\"><em>Rendel\u00e9s helye:<\/em><\/span> K\u00f3rh\u00e1z udvar\u00e1n tal\u00e1lhat\u00f3 \u00e9p\u00fcletben<\/strong><\/p>\n\n\n\n<p class=\"has-text-align-left\"><strong><span class=\"has-inline-color has-vivid-cyan-blue-color\"><em>El\u00e9rhet\u0151s\u00e9g:&nbsp; <\/em><\/span><\/strong><\/p>\n\n\n\n<p class=\"has-text-align-left\"><strong><em>(06-27) 311-796<\/em><\/strong><\/p>\n\n\n\n<p class=\"has-text-align-left\"><strong><em>&nbsp;(06-27) 620-620<\/em><\/strong><\/p>\n\n\n\n<hr class=\"wp-block-separator has-css-opacity\"\/>\n\n\n\n<figure class=\"wp-block-table is-style-stripes has-large-font-size\"><table class=\"has-black-color has-pale-cyan-blue-background-color has-text-color has-background\"><thead><tr><th><\/th><th><strong>Orvos<\/strong><\/th><th><strong>H\u00e9tf\u0151<\/strong><\/th><th><strong>Kedd<\/strong><\/th><th><strong>Szerda<\/strong><\/th><th><strong>Cs\u00fct\u00f6rt\u00f6k<\/strong><\/th><th><strong>P\u00e9ntek<\/strong><\/th><\/tr><\/thead><tbody><tr><td><strong>T\u00fcd\u0151gy\u00f3gy\u00e1szati szakrendel\u00e9s<\/strong><mark style=\"background-color:rgba(0, 0, 0, 0)\" class=\"has-inline-color has-vivid-red-color\"><strong> <\/strong><\/mark><br><strong><mark style=\"background-color:rgba(0, 0, 0, 0)\" class=\"has-inline-color has-vivid-red-color\">2026.04.17. \u00e9s 2026.04.22,23,24.<br>a rendel\u00e9s betegeket nem fogad<\/mark><\/strong><\/td><td><strong>Dr. Sipos Anik\u00f3<\/strong><\/td><td><strong>11:00-16:30<\/strong><\/td><td><strong>11:00-16:30<\/strong><\/td><td><strong>8:00-13:00<\/strong><\/td><td><strong>8:00-13:00<\/strong><\/td><td><strong>8:00-12:00<\/strong><\/td><\/tr><tr><td><strong>T\u00fcd\u0151sz\u0171r\u00e9s<\/strong> <\/td><td>&#8211;<\/td><td><strong>07:00-17:00<\/strong><\/td><td><strong>07:00-17:00<\/strong><\/td><td><strong>7:00-13:00<\/strong><\/td><td><strong>7:00-13:00<\/strong><\/td><td><strong>7:00-12:00<\/strong><\/td><\/tr><\/tbody><\/table><\/figure>\n","protected":false},"excerpt":{"rendered":"<p>2005 december\u00e9t\u0151l a k\u00f3rh\u00e1z ter\u00fclet\u00e9n, meg\u00fajult \u00e9p\u00fcletben \u00e9s \u00fajabb g\u00e9pekkel kieg\u00e9szitve m\u0171k\u00f6dik. T\u00fcd\u0151sz\u0171r\u00e9s:&nbsp; 18 \u00e9ves kor alatt 18 \u00e9ves kor alatt munkaalkalmass\u00e1g elbir\u00e1l\u00e1sa c\u00e9lj\u00e1b\u00f3l a 102\/2023 (XII.29.) BM rendelet alapj\u00e1n t\u00fcd\u0151sz\u0171r\u00e9s nem v\u00e9gezhet\u0151! (csak beutal\u00f3val, orvos \u00e1ltal meghat\u00e1rozott szakmai indok alapj\u00e1n, sz\u00fcl\u0151i beleegyez\u0151 nyilatkozattal!) 18-40 \u00e9v k\u00f6z\u00f6tt beutal\u00f3val vagy t\u00e9r\u00edt\u00e9s ellen\u00e9ben( 1700 Ft) 40 \u00e9ves [&hellip;]<\/p>\n","protected":false},"author":1,"featured_media":0,"parent":0,"menu_order":0,"comment_status":"closed","ping_status":"closed","template":"","meta":[],"_links":{"self":[{"href":"http:\/\/www.javorszky.hu\/wordpress\/index.php?rest_route=\/wp\/v2\/pages\/198"}],"collection":[{"href":"http:\/\/www.javorszky.hu\/wordpress\/index.php?rest_route=\/wp\/v2\/pages"}],"about":[{"href":"http:\/\/www.javorszky.hu\/wordpress\/index.php?rest_route=\/wp\/v2\/types\/page"}],"author":[{"embeddable":true,"href":"http:\/\/www.javorszky.hu\/wordpress\/index.php?rest_route=\/wp\/v2\/users\/1"}],"replies":[{"embeddable":true,"href":"http:\/\/www.javorszky.hu\/wordpress\/index.php?rest_route=%2Fwp%2Fv2%2Fcomments&post=198"}],"version-history":[{"count":76,"href":"http:\/\/www.javorszky.hu\/wordpress\/index.php?rest_route=\/wp\/v2\/pages\/198\/revisions"}],"predecessor-version":[{"id":9957,"href":"http:\/\/www.javorszky.hu\/wordpress\/index.php?rest_route=\/wp\/v2\/pages\/198\/revisions\/9957"}],"wp:attachment":[{"href":"http:\/\/www.javorszky.hu\/wordpress\/index.php?rest_route=%2Fwp%2Fv2%2Fmedia&parent=198"}],"curies":[{"name":"wp","href":"https:\/\/api.w.org\/{rel}","templated":true}]}}