{"id":2564,"date":"2020-11-21T09:49:27","date_gmt":"2020-11-21T08:49:27","guid":{"rendered":"http:\/\/www.javorszky.hu\/wordpress\/?page_id=2564"},"modified":"2020-11-21T09:49:27","modified_gmt":"2020-11-21T08:49:27","slug":"latogatasi-tilalom","status":"publish","type":"page","link":"http:\/\/www.javorszky.hu\/wordpress\/?page_id=2564","title":{"rendered":"L\u00e1togat\u00e1si tilalom"},"content":{"rendered":"<p><a href=\"http:\/\/www.javorszky.hu\/wordpress\/wp-content\/uploads\/2013\/05\/csomag.jpg\"><img loading=\"lazy\" class=\"aligncenter wp-image-2536 \" src=\"http:\/\/www.javorszky.hu\/wordpress\/wp-content\/uploads\/2013\/05\/csomag-1024x480.jpg\" alt=\"csomag\" width=\"692\" height=\"324\" srcset=\"http:\/\/www.javorszky.hu\/wordpress\/wp-content\/uploads\/2013\/05\/csomag-1024x480.jpg 1024w, http:\/\/www.javorszky.hu\/wordpress\/wp-content\/uploads\/2013\/05\/csomag-300x140.jpg 300w, http:\/\/www.javorszky.hu\/wordpress\/wp-content\/uploads\/2013\/05\/csomag.jpg 1501w\" sizes=\"(max-width: 692px) 100vw, 692px\" \/><\/a><\/p>\n<p>&nbsp;<\/p>\n<p>&nbsp;<\/p>\n<p style=\"text-align: center;\"><strong>TELJES L\u00c1TOGAT\u00c1SI TILALOM<\/strong><\/p>\n<p style=\"text-align: center;\">Az \u00faj koronav\u00edrus megbeteged\u00e9sek orsz\u00e1gszerte emelked\u0151 esetsz\u00e1ma miatt, a j\u00e1rv\u00e1ny kiterjed\u00e9s\u00e9nek megel\u0151z\u00e9se, illetve a betegek \u00e9s a hozz\u00e1tartoz\u00f3k v\u00e9delm\u00e9nek \u00e9rdek\u00e9ben,<\/p>\n<p style=\"text-align: center;\"><strong>2020 szeptember 3.-t\u00f3l<\/strong><\/p>\n<p style=\"text-align: center;\"><strong>minden oszt\u00e1ly\u00e1ra kiterjed\u0151 l\u00e1togat\u00e1si tilalom<\/strong><\/p>\n<p style=\"text-align: center;\"><strong>van \u00e9rv\u00e9nyben.<\/strong><\/p>\n<p style=\"text-align: center;\">A l\u00e1togat\u00f3k \u00e1ltal hozott csomagokat a k\u00f3rh\u00e1z fels\u0151 port\u00e1j\u00e1n feladatot teljes\u00edt\u0151 \u0151rz\u0151szolg\u00e1lat munkat\u00e1rsai \u00e1tveszik \u00e9s eljuttatj\u00e1k a betegekhez.<\/p>\n<p style=\"text-align: center;\">A tilalom visszavon\u00e1sig \u00e9rv\u00e9nyes.<\/p>\n<p style=\"text-align: center;\">Egy\u00fcttm\u0171k\u00f6d\u00e9s\u00fcket \u00e9s meg\u00e9rt\u00e9s\u00fcket ez\u00faton is k\u00f6sz\u00f6nj\u00fck!!<\/p>\n<p style=\"text-align: center;\">\u00a0 \u00a0 \u00a0 \u00a0 \u00a0 \u00a0Dr. Urb\u00e1n Edina<\/p>\n<p style=\"text-align: center;\">\u00a0\u00a0\u00a0\u00a0\u00a0\u00a0\u00a0\u00a0\u00a0\u00a0 f\u0151igazgat\u00f3 f\u0151orvos<\/p>\n<p style=\"text-align: center;\">\u00a0 \u00a0 \u00a0 \u00a0 \u00a0 \u00a0sk.<\/p>\n<p style=\"text-align: center;\">V\u00e1c, 2020. szeptember 2.<\/p>\n","protected":false},"excerpt":{"rendered":"<p>&nbsp; &nbsp; TELJES L\u00c1TOGAT\u00c1SI TILALOM Az \u00faj koronav\u00edrus megbeteged\u00e9sek orsz\u00e1gszerte emelked\u0151 esetsz\u00e1ma miatt, a j\u00e1rv\u00e1ny kiterjed\u00e9s\u00e9nek megel\u0151z\u00e9se, illetve a betegek \u00e9s a hozz\u00e1tartoz\u00f3k v\u00e9delm\u00e9nek \u00e9rdek\u00e9ben, 2020 szeptember 3.-t\u00f3l minden oszt\u00e1ly\u00e1ra kiterjed\u0151 l\u00e1togat\u00e1si tilalom van \u00e9rv\u00e9nyben. A l\u00e1togat\u00f3k \u00e1ltal hozott csomagokat a k\u00f3rh\u00e1z fels\u0151 port\u00e1j\u00e1n feladatot teljes\u00edt\u0151 \u0151rz\u0151szolg\u00e1lat munkat\u00e1rsai \u00e1tveszik \u00e9s eljuttatj\u00e1k a betegekhez. A tilalom [&hellip;]<\/p>\n","protected":false},"author":1,"featured_media":0,"parent":0,"menu_order":0,"comment_status":"open","ping_status":"open","template":"","meta":[],"_links":{"self":[{"href":"http:\/\/www.javorszky.hu\/wordpress\/index.php?rest_route=\/wp\/v2\/pages\/2564"}],"collection":[{"href":"http:\/\/www.javorszky.hu\/wordpress\/index.php?rest_route=\/wp\/v2\/pages"}],"about":[{"href":"http:\/\/www.javorszky.hu\/wordpress\/index.php?rest_route=\/wp\/v2\/types\/page"}],"author":[{"embeddable":true,"href":"http:\/\/www.javorszky.hu\/wordpress\/index.php?rest_route=\/wp\/v2\/users\/1"}],"replies":[{"embeddable":true,"href":"http:\/\/www.javorszky.hu\/wordpress\/index.php?rest_route=%2Fwp%2Fv2%2Fcomments&post=2564"}],"version-history":[{"count":1,"href":"http:\/\/www.javorszky.hu\/wordpress\/index.php?rest_route=\/wp\/v2\/pages\/2564\/revisions"}],"predecessor-version":[{"id":2565,"href":"http:\/\/www.javorszky.hu\/wordpress\/index.php?rest_route=\/wp\/v2\/pages\/2564\/revisions\/2565"}],"wp:attachment":[{"href":"http:\/\/www.javorszky.hu\/wordpress\/index.php?rest_route=%2Fwp%2Fv2%2Fmedia&parent=2564"}],"curies":[{"name":"wp","href":"https:\/\/api.w.org\/{rel}","templated":true}]}}