{"id":3418,"date":"2022-05-31T10:22:11","date_gmt":"2022-05-31T08:22:11","guid":{"rendered":"http:\/\/www.javorszky.hu\/wordpress\/?page_id=3418"},"modified":"2025-03-20T12:40:11","modified_gmt":"2025-03-20T11:40:11","slug":"jarobeteg-szakellatas","status":"publish","type":"page","link":"http:\/\/www.javorszky.hu\/wordpress\/?page_id=3418","title":{"rendered":"J\u00e1r\u00f3beteg  ell\u00e1t\u00e1s"},"content":{"rendered":"\n<p class=\"has-text-align-center has-vivid-red-color has-pale-cyan-blue-background-color has-text-color has-background\"><a href=\"https:\/\/www.javorszky.hu\/wordpress\/?page_id=7167\" data-type=\"URL\" data-id=\"https:\/\/www.javorszky.hu\/wordpress\/?page_id=7167\">J\u00e1r\u00f3beteg szakrendel\u00e9sek helyei, el\u00e9rhet\u0151s\u00e9gei<\/a><\/p>\n\n\n\n<div class=\"wp-container-1 wp-block-group\"><div class=\"wp-block-group__inner-container\">\n<p class=\"has-text-align-center has-black-color has-pale-cyan-blue-background-color has-text-color has-background has-medium-font-size\"><a href=\"http:\/\/www.javorszky.hu\/wordpress\/?page_id=3857\" data-type=\"page\" data-id=\"3857\">Aneszteziol\u00f3giai szakrendel\u00e9s<\/a><\/p>\n\n\n\n<p class=\"has-text-align-center has-black-color has-pale-cyan-blue-background-color has-text-color has-background has-medium-font-size\"><a href=\"http:\/\/www.javorszky.hu\/wordpress\/?page_id=3860\">Audiol\u00f3giai szakrendel\u00e9s<\/a><\/p>\n\n\n\n<p class=\"has-text-align-center has-black-color has-pale-cyan-blue-background-color has-text-color has-background has-medium-font-size\"><a href=\"http:\/\/www.javorszky.hu\/wordpress\/?page_id=3875\">Belgy\u00f3gy\u00e1szati szakrendel\u00e9s<\/a><\/p>\n\n\n\n<p class=\"has-text-align-center has-black-color has-pale-cyan-blue-background-color has-text-color has-background has-medium-font-size\"><a rel=\"noreferrer noopener\" href=\"http:\/\/www.javorszky.hu\/wordpress\/?page_id=189\" target=\"_blank\">B\u0151r- \u00e9s Nemibeteg gondoz\u00f3 <\/a><\/p>\n\n\n\n<p class=\"has-text-align-center has-pale-cyan-blue-background-color has-background has-medium-font-size\"><a href=\"http:\/\/www.javorszky.hu\/wordpress\/?page_id=4955\">Dietetika<\/a><\/p>\n\n\n\n<p class=\"has-text-align-center has-black-color has-pale-cyan-blue-background-color has-text-color has-background has-medium-font-size\"><a href=\"http:\/\/www.javorszky.hu\/wordpress\/?page_id=3900\">Diabetol\u00f3giai szakrendel\u00e9s<\/a><\/p>\n\n\n\n<p class=\"has-text-align-center has-black-color has-pale-cyan-blue-background-color has-text-color has-background has-medium-font-size\"><a href=\"http:\/\/www.javorszky.hu\/wordpress\/?page_id=3912\">Nefrol\u00f3gia &#8211; (Fresenius Dial\u00edzis K\u00f6zpont)<\/a><\/p>\n\n\n\n<p class=\"has-text-align-center has-black-color has-pale-cyan-blue-background-color has-text-color has-background has-medium-font-size\"><a href=\"http:\/\/www.javorszky.hu\/wordpress\/?page_id=4008\">Elektrofiziol\u00f3giai labor( EEG, EMG, ENG)<\/a><\/p>\n\n\n\n<p class=\"has-text-align-center has-black-color has-pale-cyan-blue-background-color has-text-color has-background has-medium-font-size\"><a href=\"http:\/\/www.javorszky.hu\/wordpress\/?page_id=3987\">\u00c9rseb\u00e9szeti szakrendel\u00e9s  <\/a>   <\/p>\n\n\n\n<p class=\"has-text-align-center has-black-color has-pale-cyan-blue-background-color has-text-color has-background has-medium-font-size\"><a href=\"http:\/\/www.javorszky.hu\/wordpress\/?page_id=191\">Foglalkoz\u00e1s &#8211; eg\u00e9szs\u00e9g\u00fcgy<\/a><\/p>\n\n\n\n<p class=\"has-text-align-center has-black-color has-pale-cyan-blue-background-color has-text-color has-background has-medium-font-size\"><a href=\"http:\/\/www.javorszky.hu\/wordpress\/?page_id=4012\">F\u00fcl- orr &#8211; g\u00e9g\u00e9szeti szakrendel\u00e9s<\/a><\/p>\n\n\n\n<p class=\"has-text-align-center has-black-color has-pale-cyan-blue-background-color has-text-color has-background has-medium-font-size\"><a href=\"http:\/\/www.javorszky.hu\/wordpress\/?page_id=4015\">Gasztroenterol\u00f3giai szakrendel\u00e9s<\/a><\/p>\n\n\n\n<p class=\"has-text-align-center has-black-color has-pale-cyan-blue-background-color has-text-color has-background has-medium-font-size\"><a href=\"http:\/\/www.javorszky.hu\/wordpress\/?page_id=3891\">Gyermekgy\u00f3gy\u00e1szati szakrendel\u00e9s<\/a><\/p>\n\n\n\n<p class=\"has-text-align-center has-black-color has-pale-cyan-blue-background-color has-text-color has-background has-medium-font-size\"><a href=\"http:\/\/www.javorszky.hu\/wordpress\/?page_id=4023\">Gyermek kardiol\u00f3gia<\/a><\/p>\n\n\n\n<p class=\"has-text-align-center has-black-color has-pale-cyan-blue-background-color has-text-color has-background has-medium-font-size\"><a href=\"http:\/\/www.javorszky.hu\/wordpress\/?page_id=4034\">Gyermek ortop\u00e9dia<\/a><\/p>\n\n\n\n<p class=\"has-text-align-center has-pale-cyan-blue-background-color has-background has-medium-font-size\"><a href=\"http:\/\/www.javorszky.hu\/wordpress\/?page_id=4948\">Izot\u00f3p diagnosztika \u00e9s ter\u00e1pia<\/a><\/p>\n\n\n\n<p class=\"has-text-align-center has-black-color has-pale-cyan-blue-background-color has-text-color has-background has-medium-font-size\"><a href=\"http:\/\/www.javorszky.hu\/wordpress\/?page_id=4057\">Kardiol\u00f3giai szakrendel\u00e9s<\/a><\/p>\n\n\n\n<p class=\"has-text-align-center has-black-color has-pale-cyan-blue-background-color has-text-color has-background has-medium-font-size\"><a href=\"http:\/\/www.javorszky.hu\/wordpress\/?page_id=185\" data-type=\"page\" data-id=\"185\">K\u00e9palkot\u00f3 Diagnosztikai Oszt\u00e1ly<\/a> (RTG, CT UH)<\/p>\n\n\n\n<p class=\"has-text-align-center has-black-color has-pale-cyan-blue-background-color has-text-color has-background has-medium-font-size\"><a href=\"http:\/\/www.javorszky.hu\/wordpress\/?page_id=4062\">K\u00e9zseb\u00e9szeti  szakrendel\u00e9s<\/a><\/p>\n\n\n\n<p class=\"has-text-align-center has-black-color has-pale-cyan-blue-background-color has-text-color has-background has-medium-font-size\"><a href=\"http:\/\/www.javorszky.hu\/wordpress\/?page_id=186\" data-type=\"page\" data-id=\"186\">Mammogr\u00e1fi\u00e1s eml\u0151sz\u0171r\u00e9s \u00e9s diagnosztika<\/a><\/p>\n\n\n\n<p class=\"has-text-align-center has-black-color has-pale-cyan-blue-background-color has-text-color has-background has-medium-font-size\"><a href=\"http:\/\/www.javorszky.hu\/wordpress\/?page_id=4073\">Neurol\u00f3gia, epilepszia szakrendel\u00e9s<\/a><\/p>\n\n\n\n<p class=\"has-text-align-center has-black-color has-pale-cyan-blue-background-color has-text-color has-background has-medium-font-size\"><a href=\"http:\/\/www.javorszky.hu\/wordpress\/?page_id=4078\">N\u0151gy\u00f3gy\u00e1szat, n\u0151gy\u00f3gy\u00e1szati ultrahang<\/a><\/p>\n\n\n\n<p class=\"has-text-align-center has-black-color has-pale-cyan-blue-background-color has-text-color has-background has-medium-font-size\"><a href=\"http:\/\/www.javorszky.hu\/wordpress\/?page_id=4086\">Onkol\u00f3gia, onkol\u00f3giai gondoz\u00f3<\/a><\/p>\n\n\n\n<p class=\"has-text-align-center has-black-color has-pale-cyan-blue-background-color has-text-color has-background has-medium-font-size\"><a rel=\"noreferrer noopener\" href=\"http:\/\/www.javorszky.hu\/wordpress\/?page_id=195\" target=\"_blank\">Osteoporosis Centrum<\/a><\/p>\n\n\n\n<p class=\"has-text-align-center has-pale-cyan-blue-background-color has-background has-medium-font-size\"><a href=\"http:\/\/www.javorszky.hu\/wordpress\/?page_id=4952\">Pajzsmirigy szakrendel\u00e9s<\/a><\/p>\n\n\n\n<p class=\"has-text-align-center has-black-color has-pale-cyan-blue-background-color has-text-color has-background has-medium-font-size\"><a href=\"http:\/\/www.javorszky.hu\/wordpress\/?page_id=4091\">Pszichi\u00e1tria, pszichol\u00f3gia<\/a><\/p>\n\n\n\n<p class=\"has-text-align-center has-black-color has-pale-cyan-blue-background-color has-text-color has-background has-medium-font-size\"><a href=\"http:\/\/www.javorszky.hu\/wordpress\/?page_id=5049\">Rehabilit\u00e1ci\u00f3 ,Protetika, Ortetika<\/a><\/p>\n\n\n\n<p class=\"has-text-align-center has-black-color has-pale-cyan-blue-background-color has-text-color has-background has-medium-font-size\"><a rel=\"noreferrer noopener\" href=\"http:\/\/www.javorszky.hu\/wordpress\/?page_id=193\" target=\"_blank\">Reumatol\u00f3giai Szakrendel\u0151 \u00e9s K\u00f6zponti Fizioter\u00e1pia<\/a><\/p>\n\n\n\n<p class=\"has-text-align-center has-black-color has-pale-cyan-blue-background-color has-text-color has-background has-medium-font-size\"><a href=\"http:\/\/www.javorszky.hu\/wordpress\/?page_id=4125\">Seb\u00e9szeti szakrendel\u00e9s<\/a><\/p>\n\n\n\n<p class=\"has-text-align-center has-black-color has-pale-cyan-blue-background-color has-text-color has-background has-medium-font-size\"><a href=\"http:\/\/www.javorszky.hu\/wordpress\/?page_id=188\" data-type=\"page\" data-id=\"188\">S\u00fcrg\u0151ss\u00e9gi Betegell\u00e1t\u00f3 Oszt\u00e1ly<\/a><\/p>\n\n\n\n<p class=\"has-text-align-center has-black-color has-pale-cyan-blue-background-color has-text-color has-background has-medium-font-size\"><a rel=\"noreferrer noopener\" href=\"http:\/\/www.javorszky.hu\/wordpress\/?page_id=197\" target=\"_blank\">Szem\u00e9szeti szakrendel\u00e9s<\/a><\/p>\n\n\n\n<p class=\"has-text-align-center has-black-color has-pale-cyan-blue-background-color has-text-color has-background has-medium-font-size\"><a href=\"http:\/\/www.javorszky.hu\/wordpress\/?page_id=4132\">Traumatol\u00f3giai szakrendel\u00e9s<\/a><\/p>\n\n\n\n<p class=\"has-text-align-center has-black-color has-pale-cyan-blue-background-color has-text-color has-background has-medium-font-size\"><a href=\"http:\/\/www.javorszky.hu\/wordpress\/?page_id=5002\">T\u00e9rd-cs\u00edp\u0151 szakrendel\u00e9s<\/a><\/p>\n\n\n\n<p class=\"has-text-align-center has-black-color has-pale-cyan-blue-background-color has-text-color has-background has-medium-font-size\"><a rel=\"noreferrer noopener\" href=\"http:\/\/www.javorszky.hu\/wordpress\/?page_id=198\" target=\"_blank\">T\u00fcd\u0151gondoz\u00f3 Int\u00e9zet<\/a><\/p>\n\n\n\n<p class=\"has-text-align-center has-black-color has-pale-cyan-blue-background-color has-text-color has-background has-medium-font-size\"><a href=\"http:\/\/www.javorszky.hu\/wordpress\/?page_id=4128\">Urol\u00f3giai szakrendel\u00e9s<\/a><\/p>\n<\/div><\/div>\n","protected":false},"excerpt":{"rendered":"<p>J\u00e1r\u00f3beteg szakrendel\u00e9sek helyei, el\u00e9rhet\u0151s\u00e9gei Aneszteziol\u00f3giai szakrendel\u00e9s Audiol\u00f3giai szakrendel\u00e9s Belgy\u00f3gy\u00e1szati szakrendel\u00e9s B\u0151r- \u00e9s Nemibeteg gondoz\u00f3 Dietetika Diabetol\u00f3giai szakrendel\u00e9s Nefrol\u00f3gia &#8211; (Fresenius Dial\u00edzis K\u00f6zpont) Elektrofiziol\u00f3giai labor( EEG, EMG, ENG) \u00c9rseb\u00e9szeti szakrendel\u00e9s Foglalkoz\u00e1s &#8211; eg\u00e9szs\u00e9g\u00fcgy F\u00fcl- orr &#8211; g\u00e9g\u00e9szeti szakrendel\u00e9s Gasztroenterol\u00f3giai szakrendel\u00e9s Gyermekgy\u00f3gy\u00e1szati szakrendel\u00e9s Gyermek kardiol\u00f3gia Gyermek ortop\u00e9dia Izot\u00f3p diagnosztika \u00e9s ter\u00e1pia Kardiol\u00f3giai szakrendel\u00e9s K\u00e9palkot\u00f3 Diagnosztikai Oszt\u00e1ly (RTG, [&hellip;]<\/p>\n","protected":false},"author":5,"featured_media":0,"parent":0,"menu_order":0,"comment_status":"closed","ping_status":"closed","template":"","meta":[],"_links":{"self":[{"href":"http:\/\/www.javorszky.hu\/wordpress\/index.php?rest_route=\/wp\/v2\/pages\/3418"}],"collection":[{"href":"http:\/\/www.javorszky.hu\/wordpress\/index.php?rest_route=\/wp\/v2\/pages"}],"about":[{"href":"http:\/\/www.javorszky.hu\/wordpress\/index.php?rest_route=\/wp\/v2\/types\/page"}],"author":[{"embeddable":true,"href":"http:\/\/www.javorszky.hu\/wordpress\/index.php?rest_route=\/wp\/v2\/users\/5"}],"replies":[{"embeddable":true,"href":"http:\/\/www.javorszky.hu\/wordpress\/index.php?rest_route=%2Fwp%2Fv2%2Fcomments&post=3418"}],"version-history":[{"count":70,"href":"http:\/\/www.javorszky.hu\/wordpress\/index.php?rest_route=\/wp\/v2\/pages\/3418\/revisions"}],"predecessor-version":[{"id":8372,"href":"http:\/\/www.javorszky.hu\/wordpress\/index.php?rest_route=\/wp\/v2\/pages\/3418\/revisions\/8372"}],"wp:attachment":[{"href":"http:\/\/www.javorszky.hu\/wordpress\/index.php?rest_route=%2Fwp%2Fv2%2Fmedia&parent=3418"}],"curies":[{"name":"wp","href":"https:\/\/api.w.org\/{rel}","templated":true}]}}