{"id":3857,"date":"2022-06-22T08:21:36","date_gmt":"2022-06-22T06:21:36","guid":{"rendered":"http:\/\/www.javorszky.hu\/wordpress\/?page_id=3857"},"modified":"2026-01-16T11:21:01","modified_gmt":"2026-01-16T10:21:01","slug":"aneszteziologiai-szakrendeles","status":"publish","type":"page","link":"http:\/\/www.javorszky.hu\/wordpress\/?page_id=3857","title":{"rendered":"Aneszteziol\u00f3giai szakrendel\u00e9s"},"content":{"rendered":"\n<p>Szakrendel\u00e9s\u00fcnk c\u00e9lja a m\u0171t\u00e9tre el\u0151jegyzett betegek vizsg\u00e1lata, a sz\u00fcks\u00e9ges vizsg\u00e1latok elrendel\u00e9se, \u00e9rt\u00e9kel\u00e9se, a m\u0171t\u00e9t el\u0151tti gy\u00f3gyszerel\u00e9s meghat\u00e1roz\u00e1sa, a m\u0171t\u00e9ti \u00e9rz\u00e9stelen\u00edt\u00e9s beteggel t\u00f6rt\u00e9n\u0151 egyeztet\u00e9se, a m\u0171t\u00e9tre val\u00f3 alkalmass\u00e1g meg\u00edt\u00e9l\u00e9se.<\/p>\n\n\n\n<p>K\u00e9rj\u00fck vizsg\u00e1latra jelentkez\u0151 betegeinket, hogy a rendszeresen szedett gy\u00f3gyszerek list\u00e1j\u00e1t, a kor\u00e1bbi z\u00e1r\u00f3jelent\u00e9seket, vizsg\u00e1lati leleteket magukkal hozni sz\u00edveskedjenek. Kiskor\u00faak eset\u00e9n sz\u00fcl\u0151i k\u00eds\u00e9ret sz\u00fcks\u00e9ges.<\/p>\n\n\n\n<p class=\"has-vivid-cyan-blue-color has-text-color has-small-font-size\" style=\"line-height:1.5\"><strong> <strong><strong>Beutal\u00f3 k\u00f6teles, id\u0151pontfoglal\u00e1s sz\u00fcks\u00e9ges<\/strong><\/strong> <\/strong><\/p>\n\n\n\n<h4 class=\"has-text-align-center has-black-color has-cyan-bluish-gray-background-color has-text-color has-background\" style=\"font-style:normal;font-weight:400\"><mark style=\"background-color:rgba(0, 0, 0, 0)\" class=\"has-inline-color has-vivid-red-color\"><strong>Rendel\u00e9s ideiglenes helye: Szakrendel\u0151 f\u00f6ldszint R061 2025. 12.17-t\u0151l<\/strong><\/mark><\/h4>\n\n\n\n<h5 class=\"has-black-color has-text-color\"><strong>El\u0151jegyz\u00e9s<\/strong>:<\/h5>\n\n\n\n<h5 class=\"has-vivid-cyan-blue-color has-text-color has-small-font-size\"><strong>0627\/620-676; 0627\/-620-677 vagy &#101;&#x6c;o&#x6a;&#x65;&#103;&#x79;z&#x65;&#x73;&#64;&#x6a;a&#x76;&#x6f;&#114;&#x73;z&#x6b;&#x79;&#46;&#x68;u<\/strong><\/h5>\n\n\n\n<figure class=\"wp-block-table is-style-stripes\"><table class=\"has-black-color has-pale-cyan-blue-background-color has-text-color has-background\"><thead><tr><th class=\"has-text-align-center\" data-align=\"center\"><strong>Orvos neve<\/strong><\/th><th class=\"has-text-align-center\" data-align=\"center\"><strong>H\u00e9tf\u0151<\/strong><\/th><th class=\"has-text-align-center\" data-align=\"center\"><strong>Kedd<\/strong><\/th><th class=\"has-text-align-center\" data-align=\"center\"><strong>Szerda<\/strong><\/th><th class=\"has-text-align-center\" data-align=\"center\"><strong>Cs\u00fct\u00f6rt\u00f6k<\/strong><\/th><th class=\"has-text-align-center\" data-align=\"center\"><strong>P\u00e9ntek<\/strong><\/th><\/tr><\/thead><tbody><tr><td class=\"has-text-align-center\" data-align=\"center\"><strong>V\u00e1ltoz\u00f3<\/strong><\/td><td class=\"has-text-align-center\" data-align=\"center\"><strong>9.00-13:00<\/strong><\/td><td class=\"has-text-align-center\" data-align=\"center\"><strong>9:00-13:00<\/strong><\/td><td class=\"has-text-align-center\" data-align=\"center\"><strong>9.00-13:00<\/strong><\/td><td class=\"has-text-align-center\" data-align=\"center\"><strong>9:00-13:00<\/strong><\/td><td class=\"has-text-align-center\" data-align=\"center\"><strong>9.00-13:00<\/strong><\/td><\/tr><\/tbody><\/table><\/figure>\n\n\n\n<hr class=\"wp-block-separator has-css-opacity\"\/>\n","protected":false},"excerpt":{"rendered":"<p>Szakrendel\u00e9s\u00fcnk c\u00e9lja a m\u0171t\u00e9tre el\u0151jegyzett betegek vizsg\u00e1lata, a sz\u00fcks\u00e9ges vizsg\u00e1latok elrendel\u00e9se, \u00e9rt\u00e9kel\u00e9se, a m\u0171t\u00e9t el\u0151tti gy\u00f3gyszerel\u00e9s meghat\u00e1roz\u00e1sa, a m\u0171t\u00e9ti \u00e9rz\u00e9stelen\u00edt\u00e9s beteggel t\u00f6rt\u00e9n\u0151 egyeztet\u00e9se, a m\u0171t\u00e9tre val\u00f3 alkalmass\u00e1g meg\u00edt\u00e9l\u00e9se. K\u00e9rj\u00fck vizsg\u00e1latra jelentkez\u0151 betegeinket, hogy a rendszeresen szedett gy\u00f3gyszerek list\u00e1j\u00e1t, a kor\u00e1bbi z\u00e1r\u00f3jelent\u00e9seket, vizsg\u00e1lati leleteket magukkal hozni sz\u00edveskedjenek. Kiskor\u00faak eset\u00e9n sz\u00fcl\u0151i k\u00eds\u00e9ret sz\u00fcks\u00e9ges. Beutal\u00f3 k\u00f6teles, id\u0151pontfoglal\u00e1s sz\u00fcks\u00e9ges [&hellip;]<\/p>\n","protected":false},"author":5,"featured_media":0,"parent":0,"menu_order":0,"comment_status":"closed","ping_status":"closed","template":"","meta":[],"_links":{"self":[{"href":"http:\/\/www.javorszky.hu\/wordpress\/index.php?rest_route=\/wp\/v2\/pages\/3857"}],"collection":[{"href":"http:\/\/www.javorszky.hu\/wordpress\/index.php?rest_route=\/wp\/v2\/pages"}],"about":[{"href":"http:\/\/www.javorszky.hu\/wordpress\/index.php?rest_route=\/wp\/v2\/types\/page"}],"author":[{"embeddable":true,"href":"http:\/\/www.javorszky.hu\/wordpress\/index.php?rest_route=\/wp\/v2\/users\/5"}],"replies":[{"embeddable":true,"href":"http:\/\/www.javorszky.hu\/wordpress\/index.php?rest_route=%2Fwp%2Fv2%2Fcomments&post=3857"}],"version-history":[{"count":17,"href":"http:\/\/www.javorszky.hu\/wordpress\/index.php?rest_route=\/wp\/v2\/pages\/3857\/revisions"}],"predecessor-version":[{"id":9525,"href":"http:\/\/www.javorszky.hu\/wordpress\/index.php?rest_route=\/wp\/v2\/pages\/3857\/revisions\/9525"}],"wp:attachment":[{"href":"http:\/\/www.javorszky.hu\/wordpress\/index.php?rest_route=%2Fwp%2Fv2%2Fmedia&parent=3857"}],"curies":[{"name":"wp","href":"https:\/\/api.w.org\/{rel}","templated":true}]}}