{"id":4015,"date":"2022-06-23T09:33:47","date_gmt":"2022-06-23T07:33:47","guid":{"rendered":"http:\/\/www.javorszky.hu\/wordpress\/?page_id=4015"},"modified":"2025-08-29T11:46:01","modified_gmt":"2025-08-29T09:46:01","slug":"gasztroenterologiai-szakrendeles","status":"publish","type":"page","link":"http:\/\/www.javorszky.hu\/wordpress\/?page_id=4015","title":{"rendered":"Gasztroenterol\u00f3giai szakrendel\u00e9s"},"content":{"rendered":"\n<p>A gasztroenterol\u00f3gia az em\u00e9szt\u0151rendszer betegs\u00e9geinek felder\u00edt\u00e9s\u00e9vel \u00e9s kezel\u00e9s\u00e9vel foglalkozik. A gasztroenterol\u00f3gus feladata hogy a beteg kik\u00e9rdez\u00e9se, vizsg\u00e1lata alapj\u00e1n fel\u00e1ll\u00edtsa a diagn\u00f3zist, melynek birtok\u00e1ban gy\u00f3gyszeres ter\u00e1pi\u00e1t, egy\u00e9b kezel\u00e9si m\u00f3dot, t\u00e1rsszakm\u00e1k vizsg\u00e1lat\u00e1t vagy m\u0171t\u00e9ti megold\u00e1st javasoljon.<\/p>\n\n\n\n<p>Az al\u00e1bbi t\u00fcnetek tart\u00f3s fenn\u00e1ll\u00e1sa eset\u00e9n&nbsp; gasztroenterol\u00f3giai szakrendel\u00e9s felkeres\u00e9se javasolt:<\/p>\n\n\n\n<ul><li>hasi diszkomfort \u00e9rz\u00e9s, hasi f\u00e1jdalom<\/li><li>v\u00e9res sz\u00e9klet<\/li><li>\u00e9tv\u00e1gytalans\u00e1g, fogy\u00e1s<\/li><li>nyel\u00e9si f\u00e1jdalom illetve neh\u00e9zs\u00e9g<\/li><li>\u00e9melyg\u00e9s,&nbsp;h\u00e1nyinger<\/li><li>refluxos panasz<\/li><li>haspuffad\u00e1s<\/li><li>gyomor\u00e9g\u00e9s<\/li><li>s\u0171r\u0171n v\u00e1ltakoz\u00f3 sz\u00e9klet<\/li><li>sz\u00e9kreked\u00e9s<\/li><li>hasmen\u00e9s<\/li><\/ul>\n\n\n\n<p class=\"has-text-align-center\"><a href=\"https:\/\/www.javorszky.hu\/wordpress\/?p=8637\" data-type=\"URL\" data-id=\"https:\/\/www.javorszky.hu\/wordpress\/?p=8637\">VASTAGB\u00c9LSZ\u0170R\u00c9S<\/a><\/p>\n\n\n<div class=\"wp-block-image\">\n<figure class=\"aligncenter size-large is-resized\"><a href=\"https:\/\/www.javorszky.hu\/wordpress\/wp-content\/uploads\/2025\/05\/20-2.jpg\"><img loading=\"lazy\" src=\"https:\/\/www.javorszky.hu\/wordpress\/wp-content\/uploads\/2025\/05\/20-2-1024x1024.jpg\" alt=\"\" class=\"wp-image-8643\" width=\"482\" height=\"482\" srcset=\"http:\/\/www.javorszky.hu\/wordpress\/wp-content\/uploads\/2025\/05\/20-2-1024x1024.jpg 1024w, http:\/\/www.javorszky.hu\/wordpress\/wp-content\/uploads\/2025\/05\/20-2-300x300.jpg 300w, http:\/\/www.javorszky.hu\/wordpress\/wp-content\/uploads\/2025\/05\/20-2-150x150.jpg 150w, http:\/\/www.javorszky.hu\/wordpress\/wp-content\/uploads\/2025\/05\/20-2-768x768.jpg 768w, http:\/\/www.javorszky.hu\/wordpress\/wp-content\/uploads\/2025\/05\/20-2.jpg 1080w\" sizes=\"(max-width: 482px) 100vw, 482px\" \/><\/a><\/figure><\/div>\n\n\n<p><strong><mark style=\"background-color:rgba(0, 0, 0, 0)\" class=\"has-inline-color has-vivid-cyan-blue-color\">Orvos:<\/mark><\/strong><\/p>\n\n\n\n<p><strong>Dr. Adorj\u00e1ni Endre<\/strong><\/p>\n\n\n\n<p><strong>Dr. Katona Bal\u00e1zs<\/strong><\/p>\n\n\n\n<p><strong>Dr. R\u00e1dics Zolt\u00e1n<\/strong><\/p>\n\n\n\n<p><strong>Dr. Szal\u00f3ki Tibor<\/strong><\/p>\n\n\n\n<p><strong>Dr. Sz\u00e1sz Magdolna<\/strong><\/p>\n\n\n\n<p><strong><mark style=\"background-color:rgba(0, 0, 0, 0)\" class=\"has-inline-color has-vivid-cyan-blue-color\">Szakambulancia vezet\u0151:<\/mark> Dr. Szal\u00f3ki Tibor PhD.<\/strong> <\/p>\n\n\n\n<p class=\"has-text-align-center has-pale-cyan-blue-background-color has-background\"><strong>GASZTROENTEROL\u00d3GIAI SZAKRENDEL\u00c9S<\/strong><\/p>\n\n\n\n<p class=\"has-text-align-center\"><strong><strong><strong>Beutal\u00f3 k\u00f6teles, id\u0151pontfoglal\u00e1s sz\u00fcks\u00e9ges<\/strong><\/strong><\/strong>!<\/p>\n\n\n\n<p class=\"has-black-color has-text-color\"><strong>El\u0151jegyz\u00e9s: <mark style=\"background-color:rgba(0, 0, 0, 0)\" class=\"has-inline-color has-vivid-cyan-blue-color\">+27\/620-676; 0627\/620-677 vagy &#x65;&#x6c;&#111;j&#x65;&#x67;&#121;&#122;e&#x73;&#x40;&#106;&#97;v&#x6f;&#x72;&#115;zk&#x79;&#x2e;&#104;u<\/mark><\/strong><\/p>\n\n\n\n<p class=\"has-black-color has-text-color\"><strong>Rendel\u00e9s helye:<\/strong> <strong><mark style=\"background-color:rgba(0, 0, 0, 0)\" class=\"has-inline-color has-vivid-cyan-blue-color\">K\u00f3rh\u00e1z F pavilon F018, F021<\/mark><\/strong><\/p>\n\n\n\n<figure class=\"wp-block-table is-style-stripes\"><table class=\"has-pale-cyan-blue-background-color has-background\"><thead><tr><th class=\"has-text-align-left\" data-align=\"left\"><strong>Orvos<\/strong><\/th><th class=\"has-text-align-center\" data-align=\"center\"><strong>H\u00e9tf\u0151<\/strong><\/th><th class=\"has-text-align-center\" data-align=\"center\"><strong>Kedd<\/strong><\/th><th class=\"has-text-align-center\" data-align=\"center\"><strong>Szerda<\/strong><\/th><th class=\"has-text-align-center\" data-align=\"center\"><strong>Cs\u00fct\u00f6rt\u00f6k<\/strong><\/th><th class=\"has-text-align-center\" data-align=\"center\"><strong>P\u00e9ntek<\/strong><\/th><\/tr><\/thead><tbody><tr><td class=\"has-text-align-left\" data-align=\"left\"><strong>Dr. Adorj\u00e1ni Endre<\/strong><\/td><td class=\"has-text-align-center\" data-align=\"center\"><\/td><td class=\"has-text-align-center\" data-align=\"center\"><\/td><td class=\"has-text-align-center\" data-align=\"center\"><strong>9:00-13:00<\/strong><\/td><td class=\"has-text-align-center\" data-align=\"center\"><\/td><td class=\"has-text-align-center\" data-align=\"center\"><\/td><\/tr><tr><td class=\"has-text-align-left\" data-align=\"left\"><strong>Dr. Katona Bal\u00e1zs<\/strong><\/td><td class=\"has-text-align-center\" data-align=\"center\"><\/td><td class=\"has-text-align-center\" data-align=\"center\"><strong>9:00-13:00<\/strong><\/td><td class=\"has-text-align-center\" data-align=\"center\"><\/td><td class=\"has-text-align-center\" data-align=\"center\"><\/td><td class=\"has-text-align-center\" data-align=\"center\"><\/td><\/tr><tr><td class=\"has-text-align-left\" data-align=\"left\"><strong>V\u00e1ltoz\u00f3<\/strong><\/td><td class=\"has-text-align-center\" data-align=\"center\"><strong>9:00-13:00<\/strong><\/td><td class=\"has-text-align-center\" data-align=\"center\"><\/td><td class=\"has-text-align-center\" data-align=\"center\"><\/td><td class=\"has-text-align-center\" data-align=\"center\"><\/td><td class=\"has-text-align-center\" data-align=\"center\"><\/td><\/tr><tr><td class=\"has-text-align-left\" data-align=\"left\"><strong>Dr. R\u00e1dics Zolt\u00e1<\/strong>n<\/td><td class=\"has-text-align-center\" data-align=\"center\"><\/td><td class=\"has-text-align-center\" data-align=\"center\"><\/td><td class=\"has-text-align-center\" data-align=\"center\"><\/td><td class=\"has-text-align-center\" data-align=\"center\"><\/td><td class=\"has-text-align-center\" data-align=\"center\"><strong>9:00-13:00<\/strong><\/td><\/tr><tr><td class=\"has-text-align-left\" data-align=\"left\"><strong>Dr. Szal\u00f3ki Tibor<\/strong><\/td><td class=\"has-text-align-center\" data-align=\"center\"><\/td><td class=\"has-text-align-center\" data-align=\"center\"><strong>9:00-13:00<\/strong><\/td><td class=\"has-text-align-center\" data-align=\"center\"><\/td><td class=\"has-text-align-center\" data-align=\"center\"><\/td><td class=\"has-text-align-center\" data-align=\"center\"><strong>9:00-13:00<\/strong><\/td><\/tr><tr><td class=\"has-text-align-left\" data-align=\"left\"><strong>Dr. Sz\u00e1sz Magdolna<\/strong><\/td><td class=\"has-text-align-center\" data-align=\"center\"><\/td><td class=\"has-text-align-center\" data-align=\"center\"><\/td><td class=\"has-text-align-center\" data-align=\"center\"><\/td><td class=\"has-text-align-center\" data-align=\"center\"><strong>9:00-13:00<\/strong><\/td><td class=\"has-text-align-center\" data-align=\"center\"><\/td><\/tr><\/tbody><\/table><\/figure>\n\n\n\n<p class=\"has-text-align-center has-pale-cyan-blue-background-color has-background has-medium-font-size\"><strong>GASZTROSZK\u00d3PIA<\/strong><\/p>\n\n\n\n<p><strong>A vizsg\u00e1lathoz szakorvosi elb\u00edr\u00e1l\u00e1s sz\u00fcks\u00e9ges.<\/strong><\/p>\n\n\n\n<h5><mark style=\"background-color:rgba(0, 0, 0, 0)\" class=\"has-inline-color has-vivid-cyan-blue-color\">A vizsg\u00e1latra a szakrendel\u0151 orvosa ad id\u0151pontot el\u0151zetes szakorvosi konzult\u00e1ci\u00f3t k\u00f6vet\u0151en.<\/mark><\/h5>\n\n\n\n<p class=\"has-black-color has-text-color\"><strong>Rendel\u00e9s helye:<\/strong><mark style=\"background-color:rgba(0, 0, 0, 0)\" class=\"has-inline-color has-vivid-cyan-blue-color\"><strong> <\/strong> <strong>K\u00f3rh\u00e1z F. pavilon F018<\/strong> <strong>\u00e9s F021<\/strong><\/mark><\/p>\n\n\n\n<figure class=\"wp-block-table is-style-stripes\"><table class=\"has-black-color has-pale-cyan-blue-background-color has-text-color has-background\"><thead><tr><th><strong>Orvos<\/strong><\/th><th class=\"has-text-align-center\" data-align=\"center\"><strong>H\u00e9tf\u0151<\/strong><\/th><th class=\"has-text-align-center\" data-align=\"center\"><strong>Kedd<\/strong><\/th><th class=\"has-text-align-center\" data-align=\"center\"><strong>Szerda<\/strong><\/th><th class=\"has-text-align-center\" data-align=\"center\"><strong>Cs\u00fct\u00f6rt\u00f6k<\/strong><\/th><th class=\"has-text-align-center\" data-align=\"center\"><strong>P\u00e9ntek<\/strong><\/th><\/tr><\/thead><tbody><tr><td><strong>Dr. Adorj\u00e1ni Endre<\/strong><\/td><td class=\"has-text-align-center\" data-align=\"center\"><strong>7:00-9:00<\/strong> <strong>(F018)<\/strong><\/td><td class=\"has-text-align-center\" data-align=\"center\"><strong>9:00-11:00<\/strong> <strong>(F018)<\/strong><\/td><td class=\"has-text-align-center\" data-align=\"center\"><\/td><td class=\"has-text-align-center\" data-align=\"center\"><strong>9:00-11:00 (F021)<\/strong><\/td><td class=\"has-text-align-center\" data-align=\"center\"><\/td><\/tr><tr><td><strong>Dr. Katona Bal\u00e1zs<\/strong><\/td><td class=\"has-text-align-center\" data-align=\"center\"><strong>9:00-11:00<\/strong> <strong>(F018)<\/strong><\/td><td class=\"has-text-align-center\" data-align=\"center\"><\/td><td class=\"has-text-align-center\" data-align=\"center\"><strong>7:00-9:00<\/strong> <strong>(F018)<\/strong><\/td><td class=\"has-text-align-center\" data-align=\"center\"><\/td><td class=\"has-text-align-center\" data-align=\"center\"><strong>9:00-11:00 (F021)<\/strong><\/td><\/tr><tr><td><strong>V\u00e1ltoz\u00f3<\/strong><\/td><td class=\"has-text-align-center\" data-align=\"center\"><\/td><td class=\"has-text-align-center\" data-align=\"center\"><strong>7:00-9:00<\/strong> <strong>(F021)<\/strong><\/td><td class=\"has-text-align-center\" data-align=\"center\"><strong>7:00-9:00<\/strong> <strong>(F021)<\/strong><\/td><td class=\"has-text-align-center\" data-align=\"center\"><strong>7:00-9:00<\/strong> <strong>(F021)<\/strong><\/td><td class=\"has-text-align-center\" data-align=\"center\"><\/td><\/tr><tr><td><strong>Dr. R\u00e1dics Zolt\u00e1n<\/strong><\/td><td class=\"has-text-align-center\" data-align=\"center\"><\/td><td class=\"has-text-align-center\" data-align=\"center\"><strong>9:00-11:00<\/strong> <strong>(F021)<\/strong><\/td><td class=\"has-text-align-center\" data-align=\"center\"><strong>9:00-11:00<\/strong> <strong>(F018)<\/strong><\/td><td class=\"has-text-align-center\" data-align=\"center\"><strong>9:00-11:00<\/strong> <strong>(F018)<\/strong><\/td><td class=\"has-text-align-center\" data-align=\"center\"><\/td><\/tr><tr><td><strong>Dr. Szal\u00f3ki Tibor<\/strong><\/td><td class=\"has-text-align-center\" data-align=\"center\"><\/td><td class=\"has-text-align-center\" data-align=\"center\"><strong>7:00-9:00<\/strong> <strong>(F018)<\/strong><\/td><td class=\"has-text-align-center\" data-align=\"center\"><\/td><td class=\"has-text-align-center\" data-align=\"center\"><strong>7:00-9:00<\/strong> <strong>(F018)<\/strong><\/td><td class=\"has-text-align-center\" data-align=\"center\"><strong>7:00-11:00<\/strong> <strong>(F018)<\/strong><\/td><\/tr><tr><td><strong>Dr. Sz\u00e1sz Magdolna<\/strong><\/td><td class=\"has-text-align-center\" data-align=\"center\"><strong>9:00-11:00<\/strong> <strong>(F021)<\/strong><\/td><td class=\"has-text-align-center\" data-align=\"center\"><\/td><td class=\"has-text-align-center\" data-align=\"center\"><strong>9:00-11:00<\/strong> <strong>(F021)<\/strong><\/td><td class=\"has-text-align-center\" data-align=\"center\"><\/td><td class=\"has-text-align-center\" data-align=\"center\"><strong>7:00-9:00<\/strong> <strong>(F021)<\/strong><\/td><\/tr><\/tbody><\/table><\/figure>\n\n\n\n<p class=\"has-text-align-center has-pale-cyan-blue-background-color has-background has-medium-font-size\"><strong>KOLONOSZK\u00d3PIA<\/strong><\/p>\n\n\n\n<p><strong>A vizsg\u00e1lathoz szakorvosi elb\u00edr\u00e1l\u00e1s sz\u00fcks\u00e9ges.<\/strong><\/p>\n\n\n\n<h5><mark style=\"background-color:rgba(0, 0, 0, 0)\" class=\"has-inline-color has-vivid-cyan-blue-color\">A vizsg\u00e1latra a szakrendel\u0151 orvosa ad id\u0151pontot el\u0151zetes szakorvosi konzult\u00e1ci\u00f3t k\u00f6vet\u0151en.<\/mark><\/h5>\n\n\n\n<p class=\"has-black-color has-text-color\"><strong>Rendel\u00e9s helye: <\/strong> <mark style=\"background-color:rgba(0, 0, 0, 0)\" class=\"has-inline-color has-vivid-cyan-blue-color\"><strong>K\u00f3rh\u00e1z F. pavilon F018<\/strong> <strong>\u00e9s F021<\/strong><\/mark><\/p>\n\n\n\n<figure class=\"wp-block-table is-style-stripes\"><table class=\"has-pale-cyan-blue-background-color has-background\"><thead><tr><th><strong>Orvos<\/strong><\/th><th class=\"has-text-align-center\" data-align=\"center\"><strong>H\u00e9tf\u0151<\/strong><\/th><th class=\"has-text-align-center\" data-align=\"center\"><strong>Kedd<\/strong><\/th><th class=\"has-text-align-center\" data-align=\"center\"><strong>Szerda<\/strong><\/th><th class=\"has-text-align-center\" data-align=\"center\"><strong>Cs\u00fct\u00f6rt\u00f6k<\/strong><\/th><th class=\"has-text-align-center\" data-align=\"center\"><strong>P\u00e9ntek<\/strong><\/th><\/tr><\/thead><tbody><tr><td><strong>Dr. Adorj\u00e1ni Endre<\/strong><\/td><td class=\"has-text-align-center\" data-align=\"center\"><strong>13:00-13:30 (F021)<\/strong><\/td><td class=\"has-text-align-center\" data-align=\"center\"><strong>11:00-13:00 (F018)<\/strong><\/td><td class=\"has-text-align-center\" data-align=\"center\"><\/td><td class=\"has-text-align-center\" data-align=\"center\"><strong>13:00-13:30 (F018)<br>11:00-13:00 (F021)<\/strong><\/td><td class=\"has-text-align-center\" data-align=\"center\"><\/td><\/tr><tr><td><strong>Dr. Katona Bal\u00e1zs<\/strong><\/td><td class=\"has-text-align-center\" data-align=\"center\"><strong>11:00-13:00 (F018)<\/strong><\/td><td class=\"has-text-align-center\" data-align=\"center\"><strong>13:00-13:30 (F018)<\/strong><\/td><td class=\"has-text-align-center\" data-align=\"center\"><\/td><td class=\"has-text-align-center\" data-align=\"center\"><\/td><td class=\"has-text-align-center\" data-align=\"center\"><strong>13:00-13:30 (F021)<\/strong><\/td><\/tr><tr><td><strong>V\u00e1ltoz\u00f3<\/strong><\/td><td class=\"has-text-align-center\" data-align=\"center\"><\/td><td class=\"has-text-align-center\" data-align=\"center\"><strong>13:00-13:30 (F021)<\/strong><\/td><td class=\"has-text-align-center\" data-align=\"center\"><strong>13:00-13:30 (F021)<\/strong><\/td><td class=\"has-text-align-center\" data-align=\"center\"><strong>13:00-13:30 (F021)<\/strong><\/td><td class=\"has-text-align-center\" data-align=\"center\"><\/td><\/tr><tr><td><strong>Dr. R\u00e1dics Zolt\u00e1n<\/strong><\/td><td class=\"has-text-align-center\" data-align=\"center\"><strong>13:00-13:30 (F018)<\/strong><\/td><td class=\"has-text-align-center\" data-align=\"center\"><strong>11:00-13:00 (F021)<\/strong><\/td><td class=\"has-text-align-center\" data-align=\"center\"><\/td><td class=\"has-text-align-center\" data-align=\"center\"><strong>11:00-13:00 (F018)<\/strong><\/td><td class=\"has-text-align-center\" data-align=\"center\"><\/td><\/tr><tr><td><strong>Dr. Szal\u00f3ki Tibor<\/strong><\/td><td class=\"has-text-align-center\" data-align=\"center\"><\/td><td class=\"has-text-align-center\" data-align=\"center\"><strong>11:00-13:30 (F018)<\/strong><\/td><td class=\"has-text-align-center\" data-align=\"center\"><\/td><td class=\"has-text-align-center\" data-align=\"center\"><\/td><td class=\"has-text-align-center\" data-align=\"center\"><strong>11:00-13:30 (F018)<\/strong><\/td><\/tr><tr><td><strong>Dr. Sz\u00e1sz Magdolna<\/strong><\/td><td class=\"has-text-align-center\" data-align=\"center\"><strong>11:00-13:00 (F021)<\/strong><\/td><td class=\"has-text-align-center\" data-align=\"center\"><\/td><td class=\"has-text-align-center\" data-align=\"center\"><strong>11:00-13:00 (F021)<\/strong><\/td><td class=\"has-text-align-center\" data-align=\"center\"><\/td><td class=\"has-text-align-center\" data-align=\"center\"><strong>11:00-13:00 (F021)<\/strong><\/td><\/tr><\/tbody><\/table><\/figure>\n","protected":false},"excerpt":{"rendered":"<p>A gasztroenterol\u00f3gia az em\u00e9szt\u0151rendszer betegs\u00e9geinek felder\u00edt\u00e9s\u00e9vel \u00e9s kezel\u00e9s\u00e9vel foglalkozik. A gasztroenterol\u00f3gus feladata hogy a beteg kik\u00e9rdez\u00e9se, vizsg\u00e1lata alapj\u00e1n fel\u00e1ll\u00edtsa a diagn\u00f3zist, melynek birtok\u00e1ban gy\u00f3gyszeres ter\u00e1pi\u00e1t, egy\u00e9b kezel\u00e9si m\u00f3dot, t\u00e1rsszakm\u00e1k vizsg\u00e1lat\u00e1t vagy m\u0171t\u00e9ti megold\u00e1st javasoljon. Az al\u00e1bbi t\u00fcnetek tart\u00f3s fenn\u00e1ll\u00e1sa eset\u00e9n&nbsp; gasztroenterol\u00f3giai szakrendel\u00e9s felkeres\u00e9se javasolt: hasi diszkomfort \u00e9rz\u00e9s, hasi f\u00e1jdalom v\u00e9res sz\u00e9klet \u00e9tv\u00e1gytalans\u00e1g, fogy\u00e1s nyel\u00e9si f\u00e1jdalom [&hellip;]<\/p>\n","protected":false},"author":5,"featured_media":0,"parent":0,"menu_order":0,"comment_status":"closed","ping_status":"closed","template":"","meta":[],"_links":{"self":[{"href":"http:\/\/www.javorszky.hu\/wordpress\/index.php?rest_route=\/wp\/v2\/pages\/4015"}],"collection":[{"href":"http:\/\/www.javorszky.hu\/wordpress\/index.php?rest_route=\/wp\/v2\/pages"}],"about":[{"href":"http:\/\/www.javorszky.hu\/wordpress\/index.php?rest_route=\/wp\/v2\/types\/page"}],"author":[{"embeddable":true,"href":"http:\/\/www.javorszky.hu\/wordpress\/index.php?rest_route=\/wp\/v2\/users\/5"}],"replies":[{"embeddable":true,"href":"http:\/\/www.javorszky.hu\/wordpress\/index.php?rest_route=%2Fwp%2Fv2%2Fcomments&post=4015"}],"version-history":[{"count":23,"href":"http:\/\/www.javorszky.hu\/wordpress\/index.php?rest_route=\/wp\/v2\/pages\/4015\/revisions"}],"predecessor-version":[{"id":8935,"href":"http:\/\/www.javorszky.hu\/wordpress\/index.php?rest_route=\/wp\/v2\/pages\/4015\/revisions\/8935"}],"wp:attachment":[{"href":"http:\/\/www.javorszky.hu\/wordpress\/index.php?rest_route=%2Fwp%2Fv2%2Fmedia&parent=4015"}],"curies":[{"name":"wp","href":"https:\/\/api.w.org\/{rel}","templated":true}]}}