{"id":4078,"date":"2022-06-23T12:20:36","date_gmt":"2022-06-23T10:20:36","guid":{"rendered":"http:\/\/www.javorszky.hu\/wordpress\/?page_id=4078"},"modified":"2026-03-23T14:58:52","modified_gmt":"2026-03-23T13:58:52","slug":"nogyogyaszati-szakrendeles","status":"publish","type":"page","link":"http:\/\/www.javorszky.hu\/wordpress\/?page_id=4078","title":{"rendered":"N\u0151gy\u00f3gy\u00e1szati szakrendel\u00e9s"},"content":{"rendered":"\n<p>A n\u0151gy\u00f3gy\u00e1szat a n\u0151i nemi szervek betegs\u00e9geivel \u00e9s azok kezel\u00e9s\u00e9vel foglalkozik. A rendszeres n\u0151gy\u00f3gy\u00e1szati sz\u0171r\u0151vizsg\u00e1laton val\u00f3 r\u00e9szv\u00e9tel minden n\u0151 sz\u00e1m\u00e1ra elengedhetetlen fontoss\u00e1g\u00fa.<\/p>\n\n\n\n<p>A sz\u0171r\u0151vizsg\u00e1laton val\u00f3 r\u00e9szv\u00e9tellel lehet\u0151s\u00e9g van a betegs\u00e9gek r\u00e1kmegel\u0151z\u0151 vagy korai st\u00e1diumban t\u00f6rt\u00e9n\u0151 felfedez\u00e9s\u00e9re \u00e9s hat\u00e9kony gy\u00f3gy\u00edt\u00e1s\u00e1ra.<\/p>\n\n\n\n<h2 class=\"has-small-font-size\"><strong>Mikor \u00e9rdemes n\u0151gy\u00f3gy\u00e1szhoz fordulni?<\/strong><\/h2>\n\n\n\n<ul><li>V\u00e9rz\u00e9szavar eset\u00e9n<\/li><li>F\u00e1jdalom, er\u0151s g\u00f6rcs,  rendszertelen ciklus eset\u00e9n<\/li><li>Fogamz\u00e1sg\u00e1tl\u00e1s tervez\u00e9se<\/li><li>H\u00fcvelyfoly\u00e1s, viszket\u00e9s<\/li><li>F\u00e1jdalmas szexu\u00e1lis egy\u00fcttl\u00e9t<\/li><li>V\u00e1rand\u00f3ss\u00e1g<\/li><li>V\u00e1ltoz\u00f3kori panaszok<\/li><\/ul>\n\n\n\n<p class=\"has-vivid-cyan-blue-color has-text-color has-medium-font-size\"><strong>Beutal\u00f3 n\u00e9lk\u00fcl is ig\u00e9nybe vehet\u0151<\/strong>, <strong>de k\u00f6zponti el\u0151jegyz\u00e9s sz\u00fcks\u00e9ges<\/strong>! <\/p>\n\n\n\n<p><strong>Felh\u00edvjuk a figyelm\u00fcket, hogy r\u00e1ksz\u0171r\u00e9st csak el\u0151zetes id\u0151pontfoglal\u00e1ssal tudj\u00e1k ig\u00e9nybe venni!<\/strong><\/p>\n\n\n\n<p>Id\u0151pont foglal\u00e1s: 06\/27\/620-676; 06\/27\/620-677 vagy e&#108;&#x6f;&#x6a;&#x65;g&#121;&#x7a;&#x65;&#x73;&#64;&#106;&#x61;&#x76;&#x6f;r&#115;&#x7a;&#x6b;&#x79;&#46;&#104;&#x75;<\/p>\n\n\n\n<p><strong><mark>NST Vizsg\u00e1lat<\/mark><\/strong>: k\u00f3rh\u00e1z 6. emelet\u00e9n tal\u00e1lhat\u00f3, nem kell a Szakrendel\u0151 kartonoz\u00f3j\u00e1ban bejelentkezni, k\u00f6zvetlen az asszisztens ad id\u0151pontot<\/p>\n\n\n\n<p class=\"has-text-align-left\"><strong>Rendel\u00e9s helye:<\/strong> <strong><mark style=\"background-color:rgba(0, 0, 0, 0)\" class=\"has-inline-color has-vivid-cyan-blue-color\">Szakrendel\u0151 II. emelet R 238<\/mark><\/strong><\/p>\n\n\n\n<figure class=\"wp-block-table is-style-stripes\"><table class=\"has-pale-cyan-blue-background-color has-background\"><thead><tr><th><strong>Orvosok<\/strong><\/th><th class=\"has-text-align-center\" data-align=\"center\"><strong>H\u00e9tf\u0151<\/strong><\/th><th class=\"has-text-align-center\" data-align=\"center\"><strong>Kedd<\/strong><\/th><th class=\"has-text-align-center\" data-align=\"center\"><strong>Szerda<\/strong><\/th><th class=\"has-text-align-center\" data-align=\"center\"><strong>Cs\u00fct\u00f6rt\u00f6k<\/strong><\/th><th class=\"has-text-align-center\" data-align=\"center\"><strong>P\u00e9ntek<\/strong><\/th><\/tr><\/thead><tbody><tr><td><strong>Dr. Kencs Alexandra<\/strong><\/td><td class=\"has-text-align-center\" data-align=\"center\"><strong>8:00-12:00<\/strong><\/td><td class=\"has-text-align-center\" data-align=\"center\">&#8211;<\/td><td class=\"has-text-align-center\" data-align=\"center\">&#8212;<\/td><td class=\"has-text-align-center\" data-align=\"center\">&#8211;<\/td><td class=\"has-text-align-center\" data-align=\"center\">&#8211;<\/td><\/tr><tr><td><strong>Dr. Tak\u00e1cs Evelyn<\/strong><\/td><td class=\"has-text-align-center\" data-align=\"center\">&#8211;<\/td><td class=\"has-text-align-center\" data-align=\"center\"><strong>8:00-12:00<\/strong><\/td><td class=\"has-text-align-center\" data-align=\"center\">&#8211;<\/td><td class=\"has-text-align-center\" data-align=\"center\">&#8211;<\/td><td class=\"has-text-align-center\" data-align=\"center\">&#8211;<\/td><\/tr><tr><td><strong>Dr. Gyurkovics Iv\u00e1n<\/strong><\/td><td class=\"has-text-align-center\" data-align=\"center\"><strong>12:30-15:00<\/strong><\/td><td class=\"has-text-align-center\" data-align=\"center\">&#8211;<\/td><td class=\"has-text-align-center\" data-align=\"center\">&#8211;<\/td><td class=\"has-text-align-center\" data-align=\"center\">&#8211;<\/td><td class=\"has-text-align-center\" data-align=\"center\">&#8211;<\/td><\/tr><tr><td><strong>Dr. Szaniszl\u00f3 Zsolt<\/strong><\/td><td class=\"has-text-align-center\" data-align=\"center\">&#8211;<\/td><td class=\"has-text-align-center\" data-align=\"center\">&#8211;<\/td><td class=\"has-text-align-center\" data-align=\"center\"><strong>12:00-14:00<\/strong><\/td><td class=\"has-text-align-center\" data-align=\"center\"><\/td><td class=\"has-text-align-center\" data-align=\"center\"><\/td><\/tr><tr><td><strong>Dr. Ill\u00e9s Istv\u00e1n<\/strong><\/td><td class=\"has-text-align-center\" data-align=\"center\">&#8211;<\/td><td class=\"has-text-align-center\" data-align=\"center\">&#8211;<\/td><td class=\"has-text-align-center\" data-align=\"center\">&#8211;<\/td><td class=\"has-text-align-center\" data-align=\"center\"><strong>8:00-15:00<\/strong><\/td><td class=\"has-text-align-center\" data-align=\"center\">&#8211;<\/td><\/tr><tr><td><strong>Dr. Ol\u00e1h Rebeka T\u00edmea<\/strong><\/td><td class=\"has-text-align-center\" data-align=\"center\">&#8211;<\/td><td class=\"has-text-align-center\" data-align=\"center\">&#8211;<\/td><td class=\"has-text-align-center\" data-align=\"center\">&#8211;<\/td><td class=\"has-text-align-center\" data-align=\"center\">&#8211;<\/td><td class=\"has-text-align-center\" data-align=\"center\"><strong>8:00-13:00<\/strong><\/td><\/tr><tr><td><strong>Dr. Nagy Anaszt\u00e1zia<\/strong><\/td><td class=\"has-text-align-center\" data-align=\"center\">&#8211;<\/td><td class=\"has-text-align-center\" data-align=\"center\">&#8211;<\/td><td class=\"has-text-align-center\" data-align=\"center\"><strong>8:00-12:00<\/strong><\/td><td class=\"has-text-align-center\" data-align=\"center\">&#8211;<\/td><td class=\"has-text-align-center\" data-align=\"center\">&#8211;<\/td><\/tr><tr><td><strong>Dr. Kup\u00e1s J\u00e1nos<\/strong><\/td><td class=\"has-text-align-center\" data-align=\"center\">&#8211;<\/td><td class=\"has-text-align-center\" data-align=\"center\"><strong>12:30-15:00<\/strong><\/td><td class=\"has-text-align-center\" data-align=\"center\">&#8211;<\/td><td class=\"has-text-align-center\" data-align=\"center\">&#8211;<\/td><td class=\"has-text-align-center\" data-align=\"center\">&#8211;<\/td><\/tr><\/tbody><\/table><\/figure>\n\n\n\n<p><strong><mark style=\"background-color:rgba(0, 0, 0, 0)\" class=\"has-inline-color has-vivid-cyan-blue-color\">Szakrendel\u0151 II. emelet R241 (ultrahang)<\/mark><\/strong><\/p>\n\n\n\n<p><strong>Terhestan\u00e1csad\u00e1s\/UH vizsg\u00e1lat<\/strong><\/p>\n\n\n\n<figure class=\"wp-block-table is-style-stripes\"><table class=\"has-pale-cyan-blue-background-color has-background\"><tbody><tr><td><strong>Orvosok<\/strong><\/td><td class=\"has-text-align-center\" data-align=\"center\"><strong>H\u00e9tf\u0151<\/strong><\/td><td class=\"has-text-align-center\" data-align=\"center\"><strong>Kedd<\/strong><\/td><td class=\"has-text-align-center\" data-align=\"center\"><strong>Szerda<\/strong><\/td><td class=\"has-text-align-center\" data-align=\"center\"><strong>Cs\u00fct\u00f6rt\u00f6k<\/strong><\/td><td class=\"has-text-align-center\" data-align=\"center\"><strong>P\u00e9ntek<\/strong><\/td><\/tr><tr><td><strong>Dr. Kup\u00e1s J\u00e1nos<\/strong><\/td><td class=\"has-text-align-center\" data-align=\"center\"><strong>10:00-12:00<\/strong><\/td><td class=\"has-text-align-center\" data-align=\"center\">&#8211;<\/td><td class=\"has-text-align-center\" data-align=\"center\">&#8211;<\/td><td class=\"has-text-align-center\" data-align=\"center\">&#8211;<\/td><td class=\"has-text-align-center\" data-align=\"center\">&#8211;<\/td><\/tr><tr><td><strong>Dr. Pap Andr\u00e1s<\/strong><\/td><td class=\"has-text-align-center\" data-align=\"center\">&#8211;<\/td><td class=\"has-text-align-center\" data-align=\"center\"><strong>10:00-12:00<\/strong><\/td><td class=\"has-text-align-center\" data-align=\"center\">&#8211;<\/td><td class=\"has-text-align-center\" data-align=\"center\">&#8211;<\/td><td class=\"has-text-align-center\" data-align=\"center\">&#8211;<\/td><\/tr><tr><td><strong>Dr. Szaniszl\u00f3 Zsolt<\/strong><\/td><td class=\"has-text-align-center\" data-align=\"center\">&#8211;<\/td><td class=\"has-text-align-center\" data-align=\"center\">&#8211;<\/td><td class=\"has-text-align-center\" data-align=\"center\"><strong>08:00-12:00<\/strong><\/td><td class=\"has-text-align-center\" data-align=\"center\">&#8211;<\/td><td class=\"has-text-align-center\" data-align=\"center\">&#8211;<\/td><\/tr><tr><td><strong>Dr. Gyurkovics Iv\u00e1n<\/strong><\/td><td class=\"has-text-align-center\" data-align=\"center\">&#8211;<\/td><td class=\"has-text-align-center\" data-align=\"center\">&#8211;<\/td><td class=\"has-text-align-center\" data-align=\"center\">&#8211;<\/td><td class=\"has-text-align-center\" data-align=\"center\"><strong>10:00-12:00<\/strong><\/td><td class=\"has-text-align-center\" data-align=\"center\">&#8211;<\/td><\/tr><tr><td><strong>Dr. B\u00e9nyi B\u00e9la<\/strong><\/td><td class=\"has-text-align-center\" data-align=\"center\">&#8211;<\/td><td class=\"has-text-align-center\" data-align=\"center\">&#8211;<\/td><td class=\"has-text-align-center\" data-align=\"center\">&#8211;<\/td><td class=\"has-text-align-center\" data-align=\"center\">&#8211;<\/td><td class=\"has-text-align-center\" data-align=\"center\"><strong>10:00-12:00<\/strong><\/td><\/tr><\/tbody><\/table><\/figure>\n\n\n\n<h2 class=\"has-text-align-center\"><strong>N\u0151gy\u00f3gy\u00e1szati onkol\u00f3gia<\/strong><\/h2>\n\n\n\n<p class=\"has-vivid-cyan-blue-color has-text-color\"><strong>Beutal\u00f3 n\u00e9lk\u00fcl is<\/strong><\/p>\n\n\n\n<p><strong>Az onkol\u00f3giai betegeket \u00e1tmenetileg a n\u0151gy\u00f3gy\u00e1szati szakrendel\u00e9s fogadja, rendel\u00e9si id\u0151ben.<\/strong><\/p>\n\n\n\n<figure class=\"wp-block-table is-style-stripes\"><table class=\"has-pale-cyan-blue-background-color has-background\"><thead><tr><th><strong>Orvosok<\/strong><\/th><th class=\"has-text-align-center\" data-align=\"center\"><strong>H\u00e9tf\u0151<\/strong><\/th><th class=\"has-text-align-center\" data-align=\"center\"><strong>Kedd<\/strong><\/th><th class=\"has-text-align-center\" data-align=\"center\"><strong>Szerda<\/strong><\/th><th class=\"has-text-align-center\" data-align=\"center\"><strong>Cs\u00fct\u00f6rt\u00f6k<\/strong><\/th><th class=\"has-text-align-center\" data-align=\"center\"><strong>P\u00e9ntek<\/strong><\/th><\/tr><\/thead><tbody><tr><td><\/td><td class=\"has-text-align-center\" data-align=\"center\">&#8211;<\/td><td class=\"has-text-align-center\" data-align=\"center\">&#8211;<\/td><td class=\"has-text-align-center\" data-align=\"center\">&#8211;<\/td><td class=\"has-text-align-center\" data-align=\"center\">&#8211;<\/td><td class=\"has-text-align-center\" data-align=\"center\">&#8211;<\/td><\/tr><tr><td><\/td><td class=\"has-text-align-center\" data-align=\"center\">&#8211;<\/td><td class=\"has-text-align-center\" data-align=\"center\">&#8211;<\/td><td class=\"has-text-align-center\" data-align=\"center\">&#8211;<\/td><td class=\"has-text-align-center\" data-align=\"center\">&#8211;<\/td><td class=\"has-text-align-center\" data-align=\"center\">&#8211;<\/td><\/tr><\/tbody><\/table><\/figure>\n\n\n\n<div style=\"height:38px\" aria-hidden=\"true\" class=\"wp-block-spacer\"><\/div>\n\n\n\n<hr class=\"wp-block-separator has-css-opacity\"\/>\n","protected":false},"excerpt":{"rendered":"<p>A n\u0151gy\u00f3gy\u00e1szat a n\u0151i nemi szervek betegs\u00e9geivel \u00e9s azok kezel\u00e9s\u00e9vel foglalkozik. A rendszeres n\u0151gy\u00f3gy\u00e1szati sz\u0171r\u0151vizsg\u00e1laton val\u00f3 r\u00e9szv\u00e9tel minden n\u0151 sz\u00e1m\u00e1ra elengedhetetlen fontoss\u00e1g\u00fa. A sz\u0171r\u0151vizsg\u00e1laton val\u00f3 r\u00e9szv\u00e9tellel lehet\u0151s\u00e9g van a betegs\u00e9gek r\u00e1kmegel\u0151z\u0151 vagy korai st\u00e1diumban t\u00f6rt\u00e9n\u0151 felfedez\u00e9s\u00e9re \u00e9s hat\u00e9kony gy\u00f3gy\u00edt\u00e1s\u00e1ra. Mikor \u00e9rdemes n\u0151gy\u00f3gy\u00e1szhoz fordulni? V\u00e9rz\u00e9szavar eset\u00e9n F\u00e1jdalom, er\u0151s g\u00f6rcs, rendszertelen ciklus eset\u00e9n Fogamz\u00e1sg\u00e1tl\u00e1s tervez\u00e9se H\u00fcvelyfoly\u00e1s, viszket\u00e9s [&hellip;]<\/p>\n","protected":false},"author":5,"featured_media":0,"parent":0,"menu_order":0,"comment_status":"closed","ping_status":"closed","template":"","meta":[],"_links":{"self":[{"href":"http:\/\/www.javorszky.hu\/wordpress\/index.php?rest_route=\/wp\/v2\/pages\/4078"}],"collection":[{"href":"http:\/\/www.javorszky.hu\/wordpress\/index.php?rest_route=\/wp\/v2\/pages"}],"about":[{"href":"http:\/\/www.javorszky.hu\/wordpress\/index.php?rest_route=\/wp\/v2\/types\/page"}],"author":[{"embeddable":true,"href":"http:\/\/www.javorszky.hu\/wordpress\/index.php?rest_route=\/wp\/v2\/users\/5"}],"replies":[{"embeddable":true,"href":"http:\/\/www.javorszky.hu\/wordpress\/index.php?rest_route=%2Fwp%2Fv2%2Fcomments&post=4078"}],"version-history":[{"count":27,"href":"http:\/\/www.javorszky.hu\/wordpress\/index.php?rest_route=\/wp\/v2\/pages\/4078\/revisions"}],"predecessor-version":[{"id":9881,"href":"http:\/\/www.javorszky.hu\/wordpress\/index.php?rest_route=\/wp\/v2\/pages\/4078\/revisions\/9881"}],"wp:attachment":[{"href":"http:\/\/www.javorszky.hu\/wordpress\/index.php?rest_route=%2Fwp%2Fv2%2Fmedia&parent=4078"}],"curies":[{"name":"wp","href":"https:\/\/api.w.org\/{rel}","templated":true}]}}