{"id":4125,"date":"2022-06-27T11:08:57","date_gmt":"2022-06-27T09:08:57","guid":{"rendered":"http:\/\/www.javorszky.hu\/wordpress\/?page_id=4125"},"modified":"2026-03-04T10:57:19","modified_gmt":"2026-03-04T09:57:19","slug":"sebeszeti-szakrendeles","status":"publish","type":"page","link":"http:\/\/www.javorszky.hu\/wordpress\/?page_id=4125","title":{"rendered":"Seb\u00e9szeti szakrendel\u00e9s"},"content":{"rendered":"\n<p class=\"has-text-align-center\"> A seb\u00e9szeti vizsg\u00e1lat sor\u00e1n a p\u00e1ciens aktu\u00e1lis \u00e1llapot\u00e1nak felm\u00e9r\u00e9se \u00e9s r\u00f6gz\u00edt\u00e9se, fizik\u00e1lis vizsg\u00e1lat, valamint a panaszok alapj\u00e1n egy\u00e9b tov\u00e1bbi szakvizsg\u00e1latok  elrendel\u00e9se t\u00f6rt\u00e9nik. A diagn\u00f3zis fel\u00e1ll\u00edt\u00e1s\u00e1hoz  egy\u00e9b sz\u00fcks\u00e9ges k\u00e9palkot\u00f3 diagnosztikai elj\u00e1r\u00e1sokat is javasolhatnak: R\u00f6ntgen, Ultrahang, CT, MRI.<\/p>\n\n\n\n<p class=\"has-text-align-center has-large-font-size\"><strong>Seb\u00e9szet<\/strong><\/p>\n\n\n\n<p class=\"has-text-align-center has-vivid-cyan-blue-color has-text-color has-medium-font-size\"><strong>A szakrendel\u00e9s beutal\u00f3 n\u00e9lk\u00fcl is ig\u00e9nybe vehet\u0151<\/strong>, <strong>de k\u00f6zponti el\u0151jegyz\u00e9s sz\u00fcks\u00e9ges<\/strong>!<\/p>\n\n\n\n<h5 class=\"has-text-align-center has-black-color has-text-color has-medium-font-size\"><strong>El\u0151jegyz\u00e9s<\/strong><\/h5>\n\n\n\n<p class=\"has-text-align-center has-vivid-cyan-blue-color has-text-color has-medium-font-size\"><strong>0627\/620-676,0627\/620-677 vagy &#x65;&#x6c;&#111;&#106;&#101;g&#x79;&#x7a;&#x65;&#115;&#64;ja&#x76;&#x6f;&#x72;&#115;&#122;k&#x79;&#x2e;&#x68;&#117;<\/strong><\/p>\n\n\n\n<p class=\"has-text-align-center\"><strong><mark style=\"background-color:rgba(0, 0, 0, 0)\" class=\"has-inline-color has-vivid-red-color\">BEJELENTKEZNI  A SZAKRENDEL\u0150 KARTONOZ\u00d3J\u00c1BAN!<\/mark><\/strong><\/p>\n\n\n\n<p>Inform\u00e1ci\u00f3k: <strong>munkanapokon 8:00-9:00<\/strong><\/p>\n\n\n\n<p>Telefonsz\u00e1m:<strong> +36 27\/620-620\/<mark style=\"background-color:rgba(0, 0, 0, 0)\" class=\"has-inline-color has-vivid-cyan-blue-color\">1440<\/mark><\/strong><\/p>\n\n\n\n<p>Rendel\u00e9s helye: <strong>Szakrendel\u0151 I.emelet R117<\/strong><\/p>\n\n\n\n<figure class=\"wp-block-table is-style-stripes\"><table class=\"has-pale-cyan-blue-background-color has-background\"><thead><tr><th><strong>Orvosok<\/strong><\/th><th class=\"has-text-align-center\" data-align=\"center\"><strong>H\u00e9tf\u0151<\/strong><\/th><th class=\"has-text-align-center\" data-align=\"center\"><strong>Kedd<\/strong><\/th><th class=\"has-text-align-center\" data-align=\"center\"><strong>Szerda<\/strong><\/th><th class=\"has-text-align-center\" data-align=\"center\"><strong>Cs\u00fct\u00f6rt\u00f6k<\/strong><\/th><th class=\"has-text-align-center\" data-align=\"center\"><strong>P\u00e9ntek<\/strong><\/th><\/tr><\/thead><tbody><tr><td><strong>Dr. Nagy Jen\u0151<\/strong><\/td><td class=\"has-text-align-center\" data-align=\"center\"><strong>9:00-14:00<\/strong><\/td><td class=\"has-text-align-center\" data-align=\"center\">&#8211;<\/td><td class=\"has-text-align-center\" data-align=\"center\">&#8211;<\/td><td class=\"has-text-align-center\" data-align=\"center\">&#8211;<\/td><td class=\"has-text-align-center\" data-align=\"center\">&#8211;<\/td><\/tr><tr><td><strong>Dr. Grics L\u00e1szl\u00f3<\/strong><\/td><td class=\"has-text-align-center\" data-align=\"center\">&#8211;<\/td><td class=\"has-text-align-center\" data-align=\"center\"><strong>9:00-14:00<\/strong><\/td><td class=\"has-text-align-center\" data-align=\"center\">&#8211;<\/td><td class=\"has-text-align-center\" data-align=\"center\">&#8211;<\/td><td class=\"has-text-align-center\" data-align=\"center\">&#8211;<\/td><\/tr><tr><td><strong>Dr. El-Meouch Hicham<\/strong><\/td><td class=\"has-text-align-center\" data-align=\"center\"><\/td><td class=\"has-text-align-center\" data-align=\"center\"><\/td><td class=\"has-text-align-center\" data-align=\"center\"><strong>9:00-14:00<\/strong><\/td><td class=\"has-text-align-center\" data-align=\"center\"><\/td><td class=\"has-text-align-center\" data-align=\"center\"><\/td><\/tr><tr><td><strong>Dr. K\u00f6teles Csaba<\/strong><\/td><td class=\"has-text-align-center\" data-align=\"center\"><\/td><td class=\"has-text-align-center\" data-align=\"center\"><\/td><td class=\"has-text-align-center\" data-align=\"center\"><\/td><td class=\"has-text-align-center\" data-align=\"center\"><strong>9:00-14:00<\/strong><\/td><td class=\"has-text-align-center\" data-align=\"center\"><\/td><\/tr><tr><td><strong>Dr. Malan Dorin Cristian<\/strong><\/td><td class=\"has-text-align-center\" data-align=\"center\">&#8211;<\/td><td class=\"has-text-align-center\" data-align=\"center\">&#8211;<\/td><td class=\"has-text-align-center\" data-align=\"center\">&#8211;<\/td><td class=\"has-text-align-center\" data-align=\"center\">&#8211;<\/td><td class=\"has-text-align-center\" data-align=\"center\"><strong>9:00-14:00<\/strong><\/td><\/tr><\/tbody><\/table><\/figure>\n\n\n\n<hr class=\"wp-block-separator has-css-opacity\"\/>\n\n\n\n<figure class=\"wp-block-table is-style-stripes\"><table class=\"has-pale-cyan-blue-background-color has-background\"><tbody><tr><td><strong>Orvos                                                                                                   Szerda<\/strong>                                       <strong><mark style=\"background-color:rgba(0, 0, 0, 0)\" class=\"has-inline-color has-black-color\"> Rendel\u00e9s helye<\/mark><\/strong><\/td><\/tr><tr><td><strong>Dr. Kakucs T\u00edmea                                                                             9:00-14:00<\/strong>                                    <strong> Szakrendel\u0151 I. emelet R120<\/strong><\/td><\/tr><\/tbody><\/table><\/figure>\n","protected":false},"excerpt":{"rendered":"<p>A seb\u00e9szeti vizsg\u00e1lat sor\u00e1n a p\u00e1ciens aktu\u00e1lis \u00e1llapot\u00e1nak felm\u00e9r\u00e9se \u00e9s r\u00f6gz\u00edt\u00e9se, fizik\u00e1lis vizsg\u00e1lat, valamint a panaszok alapj\u00e1n egy\u00e9b tov\u00e1bbi szakvizsg\u00e1latok elrendel\u00e9se t\u00f6rt\u00e9nik. A diagn\u00f3zis fel\u00e1ll\u00edt\u00e1s\u00e1hoz egy\u00e9b sz\u00fcks\u00e9ges k\u00e9palkot\u00f3 diagnosztikai elj\u00e1r\u00e1sokat is javasolhatnak: R\u00f6ntgen, Ultrahang, CT, MRI. Seb\u00e9szet A szakrendel\u00e9s beutal\u00f3 n\u00e9lk\u00fcl is ig\u00e9nybe vehet\u0151, de k\u00f6zponti el\u0151jegyz\u00e9s sz\u00fcks\u00e9ges! El\u0151jegyz\u00e9s 0627\/620-676,0627\/620-677 vagy el&#111;&#106;&#101;&#103;&#x79;&#x7a;&#x65;&#x73;&#x40;ja&#118;&#111;&#114;&#115;&#x7a;&#x6b;&#x79;&#x2e;&#x68;u BEJELENTKEZNI A SZAKRENDEL\u0150 [&hellip;]<\/p>\n","protected":false},"author":5,"featured_media":0,"parent":0,"menu_order":0,"comment_status":"closed","ping_status":"closed","template":"","meta":[],"_links":{"self":[{"href":"http:\/\/www.javorszky.hu\/wordpress\/index.php?rest_route=\/wp\/v2\/pages\/4125"}],"collection":[{"href":"http:\/\/www.javorszky.hu\/wordpress\/index.php?rest_route=\/wp\/v2\/pages"}],"about":[{"href":"http:\/\/www.javorszky.hu\/wordpress\/index.php?rest_route=\/wp\/v2\/types\/page"}],"author":[{"embeddable":true,"href":"http:\/\/www.javorszky.hu\/wordpress\/index.php?rest_route=\/wp\/v2\/users\/5"}],"replies":[{"embeddable":true,"href":"http:\/\/www.javorszky.hu\/wordpress\/index.php?rest_route=%2Fwp%2Fv2%2Fcomments&post=4125"}],"version-history":[{"count":39,"href":"http:\/\/www.javorszky.hu\/wordpress\/index.php?rest_route=\/wp\/v2\/pages\/4125\/revisions"}],"predecessor-version":[{"id":9811,"href":"http:\/\/www.javorszky.hu\/wordpress\/index.php?rest_route=\/wp\/v2\/pages\/4125\/revisions\/9811"}],"wp:attachment":[{"href":"http:\/\/www.javorszky.hu\/wordpress\/index.php?rest_route=%2Fwp%2Fv2%2Fmedia&parent=4125"}],"curies":[{"name":"wp","href":"https:\/\/api.w.org\/{rel}","templated":true}]}}