{"id":4132,"date":"2022-06-27T11:31:23","date_gmt":"2022-06-27T09:31:23","guid":{"rendered":"http:\/\/www.javorszky.hu\/wordpress\/?page_id=4132"},"modified":"2026-03-30T10:24:26","modified_gmt":"2026-03-30T08:24:26","slug":"traumatologiai-szakrendeles","status":"publish","type":"page","link":"http:\/\/www.javorszky.hu\/wordpress\/?page_id=4132","title":{"rendered":"Traumatol\u00f3giai szakrendel\u00e9s"},"content":{"rendered":"\n<p>A traumatol\u00f3gia, vagy m\u00e1s n\u00e9ven baleseti seb\u00e9szet \u00f6n\u00e1ll\u00f3 szakter\u00fclet, a s\u00e9r\u00fcl\u00e9seket k\u00f6vet\u0151 elv\u00e1ltoz\u00e1sok kezel\u00e9s\u00e9vel, a f\u00e1jdalom csillap\u00edt\u00e1s\u00e1val,&nbsp; valamint a s\u00e9r\u00fclt testr\u00e9sz anat\u00f3miai \u00e1llapot\u00e1nak \u00e9s funkci\u00f3j\u00e1nak helyre\u00e1ll\u00edt\u00e1s\u00e1val foglalkozik. Traum\u00e1s esem\u00e9ny eset\u00e9n valamilyen mechanikai behat\u00e1s miatt  v\u00e9gtag s\u00e9r\u00fcl\u00e9sek, izoms\u00e9r\u00fcl\u00e9sek,kisebb t\u00f6r\u00e9sek,\u00edz\u00fcleti s\u00e9r\u00fcl\u00e9sek,r\u00e1ndul\u00e1sok,h\u00faz\u00f3d\u00e1sok j\u00f6nnek l\u00e9tre. <\/p>\n\n\n\n<p>A traumatol\u00f3gus feladata ezek felismer\u00e9se, diagnosztiz\u00e1l\u00e1sa \u00e9s megfelel\u0151 kezel\u00e9se.<\/p>\n\n\n\n<hr class=\"wp-block-separator has-css-opacity\"\/>\n\n\n\n<p class=\"has-vivid-cyan-blue-color has-text-color\"><strong>A vizsg\u00e1lathoz SBO ambul\u00e1ns lap sz\u00fcks\u00e9ges<\/strong><\/p>\n\n\n\n<p><strong>Rendel\u00e9s helye: <\/strong>Szakrendel\u0151 f\u00f6ldszint R055 \u00e9s R058<\/p>\n\n\n\n<figure class=\"wp-block-table is-style-stripes\"><table class=\"has-pale-cyan-blue-background-color has-background\"><thead><tr><th><\/th><th class=\"has-text-align-center\" data-align=\"center\"><strong>H\u00e9tf\u0151<\/strong><\/th><th class=\"has-text-align-center\" data-align=\"center\"><strong>Kedd<\/strong><\/th><th class=\"has-text-align-center\" data-align=\"center\"><strong>Szerda<\/strong><\/th><th class=\"has-text-align-center\" data-align=\"center\"><strong>Cs\u00fct\u00f6rt\u00f6k<\/strong><\/th><th class=\"has-text-align-center\" data-align=\"center\"><strong>P\u00e9ntek<\/strong><\/th><\/tr><\/thead><tbody><tr><td><strong>kontroll vizsg\u00e1latok<\/strong><\/td><td class=\"has-text-align-center\" data-align=\"center\"><strong>8:00-14:00<\/strong><\/td><td class=\"has-text-align-center\" data-align=\"center\"><strong>8:00-14:00<\/strong><\/td><td class=\"has-text-align-center\" data-align=\"center\"><strong>8:00-14:00<\/strong><\/td><td class=\"has-text-align-center\" data-align=\"center\"><strong>8:00-14:00<\/strong><\/td><td class=\"has-text-align-center\" data-align=\"center\"><strong>8:00-13:00<\/strong><\/td><\/tr><\/tbody><\/table><\/figure>\n","protected":false},"excerpt":{"rendered":"<p>A traumatol\u00f3gia, vagy m\u00e1s n\u00e9ven baleseti seb\u00e9szet \u00f6n\u00e1ll\u00f3 szakter\u00fclet, a s\u00e9r\u00fcl\u00e9seket k\u00f6vet\u0151 elv\u00e1ltoz\u00e1sok kezel\u00e9s\u00e9vel, a f\u00e1jdalom csillap\u00edt\u00e1s\u00e1val,&nbsp; valamint a s\u00e9r\u00fclt testr\u00e9sz anat\u00f3miai \u00e1llapot\u00e1nak \u00e9s funkci\u00f3j\u00e1nak helyre\u00e1ll\u00edt\u00e1s\u00e1val foglalkozik. Traum\u00e1s esem\u00e9ny eset\u00e9n valamilyen mechanikai behat\u00e1s miatt v\u00e9gtag s\u00e9r\u00fcl\u00e9sek, izoms\u00e9r\u00fcl\u00e9sek,kisebb t\u00f6r\u00e9sek,\u00edz\u00fcleti s\u00e9r\u00fcl\u00e9sek,r\u00e1ndul\u00e1sok,h\u00faz\u00f3d\u00e1sok j\u00f6nnek l\u00e9tre. A traumatol\u00f3gus feladata ezek felismer\u00e9se, diagnosztiz\u00e1l\u00e1sa \u00e9s megfelel\u0151 kezel\u00e9se. A vizsg\u00e1lathoz SBO ambul\u00e1ns lap [&hellip;]<\/p>\n","protected":false},"author":5,"featured_media":0,"parent":0,"menu_order":0,"comment_status":"closed","ping_status":"closed","template":"","meta":[],"_links":{"self":[{"href":"http:\/\/www.javorszky.hu\/wordpress\/index.php?rest_route=\/wp\/v2\/pages\/4132"}],"collection":[{"href":"http:\/\/www.javorszky.hu\/wordpress\/index.php?rest_route=\/wp\/v2\/pages"}],"about":[{"href":"http:\/\/www.javorszky.hu\/wordpress\/index.php?rest_route=\/wp\/v2\/types\/page"}],"author":[{"embeddable":true,"href":"http:\/\/www.javorszky.hu\/wordpress\/index.php?rest_route=\/wp\/v2\/users\/5"}],"replies":[{"embeddable":true,"href":"http:\/\/www.javorszky.hu\/wordpress\/index.php?rest_route=%2Fwp%2Fv2%2Fcomments&post=4132"}],"version-history":[{"count":10,"href":"http:\/\/www.javorszky.hu\/wordpress\/index.php?rest_route=\/wp\/v2\/pages\/4132\/revisions"}],"predecessor-version":[{"id":9893,"href":"http:\/\/www.javorszky.hu\/wordpress\/index.php?rest_route=\/wp\/v2\/pages\/4132\/revisions\/9893"}],"wp:attachment":[{"href":"http:\/\/www.javorszky.hu\/wordpress\/index.php?rest_route=%2Fwp%2Fv2%2Fmedia&parent=4132"}],"curies":[{"name":"wp","href":"https:\/\/api.w.org\/{rel}","templated":true}]}}