{"id":4391,"date":"2022-08-18T10:24:50","date_gmt":"2022-08-18T08:24:50","guid":{"rendered":"http:\/\/www.javorszky.hu\/wordpress\/?page_id=4391"},"modified":"2022-08-18T10:24:50","modified_gmt":"2022-08-18T08:24:50","slug":"varolista","status":"publish","type":"page","link":"http:\/\/www.javorszky.hu\/wordpress\/?page_id=4391","title":{"rendered":"V\u00e1r\u00f3lista"},"content":{"rendered":"\n<p>Az int\u00e9zm\u00e9nyi v\u00e1r\u00f3lista az al\u00e1bbi hivatkoz\u00e1son \u00e9rhet\u0151 el:<\/p>\n\n\n\n<p><a href=\"http:\/\/neak.gov.hu\/felso_menu\/lakossagnak\/varolista\">V\u00e1r\u00f3lista<\/a><\/p>\n","protected":false},"excerpt":{"rendered":"<p>Az int\u00e9zm\u00e9nyi v\u00e1r\u00f3lista az al\u00e1bbi hivatkoz\u00e1son \u00e9rhet\u0151 el: V\u00e1r\u00f3lista<\/p>\n","protected":false},"author":5,"featured_media":0,"parent":0,"menu_order":0,"comment_status":"closed","ping_status":"closed","template":"","meta":[],"_links":{"self":[{"href":"http:\/\/www.javorszky.hu\/wordpress\/index.php?rest_route=\/wp\/v2\/pages\/4391"}],"collection":[{"href":"http:\/\/www.javorszky.hu\/wordpress\/index.php?rest_route=\/wp\/v2\/pages"}],"about":[{"href":"http:\/\/www.javorszky.hu\/wordpress\/index.php?rest_route=\/wp\/v2\/types\/page"}],"author":[{"embeddable":true,"href":"http:\/\/www.javorszky.hu\/wordpress\/index.php?rest_route=\/wp\/v2\/users\/5"}],"replies":[{"embeddable":true,"href":"http:\/\/www.javorszky.hu\/wordpress\/index.php?rest_route=%2Fwp%2Fv2%2Fcomments&post=4391"}],"version-history":[{"count":1,"href":"http:\/\/www.javorszky.hu\/wordpress\/index.php?rest_route=\/wp\/v2\/pages\/4391\/revisions"}],"predecessor-version":[{"id":4392,"href":"http:\/\/www.javorszky.hu\/wordpress\/index.php?rest_route=\/wp\/v2\/pages\/4391\/revisions\/4392"}],"wp:attachment":[{"href":"http:\/\/www.javorszky.hu\/wordpress\/index.php?rest_route=%2Fwp%2Fv2%2Fmedia&parent=4391"}],"curies":[{"name":"wp","href":"https:\/\/api.w.org\/{rel}","templated":true}]}}