{"id":4948,"date":"2022-09-26T10:13:10","date_gmt":"2022-09-26T08:13:10","guid":{"rendered":"http:\/\/www.javorszky.hu\/wordpress\/?page_id=4948"},"modified":"2025-08-18T11:34:27","modified_gmt":"2025-08-18T09:34:27","slug":"izotop-diagnosztika-es-terapia","status":"publish","type":"page","link":"http:\/\/www.javorszky.hu\/wordpress\/?page_id=4948","title":{"rendered":"Izot\u00f3p diagnosztika \u00e9s ter\u00e1pia"},"content":{"rendered":"\n<p>Pajzsmirigy szcintigr\u00e1fi\u00e1s vizsg\u00e1latra val\u00f3 id\u0151pont k\u00e9r\u00e9s : <\/p>\n\n\n\n<p><strong><mark style=\"background-color:rgba(0, 0, 0, 0)\" class=\"has-inline-color has-vivid-cyan-blue-color\">0627\/ 620-620\/ 1205 mell\u00e9k<\/mark><\/strong> , munkanapokon <strong>8:00-13:00 <\/strong>k\u00f6z\u00f6tt.<\/p>\n\n\n\n<p><strong><mark style=\"background-color:rgba(0, 0, 0, 0)\" class=\"has-inline-color has-vivid-cyan-blue-color\">A vizsg\u00e1lathoz beutal\u00f3 sz\u00fcks\u00e9ges <\/mark><\/strong>(endokrinol\u00f3gus szakorvosi).<\/p>\n\n\n\n<p><strong>Rendel\u00e9s helye: <\/strong><mark style=\"background-color:rgba(0, 0, 0, 0)\" class=\"has-inline-color has-vivid-cyan-blue-color\"> <strong>K\u00f3rh\u00e1z E pavilon f\u00f6ldszint<\/strong><\/mark><\/p>\n\n\n\n<p><\/p>\n","protected":false},"excerpt":{"rendered":"<p>Pajzsmirigy szcintigr\u00e1fi\u00e1s vizsg\u00e1latra val\u00f3 id\u0151pont k\u00e9r\u00e9s : 0627\/ 620-620\/ 1205 mell\u00e9k , munkanapokon 8:00-13:00 k\u00f6z\u00f6tt. A vizsg\u00e1lathoz beutal\u00f3 sz\u00fcks\u00e9ges (endokrinol\u00f3gus szakorvosi). Rendel\u00e9s helye: K\u00f3rh\u00e1z E pavilon f\u00f6ldszint<\/p>\n","protected":false},"author":5,"featured_media":0,"parent":0,"menu_order":0,"comment_status":"closed","ping_status":"closed","template":"","meta":[],"_links":{"self":[{"href":"http:\/\/www.javorszky.hu\/wordpress\/index.php?rest_route=\/wp\/v2\/pages\/4948"}],"collection":[{"href":"http:\/\/www.javorszky.hu\/wordpress\/index.php?rest_route=\/wp\/v2\/pages"}],"about":[{"href":"http:\/\/www.javorszky.hu\/wordpress\/index.php?rest_route=\/wp\/v2\/types\/page"}],"author":[{"embeddable":true,"href":"http:\/\/www.javorszky.hu\/wordpress\/index.php?rest_route=\/wp\/v2\/users\/5"}],"replies":[{"embeddable":true,"href":"http:\/\/www.javorszky.hu\/wordpress\/index.php?rest_route=%2Fwp%2Fv2%2Fcomments&post=4948"}],"version-history":[{"count":8,"href":"http:\/\/www.javorszky.hu\/wordpress\/index.php?rest_route=\/wp\/v2\/pages\/4948\/revisions"}],"predecessor-version":[{"id":8903,"href":"http:\/\/www.javorszky.hu\/wordpress\/index.php?rest_route=\/wp\/v2\/pages\/4948\/revisions\/8903"}],"wp:attachment":[{"href":"http:\/\/www.javorszky.hu\/wordpress\/index.php?rest_route=%2Fwp%2Fv2%2Fmedia&parent=4948"}],"curies":[{"name":"wp","href":"https:\/\/api.w.org\/{rel}","templated":true}]}}