{"id":4955,"date":"2022-09-26T10:22:58","date_gmt":"2022-09-26T08:22:58","guid":{"rendered":"http:\/\/www.javorszky.hu\/wordpress\/?page_id=4955"},"modified":"2026-04-14T09:36:56","modified_gmt":"2026-04-14T07:36:56","slug":"dietetika","status":"publish","type":"page","link":"http:\/\/www.javorszky.hu\/wordpress\/?page_id=4955","title":{"rendered":"Dietetika"},"content":{"rendered":"\n<p style=\"line-height:1\"><strong>Egy\u00e9ni id\u0151pont egyeztet\u00e9s:<\/strong> <strong><mark style=\"background-color:rgba(0, 0, 0, 0)\" class=\"has-inline-color has-vivid-cyan-blue-color\">0670\/646-1075<\/mark><\/strong><\/p>\n\n\n\n<p style=\"line-height:1\"><strong><mark style=\"background-color:rgba(0, 0, 0, 0)\" class=\"has-inline-color has-vivid-red-color\">Nem beutal\u00f3 k\u00f6teles<\/mark><\/strong><\/p>\n\n\n\n<p style=\"line-height:0.7\"><strong>Dietetikusok<\/strong>: <\/p>\n\n\n\n<p style=\"line-height:0.7\"><mark style=\"background-color:rgba(0, 0, 0, 0)\" class=\"has-inline-color has-vivid-cyan-blue-color\"><strong>Szamosv\u00f6lgyi Csilla<\/strong> <\/mark><\/p>\n\n\n\n<p style=\"line-height:0.7\"><mark style=\"background-color:rgba(0, 0, 0, 0)\" class=\"has-inline-color has-vivid-cyan-blue-color\"><strong>Feik Bernadett<\/strong><\/mark><\/p>\n\n\n\n<p style=\"line-height:0.7\"><strong>Rendel\u00e9s helye:<\/strong>  Szakrendel\u0151 f\u00f6ldszint<strong><mark style=\"background-color:rgba(0, 0, 0, 0)\" class=\"has-inline-color has-vivid-cyan-blue-color\"> R037<\/mark><\/strong><\/p>\n\n\n\n<p style=\"line-height:1\">A dietetikai tan\u00e1csad\u00e1s egyr\u00e9szt az eg\u00e9szs\u00e9ges emberek sz\u00e1m\u00e1ra az eg\u00e9szs\u00e9g meg\u0151rz\u00e9s\u00e9t szolg\u00e1lja, m\u00e1sr\u00e9szt valamely betegs\u00e9g, vagy k\u00f3ros \u00e1llapot miatt sz\u00fcks\u00e9ges egy\u00e9nre szabott t\u00e1pl\u00e1lkoz\u00e1si \u00e9s \u00e9letm\u00f3d tan\u00e1csad\u00e1st jelent. A dietetikai konzult\u00e1ci\u00f3 sor\u00e1n felm\u00e9r\u00e9sre ker\u00fcl a p\u00e1ciens t\u00e1pl\u00e1lkoz\u00e1si szok\u00e1sa \u00e9s t\u00e1pl\u00e1lts\u00e1gi \u00e1llapota, valamint az aktu\u00e1lis \u00e9s kor\u00e1bbi betegs\u00e9gek \u00e9s azokra alkalmazott ter\u00e1pia is.<\/p>\n\n\n\n<p style=\"line-height:1\">A dietetikus seg\u00edt kialak\u00edtani egy szem\u00e9lyre szabott, az egy\u00e9n probl\u00e9m\u00e1ira f\u00f3kusz\u00e1lt t\u00e1pl\u00e1lkoz\u00e1si tervet, mellyel a p\u00e1ciens tudatos \u00e9s helyes d\u00f6nt\u00e9seket k\u00e9pes hozni a t\u00e1pl\u00e1lkoz\u00e1s\u00e1val kapcsolatosan.<\/p>\n\n\n\n<p style=\"line-height:1\"><strong><mark style=\"background-color:rgba(0, 0, 0, 0)\" class=\"has-inline-color has-vivid-cyan-blue-color\">Miben tud a dietetikus seg\u00edteni?<\/mark><\/strong><\/p>\n\n\n\n<p class=\"has-text-align-left\" style=\"line-height:1\">\u2022&nbsp;az \u00e9letm\u00f3d v\u00e1ltoztat\u00e1sban, az eg\u00e9szs\u00e9g megtart\u00e1s\u00e1ban, a betegs\u00e9gek megel\u0151z\u00e9s\u00e9ben (prevenci\u00f3ban<\/p>\n\n\n\n<p class=\"has-text-align-left\" style=\"line-height:1\">\u2022&nbsp;a m\u00e1r kialakult betegs\u00e9gek \u00e9trendi tan\u00e1csad\u00e1s\u00e1ban<\/p>\n\n\n\n<p class=\"has-text-align-left\" style=\"line-height:1\">\u2022&nbsp;olyan betegs\u00e9gekn\u00e9l, amelyekben a di\u00e9ta elengedhetetlen felt\u00e9tele a gy\u00f3gyul\u00e1snak, anyagcsere betegs\u00e9gekben (diagnosztiz\u00e1lt cukorbetegs\u00e9g vagy inzulinrezisztencia)<\/p>\n\n\n\n<p class=\"has-text-align-left\" style=\"line-height:1\">\u2022 tests\u00faly cs\u00f6kkent\u00e9s vagy n\u00f6vel\u00e9s c\u00e9lj\u00e1b\u00f3l<\/p>\n\n\n\n<p class=\"has-text-align-left\" style=\"line-height:1\">\u2022&nbsp;diagnosztiz\u00e1lt t\u00e1pl\u00e1l\u00e9k allergia vagy intolerancia<\/p>\n\n\n\n<p class=\"has-text-align-left\" style=\"line-height:1\">\u2022&nbsp;em\u00e9szt\u0151szervi betegs\u00e9gek eset\u00e9n (reflux, gyullad\u00e1sos b\u00e9lbetegs\u00e9g, hasny\u00e1lmirigy gyullad\u00e1s, epe- \u00e9s m\u00e1jbetegs\u00e9gek\u2026)<\/p>\n\n\n\n<p class=\"has-text-align-left\" style=\"line-height:1\">\u2022 sz\u00edv- \u00e9s \u00e9rrendszeri betegs\u00e9gek<\/p>\n\n\n<div class=\"wp-block-image\">\n<figure class=\"aligncenter size-large is-resized\"><a href=\"https:\/\/www.javorszky.hu\/wordpress\/wp-content\/uploads\/2026\/04\/DK-1.png\"><img loading=\"lazy\" src=\"https:\/\/www.javorszky.hu\/wordpress\/wp-content\/uploads\/2026\/04\/DK-1-724x1024.png\" alt=\"\" class=\"wp-image-9953\" width=\"570\" height=\"803\"\/><\/a><\/figure><\/div>","protected":false},"excerpt":{"rendered":"<p>Egy\u00e9ni id\u0151pont egyeztet\u00e9s: 0670\/646-1075 Nem beutal\u00f3 k\u00f6teles Dietetikusok: Szamosv\u00f6lgyi Csilla Feik Bernadett Rendel\u00e9s helye: Szakrendel\u0151 f\u00f6ldszint R037 A dietetikai tan\u00e1csad\u00e1s egyr\u00e9szt az eg\u00e9szs\u00e9ges emberek sz\u00e1m\u00e1ra az eg\u00e9szs\u00e9g meg\u0151rz\u00e9s\u00e9t szolg\u00e1lja, m\u00e1sr\u00e9szt valamely betegs\u00e9g, vagy k\u00f3ros \u00e1llapot miatt sz\u00fcks\u00e9ges egy\u00e9nre szabott t\u00e1pl\u00e1lkoz\u00e1si \u00e9s \u00e9letm\u00f3d tan\u00e1csad\u00e1st jelent. A dietetikai konzult\u00e1ci\u00f3 sor\u00e1n felm\u00e9r\u00e9sre ker\u00fcl a p\u00e1ciens t\u00e1pl\u00e1lkoz\u00e1si szok\u00e1sa \u00e9s [&hellip;]<\/p>\n","protected":false},"author":5,"featured_media":0,"parent":0,"menu_order":0,"comment_status":"closed","ping_status":"closed","template":"","meta":[],"_links":{"self":[{"href":"http:\/\/www.javorszky.hu\/wordpress\/index.php?rest_route=\/wp\/v2\/pages\/4955"}],"collection":[{"href":"http:\/\/www.javorszky.hu\/wordpress\/index.php?rest_route=\/wp\/v2\/pages"}],"about":[{"href":"http:\/\/www.javorszky.hu\/wordpress\/index.php?rest_route=\/wp\/v2\/types\/page"}],"author":[{"embeddable":true,"href":"http:\/\/www.javorszky.hu\/wordpress\/index.php?rest_route=\/wp\/v2\/users\/5"}],"replies":[{"embeddable":true,"href":"http:\/\/www.javorszky.hu\/wordpress\/index.php?rest_route=%2Fwp%2Fv2%2Fcomments&post=4955"}],"version-history":[{"count":29,"href":"http:\/\/www.javorszky.hu\/wordpress\/index.php?rest_route=\/wp\/v2\/pages\/4955\/revisions"}],"predecessor-version":[{"id":9955,"href":"http:\/\/www.javorszky.hu\/wordpress\/index.php?rest_route=\/wp\/v2\/pages\/4955\/revisions\/9955"}],"wp:attachment":[{"href":"http:\/\/www.javorszky.hu\/wordpress\/index.php?rest_route=%2Fwp%2Fv2%2Fmedia&parent=4955"}],"curies":[{"name":"wp","href":"https:\/\/api.w.org\/{rel}","templated":true}]}}