{"id":5117,"date":"2022-10-12T11:24:11","date_gmt":"2022-10-12T09:24:11","guid":{"rendered":"http:\/\/www.javorszky.hu\/wordpress\/?page_id=5117"},"modified":"2023-11-02T17:03:24","modified_gmt":"2023-11-02T16:03:24","slug":"adatvedelem-gdpr","status":"publish","type":"page","link":"http:\/\/www.javorszky.hu\/wordpress\/?page_id=5117","title":{"rendered":"Adatv\u00e9delem (GDPR)"},"content":{"rendered":"\n<figure class=\"wp-block-table is-style-stripes has-x-large-font-size\"><table class=\"has-pale-cyan-blue-background-color has-background\"><tbody><tr><td class=\"has-text-align-center\" data-align=\"center\"><strong>GDPR RENDELET<\/strong><br><a href=\"http:\/\/www.javorszky.hu\/wordpress\/wp-content\/uploads\/2023\/02\/GDPR_HU_korregendumokkal.pdf\" data-type=\"URL\" data-id=\"http:\/\/www.javorszky.hu\/wordpress\/wp-content\/uploads\/2023\/02\/GDPR_HU_korregendumokkal.pdf\"><br>LET\u00d6LT\u00c9S<\/a><\/td><\/tr><tr><td class=\"has-text-align-center\" data-align=\"center\"><strong>ADATV\u00c9DELMI ALAPADATOK<\/strong><br><br><a href=\"http:\/\/www.javorszky.hu\/wordpress\/wp-content\/uploads\/2023\/11\/Adatvedelmi-alapadatok-2023.11.02.-3.pdf\" data-type=\"URL\" data-id=\"http:\/\/www.javorszky.hu\/wordpress\/wp-content\/uploads\/2023\/11\/Adatvedelmi-alapadatok-2023.11.02.-3.pdf\">LET\u00d6LT\u00c9S<\/a><\/td><\/tr><tr><td class=\"has-text-align-center\" data-align=\"center\"><strong>Felhaszn\u00e1l\u00e1si felt\u00e9telek \u00e9s adatkezel\u00e9si t\u00e1j\u00e9koztat\u00f3 a VEND\u00c9G  WIFI szolg\u00e1ltat\u00e1s ig\u00e9nybev\u00e9tel\u00e9vel kapcsolatosan<\/strong><br><br><a href=\"http:\/\/www.javorszky.hu\/wordpress\/wp-content\/uploads\/2023\/02\/FELHASZNALASI-FEFELTETELEK-ES-ADATKEZELESI-TAJEKOZTATO-A-VENDEG-WIFI-SZOLGALTATAS-IGENYBEVETELEVEL.pdf\">LET\u00d6LT\u00c9S<\/a><\/td><\/tr><tr><td class=\"has-text-align-center\" data-align=\"center\"><strong>Adatv\u00e9delmi t\u00e1j\u00e9koztat\u00f3 \u00e9s folyamatle\u00edr\u00e1s honlapl\u00e1togat\u00f3k r\u00e9sz\u00e9re<\/strong><br><br><a href=\"http:\/\/www.javorszky.hu\/wordpress\/wp-content\/uploads\/2023\/02\/Adatvedelmi-tajekoztato-honlaplatogatok-reszere-2.pdf\">LET\u00d6LT\u00c9S<\/a><\/td><\/tr><tr><td class=\"has-text-align-center\" data-align=\"center\"><strong>Cookie (\u201es\u00fcti\u201d) szab\u00e1lyzat<\/strong><br><br><a href=\"http:\/\/www.javorszky.hu\/wordpress\/wp-content\/uploads\/2023\/02\/Cookie-szabalyzat-2.pdf\">LET\u00d6LT\u00c9S<\/a><\/td><\/tr><tr><td class=\"has-text-align-center\" data-align=\"center\"><strong>Adatv\u00e9delmi t\u00e1j\u00e9koztat\u00f3 vagyonv\u00e9delmi ter\u00fclettel kapcsolatos adatkezel\u00e9sekr\u0151l<\/strong><br><br><a href=\"http:\/\/www.javorszky.hu\/wordpress\/wp-content\/uploads\/2023\/02\/Adatvedelmi-tajekoztato-vagyonvedelmi-terulettel-kapcsolatos-adatkezelesekrol-.pdf\">LET\u00d6LT\u00c9S<\/a><\/td><\/tr><\/tbody><\/table><\/figure>\n","protected":false},"excerpt":{"rendered":"<p>GDPR RENDELETLET\u00d6LT\u00c9S ADATV\u00c9DELMI ALAPADATOK LET\u00d6LT\u00c9S Felhaszn\u00e1l\u00e1si felt\u00e9telek \u00e9s adatkezel\u00e9si t\u00e1j\u00e9koztat\u00f3 a VEND\u00c9G WIFI szolg\u00e1ltat\u00e1s ig\u00e9nybev\u00e9tel\u00e9vel kapcsolatosan LET\u00d6LT\u00c9S Adatv\u00e9delmi t\u00e1j\u00e9koztat\u00f3 \u00e9s folyamatle\u00edr\u00e1s honlapl\u00e1togat\u00f3k r\u00e9sz\u00e9re LET\u00d6LT\u00c9S Cookie (\u201es\u00fcti\u201d) szab\u00e1lyzat LET\u00d6LT\u00c9S Adatv\u00e9delmi t\u00e1j\u00e9koztat\u00f3 vagyonv\u00e9delmi ter\u00fclettel kapcsolatos adatkezel\u00e9sekr\u0151l LET\u00d6LT\u00c9S<\/p>\n","protected":false},"author":1,"featured_media":0,"parent":0,"menu_order":0,"comment_status":"closed","ping_status":"closed","template":"","meta":[],"_links":{"self":[{"href":"http:\/\/www.javorszky.hu\/wordpress\/index.php?rest_route=\/wp\/v2\/pages\/5117"}],"collection":[{"href":"http:\/\/www.javorszky.hu\/wordpress\/index.php?rest_route=\/wp\/v2\/pages"}],"about":[{"href":"http:\/\/www.javorszky.hu\/wordpress\/index.php?rest_route=\/wp\/v2\/types\/page"}],"author":[{"embeddable":true,"href":"http:\/\/www.javorszky.hu\/wordpress\/index.php?rest_route=\/wp\/v2\/users\/1"}],"replies":[{"embeddable":true,"href":"http:\/\/www.javorszky.hu\/wordpress\/index.php?rest_route=%2Fwp%2Fv2%2Fcomments&post=5117"}],"version-history":[{"count":15,"href":"http:\/\/www.javorszky.hu\/wordpress\/index.php?rest_route=\/wp\/v2\/pages\/5117\/revisions"}],"predecessor-version":[{"id":6400,"href":"http:\/\/www.javorszky.hu\/wordpress\/index.php?rest_route=\/wp\/v2\/pages\/5117\/revisions\/6400"}],"wp:attachment":[{"href":"http:\/\/www.javorszky.hu\/wordpress\/index.php?rest_route=%2Fwp%2Fv2%2Fmedia&parent=5117"}],"curies":[{"name":"wp","href":"https:\/\/api.w.org\/{rel}","templated":true}]}}