{"id":5177,"date":"2022-10-12T13:59:47","date_gmt":"2022-10-12T11:59:47","guid":{"rendered":"http:\/\/www.javorszky.hu\/wordpress\/?page_id=5177"},"modified":"2026-04-01T07:59:11","modified_gmt":"2026-04-01T05:59:11","slug":"palyazat-radiologus-szakorvos","status":"publish","type":"page","link":"http:\/\/www.javorszky.hu\/wordpress\/?page_id=5177","title":{"rendered":"P\u00e1ly\u00e1zat: Radiol\u00f3gus szakorvos"},"content":{"rendered":"\n<p class=\"has-text-align-center\" style=\"line-height:1\"><strong><em>V\u00e1ci J\u00e1vorszky \u00d6d\u00f6n K\u00f3rh\u00e1z<\/em><\/strong><em><\/em><\/p>\n\n\n\n<p class=\"has-text-align-center\" style=\"line-height:1\">a 2020. \u00e9vi C. t\u00f6rv\u00e9ny \u00e9s az 528\/2020. (XI. 28.) Korm. rendelet alapj\u00e1n<\/p>\n\n\n\n<p class=\"has-text-align-center\" style=\"line-height:1\">p\u00e1ly\u00e1zatot hirdet<strong><br><br>K\u00e9palkot\u00f3 Diagnosztikai Oszt\u00e1ly<\/strong><\/p>\n\n\n\n<p class=\"has-text-align-center\" style=\"line-height:1\"><strong><mark style=\"background-color:rgba(0, 0, 0, 0)\" class=\"has-inline-color has-vivid-cyan-blue-color\">radiol\u00f3gus szakorvos<\/mark><\/strong><\/p>\n\n\n\n<p class=\"has-text-align-center\" style=\"line-height:1\">munkak\u00f6r bet\u00f6lt\u00e9s\u00e9re.<\/p>\n\n\n\n<p><strong>Az eg\u00e9szs\u00e9g\u00fcgyi szolg\u00e1lati jogviszony id\u0151tartama:<\/strong><\/p>\n\n\n\n<p>Hat\u00e1rozatlan idej\u0171&nbsp;eg\u00e9szs\u00e9g\u00fcgyi szolg\u00e1lati jogviszony.<\/p>\n\n\n\n<p><strong>Foglalkoztat\u00e1s jellege:<\/strong> Teljes- vagy r\u00e9szmunkaid\u0151.<\/p>\n\n\n\n<p><strong>A munkav\u00e9gz\u00e9s helye:<\/strong> Pest v\u00e1rmegye, 2600 V\u00e1c, Argenti D\u00f6me t\u00e9r 1-3.<\/p>\n\n\n\n<p><strong>A munkak\u00f6rbe tartoz\u00f3, illetve a vezet\u0151i megb\u00edz\u00e1ssal j\u00e1r\u00f3 l\u00e9nyeges feladatok:<\/strong><\/p>\n\n\n\n<p><a>Szakorvosi feladatok ell\u00e1t\u00e1sa (r\u00f6ntgen-, ultrahang-, CT-vizsg\u00e1latok v\u00e9gz\u00e9se \u00e9s leletez\u00e9se).<\/a><\/p>\n\n\n\n<p><strong>Illetm\u00e9ny \u00e9s juttat\u00e1sok:<\/strong><\/p>\n\n\n\n<p><a><strong>Az eg\u00e9szs\u00e9g\u00fcgyi szolg\u00e1lati jogviszonyr\u00f3l sz\u00f3l\u00f3 2020. \u00e9vi C. t\u00f6rv\u00e9ny (a tov\u00e1bbiakban: Eszjtv.) Eszjtv. 1. mell\u00e9klet\u00e9ben foglaltak alapj\u00e1n.<\/strong><\/a><strong><\/strong><\/p>\n\n\n\n<p><strong>P\u00e1ly\u00e1zati felt\u00e9telek:<\/strong><\/p>\n\n\n\n<p>\u2022&nbsp;&nbsp; &nbsp; &nbsp; &nbsp;&nbsp;Egyetem, radiol\u00f3gus szakorvos<\/p>\n\n\n\n<p>\u2022&nbsp;&nbsp; &nbsp; &nbsp; &nbsp;&nbsp;Felhaszn\u00e1l\u00f3i szint\u0171 Informatikai rendszerismeret<\/p>\n\n\n\n<p>\u2022&nbsp;&nbsp; &nbsp; &nbsp; &nbsp;&nbsp;Felhaszn\u00e1l\u00f3i szint\u0171 MS Office (irodai alkalmaz\u00e1sok)<\/p>\n\n\n\n<p>\u2022&nbsp;&nbsp; &nbsp; &nbsp; &nbsp;&nbsp;Magyar \u00e1llampolg\u00e1rs\u00e1g, b\u00fcntetlen el\u0151\u00e9let<\/p>\n\n\n\n<p><strong>Elv\u00e1rt kompetenci\u00e1k:<\/strong><\/p>\n\n\n\n<p>\u2022&nbsp;&nbsp; &nbsp; &nbsp; &nbsp;&nbsp;Kiv\u00e1l\u00f3 szint\u0171 probl\u00e9mamegold\u00f3 k\u00e9pess\u00e9g<\/p>\n\n\n\n<p>\u2022&nbsp;&nbsp; &nbsp; &nbsp; &nbsp;&nbsp;Csapatmunka<\/p>\n\n\n\n<p>\u2022&nbsp;&nbsp; &nbsp; &nbsp; &nbsp;&nbsp;Betegorient\u00e1lts\u00e1g<\/p>\n\n\n\n<p>\u2022&nbsp;&nbsp; &nbsp; &nbsp; &nbsp;&nbsp;Diagnosztikus k\u00e9pess\u00e9g<\/p>\n\n\n\n<p><strong>A p\u00e1ly\u00e1zat r\u00e9szek\u00e9nt beny\u00fajtand\u00f3 iratok, igazol\u00e1sok:<\/strong><\/p>\n\n\n\n<ul><li>R\u00e9szletes f\u00e9nyk\u00e9pes szakmai \u00f6n\u00e9letrajz<\/li><li>V\u00e9gzetts\u00e9get igazol\u00f3 dokumentumok<\/li><li>3 h\u00f3napn\u00e1l nem r\u00e9gebbi erk\u00f6lcsi bizony\u00edtv\u00e1ny<\/li><li>M\u0171k\u00f6d\u00e9si nyilv\u00e1ntart\u00e1sr\u00f3l sz\u00f3l\u00f3 igazol\u00e1s<\/li><li>Beleegyez\u0151 nyilatkozat arr\u00f3l, hogy a p\u00e1ly\u00e1zati anyagot a p\u00e1ly\u00e1zat elb\u00edr\u00e1l\u00e1s\u00e1ban r\u00e9sztvev\u0151k megismerhess\u00e9k<\/li><\/ul>\n\n\n\n<p><strong>A munkak\u00f6r bet\u00f6lthet\u0151s\u00e9g\u00e9nek id\u0151pontja:<\/strong><\/p>\n\n\n\n<p>A munkak\u00f6r a p\u00e1ly\u00e1zatok elb\u00edr\u00e1l\u00e1s\u00e1t k\u00f6vet\u0151en azonnal bet\u00f6lthet\u0151.<\/p>\n\n\n\n<p><strong>A p\u00e1ly\u00e1zat beny\u00fajt\u00e1s\u00e1nak hat\u00e1rideje:<\/strong>\u00a0<strong><mark style=\"background-color:rgba(0, 0, 0, 0)\" class=\"has-inline-color has-vivid-cyan-blue-color\">2026.06.26.<\/mark><\/strong><\/p>\n\n\n\n<p>A p\u00e1ly\u00e1zati ki\u00edr\u00e1ssal kapcsolatosan tov\u00e1bbi inform\u00e1ci\u00f3t <strong>Dr. Bartus Julianna oszt\u00e1lyvezet\u0151 f\u0151orvos<\/strong> ny\u00fajt, a +36-20-379-3570 -es telefonsz\u00e1mon.<\/p>\n\n\n\n<p><strong>A p\u00e1ly\u00e1zatok beny\u00fajt\u00e1s\u00e1nak m\u00f3dja:<\/strong><\/p>\n\n\n\n<ul><li>Postai \u00faton, a p\u00e1ly\u00e1zatnak a <strong><em>V\u00e1ci J\u00e1vorszky \u00d6d\u00f6n K\u00f3rh\u00e1z<\/em><\/strong> c\u00edm\u00e9re t\u00f6rt\u00e9n\u0151 megk\u00fcld\u00e9s\u00e9vel (2600 V\u00e1c, Argenti D\u00f6me t\u00e9r 1-3.). K\u00e9rj\u00fck a bor\u00edt\u00e9kon felt\u00fcntetni a munkak\u00f6r megnevez\u00e9s\u00e9t:<strong> radiol\u00f3gus szakorvos <\/strong><strong><\/strong><\/li><\/ul>\n\n\n\n<p><strong>vagy<\/strong><strong><\/strong><\/p>\n\n\n\n<p><strong>A p\u00e1ly\u00e1zat elb\u00edr\u00e1l\u00e1s\u00e1nak hat\u00e1rideje:<\/strong>\u00a0<strong><mark style=\"background-color:rgba(0, 0, 0, 0)\" class=\"has-inline-color has-vivid-cyan-blue-color\">2026.06.30.<\/mark><\/strong><\/p>\n","protected":false},"excerpt":{"rendered":"<p>V\u00e1ci J\u00e1vorszky \u00d6d\u00f6n K\u00f3rh\u00e1z a 2020. \u00e9vi C. t\u00f6rv\u00e9ny \u00e9s az 528\/2020. (XI. 28.) Korm. rendelet alapj\u00e1n p\u00e1ly\u00e1zatot hirdet K\u00e9palkot\u00f3 Diagnosztikai Oszt\u00e1ly radiol\u00f3gus szakorvos munkak\u00f6r bet\u00f6lt\u00e9s\u00e9re. Az eg\u00e9szs\u00e9g\u00fcgyi szolg\u00e1lati jogviszony id\u0151tartama: Hat\u00e1rozatlan idej\u0171&nbsp;eg\u00e9szs\u00e9g\u00fcgyi szolg\u00e1lati jogviszony. Foglalkoztat\u00e1s jellege: Teljes- vagy r\u00e9szmunkaid\u0151. A munkav\u00e9gz\u00e9s helye: Pest v\u00e1rmegye, 2600 V\u00e1c, Argenti D\u00f6me t\u00e9r 1-3. A munkak\u00f6rbe tartoz\u00f3, illetve [&hellip;]<\/p>\n","protected":false},"author":5,"featured_media":0,"parent":0,"menu_order":0,"comment_status":"closed","ping_status":"closed","template":"","meta":[],"_links":{"self":[{"href":"http:\/\/www.javorszky.hu\/wordpress\/index.php?rest_route=\/wp\/v2\/pages\/5177"}],"collection":[{"href":"http:\/\/www.javorszky.hu\/wordpress\/index.php?rest_route=\/wp\/v2\/pages"}],"about":[{"href":"http:\/\/www.javorszky.hu\/wordpress\/index.php?rest_route=\/wp\/v2\/types\/page"}],"author":[{"embeddable":true,"href":"http:\/\/www.javorszky.hu\/wordpress\/index.php?rest_route=\/wp\/v2\/users\/5"}],"replies":[{"embeddable":true,"href":"http:\/\/www.javorszky.hu\/wordpress\/index.php?rest_route=%2Fwp%2Fv2%2Fcomments&post=5177"}],"version-history":[{"count":23,"href":"http:\/\/www.javorszky.hu\/wordpress\/index.php?rest_route=\/wp\/v2\/pages\/5177\/revisions"}],"predecessor-version":[{"id":9906,"href":"http:\/\/www.javorszky.hu\/wordpress\/index.php?rest_route=\/wp\/v2\/pages\/5177\/revisions\/9906"}],"wp:attachment":[{"href":"http:\/\/www.javorszky.hu\/wordpress\/index.php?rest_route=%2Fwp%2Fv2%2Fmedia&parent=5177"}],"curies":[{"name":"wp","href":"https:\/\/api.w.org\/{rel}","templated":true}]}}