{"id":5286,"date":"2022-11-23T08:56:40","date_gmt":"2022-11-23T07:56:40","guid":{"rendered":"http:\/\/www.javorszky.hu\/wordpress\/?page_id=5286"},"modified":"2025-11-26T17:24:23","modified_gmt":"2025-11-26T16:24:23","slug":"alapitvanyunk-2","status":"publish","type":"page","link":"http:\/\/www.javorszky.hu\/wordpress\/?page_id=5286","title":{"rendered":"Alap\u00edtv\u00e1nyunk"},"content":{"rendered":"<div class=\"wp-block-image is-style-longdesc\">\n<figure class=\"aligncenter size-large is-resized\"><a href=\"https:\/\/www.javorszky.hu\/wordpress\/wp-content\/uploads\/2025\/03\/FB-borito.jpg\"><img loading=\"lazy\" src=\"https:\/\/www.javorszky.hu\/wordpress\/wp-content\/uploads\/2025\/03\/FB-borito-1024x379.jpg\" alt=\"\" class=\"wp-image-8396\" width=\"921\" height=\"341\" srcset=\"http:\/\/www.javorszky.hu\/wordpress\/wp-content\/uploads\/2025\/03\/FB-borito-1024x379.jpg 1024w, http:\/\/www.javorszky.hu\/wordpress\/wp-content\/uploads\/2025\/03\/FB-borito-300x111.jpg 300w, http:\/\/www.javorszky.hu\/wordpress\/wp-content\/uploads\/2025\/03\/FB-borito-768x284.jpg 768w, http:\/\/www.javorszky.hu\/wordpress\/wp-content\/uploads\/2025\/03\/FB-borito-1536x569.jpg 1536w, http:\/\/www.javorszky.hu\/wordpress\/wp-content\/uploads\/2025\/03\/FB-borito.jpg 1702w\" sizes=\"(max-width: 921px) 100vw, 921px\" \/><\/a><\/figure><\/div>\n\n\n<p style=\"line-height:1.1\"><strong>Az Alap\u00edtv\u00e1ny neve:<\/strong> V\u00e1ci J\u00e1vorszky \u00d6d\u00f6n  K\u00f3rh\u00e1z K\u00f6zhaszn\u00fa Alap\u00edtv\u00e1ny<\/p>\n\n\n\n<p style=\"line-height:1.1\"><strong>Az alap\u00edtv\u00e1ny sz\u00e9khelye: <\/strong>2600 V\u00e1c Argenti D\u00f6me t\u00e9r 1-3. sz.<\/p>\n\n\n\n<p style=\"line-height:1.1\"><strong>Az alap\u00edtv\u00e1ny alap\u00edt\u00f3ja: <\/strong>V\u00e1c V\u00e1rosi Tan\u00e1cs &#8220;Sz\u0151nyi Tibor&#8221; K\u00f3rh\u00e1z \u00e9s Int\u00e9zm\u00e9nyei (2600 V\u00e1c, Sz\u0151nyi t\u00e9r 1-3.) jogut\u00f3dja <strong><em><mark style=\"background-color:rgba(0, 0, 0, 0)\" class=\"has-inline-color has-vivid-cyan-blue-color\">V\u00e1ci J\u00e1vorszky \u00d6d\u00f6n K\u00f3rh\u00e1z<\/mark><\/em><\/strong> (2600 V\u00e1c, Argenti D\u00f6me t\u00e9r 1-3.)<\/p>\n\n\n\n<p style=\"line-height:1.1\"><strong>Alap\u00edtva:<\/strong> 1992.<\/p>\n\n\n\n<p style=\"line-height:1.1\"><strong>Az alap\u00edtv\u00e1ny c\u00e9ljai:&nbsp;&nbsp;&nbsp;&nbsp;&nbsp;&nbsp;<\/strong><\/p>\n\n\n\n<p style=\"line-height:1.1\">A K\u00f3rh\u00e1z m\u0171szerezetts\u00e9g\u00e9nek jav\u00edt\u00e1sa \u00e9s a s\u00fcrg\u0151ss\u00e9gi betegell\u00e1t\u00e1s fejleszt\u00e9se.<\/p>\n\n\n\n<p style=\"line-height:1.1\">A j\u00e1r\u00f3- \u00e9s fekv\u0151beteg ell\u00e1t\u00e1s&nbsp; fejleszt\u00e9se, orvosdiagnosztikai lehet\u0151s\u00e9geinek korszer\u0171s\u00edt\u00e9se.<\/p>\n\n\n\n<p style=\"line-height:1.1\">A K\u00f3rh\u00e1z ell\u00e1t\u00e1si ter\u00fclet\u00e9nek lakoss\u00e1g\u00e1t legink\u00e1bb vesz\u00e9lyeztet\u0151 betegs\u00e9gek felkutat\u00e1sa, sz\u0171r\u00e9se, gy\u00f3gy\u00edt\u00e1s\u00e1t \u00e9s gondoz\u00e1s\u00e1t seg\u00edt\u0151 m\u00f3dszerek kidolgoz\u00e1sa \u00e9s elterjeszt\u00e9se.<\/p>\n\n\n\n<p style=\"line-height:1.1\">A betegell\u00e1t\u00e1s orvosi \u00e9s \u00e1pol\u00e1si szakmai sz\u00ednvonal\u00e1nak emel\u00e9se.<\/p>\n\n\n\n<p style=\"line-height:1.1\">A betegell\u00e1t\u00e1shoz \u00e9s a k\u00f3rh\u00e1zi munkav\u00e9gz\u00e9shez sz\u00fcks\u00e9ges felszerel\u00e9s korszer\u0171s\u00edt\u00e9se.<\/p>\n\n\n\n<p style=\"line-height:1.1\">Az orvosok, eg\u00e9szs\u00e9g\u00fcgyi szakdolgoz\u00f3k k\u00e9pz\u00e9s\u00e9nek t\u00e1mogat\u00e1sa.<\/p>\n\n\n\n<p style=\"line-height:1.1\">Az alap\u00edtv\u00e1ny a fenti <strong>k\u00f6zhaszn\u00fa tev\u00e9kenys\u00e9geket <\/strong>a k\u00f6vetkez\u0151 k\u00f6zfeladatokhoz kapcsol\u00f3d\u00f3an v\u00e9gzi: eg\u00e9szs\u00e9g\u00fcgyi szakell\u00e1t\u00e1s, eg\u00e9szs\u00e9g\u00fcgyi int\u00e9zm\u00e9nyek fenntart\u00e1sa, eg\u00e9szs\u00e9gfejleszt\u00e9s<\/p>\n\n\n\n<p style=\"line-height:1.1\"><strong>Alap\u00edt\u00f3:<\/strong> Dr. Urb\u00e1n Edina f\u0151igazgat\u00f3 f\u0151orvos<\/p>\n\n\n\n<p style=\"line-height:1.1\"><strong>Alap\u00edtv\u00e1ny eln\u00f6ke<\/strong>: Dr. Bartus Julianna<\/p>\n\n\n\n<p style=\"line-height:1.1\"><strong>Kurat\u00f3riumi tagok<\/strong>: Dr. Horv\u00e1th Anik\u00f3, Budain\u00e9 B\u00e1nyai Bogl\u00e1rka, Bully\u00e1k Henriette,Dr. Nagy Ferenc<\/p>\n\n\n\n<p style=\"line-height:1.1\"><strong>Fel\u00fcgyel\u0151 bizotts\u00e1gi tagok<\/strong>: Szab\u00f3 Rich\u00e1rd, Kal\u00e1cska Linda, \u00c1brah\u00e1m R\u00f3bertn\u00e9<\/p>\n\n\n\n<p><a href=\"http:\/\/www.javorszky.hu\/wordpress\/wp-content\/uploads\/2025\/11\/Vaci-Javorszky-Odon-Korhaz-Kozhasznu-Alapitvany_Alapito-okirat_-2025.05.12_.pdf\" data-type=\"URL\" data-id=\"http:\/\/www.javorszky.hu\/wordpress\/wp-content\/uploads\/2025\/11\/Vaci-Javorszky-Odon-Korhaz-Kozhasznu-Alapitvany_Alapito-okirat_-2025.05.12_.pdf\">Alap\u00edt\u00f3 okirat<\/a><\/p>\n\n\n\n<p style=\"line-height:1\"><em>Alap\u00edtv\u00e1nyi m\u00e9rlegek:<\/em><\/p>\n\n\n\n<p style=\"line-height:1\"><a href=\"http:\/\/www.javorszky.hu\/wordpress\/wp-content\/uploads\/2023\/03\/2019_JavorszkyAlapitvany_Merleg.pdf\">2019<\/a><\/p>\n\n\n\n<p style=\"line-height:1\"><a href=\"http:\/\/www.javorszky.hu\/wordpress\/wp-content\/uploads\/2023\/03\/2020_JavorszkyAlapitvany_Merleg.pdf\">2020<\/a><\/p>\n\n\n\n<p style=\"line-height:1\"><a href=\"http:\/\/www.javorszky.hu\/wordpress\/wp-content\/uploads\/2023\/03\/2021_JavorszkyAlapitvany_Merleg.pdf\">2021<\/a><\/p>\n\n\n\n<p style=\"line-height:1\"><a href=\"http:\/\/www.javorszky.hu\/wordpress\/wp-content\/uploads\/2023\/05\/Javorszky-22.evi-EEB.pdf\">2022<\/a><\/p>\n\n\n\n<p style=\"line-height:1\"><a href=\"http:\/\/www.javorszky.hu\/wordpress\/wp-content\/uploads\/2023\/05\/2022.evi-Szoveges-Beszamolo.docx\">2022. \u00e9vi gazd\u00e1lkod\u00e1sa, Egyszer\u0171s\u00edtett \u00c9ves Besz\u00e1mol\u00f3j\u00e1nak sz\u00f6veges mell\u00e9klete<\/a><\/p>\n\n\n\n<p style=\"line-height:1\"><a href=\"http:\/\/www.javorszky.hu\/wordpress\/wp-content\/uploads\/2024\/08\/Javorszky-2023.evi-EEB.pdf\" data-type=\"URL\" data-id=\"http:\/\/www.javorszky.hu\/wordpress\/wp-content\/uploads\/2024\/08\/Javorszky-2023.evi-EEB.pdf\">2023<\/a><\/p>\n\n\n\n<p style=\"line-height:1\"><a href=\"http:\/\/www.javorszky.hu\/wordpress\/wp-content\/uploads\/2024\/08\/2023.-evi-Szoveges-Beszamolo.pdf\" data-type=\"URL\" data-id=\"http:\/\/www.javorszky.hu\/wordpress\/wp-content\/uploads\/2024\/08\/2023.-evi-Szoveges-Beszamolo.pdf\">2023. \u00e9vi gazd\u00e1lkod\u00e1sa, egyszer\u0171s\u00edtett \u00e9ves besz\u00e1mol\u00f3j\u00e1nak sz\u00f6veges mell\u00e9klete<\/a><\/p>\n\n\n\n<p><a href=\"http:\/\/www.javorszky.hu\/wordpress\/wp-content\/uploads\/2025\/04\/2024-alapitvanyi-beszamolo.pdf\" data-type=\"URL\" data-id=\"http:\/\/www.javorszky.hu\/wordpress\/wp-content\/uploads\/2025\/04\/2024-alapitvanyi-beszamolo.pdf\">2024 m\u00e9rleg<\/a>, <a href=\"http:\/\/www.javorszky.hu\/wordpress\/wp-content\/uploads\/2025\/04\/2024.evi-Szoveges-Beszamolo.pdf\" data-type=\"URL\" data-id=\"http:\/\/www.javorszky.hu\/wordpress\/wp-content\/uploads\/2025\/04\/2024.evi-Szoveges-Beszamolo.pdf\">2024 sz\u00f6veges besz\u00e1mol\u00f3<\/a>, <a href=\"http:\/\/www.javorszky.hu\/wordpress\/wp-content\/uploads\/2025\/04\/2024.evi-EEB-kieg.mell_.pdf\" data-type=\"URL\" data-id=\"http:\/\/www.javorszky.hu\/wordpress\/wp-content\/uploads\/2025\/04\/2024.evi-EEB-kieg.mell_.pdf\">2024 kieg\u00e9sz\u00edt\u00e9s<\/a><\/p>\n","protected":false},"excerpt":{"rendered":"<p>Az Alap\u00edtv\u00e1ny neve: V\u00e1ci J\u00e1vorszky \u00d6d\u00f6n K\u00f3rh\u00e1z K\u00f6zhaszn\u00fa Alap\u00edtv\u00e1ny Az alap\u00edtv\u00e1ny sz\u00e9khelye: 2600 V\u00e1c Argenti D\u00f6me t\u00e9r 1-3. sz. Az alap\u00edtv\u00e1ny alap\u00edt\u00f3ja: V\u00e1c V\u00e1rosi Tan\u00e1cs &#8220;Sz\u0151nyi Tibor&#8221; K\u00f3rh\u00e1z \u00e9s Int\u00e9zm\u00e9nyei (2600 V\u00e1c, Sz\u0151nyi t\u00e9r 1-3.) jogut\u00f3dja V\u00e1ci J\u00e1vorszky \u00d6d\u00f6n K\u00f3rh\u00e1z (2600 V\u00e1c, Argenti D\u00f6me t\u00e9r 1-3.) Alap\u00edtva: 1992. Az alap\u00edtv\u00e1ny c\u00e9ljai:&nbsp;&nbsp;&nbsp;&nbsp;&nbsp;&nbsp; A K\u00f3rh\u00e1z m\u0171szerezetts\u00e9g\u00e9nek jav\u00edt\u00e1sa [&hellip;]<\/p>\n","protected":false},"author":5,"featured_media":0,"parent":0,"menu_order":0,"comment_status":"closed","ping_status":"closed","template":"","meta":[],"_links":{"self":[{"href":"http:\/\/www.javorszky.hu\/wordpress\/index.php?rest_route=\/wp\/v2\/pages\/5286"}],"collection":[{"href":"http:\/\/www.javorszky.hu\/wordpress\/index.php?rest_route=\/wp\/v2\/pages"}],"about":[{"href":"http:\/\/www.javorszky.hu\/wordpress\/index.php?rest_route=\/wp\/v2\/types\/page"}],"author":[{"embeddable":true,"href":"http:\/\/www.javorszky.hu\/wordpress\/index.php?rest_route=\/wp\/v2\/users\/5"}],"replies":[{"embeddable":true,"href":"http:\/\/www.javorszky.hu\/wordpress\/index.php?rest_route=%2Fwp%2Fv2%2Fcomments&post=5286"}],"version-history":[{"count":32,"href":"http:\/\/www.javorszky.hu\/wordpress\/index.php?rest_route=\/wp\/v2\/pages\/5286\/revisions"}],"predecessor-version":[{"id":9349,"href":"http:\/\/www.javorszky.hu\/wordpress\/index.php?rest_route=\/wp\/v2\/pages\/5286\/revisions\/9349"}],"wp:attachment":[{"href":"http:\/\/www.javorszky.hu\/wordpress\/index.php?rest_route=%2Fwp%2Fv2%2Fmedia&parent=5286"}],"curies":[{"name":"wp","href":"https:\/\/api.w.org\/{rel}","templated":true}]}}