{"id":5698,"date":"2023-03-24T08:53:15","date_gmt":"2023-03-24T07:53:15","guid":{"rendered":"http:\/\/www.javorszky.hu\/wordpress\/?page_id=5698"},"modified":"2024-03-11T14:25:16","modified_gmt":"2024-03-11T13:25:16","slug":"betegelegedettsegi-kerdoiv","status":"publish","type":"page","link":"http:\/\/www.javorszky.hu\/wordpress\/?page_id=5698","title":{"rendered":"Betegel\u00e9gedetts\u00e9gi k\u00e9rd\u0151\u00edvek"},"content":{"rendered":"\n<p class=\"has-medium-font-size\">K\u00c9RD\u0150\u00cdVEK<\/p>\n\n\n\n<p><\/p>\n\n\n\n<ol><li><a href=\"https:\/\/docs.google.com\/forms\/d\/1nWEUvYRJPOAtw1Je2klPD_hsGV6iNG-NQMxnAxVAPXM\/edit\">Fekv\u0151beteg ell\u00e1t\u00e1s betegel\u00e9gedetts\u00e9gi k\u00e9rd\u0151\u00edv<\/a><\/li><li><a href=\"https:\/\/docs.google.com\/forms\/d\/1Uva0o9zqsyidpLn-PjAof2ofRatm6pQNqXHbwupNBEw\/edit\">S\u00fcrg\u0151ss\u00e9gi Betegell\u00e1t\u00f3 Oszt\u00e1ly (SBO) betegel\u00e9gedetts\u00e9gi k\u00e9rd\u0151\u00edv <\/a><\/li><li><a href=\"https:\/\/docs.google.com\/forms\/d\/e\/1FAIpQLSc0EHgDM2JJi56cZu2HWNtR7pecKGwBBq7PfckN3bNjlcG62w\/viewform?vc=0&amp;c=0&amp;w=1&amp;flr=0\">J\u00e1r\u00f3beteg-ell\u00e1t\u00e1s betegel\u00e9gedetts\u00e9gi k\u00e9rd\u0151\u00edv<\/a><\/li><\/ol>\n\n\n\n<p><\/p>\n\n\n\n<p><\/p>\n","protected":false},"excerpt":{"rendered":"<p>K\u00c9RD\u0150\u00cdVEK Fekv\u0151beteg ell\u00e1t\u00e1s betegel\u00e9gedetts\u00e9gi k\u00e9rd\u0151\u00edv S\u00fcrg\u0151ss\u00e9gi Betegell\u00e1t\u00f3 Oszt\u00e1ly (SBO) betegel\u00e9gedetts\u00e9gi k\u00e9rd\u0151\u00edv J\u00e1r\u00f3beteg-ell\u00e1t\u00e1s betegel\u00e9gedetts\u00e9gi k\u00e9rd\u0151\u00edv<\/p>\n","protected":false},"author":5,"featured_media":0,"parent":0,"menu_order":0,"comment_status":"closed","ping_status":"closed","template":"","meta":[],"_links":{"self":[{"href":"http:\/\/www.javorszky.hu\/wordpress\/index.php?rest_route=\/wp\/v2\/pages\/5698"}],"collection":[{"href":"http:\/\/www.javorszky.hu\/wordpress\/index.php?rest_route=\/wp\/v2\/pages"}],"about":[{"href":"http:\/\/www.javorszky.hu\/wordpress\/index.php?rest_route=\/wp\/v2\/types\/page"}],"author":[{"embeddable":true,"href":"http:\/\/www.javorszky.hu\/wordpress\/index.php?rest_route=\/wp\/v2\/users\/5"}],"replies":[{"embeddable":true,"href":"http:\/\/www.javorszky.hu\/wordpress\/index.php?rest_route=%2Fwp%2Fv2%2Fcomments&post=5698"}],"version-history":[{"count":7,"href":"http:\/\/www.javorszky.hu\/wordpress\/index.php?rest_route=\/wp\/v2\/pages\/5698\/revisions"}],"predecessor-version":[{"id":6783,"href":"http:\/\/www.javorszky.hu\/wordpress\/index.php?rest_route=\/wp\/v2\/pages\/5698\/revisions\/6783"}],"wp:attachment":[{"href":"http:\/\/www.javorszky.hu\/wordpress\/index.php?rest_route=%2Fwp%2Fv2%2Fmedia&parent=5698"}],"curies":[{"name":"wp","href":"https:\/\/api.w.org\/{rel}","templated":true}]}}