{"id":61,"date":"2013-05-17T16:44:28","date_gmt":"2013-05-17T14:44:28","guid":{"rendered":"http:\/\/www.javorszky.hu\/wordpress\/?page_id=61"},"modified":"2022-06-02T14:33:24","modified_gmt":"2022-06-02T12:33:24","slug":"igy-jut-el-hozzank","status":"publish","type":"page","link":"http:\/\/www.javorszky.hu\/wordpress\/?page_id=61","title":{"rendered":"T\u00e9rk\u00e9p"},"content":{"rendered":"<p style=\"text-align: center;\"><iframe loading=\"lazy\" src=\"http:\/\/maps.google.hu\/?ie=UTF8&amp;ll=47.782827,19.141617&amp;spn=0.029413,0.084543&amp;t=m&amp;z=14&amp;output=embed\" height=\"350\" width=\"425\" frameborder=\"0\" marginwidth=\"0\" marginheight=\"0\" scrolling=\"no\"><\/iframe><br \/>\n<small><a style=\"color: #0000ff; text-align: left;\" href=\"http:\/\/maps.google.hu\/?ie=UTF8&amp;ll=47.782827,19.141617&amp;spn=0.029413,0.084543&amp;t=m&amp;z=14&amp;source=embed\">Nagyobb t\u00e9rk\u00e9pre v\u00e1lt\u00e1s<\/a><\/small><\/p>\n<p><strong>C\u00edm: 2600 V\u00e1c, Argenti D\u00f6me t\u00e9r 1-3.<\/strong><\/p>\n","protected":false},"excerpt":{"rendered":"<p>Nagyobb t\u00e9rk\u00e9pre v\u00e1lt\u00e1s C\u00edm: 2600 V\u00e1c, Argenti D\u00f6me t\u00e9r 1-3.<\/p>\n","protected":false},"author":1,"featured_media":0,"parent":0,"menu_order":0,"comment_status":"closed","ping_status":"closed","template":"","meta":[],"_links":{"self":[{"href":"http:\/\/www.javorszky.hu\/wordpress\/index.php?rest_route=\/wp\/v2\/pages\/61"}],"collection":[{"href":"http:\/\/www.javorszky.hu\/wordpress\/index.php?rest_route=\/wp\/v2\/pages"}],"about":[{"href":"http:\/\/www.javorszky.hu\/wordpress\/index.php?rest_route=\/wp\/v2\/types\/page"}],"author":[{"embeddable":true,"href":"http:\/\/www.javorszky.hu\/wordpress\/index.php?rest_route=\/wp\/v2\/users\/1"}],"replies":[{"embeddable":true,"href":"http:\/\/www.javorszky.hu\/wordpress\/index.php?rest_route=%2Fwp%2Fv2%2Fcomments&post=61"}],"version-history":[{"count":6,"href":"http:\/\/www.javorszky.hu\/wordpress\/index.php?rest_route=\/wp\/v2\/pages\/61\/revisions"}],"predecessor-version":[{"id":3614,"href":"http:\/\/www.javorszky.hu\/wordpress\/index.php?rest_route=\/wp\/v2\/pages\/61\/revisions\/3614"}],"wp:attachment":[{"href":"http:\/\/www.javorszky.hu\/wordpress\/index.php?rest_route=%2Fwp%2Fv2%2Fmedia&parent=61"}],"curies":[{"name":"wp","href":"https:\/\/api.w.org\/{rel}","templated":true}]}}