{"id":695,"date":"2015-02-10T11:47:59","date_gmt":"2015-02-10T10:47:59","guid":{"rendered":"http:\/\/www.javorszky.hu\/wordpress\/?page_id=695"},"modified":"2026-04-20T12:31:51","modified_gmt":"2026-04-20T10:31:51","slug":"menedzsment","status":"publish","type":"page","link":"http:\/\/www.javorszky.hu\/wordpress\/?page_id=695","title":{"rendered":"Menedzsment"},"content":{"rendered":"\n<figure class=\"wp-container-2 wp-block-gallery-1 wp-block-gallery aligncenter has-nested-images columns-default is-cropped\">\n<figure class=\"wp-block-image size-large\"><a href=\"http:\/\/www.javorszky.hu\/wordpress\/wp-content\/uploads\/2023\/01\/UE-uj-nevjegy.jpg\"><img loading=\"lazy\" width=\"1024\" height=\"585\" data-id=\"5433\"  src=\"http:\/\/www.javorszky.hu\/wordpress\/wp-content\/uploads\/2023\/01\/UE-uj-nevjegy-1024x585.jpg\" alt=\"\" class=\"wp-image-5433\" srcset=\"http:\/\/www.javorszky.hu\/wordpress\/wp-content\/uploads\/2023\/01\/UE-uj-nevjegy-1024x585.jpg 1024w, http:\/\/www.javorszky.hu\/wordpress\/wp-content\/uploads\/2023\/01\/UE-uj-nevjegy-300x171.jpg 300w, http:\/\/www.javorszky.hu\/wordpress\/wp-content\/uploads\/2023\/01\/UE-uj-nevjegy-768x439.jpg 768w, http:\/\/www.javorszky.hu\/wordpress\/wp-content\/uploads\/2023\/01\/UE-uj-nevjegy.jpg 1050w\" sizes=\"(max-width: 1024px) 100vw, 1024px\" \/><\/a><\/figure>\n\n\n\n<figure class=\"wp-block-image size-large\"><a href=\"http:\/\/www.javorszky.hu\/wordpress\/wp-content\/uploads\/2023\/01\/Dr.-Szalai-Katalin.jpg\"><img loading=\"lazy\" width=\"1024\" height=\"585\" data-id=\"5427\"  src=\"http:\/\/www.javorszky.hu\/wordpress\/wp-content\/uploads\/2023\/01\/Dr.-Szalai-Katalin-1024x585.jpg\" alt=\"\" class=\"wp-image-5427\" srcset=\"http:\/\/www.javorszky.hu\/wordpress\/wp-content\/uploads\/2023\/01\/Dr.-Szalai-Katalin-1024x585.jpg 1024w, http:\/\/www.javorszky.hu\/wordpress\/wp-content\/uploads\/2023\/01\/Dr.-Szalai-Katalin-300x171.jpg 300w, http:\/\/www.javorszky.hu\/wordpress\/wp-content\/uploads\/2023\/01\/Dr.-Szalai-Katalin-768x439.jpg 768w, http:\/\/www.javorszky.hu\/wordpress\/wp-content\/uploads\/2023\/01\/Dr.-Szalai-Katalin.jpg 1050w\" sizes=\"(max-width: 1024px) 100vw, 1024px\" \/><\/a><\/figure>\n<\/figure>\n\n\n\n<p class=\"has-text-align-center\"><strong><mark style=\"background-color:rgba(0, 0, 0, 0)\" class=\"has-inline-color has-cyan-bluish-gray-color\">Dr. Urb\u00e1n Edina<\/mark><\/strong>: <a href=\"http:\/\/www.javorszky.hu\/wordpress\/wp-content\/uploads\/2025\/03\/UE-oneletrajz-1.pdf\" data-type=\"URL\" data-id=\"http:\/\/www.javorszky.hu\/wordpress\/wp-content\/uploads\/2025\/03\/UE-oneletrajz-1.pdf\">szakmai bemutatkoz\u00e1s<\/a>                                                                     <strong><mark style=\"background-color:rgba(0, 0, 0, 0)\" class=\"has-inline-color has-cyan-bluish-gray-color\">Dr. Szalai Katalin<\/mark><\/strong>: <a href=\"http:\/\/www.javorszky.hu\/wordpress\/wp-content\/uploads\/2025\/04\/Oneletrajz-honlapra-SZK.pdf\" data-type=\"URL\" data-id=\"http:\/\/www.javorszky.hu\/wordpress\/wp-content\/uploads\/2025\/04\/Oneletrajz-honlapra-SZK.pdf\">szakmai bemutatkoz\u00e1s<\/a><\/p>\n\n\n\n<figure class=\"wp-container-4 wp-block-gallery-3 wp-block-gallery has-nested-images columns-default is-cropped\">\n<figure class=\"wp-block-image size-large\"><img loading=\"lazy\" width=\"1024\" height=\"585\" data-id=\"3712\"  src=\"http:\/\/www.javorszky.hu\/wordpress\/wp-content\/uploads\/2022\/06\/Dr.-Kiraly-Edit-2-1024x585.jpg\" alt=\"\" class=\"wp-image-3712\" srcset=\"http:\/\/www.javorszky.hu\/wordpress\/wp-content\/uploads\/2022\/06\/Dr.-Kiraly-Edit-2-1024x585.jpg 1024w, http:\/\/www.javorszky.hu\/wordpress\/wp-content\/uploads\/2022\/06\/Dr.-Kiraly-Edit-2-300x171.jpg 300w, http:\/\/www.javorszky.hu\/wordpress\/wp-content\/uploads\/2022\/06\/Dr.-Kiraly-Edit-2-768x439.jpg 768w, http:\/\/www.javorszky.hu\/wordpress\/wp-content\/uploads\/2022\/06\/Dr.-Kiraly-Edit-2-1020x583.jpg 1020w, http:\/\/www.javorszky.hu\/wordpress\/wp-content\/uploads\/2022\/06\/Dr.-Kiraly-Edit-2.jpg 1050w\" sizes=\"(max-width: 1024px) 100vw, 1024px\" \/><\/figure>\n\n\n\n<figure class=\"wp-block-image size-large\"><a href=\"https:\/\/www.javorszky.hu\/wordpress\/wp-content\/uploads\/2026\/04\/2.jpg\"><img loading=\"lazy\" width=\"1024\" height=\"585\" data-id=\"9989\"  src=\"https:\/\/www.javorszky.hu\/wordpress\/wp-content\/uploads\/2026\/04\/2-1024x585.jpg\" alt=\"\" class=\"wp-image-9989\" srcset=\"http:\/\/www.javorszky.hu\/wordpress\/wp-content\/uploads\/2026\/04\/2-1024x585.jpg 1024w, http:\/\/www.javorszky.hu\/wordpress\/wp-content\/uploads\/2026\/04\/2-300x171.jpg 300w, http:\/\/www.javorszky.hu\/wordpress\/wp-content\/uploads\/2026\/04\/2-768x439.jpg 768w, http:\/\/www.javorszky.hu\/wordpress\/wp-content\/uploads\/2026\/04\/2.jpg 1050w\" sizes=\"(max-width: 1024px) 100vw, 1024px\" \/><\/a><\/figure>\n<\/figure>\n\n\n\n<p class=\"has-text-align-left\"><strong><mark style=\"background-color:rgba(0, 0, 0, 0)\" class=\"has-inline-color has-cyan-bluish-gray-color\">Dr. Kir\u00e1ly Edit<\/mark><\/strong> : <a href=\"http:\/\/www.javorszky.hu\/wordpress\/wp-content\/uploads\/2025\/03\/Kiraly-Edit-szakmai-oneletrajz.pdf\" data-type=\"URL\" data-id=\"http:\/\/www.javorszky.hu\/wordpress\/wp-content\/uploads\/2025\/03\/Kiraly-Edit-szakmai-oneletrajz.pdf\">szakmai bemutatkoz\u00e1s<\/a><\/p>\n\n\n\n<figure class=\"wp-container-6 wp-block-gallery-5 wp-block-gallery has-nested-images columns-default is-cropped\">\n<figure class=\"wp-block-image size-large\"><a href=\"http:\/\/www.javorszky.hu\/wordpress\/wp-content\/uploads\/2023\/12\/Tolgyesi-Andrea.jpg\"><img loading=\"lazy\" width=\"1024\" height=\"585\" data-id=\"6518\"  src=\"http:\/\/www.javorszky.hu\/wordpress\/wp-content\/uploads\/2023\/12\/Tolgyesi-Andrea-1024x585.jpg\" alt=\"\" class=\"wp-image-6518\" srcset=\"http:\/\/www.javorszky.hu\/wordpress\/wp-content\/uploads\/2023\/12\/Tolgyesi-Andrea-1024x585.jpg 1024w, http:\/\/www.javorszky.hu\/wordpress\/wp-content\/uploads\/2023\/12\/Tolgyesi-Andrea-300x171.jpg 300w, http:\/\/www.javorszky.hu\/wordpress\/wp-content\/uploads\/2023\/12\/Tolgyesi-Andrea-768x439.jpg 768w, http:\/\/www.javorszky.hu\/wordpress\/wp-content\/uploads\/2023\/12\/Tolgyesi-Andrea.jpg 1050w\" sizes=\"(max-width: 1024px) 100vw, 1024px\" \/><\/a><\/figure>\n\n\n\n<figure class=\"wp-block-image size-large\"><a href=\"http:\/\/www.javorszky.hu\/wordpress\/wp-content\/uploads\/2022\/06\/Csipeticsne.jpg\"><img loading=\"lazy\" width=\"1024\" height=\"585\" data-id=\"3766\"  src=\"http:\/\/www.javorszky.hu\/wordpress\/wp-content\/uploads\/2022\/06\/Csipeticsne-1024x585.jpg\" alt=\"\" class=\"wp-image-3766\" srcset=\"http:\/\/www.javorszky.hu\/wordpress\/wp-content\/uploads\/2022\/06\/Csipeticsne-1024x585.jpg 1024w, http:\/\/www.javorszky.hu\/wordpress\/wp-content\/uploads\/2022\/06\/Csipeticsne-300x171.jpg 300w, http:\/\/www.javorszky.hu\/wordpress\/wp-content\/uploads\/2022\/06\/Csipeticsne-768x439.jpg 768w, http:\/\/www.javorszky.hu\/wordpress\/wp-content\/uploads\/2022\/06\/Csipeticsne-1020x583.jpg 1020w, http:\/\/www.javorszky.hu\/wordpress\/wp-content\/uploads\/2022\/06\/Csipeticsne.jpg 1050w\" sizes=\"(max-width: 1024px) 100vw, 1024px\" \/><\/a><\/figure>\n<\/figure>\n\n\n\n<p><strong><mark style=\"background-color:rgba(0, 0, 0, 0)\" class=\"has-inline-color has-cyan-bluish-gray-color\">T\u00f6lgyesi Andrea<\/mark><\/strong> <a href=\"http:\/\/www.javorszky.hu\/wordpress\/wp-content\/uploads\/2025\/03\/TA-szakmai-oneletrajz.pdf\" data-type=\"URL\" data-id=\"http:\/\/www.javorszky.hu\/wordpress\/wp-content\/uploads\/2025\/03\/TA-szakmai-oneletrajz.pdf\">szakmai bemutatkoz\u00e1s<\/a><\/p>\n\n\n\n<figure class=\"wp-container-8 wp-block-gallery-7 wp-block-gallery has-nested-images columns-default is-cropped\">\n<figure class=\"wp-block-image size-large\"><a href=\"https:\/\/www.javorszky.hu\/wordpress\/wp-content\/uploads\/2026\/03\/1.jpg\"><img loading=\"lazy\" width=\"1024\" height=\"585\" data-id=\"9882\"  src=\"https:\/\/www.javorszky.hu\/wordpress\/wp-content\/uploads\/2026\/03\/1-1024x585.jpg\" alt=\"\" class=\"wp-image-9882\" srcset=\"http:\/\/www.javorszky.hu\/wordpress\/wp-content\/uploads\/2026\/03\/1-1024x585.jpg 1024w, http:\/\/www.javorszky.hu\/wordpress\/wp-content\/uploads\/2026\/03\/1-300x171.jpg 300w, http:\/\/www.javorszky.hu\/wordpress\/wp-content\/uploads\/2026\/03\/1-768x439.jpg 768w, http:\/\/www.javorszky.hu\/wordpress\/wp-content\/uploads\/2026\/03\/1.jpg 1050w\" sizes=\"(max-width: 1024px) 100vw, 1024px\" \/><\/a><\/figure>\n\n\n\n<figure class=\"wp-block-image size-large\"><a href=\"https:\/\/www.javorszky.hu\/wordpress\/wp-content\/uploads\/2026\/03\/12.jpg\"><img loading=\"lazy\" width=\"1024\" height=\"585\" data-id=\"9884\"  src=\"https:\/\/www.javorszky.hu\/wordpress\/wp-content\/uploads\/2026\/03\/12-1024x585.jpg\" alt=\"\" class=\"wp-image-9884\" srcset=\"http:\/\/www.javorszky.hu\/wordpress\/wp-content\/uploads\/2026\/03\/12-1024x585.jpg 1024w, http:\/\/www.javorszky.hu\/wordpress\/wp-content\/uploads\/2026\/03\/12-300x171.jpg 300w, http:\/\/www.javorszky.hu\/wordpress\/wp-content\/uploads\/2026\/03\/12-768x439.jpg 768w, http:\/\/www.javorszky.hu\/wordpress\/wp-content\/uploads\/2026\/03\/12.jpg 1050w\" sizes=\"(max-width: 1024px) 100vw, 1024px\" \/><\/a><\/figure>\n<\/figure>\n\n\n\n<figure class=\"wp-container-10 wp-block-gallery-9 wp-block-gallery has-nested-images columns-default is-cropped\">\n<figure class=\"wp-block-image size-large\"><a href=\"http:\/\/www.javorszky.hu\/wordpress\/wp-content\/uploads\/2022\/11\/Vastaghne-.jpg\"><img loading=\"lazy\" width=\"1024\" height=\"585\" data-id=\"5312\"  src=\"http:\/\/www.javorszky.hu\/wordpress\/wp-content\/uploads\/2022\/11\/Vastaghne--1024x585.jpg\" alt=\"\" class=\"wp-image-5312\" srcset=\"http:\/\/www.javorszky.hu\/wordpress\/wp-content\/uploads\/2022\/11\/Vastaghne--1024x585.jpg 1024w, http:\/\/www.javorszky.hu\/wordpress\/wp-content\/uploads\/2022\/11\/Vastaghne--300x171.jpg 300w, http:\/\/www.javorszky.hu\/wordpress\/wp-content\/uploads\/2022\/11\/Vastaghne--768x439.jpg 768w, http:\/\/www.javorszky.hu\/wordpress\/wp-content\/uploads\/2022\/11\/Vastaghne-.jpg 1050w\" sizes=\"(max-width: 1024px) 100vw, 1024px\" \/><\/a><\/figure>\n\n\n\n<figure class=\"wp-block-image size-large\"><a href=\"https:\/\/www.javorszky.hu\/wordpress\/wp-content\/uploads\/2024\/08\/3.jpg\"><img loading=\"lazy\" width=\"1024\" height=\"585\" data-id=\"7422\"  src=\"https:\/\/www.javorszky.hu\/wordpress\/wp-content\/uploads\/2024\/08\/3-1024x585.jpg\" alt=\"\" class=\"wp-image-7422\" srcset=\"http:\/\/www.javorszky.hu\/wordpress\/wp-content\/uploads\/2024\/08\/3-1024x585.jpg 1024w, http:\/\/www.javorszky.hu\/wordpress\/wp-content\/uploads\/2024\/08\/3-300x171.jpg 300w, http:\/\/www.javorszky.hu\/wordpress\/wp-content\/uploads\/2024\/08\/3-768x439.jpg 768w, http:\/\/www.javorszky.hu\/wordpress\/wp-content\/uploads\/2024\/08\/3.jpg 1050w\" sizes=\"(max-width: 1024px) 100vw, 1024px\" \/><\/a><\/figure>\n<\/figure>\n\n\n\n<figure class=\"wp-container-12 wp-block-gallery-11 wp-block-gallery has-nested-images columns-default is-cropped\">\n<figure class=\"wp-block-image size-large\"><a href=\"https:\/\/www.javorszky.hu\/wordpress\/wp-content\/uploads\/2026\/03\/13.jpg\"><img loading=\"lazy\" width=\"1024\" height=\"585\" data-id=\"9886\"  src=\"https:\/\/www.javorszky.hu\/wordpress\/wp-content\/uploads\/2026\/03\/13-1024x585.jpg\" alt=\"\" class=\"wp-image-9886\" srcset=\"http:\/\/www.javorszky.hu\/wordpress\/wp-content\/uploads\/2026\/03\/13-1024x585.jpg 1024w, http:\/\/www.javorszky.hu\/wordpress\/wp-content\/uploads\/2026\/03\/13-300x171.jpg 300w, http:\/\/www.javorszky.hu\/wordpress\/wp-content\/uploads\/2026\/03\/13-768x439.jpg 768w, http:\/\/www.javorszky.hu\/wordpress\/wp-content\/uploads\/2026\/03\/13.jpg 1050w\" sizes=\"(max-width: 1024px) 100vw, 1024px\" \/><\/a><\/figure>\n\n\n\n<figure class=\"wp-block-image size-large\"><a href=\"https:\/\/www.javorszky.hu\/wordpress\/wp-content\/uploads\/2024\/04\/KEF.jpg\"><img loading=\"lazy\" width=\"1024\" height=\"585\" data-id=\"6889\"  src=\"https:\/\/www.javorszky.hu\/wordpress\/wp-content\/uploads\/2024\/04\/KEF-1024x585.jpg\" alt=\"\" class=\"wp-image-6889\" srcset=\"http:\/\/www.javorszky.hu\/wordpress\/wp-content\/uploads\/2024\/04\/KEF-1024x585.jpg 1024w, http:\/\/www.javorszky.hu\/wordpress\/wp-content\/uploads\/2024\/04\/KEF-300x171.jpg 300w, http:\/\/www.javorszky.hu\/wordpress\/wp-content\/uploads\/2024\/04\/KEF-768x439.jpg 768w, http:\/\/www.javorszky.hu\/wordpress\/wp-content\/uploads\/2024\/04\/KEF.jpg 1050w\" sizes=\"(max-width: 1024px) 100vw, 1024px\" \/><\/a><\/figure>\n<\/figure>\n\n\n\n<figure class=\"wp-container-14 wp-block-gallery-13 wp-block-gallery has-nested-images columns-default is-cropped\">\n<figure class=\"wp-block-image size-large\"><a href=\"http:\/\/www.javorszky.hu\/wordpress\/wp-content\/uploads\/2022\/06\/Horvath-Aniko.jpg\"><img loading=\"lazy\" width=\"1024\" height=\"585\" data-id=\"3820\"  src=\"http:\/\/www.javorszky.hu\/wordpress\/wp-content\/uploads\/2022\/06\/Horvath-Aniko-1024x585.jpg\" alt=\"\" class=\"wp-image-3820\" srcset=\"http:\/\/www.javorszky.hu\/wordpress\/wp-content\/uploads\/2022\/06\/Horvath-Aniko-1024x585.jpg 1024w, http:\/\/www.javorszky.hu\/wordpress\/wp-content\/uploads\/2022\/06\/Horvath-Aniko-300x171.jpg 300w, http:\/\/www.javorszky.hu\/wordpress\/wp-content\/uploads\/2022\/06\/Horvath-Aniko-768x439.jpg 768w, http:\/\/www.javorszky.hu\/wordpress\/wp-content\/uploads\/2022\/06\/Horvath-Aniko-1020x583.jpg 1020w, http:\/\/www.javorszky.hu\/wordpress\/wp-content\/uploads\/2022\/06\/Horvath-Aniko.jpg 1050w\" sizes=\"(max-width: 1024px) 100vw, 1024px\" \/><\/a><\/figure>\n\n\n\n<figure class=\"wp-block-image size-large\"><a href=\"http:\/\/www.javorszky.hu\/wordpress\/wp-content\/uploads\/2022\/06\/Demeter-Aniko-1.jpg\"><img loading=\"lazy\" width=\"1024\" height=\"585\" data-id=\"3722\"  src=\"http:\/\/www.javorszky.hu\/wordpress\/wp-content\/uploads\/2022\/06\/Demeter-Aniko-1-1024x585.jpg\" alt=\"\" class=\"wp-image-3722\" srcset=\"http:\/\/www.javorszky.hu\/wordpress\/wp-content\/uploads\/2022\/06\/Demeter-Aniko-1-1024x585.jpg 1024w, http:\/\/www.javorszky.hu\/wordpress\/wp-content\/uploads\/2022\/06\/Demeter-Aniko-1-300x171.jpg 300w, http:\/\/www.javorszky.hu\/wordpress\/wp-content\/uploads\/2022\/06\/Demeter-Aniko-1-768x439.jpg 768w, http:\/\/www.javorszky.hu\/wordpress\/wp-content\/uploads\/2022\/06\/Demeter-Aniko-1-1020x583.jpg 1020w, http:\/\/www.javorszky.hu\/wordpress\/wp-content\/uploads\/2022\/06\/Demeter-Aniko-1.jpg 1050w\" sizes=\"(max-width: 1024px) 100vw, 1024px\" \/><\/a><\/figure>\n<\/figure>\n\n\n\n<p><br><\/p>\n\n\n\n<div class=\"wp-container-17 wp-block-columns\">\n<div class=\"wp-container-16 wp-block-column\" style=\"flex-basis:100%\">\n<div class=\"wp-container-15 wp-block-group\"><div class=\"wp-block-group__inner-container\">\n<p><\/p>\n\n\n\n<p><\/p>\n<\/div><\/div>\n<\/div>\n<\/div>\n","protected":false},"excerpt":{"rendered":"<p>Dr. Urb\u00e1n Edina: szakmai bemutatkoz\u00e1s Dr. Szalai Katalin: szakmai bemutatkoz\u00e1s Dr. Kir\u00e1ly Edit : szakmai bemutatkoz\u00e1s T\u00f6lgyesi Andrea szakmai bemutatkoz\u00e1s<\/p>\n","protected":false},"author":1,"featured_media":0,"parent":0,"menu_order":0,"comment_status":"closed","ping_status":"closed","template":"","meta":[],"_links":{"self":[{"href":"http:\/\/www.javorszky.hu\/wordpress\/index.php?rest_route=\/wp\/v2\/pages\/695"}],"collection":[{"href":"http:\/\/www.javorszky.hu\/wordpress\/index.php?rest_route=\/wp\/v2\/pages"}],"about":[{"href":"http:\/\/www.javorszky.hu\/wordpress\/index.php?rest_route=\/wp\/v2\/types\/page"}],"author":[{"embeddable":true,"href":"http:\/\/www.javorszky.hu\/wordpress\/index.php?rest_route=\/wp\/v2\/users\/1"}],"replies":[{"embeddable":true,"href":"http:\/\/www.javorszky.hu\/wordpress\/index.php?rest_route=%2Fwp%2Fv2%2Fcomments&post=695"}],"version-history":[{"count":73,"href":"http:\/\/www.javorszky.hu\/wordpress\/index.php?rest_route=\/wp\/v2\/pages\/695\/revisions"}],"predecessor-version":[{"id":9990,"href":"http:\/\/www.javorszky.hu\/wordpress\/index.php?rest_route=\/wp\/v2\/pages\/695\/revisions\/9990"}],"wp:attachment":[{"href":"http:\/\/www.javorszky.hu\/wordpress\/index.php?rest_route=%2Fwp%2Fv2%2Fmedia&parent=695"}],"curies":[{"name":"wp","href":"https:\/\/api.w.org\/{rel}","templated":true}]}}