{"id":7096,"date":"2024-05-07T09:26:02","date_gmt":"2024-05-07T07:26:02","guid":{"rendered":"https:\/\/www.javorszky.hu\/wordpress\/?page_id=7096"},"modified":"2026-04-16T09:47:00","modified_gmt":"2026-04-16T07:47:00","slug":"panaszkezeles","status":"publish","type":"page","link":"http:\/\/www.javorszky.hu\/wordpress\/?page_id=7096","title":{"rendered":"Panaszkezel\u00e9s"},"content":{"rendered":"\n<p><strong>Panaszkezel\u00e9si szab\u00e1lyzat<\/strong>: <a href=\"http:\/\/www.javorszky.hu\/wordpress\/wp-content\/uploads\/2026\/04\/SZ26-Panaszkezelesi-szabalyzat_5.pdf\" data-type=\"URL\" data-id=\"http:\/\/www.javorszky.hu\/wordpress\/wp-content\/uploads\/2026\/04\/SZ26-Panaszkezelesi-szabalyzat_5.pdf\">SZ26-Panaszkezel\u00e9si szab\u00e1lyzat<\/a><\/p>\n\n\n\n<p><strong>Panaszbejelent\u00e9s<\/strong>: <a href=\"http:\/\/www.javorszky.hu\/wordpress\/wp-content\/uploads\/2024\/05\/F-198-01-Panaszbejelento.pdf\" data-type=\"URL\" data-id=\"http:\/\/www.javorszky.hu\/wordpress\/wp-content\/uploads\/2024\/05\/F-198-01-Panaszbejelento.pdf\">F-198 \u0171rlap<\/a><\/p>\n","protected":false},"excerpt":{"rendered":"<p>Panaszkezel\u00e9si szab\u00e1lyzat: SZ26-Panaszkezel\u00e9si szab\u00e1lyzat Panaszbejelent\u00e9s: F-198 \u0171rlap<\/p>\n","protected":false},"author":5,"featured_media":0,"parent":0,"menu_order":0,"comment_status":"closed","ping_status":"closed","template":"","meta":[],"_links":{"self":[{"href":"http:\/\/www.javorszky.hu\/wordpress\/index.php?rest_route=\/wp\/v2\/pages\/7096"}],"collection":[{"href":"http:\/\/www.javorszky.hu\/wordpress\/index.php?rest_route=\/wp\/v2\/pages"}],"about":[{"href":"http:\/\/www.javorszky.hu\/wordpress\/index.php?rest_route=\/wp\/v2\/types\/page"}],"author":[{"embeddable":true,"href":"http:\/\/www.javorszky.hu\/wordpress\/index.php?rest_route=\/wp\/v2\/users\/5"}],"replies":[{"embeddable":true,"href":"http:\/\/www.javorszky.hu\/wordpress\/index.php?rest_route=%2Fwp%2Fv2%2Fcomments&post=7096"}],"version-history":[{"count":7,"href":"http:\/\/www.javorszky.hu\/wordpress\/index.php?rest_route=\/wp\/v2\/pages\/7096\/revisions"}],"predecessor-version":[{"id":9968,"href":"http:\/\/www.javorszky.hu\/wordpress\/index.php?rest_route=\/wp\/v2\/pages\/7096\/revisions\/9968"}],"wp:attachment":[{"href":"http:\/\/www.javorszky.hu\/wordpress\/index.php?rest_route=%2Fwp%2Fv2%2Fmedia&parent=7096"}],"curies":[{"name":"wp","href":"https:\/\/api.w.org\/{rel}","templated":true}]}}