{"id":761,"date":"2015-02-18T16:11:33","date_gmt":"2015-02-18T15:11:33","guid":{"rendered":"http:\/\/www.javorszky.hu\/wordpress\/?page_id=761"},"modified":"2023-06-12T11:17:55","modified_gmt":"2023-06-12T09:17:55","slug":"eves-beszamolok","status":"publish","type":"page","link":"http:\/\/www.javorszky.hu\/wordpress\/?page_id=761","title":{"rendered":"\u00c9ves besz\u00e1mol\u00f3k"},"content":{"rendered":"<pre><a href=\"http:\/\/www.javorszky.hu\/wordpress\/wp-content\/uploads\/2023\/02\/2023.-evi-elemi-koltsegvetes.pdf\">2023. \u00e9vi elemi k\u00f6lts\u00e9gvet\u00e9s<\/a><\/pre>\n<pre><a href=\"https:\/\/www.javorszky.hu\/kozadat\/2022%20%c3%a9ves%20k%c3%b6lts%c3%a9gvet%c3%a9si%20besz%c3%a1mol%c3%b3.pdf\">2022.\u00e9vi \u00e9ves k\u00f6lts\u00e9gvet\u00e9si besz\u00e1mol\u00f3<\/a>\n<a href=\"https:\/\/www.javorszky.hu\/kozadat\/2022%20Id%c5%91k%c3%b6zi%20m%c3%a9rlegjelent%c3%a9s-%20IV%20negyed%c3%a9v%20(%c3%89ves%20elsz%c3%a1mol%c3%a1s).pdf\">2022.\u00e9vi id\u0151k\u00f6zi m\u00e9rlegjelent\u00e9s IV.negyed\u00e9v<\/a>\n<a href=\"http:\/\/www.javorszky.hu\/wordpress\/wp-content\/uploads\/2023\/02\/2022.-evi-elemi-koltsegvetes.pdf\">2022. \u00e9vi elemi k\u00f6lts\u00e9gvet\u00e9s<\/a><\/pre>\n<pre><a href=\"http:\/\/www.javorszky.hu\/wordpress\/wp-content\/uploads\/2022\/06\/2021-Eves-koltsegvetesi-beszamolo.pdf\">2021 \u00c9ves k\u00f6lts\u00e9gvet\u00e9si besz\u00e1mol\u00f3<\/a>\n<a href=\"http:\/\/www.javorszky.hu\/wordpress\/wp-content\/uploads\/2015\/02\/2021-Elemi-k\u00f6lts\u00e9gvet\u00e9s.pdf\">2021 Elemi k\u00f6lts\u00e9gvet\u00e9s<\/a>\n\n<a href=\"http:\/\/www.javorszky.hu\/wordpress\/wp-content\/uploads\/2015\/02\/2020-\u00c9ves-k\u00f6lts\u00e9gvet\u00e9si-besz\u00e1mol\u00f3.pdf\">2020 \u00c9ves k\u00f6lts\u00e9gvet\u00e9si besz\u00e1mol\u00f3<\/a>\n<a href=\"http:\/\/www.javorszky.hu\/wordpress\/wp-content\/uploads\/2015\/02\/2020-Elemi-k\u00f6lts\u00e9gvet\u00e9s.pdf\">2020 Elemi k\u00f6lts\u00e9gvet\u00e9s<\/a>\n\n<a href=\"http:\/\/www.javorszky.hu\/wordpress\/wp-content\/uploads\/2015\/02\/2019-\u00c9ves-k\u00f6lts\u00e9gvet\u00e9si-besz\u00e1mol\u00f3.pdf\">2019 \u00c9ves k\u00f6lts\u00e9gvet\u00e9si besz\u00e1mol\u00f3<\/a><a href=\"http:\/\/www.javorszky.hu\/kozadat\/2019_elemi_k%c3%b6lts%c3%a9gvet%c3%a9s.pdf\">\n2019 Elemei k\u00f6lts\u00e9gvet\u00e9s<\/a>\n\n<a href=\"http:\/\/www.javorszky.hu\/kozadat\/2018_elemi_k%c3%b6lts%c3%a9gvet%c3%a9s.pdf\">2018 Elemi k\u00f6lts\u00e9gvet\u00e9s<\/a>\n\n<a href=\"http:\/\/javorszky.hu\/doku\/2017%c3%89ves%20k%c3%b6lts%c3%a9gvet%c3%a9si%20besz%c3%a1mol%c3%b3.pdf\">2017 \u00c9ves k\u00f6lts\u00e9gvet\u00e9si besz\u00e1mol\u00f3<\/a>\n<a href=\"http:\/\/www.javorszky.hu\/wordpress\/wp-content\/uploads\/2015\/02\/2017-fedlap.pdf\">2017 Elemi k\u00f6lts\u00e9gvet\u00e9s- fedlap\n<\/a><a href=\"http:\/\/www.javorszky.hu\/wordpress\/wp-content\/uploads\/2015\/02\/Elemi-koltsegvetes_395434_2017_07_11_13_11-1.pdf\">2017 Elemi k\u00f6lts\u00e9gvet\u00e9s<\/a><a href=\"http:\/\/www.javorszky.hu\/wordpress\/wp-content\/uploads\/2015\/02\/K\u00f6lts\u00e9gvet\u00e9si-besz\u00e1mol\u00f3-2016-fedlap.pdf\">\n\n\n2016 K\u00f6lts\u00e9gvet\u00e9si besz\u00e1mol\u00f3 fedlap\n<\/a><a href=\"http:\/\/www.javorszky.hu\/wordpress\/wp-content\/uploads\/2015\/02\/Eves-koltsegvetesi-beszamolo_395434_2017_03_22_13_48.pdfjav\u00edtott-5-7-8-9.pdf\">2016 \u00c9ves k\u00f6lts\u00e9gvet\u00e9si besz\u00e1mol\u00f3\n<\/a><a href=\"http:\/\/www.javorszky.hu\/wordpress\/wp-content\/uploads\/2015\/02\/2016-K\u00f6lts\u00e9gvet\u00e9s.pdf\">2016 K\u00f6lts\u00e9gvet\u00e9s<\/a>\n<\/pre>\n<pre><a href=\"http:\/\/www.javorszky.hu\/doku\/Ktgvet%e9s%20fedlap_2015.pdf\">\n2015 K\u00f6lts\u00e9gvet\u00e9s fedlap<\/a>\n<a href=\"http:\/\/www.javorszky.hu\/doku\/K%f6lts%e9gvet%e9s_2015.pdf\">2015 K\u00f6lts\u00e9gvet\u00e9s<\/a> \n<a href=\"http:\/\/www.javorszky.hu\/doku\/Besz%e1mol%f3%20fedlap_2015.pdf\">2015 Besz\u00e1mol\u00f3 fedlap<\/a>\n<a href=\"http:\/\/www.javorszky.hu\/doku\/K%f6lts%e9gvet%e9si%20besz%e1mol%f3_2015.pdf\">2015 Besz\u00e1mol\u00f3 \n\n<\/a><\/pre>\n<pre><a href=\"http:\/\/www.javorszky.hu\/doku\/Ktgvet%e9s%20fedlap_2014.pdf\">2014 K\u00f6lts\u00e9gvet\u00e9s fedlap<\/a>\n<a href=\"http:\/\/www.javorszky.hu\/doku\/K%f6lts%e9gvet%e9s_2014.pdf\">2014 K\u00f6lts\u00e9gvet\u00e9s<\/a> \n<a href=\"http:\/\/www.javorszky.hu\/doku\/Besz%e1mol%f3%20fedlap_2014.pdf\">2014 Besz\u00e1mol\u00f3 fedlap<\/a>\n<a href=\"http:\/\/www.javorszky.hu\/doku\/K%f6lts%e9gvet%e9si%20besz%e1mol%f3_2014.pdf\">2014 Besz\u00e1mol\u00f3<\/a><\/pre>\n<pre><a href=\"http:\/\/www.javorszky.hu\/doku\/Ktgvet%e9s%20fedlap_2013.pdf\">2013 K\u00f6lts\u00e9gvet\u00e9s fedlap<\/a>\n<a href=\"http:\/\/www.javorszky.hu\/doku\/K%f6lts%e9gvet%e9s_2013.pdf\">2013 K\u00f6lts\u00e9gvet\u00e9s<\/a> \n<a href=\"http:\/\/www.javorszky.hu\/doku\/Besz%e1mol%f3%20fedlap_2013.pdf\">2013 Besz\u00e1mol\u00f3 fedlap<\/a>\n<a href=\"http:\/\/www.javorszky.hu\/doku\/K%f6lts%e9gvet%e9si%20besz%e1mol%f3_2013.pdf\">2013 Besz\u00e1mol\u00f3<\/a><\/pre>\n<p><a href=\"http:\/\/www.javorszky.hu\/wordpress\/wp-content\/uploads\/2023\/02\/2022.-evi-elemi-koltsegvetes.pdf\">2022. \u00e9vi elemi k\u00f6lts\u00e9gvet\u00e9s<\/a><\/p>\n<p><a href=\"http:\/\/www.javorszky.hu\/wordpress\/wp-content\/uploads\/2023\/02\/2023.-evi-elemi-koltsegvetes.pdf\">2023. \u00e9vi elemi k\u00f6lts\u00e9gvet\u00e9s<\/a><\/p>\n<pre><a href=\"http:\/\/www.javorszky.hu\/wordpress\/wp-content\/uploads\/2022\/06\/2021-Eves-koltsegvetesi-beszamolo.pdf\">2021 \u00c9ves k\u00f6lts\u00e9gvet\u00e9si besz\u00e1mol\u00f3<\/a>\n<a href=\"http:\/\/www.javorszky.hu\/wordpress\/wp-content\/uploads\/2015\/02\/2021-Elemi-k\u00f6lts\u00e9gvet\u00e9s.pdf\">2021 Elemi k\u00f6lts\u00e9gvet\u00e9s<\/a>\n\n<a href=\"http:\/\/www.javorszky.hu\/wordpress\/wp-content\/uploads\/2015\/02\/2020-\u00c9ves-k\u00f6lts\u00e9gvet\u00e9si-besz\u00e1mol\u00f3.pdf\">2020 \u00c9ves k\u00f6lts\u00e9gvet\u00e9si besz\u00e1mol\u00f3<\/a>\n<a href=\"http:\/\/www.javorszky.hu\/wordpress\/wp-content\/uploads\/2015\/02\/2020-Elemi-k\u00f6lts\u00e9gvet\u00e9s.pdf\">2020 Elemi k\u00f6lts\u00e9gvet\u00e9s<\/a>\n\n<a href=\"http:\/\/www.javorszky.hu\/wordpress\/wp-content\/uploads\/2015\/02\/2019-\u00c9ves-k\u00f6lts\u00e9gvet\u00e9si-besz\u00e1mol\u00f3.pdf\">2019 \u00c9ves k\u00f6lts\u00e9gvet\u00e9si besz\u00e1mol\u00f3<\/a><a href=\"http:\/\/www.javorszky.hu\/kozadat\/2019_elemi_k%c3%b6lts%c3%a9gvet%c3%a9s.pdf\">\n2019 Elemei k\u00f6lts\u00e9gvet\u00e9s<\/a>\n\n<a href=\"http:\/\/www.javorszky.hu\/kozadat\/2018_elemi_k%c3%b6lts%c3%a9gvet%c3%a9s.pdf\">2018 Elemi k\u00f6lts\u00e9gvet\u00e9s<\/a>\n\n<a href=\"http:\/\/javorszky.hu\/doku\/2017%c3%89ves%20k%c3%b6lts%c3%a9gvet%c3%a9si%20besz%c3%a1mol%c3%b3.pdf\">2017 \u00c9ves k\u00f6lts\u00e9gvet\u00e9si besz\u00e1mol\u00f3<\/a>\n<a href=\"http:\/\/www.javorszky.hu\/wordpress\/wp-content\/uploads\/2015\/02\/2017-fedlap.pdf\">2017 Elemi k\u00f6lts\u00e9gvet\u00e9s- fedlap\n<\/a><a href=\"http:\/\/www.javorszky.hu\/wordpress\/wp-content\/uploads\/2015\/02\/Elemi-koltsegvetes_395434_2017_07_11_13_11-1.pdf\">2017 Elemi k\u00f6lts\u00e9gvet\u00e9s<\/a><a href=\"http:\/\/www.javorszky.hu\/wordpress\/wp-content\/uploads\/2015\/02\/K\u00f6lts\u00e9gvet\u00e9si-besz\u00e1mol\u00f3-2016-fedlap.pdf\">\n\n\n2016 K\u00f6lts\u00e9gvet\u00e9si besz\u00e1mol\u00f3 fedlap\n<\/a><a href=\"http:\/\/www.javorszky.hu\/wordpress\/wp-content\/uploads\/2015\/02\/Eves-koltsegvetesi-beszamolo_395434_2017_03_22_13_48.pdfjav\u00edtott-5-7-8-9.pdf\">2016 \u00c9ves k\u00f6lts\u00e9gvet\u00e9si besz\u00e1mol\u00f3\n<\/a><a href=\"http:\/\/www.javorszky.hu\/wordpress\/wp-content\/uploads\/2015\/02\/2016-K\u00f6lts\u00e9gvet\u00e9s.pdf\">2016 K\u00f6lts\u00e9gvet\u00e9s<\/a>\n<\/pre>\n<pre><a href=\"http:\/\/www.javorszky.hu\/doku\/Ktgvet%e9s%20fedlap_2015.pdf\">\n2015 K\u00f6lts\u00e9gvet\u00e9s fedlap<\/a>\n<a href=\"http:\/\/www.javorszky.hu\/doku\/K%f6lts%e9gvet%e9s_2015.pdf\">2015 K\u00f6lts\u00e9gvet\u00e9s<\/a> \n<a href=\"http:\/\/www.javorszky.hu\/doku\/Besz%e1mol%f3%20fedlap_2015.pdf\">2015 Besz\u00e1mol\u00f3 fedlap<\/a>\n<a href=\"http:\/\/www.javorszky.hu\/doku\/K%f6lts%e9gvet%e9si%20besz%e1mol%f3_2015.pdf\">2015 Besz\u00e1mol\u00f3 \n\n<\/a><\/pre>\n<pre><a href=\"http:\/\/www.javorszky.hu\/doku\/Ktgvet%e9s%20fedlap_2014.pdf\">2014 K\u00f6lts\u00e9gvet\u00e9s fedlap<\/a>\n<a href=\"http:\/\/www.javorszky.hu\/doku\/K%f6lts%e9gvet%e9s_2014.pdf\">2014 K\u00f6lts\u00e9gvet\u00e9s<\/a> \n<a href=\"http:\/\/www.javorszky.hu\/doku\/Besz%e1mol%f3%20fedlap_2014.pdf\">2014 Besz\u00e1mol\u00f3 fedlap<\/a>\n<a href=\"http:\/\/www.javorszky.hu\/doku\/K%f6lts%e9gvet%e9si%20besz%e1mol%f3_2014.pdf\">2014 Besz\u00e1mol\u00f3<\/a><\/pre>\n<pre><a href=\"http:\/\/www.javorszky.hu\/doku\/Ktgvet%e9s%20fedlap_2013.pdf\">2013 K\u00f6lts\u00e9gvet\u00e9s fedlap<\/a>\n<a href=\"http:\/\/www.javorszky.hu\/doku\/K%f6lts%e9gvet%e9s_2013.pdf\">2013 K\u00f6lts\u00e9gvet\u00e9s<\/a> \n<a href=\"http:\/\/www.javorszky.hu\/doku\/Besz%e1mol%f3%20fedlap_2013.pdf\">2013 Besz\u00e1mol\u00f3 fedlap<\/a>\n<a href=\"http:\/\/www.javorszky.hu\/doku\/K%f6lts%e9gvet%e9si%20besz%e1mol%f3_2013.pdf\">2013 Besz\u00e1mol\u00f3<\/a><\/pre>\n","protected":false},"excerpt":{"rendered":"<p>2023. \u00e9vi elemi k\u00f6lts\u00e9gvet\u00e9s 2022.\u00e9vi \u00e9ves k\u00f6lts\u00e9gvet\u00e9si besz\u00e1mol\u00f3 2022.\u00e9vi id\u0151k\u00f6zi m\u00e9rlegjelent\u00e9s IV.negyed\u00e9v 2022. \u00e9vi elemi k\u00f6lts\u00e9gvet\u00e9s 2021 \u00c9ves k\u00f6lts\u00e9gvet\u00e9si besz\u00e1mol\u00f3 2021 Elemi k\u00f6lts\u00e9gvet\u00e9s 2020 \u00c9ves k\u00f6lts\u00e9gvet\u00e9si besz\u00e1mol\u00f3 2020 Elemi k\u00f6lts\u00e9gvet\u00e9s 2019 \u00c9ves k\u00f6lts\u00e9gvet\u00e9si besz\u00e1mol\u00f3 2019 Elemei k\u00f6lts\u00e9gvet\u00e9s 2018 Elemi k\u00f6lts\u00e9gvet\u00e9s 2017 \u00c9ves k\u00f6lts\u00e9gvet\u00e9si besz\u00e1mol\u00f3 2017 Elemi k\u00f6lts\u00e9gvet\u00e9s- fedlap 2017 Elemi k\u00f6lts\u00e9gvet\u00e9s 2016 K\u00f6lts\u00e9gvet\u00e9si besz\u00e1mol\u00f3 fedlap [&hellip;]<\/p>\n","protected":false},"author":1,"featured_media":0,"parent":0,"menu_order":0,"comment_status":"closed","ping_status":"closed","template":"","meta":[],"_links":{"self":[{"href":"http:\/\/www.javorszky.hu\/wordpress\/index.php?rest_route=\/wp\/v2\/pages\/761"}],"collection":[{"href":"http:\/\/www.javorszky.hu\/wordpress\/index.php?rest_route=\/wp\/v2\/pages"}],"about":[{"href":"http:\/\/www.javorszky.hu\/wordpress\/index.php?rest_route=\/wp\/v2\/types\/page"}],"author":[{"embeddable":true,"href":"http:\/\/www.javorszky.hu\/wordpress\/index.php?rest_route=\/wp\/v2\/users\/1"}],"replies":[{"embeddable":true,"href":"http:\/\/www.javorszky.hu\/wordpress\/index.php?rest_route=%2Fwp%2Fv2%2Fcomments&post=761"}],"version-history":[{"count":25,"href":"http:\/\/www.javorszky.hu\/wordpress\/index.php?rest_route=\/wp\/v2\/pages\/761\/revisions"}],"predecessor-version":[{"id":6034,"href":"http:\/\/www.javorszky.hu\/wordpress\/index.php?rest_route=\/wp\/v2\/pages\/761\/revisions\/6034"}],"wp:attachment":[{"href":"http:\/\/www.javorszky.hu\/wordpress\/index.php?rest_route=%2Fwp%2Fv2%2Fmedia&parent=761"}],"curies":[{"name":"wp","href":"https:\/\/api.w.org\/{rel}","templated":true}]}}