{"id":8276,"date":"2025-03-12T10:57:15","date_gmt":"2025-03-12T09:57:15","guid":{"rendered":"https:\/\/www.javorszky.hu\/wordpress\/?page_id=8276"},"modified":"2026-04-14T09:34:53","modified_gmt":"2026-04-14T07:34:53","slug":"egeszsegfejlesztesi-iroda-2","status":"publish","type":"page","link":"http:\/\/www.javorszky.hu\/wordpress\/?page_id=8276","title":{"rendered":"Eg\u00e9szs\u00e9gfejleszt\u00e9si Iroda -V\u00e1ci j\u00e1r\u00e1s"},"content":{"rendered":"\n<p style=\"line-height:1.3\"><strong>R\u00f3lunk<\/strong><\/p>\n\n\n\n<p style=\"line-height:1.3\">A V\u00e1ci J\u00e1vorszky \u00d6d\u00f6n K\u00f3rh\u00e1z 2019-ben hozta l\u00e9tre az int\u00e9zm\u00e9ny keretein bel\u00fcl m\u0171k\u00f6d\u0151 Eg\u00e9szs\u00e9gfejleszt\u00e9si Irod\u00e1j\u00e1t. Ell\u00e1t\u00e1si ter\u00fclete a V\u00e1ci j\u00e1r\u00e1s. A k\u00f3rh\u00e1z szakemberei szakmai tud\u00e1sukkal j\u00e1rulnak hozz\u00e1 az iroda m\u0171k\u00f6d\u00e9s\u00e9hez. Az eg\u00e9szs\u00e9gfejleszt\u00e9si irod\u00e1k h\u00e1l\u00f3zat\u00e1nak ki\u00e9p\u00edt\u00e9se a prevent\u00edv szolg\u00e1ltat\u00e1sok: \u00e9letm\u00f3d-tan\u00e1csad\u00e1s, \u00e9letm\u00f3d-v\u00e1lt\u00f3 programok, k\u00f6z\u00f6ss\u00e9gi eg\u00e9szs\u00e9gfejleszt\u00e9si tev\u00e9kenys\u00e9gek t\u00f6meges \u00e9s egys\u00e9ges szakmai sz\u00ednvonal\u00fa megjelen\u00e9s\u00e9t jelentette.<\/p>\n\n\n\n<p style=\"line-height:1.3\">A h\u00e1l\u00f3zat kialak\u00edt\u00e1s\u00e1val egy olyan n\u00e9peg\u00e9szs\u00e9g\u00fcgyi int\u00e9zm\u00e9nyrendszer j\u00f6tt l\u00e9tre, mely a lakoss\u00e1gk\u00f6zeli \u00e9s t\u00e9r\u00edt\u00e9smentes egy\u00e9ni \u00e9s k\u00f6z\u00f6ss\u00e9gi eg\u00e9szs\u00e9gfejleszt\u00e9si szolg\u00e1ltat\u00e1saival, az adott j\u00e1r\u00e1s k\u00f6z\u00f6ss\u00e9geinek akt\u00edv \u00e9s integr\u00e1lt r\u00e9sz\u00e9t k\u00e9pezi.<\/p>\n\n\n\n<p style=\"line-height:1.3\">A korai \u00e9s elker\u00fclhet\u0151 hal\u00e1loz\u00e1st befoly\u00e1sol\u00f3 \u00e9letm\u00f3d, szok\u00e1sok jav\u00edt\u00e1sa, az egy\u00e9nek eg\u00e9szs\u00e9g\u00fck ir\u00e1nti felel\u0151ss\u00e9g\u00e9nek, az \u00f6ngondoskod\u00e1s k\u00e9pess\u00e9g\u00e9nek er\u0151s\u00edt\u00e9se, az eg\u00e9szs\u00e9ges \u00e9letvitelhez sz\u00fcks\u00e9ges tud\u00e1s \u00e9s k\u00e9szs\u00e9gek elsaj\u00e1t\u00edt\u00e1s\u00e1nak hat\u00e9kony t\u00e1mogat\u00e1sa a lakoss\u00e1g \u00e9s speci\u00e1lis, magas kock\u00e1zat\u00fa c\u00e9lcsoportok k\u00f6r\u00e9ben. Figyelembe v\u00e9ve, hogy az eg\u00e9szs\u00e9g nem puszt\u00e1n a betegs\u00e9g hi\u00e1ny\u00e1t jelenti, ha nem mag\u00e1ba foglalja a testi eg\u00e9szs\u00e9g meg\u0151rz\u00e9s\u00e9re \u00e9s a testi betegs\u00e9gek hamarabbi felismer\u00e9s\u00e9re kell nagy hangs\u00falyt fektetni, hanem a lelki eg\u00e9szs\u00e9gre is aj\u00e1nlott nagy figyelmet ford\u00edtani.<\/p>\n\n\n\n<p style=\"line-height:1.3\"><strong>Ell\u00e1t\u00e1si ter\u00fclet\u00fcnk<\/strong><\/p>\n\n\n\n<p style=\"line-height:1.3\">A V\u00e1ci j\u00e1r\u00e1s V\u00e1c sz\u00e9khellyel hozz\u00e1vet\u0151leg 36003 hekt\u00e1r ter\u00fcletet \u00f6lel \u00e1t, nagyj\u00e1b\u00f3l 70194 f\u0151 lak\u00f3n\u00e9pess\u00e9ggel, k\u00f6r\u00fclbel\u00fcl 28448 darab lak\u00e1ssal \u00e9s k\u00f6r\u00fclbel\u00fcl 195 f\u0151\/n\u00e9gyzetkilom\u00e9ter n\u00e9ps\u0171r\u0171s\u00e9ggel.<\/p>\n\n\n\n<p style=\"line-height:1.3\">A j\u00e1r\u00e1s ter\u00fclet\u00e9n \u00f6sszesen 18 telep\u00fcl\u00e9s valamint 79 darab kapcsol\u00f3d\u00f3 telep\u00fcl\u00e9sr\u00e9sz tal\u00e1lhat\u00f3.<\/p>\n\n\n\n<p style=\"line-height:1.3\">Acsa Cs\u00f6r\u00f6g Cs\u0151v\u00e1r Galgagy\u00f6rk Kisn\u00e9medi Kosd \u0150rbotty\u00e1n Penc P\u00fcsp\u00f6khatvan P\u00fcsp\u00f6kszil\u00e1gy R\u00e1d Sz\u0151d Sz\u0151dliget V\u00e1c V\u00e1cduka V\u00e1charty\u00e1n V\u00e1ckis\u00fajfalu V\u00e1cr\u00e1t\u00f3t<\/p>\n\n\n\n<p class=\"has-text-align-center\"><strong>Eg\u00e9szs\u00e9gfejleszt\u00e9si Programjaink<\/strong><\/p>\n\n\n\n<p class=\"has-text-align-center\" style=\"line-height:1\"><strong><mark style=\"background-color:rgba(0, 0, 0, 0)\" class=\"has-inline-color has-vivid-cyan-blue-color\">Dietetikai tan\u00e1csad\u00e1s &#8211; diab\u00e9tesz klub<\/mark><\/strong><\/p>\n\n\n\n<p class=\"has-text-align-center\" style=\"line-height:1\"><strong><mark style=\"background-color:rgba(0, 0, 0, 0)\" class=\"has-inline-color has-vivid-cyan-blue-color\">Sz\u00fcl\u0151klub<\/mark><\/strong><\/p>\n\n\n\n<p class=\"has-text-align-center\" style=\"line-height:1\"><strong><mark style=\"background-color:rgba(0, 0, 0, 0)\" class=\"has-inline-color has-vivid-cyan-blue-color\">Doh\u00e1nyz\u00e1sleszoktat\u00f3 klub<\/mark><\/strong><\/p>\n\n\n\n<p class=\"has-text-align-center\" style=\"line-height:1\"><strong><mark style=\"background-color:rgba(0, 0, 0, 0)\" class=\"has-inline-color has-vivid-cyan-blue-color\">Kitelep\u00fclt eg\u00e9szs\u00e9g\u00fcgyi sz\u0171r\u00e9sek<\/mark><\/strong><\/p>\n\n\n\n<p><strong><mark style=\"background-color:rgba(0, 0, 0, 0)\" class=\"has-inline-color has-vivid-cyan-blue-color\">Dietetikai tan\u00e1csad\u00e1s &#8211; diab\u00e9tesz klub<\/mark><\/strong><\/p>\n\n\n\n<p>Magas kock\u00e1zat\u00faak, els\u0151sorban cukorbetegek, lipidanyagcsere-betegek, sz\u00edv-\u00e9rrendszeri betegek, elh\u00edzottak, valamint az \u00e9letm\u00f3djukon v\u00e1ltoztatni k\u00edv\u00e1n\u00f3 \u00e1tlagos kock\u00e1zat\u00faak sz\u00e1m\u00e1ra dietetikus \u00e1ltal vezetett egy\u00e9ni \u00e9s ig\u00e9ny szerint kiscsoportos tan\u00e1csad\u00e1st biztos\u00edtunk a betegeinknek, illetve a klienseknek, bejelentkez\u00e9s alapj\u00e1n. A tan\u00e1csad\u00e1s t\u00e9r\u00edt\u00e9smentesen, orvosi <mark style=\"background-color:rgba(0, 0, 0, 0)\" class=\"has-inline-color has-vivid-red-color\"><strong>beutal\u00f3 n\u00e9lk\u00fcl vehet\u0151 ig\u00e9nybe. <\/strong> <strong>A tan\u00e1csad\u00e1s ig\u00e9nybev\u00e9tel\u00e9hez el\u0151zetes bejelentkez\u00e9s sz\u00fcks\u00e9ges !<\/strong><\/mark><\/p>\n\n\n\n<p><strong>Tan\u00e1csad\u00e1s helye<\/strong>: 2600 V\u00e1c, J\u00e1vorszky \u00d6d\u00f6n K\u00f3rh\u00e1z,<strong> <\/strong>Szakrendel\u0151 f\u00f6ldszint R037-esrendel\u0151<\/p>\n\n\n\n<p class=\"has-text-align-center\"><strong>Dietetikai id\u0151pont egyeztet\u00e9s<\/strong> :- <strong>+36 70 64 61 075<\/strong><\/p>\n\n\n<div class=\"wp-block-image\">\n<figure class=\"aligncenter size-large is-resized\"><a href=\"https:\/\/www.javorszky.hu\/wordpress\/wp-content\/uploads\/2026\/04\/DK.png\"><img loading=\"lazy\" src=\"https:\/\/www.javorszky.hu\/wordpress\/wp-content\/uploads\/2026\/04\/DK-724x1024.png\" alt=\"\" class=\"wp-image-9949\" width=\"471\" height=\"665\" srcset=\"http:\/\/www.javorszky.hu\/wordpress\/wp-content\/uploads\/2026\/04\/DK-724x1024.png 724w, http:\/\/www.javorszky.hu\/wordpress\/wp-content\/uploads\/2026\/04\/DK-212x300.png 212w, http:\/\/www.javorszky.hu\/wordpress\/wp-content\/uploads\/2026\/04\/DK-768x1086.png 768w, http:\/\/www.javorszky.hu\/wordpress\/wp-content\/uploads\/2026\/04\/DK-1086x1536.png 1086w, http:\/\/www.javorszky.hu\/wordpress\/wp-content\/uploads\/2026\/04\/DK.png 1414w\" sizes=\"(max-width: 471px) 100vw, 471px\" \/><\/a><\/figure><\/div>\n\n\n<p><strong><mark style=\"background-color:rgba(0, 0, 0, 0)\" class=\"has-inline-color has-vivid-cyan-blue-color\">Sz\u00fcl\u0151klub<\/mark><\/strong><\/p>\n\n\n\n<p><a href=\"http:\/\/www.javorszky.hu\/wordpress\/wp-content\/uploads\/2025\/05\/SzK-1..png\" data-type=\"URL\" data-id=\"http:\/\/www.javorszky.hu\/wordpress\/wp-content\/uploads\/2025\/05\/SzK-1..png\">Kiadv\u00e1nyunk<\/a>  &#8211; <a href=\"http:\/\/www.javorszky.hu\/wordpress\/wp-content\/uploads\/2025\/05\/SZK-2.png\" data-type=\"URL\" data-id=\"http:\/\/www.javorszky.hu\/wordpress\/wp-content\/uploads\/2025\/05\/SZK-2.png\">II.<\/a><\/p>\n\n\n\n<p>A V\u00e1ci Eg\u00e9szs\u00e9gfejleszt\u00e9si Iroda havi rendszeress\u00e9ggel tartja sz\u00fcl\u00e9sfelk\u00e9sz\u00edt\u0151 el\u0151ad\u00e1sait. Az el\u0151ad\u00f3k K\u00f3rh\u00e1zunk munkat\u00e1rsai. C\u00e9lunk olyan inform\u00e1ci\u00f3k \u00e1tad\u00e1sa, melyek seg\u00edtik a kismam\u00e1kat \u00e9s leend\u0151 apuk\u00e1kat. Programunkat minden h\u00f3napban a V\u00e1ci Eg\u00e9szs\u00e9gfejleszt\u00e9si Iroda Facebook oldal\u00e1n hirdetj\u00fck meg.<\/p>\n\n\n\n<p>A r\u00e9szv\u00e9tel felt\u00e9tele minden esetben az e-mail c\u00edm\u00fcnk\u00f6n t\u00f6rt\u00e9n\u0151 regisztr\u00e1ci\u00f3.<\/p>\n\n\n\n<p><em>El\u0151ad\u00e1saink:<\/em><\/p>\n\n\n\n<ul><li><strong><mark style=\"background-color:rgba(0, 0, 0, 0)\" class=\"has-inline-color has-vivid-green-cyan-color\">Sz\u00fcl\u00e9s \u00e9s sz\u00fcl\u00e9st seg\u00edt\u0151 technik\u00e1k \u00e9s eszk\u00f6z\u00f6k<\/mark><\/strong> <\/li><\/ul>\n\n\n\n<p style=\"line-height:1.2\">Az el\u0151ad\u00e1sunk sor\u00e1n objekt\u00edv inform\u00e1ci\u00f3kat adunk \u00e1t a r\u00e9sztvev\u0151knek, hogy el\u0151re tiszt\u00e1ban lehessenek a sz\u00fcl\u00e9s folyamat\u00e1val valamint, hogy a k\u00f3rh\u00e1zi id\u0151szak sor\u00e1n mire \u00e9rdemes felk\u00e9sz\u00fclni\u00fck.<\/p>\n\n\n\n<p style=\"line-height:0.9\">C\u00e9lunk, hogy a kismam\u00e1k tudatosan felk\u00e9sz\u00fclhessenek a sz\u00fcl\u00e9sre, valamint, hogy seg\u00edts\u00fck a kismam\u00e1kat a testi \u00e9s lelki felk\u00e9sz\u00fcl\u00e9sben.<\/p>\n\n\n\n<p style=\"line-height:1.2\">Az el\u0151ad\u00e1son az \u00f6sszes sz\u00fcl\u00e9ssel kapcsolatos t\u00e9m\u00e1t r\u00e9szletesen \u00e1tvessz\u00fck, \u00e9s minden k\u00e9rd\u00e9sre v\u00e1laszt adunk.<\/p>\n\n\n\n<p><strong><em><u>T\u00e9m\u00e1k<\/u><\/em><\/strong><\/p>\n\n\n\n<ul><li>Vizsg\u00e1latok a v\u00e1rand\u00f3ss\u00e1g sor\u00e1n<\/li><li>Milyen esetekben kell orvoshoz fordulni<\/li><li>Hogyan k\u00e9sz\u00fclj\u00fcnk fel a sz\u00fcl\u00e9sre<\/li><li>A sz\u00fcl\u00e9s beindul\u00e1s\u00e1nak jelei<\/li><li>K\u00f3rh\u00e1zi csomag tartalma<\/li><li>A sz\u00fcl\u00e9s szakaszai<\/li><li>Vaj\u00fad\u00e1st megk\u00f6nny\u00edt\u0151 technik\u00e1k \u00e9s eszk\u00f6z\u00f6k<\/li><li>Apa szerepe a sz\u00fcl\u0151szob\u00e1n<\/li><li>Sz\u00fcl\u00e9s<\/li><li>Arany\u00f3ra- els\u0151 \u00f3r\u00e1k a bab\u00e1val, szoptat\u00e1s a sz\u00fcl\u0151szob\u00e1n<\/li><li>Amir\u0151l m\u00e9g besz\u00e9lni kell: korasz\u00fcl\u00e9s, t\u00falhord\u00e1s, cs\u00e1sz\u00e1rmetsz\u00e9s<\/li><li>Gyermek\u00e1gyas id\u0151szak<\/li><\/ul>\n\n\n\n<ul><li><strong><mark style=\"background-color:rgba(0, 0, 0, 0)\" class=\"has-inline-color has-vivid-green-cyan-color\">\u00dajsz\u00fcl\u00f6tt \u00e9s csecsem\u0151gondoz\u00e1s<\/mark><\/strong><\/li><\/ul>\n\n\n\n<p style=\"line-height:1\">Az el\u0151ad\u00e1s c\u00e9lja, hogy a sz\u00fcl\u0151k min\u00e9l felk\u00e9sz\u00fcltebben v\u00e1rhass\u00e1k a bab\u00e1val t\u00f6lt\u00f6tt els\u0151 napokat.&nbsp;<\/p>\n\n\n\n<p>Gyakorlati seg\u00edts\u00e9get ny\u00fajtunk a csecsem\u0151 ell\u00e1t\u00e1s\u00e1hoz.<\/p>\n\n\n\n<p><strong><em>T\u00e9m\u00e1k<\/em><\/strong><\/p>\n\n\n\n<ul><li>Az arany\u00f3ra fontoss\u00e1ga<\/li><li>Az els\u0151 napok kih\u00edv\u00e1sai<\/li><li>Az \u00fajsz\u00fcl\u00f6ttkori s\u00e1rgas\u00e1g<\/li><li>Az anyatejes t\u00e1pl\u00e1l\u00e1s jelent\u0151s\u00e9ge<\/li><li>Az anya t\u00e1pl\u00e1lkoz\u00e1sa a szoptat\u00e1s alatt<\/li><li>Szoptat\u00e1si seg\u00e9deszk\u00f6z\u00f6k, testhelyzetek<\/li><li>A csecsem\u0151 fog\u00e1sa, pozicion\u00e1l\u00e1sa k\u00fcl\u00f6nb\u00f6z\u0151 testhelyzetekben<\/li><li>Csecsem\u0151 \u00e1pol\u00e1s, s\u00falym\u00e9r\u00e9s, pelenk\u00e1z\u00e1s, k\u00fcld\u00f6k ell\u00e1t\u00e1s, f\u00fcrdet\u00e9s, b\u0151r\u00e1pol\u00e1s, k\u00f6r\u00f6mv\u00e1g\u00e1s, szem \u00e1pol\u00e1sa<\/li><\/ul>\n\n\n\n<ul><li><strong><mark style=\"background-color:rgba(0, 0, 0, 0)\" class=\"has-inline-color has-vivid-green-cyan-color\">Csecsem\u0151 \u00e9s gyermek \u00fajra\u00e9leszt\u00e9s<\/mark><\/strong><\/li><\/ul>\n\n\n\n<p>A csecsem\u0151 \u00e9s gyermek \u00fajra\u00e9leszt\u00e9s el\u0151ad\u00e1son felk\u00e9sz\u00edtj\u00fck a r\u00e9sztvev\u0151ket a leggyakoribb betegs\u00e9gek kezel\u00e9s\u00e9re, v\u00e9szhelyzetek megel\u0151z\u00e9s\u00e9re, reag\u00e1l\u00e1s\u00e1ra, bemutatjuk az \u00fajra\u00e9leszt\u00e9s \u00e9s a l\u00e9g\u00fati idegen test elt\u00e1vol\u00edt\u00e1s\u00e1nak technik\u00e1j\u00e1t is. Az el\u0151ad\u00e1s v\u00e9g\u00e9n gyakorlatban is elsaj\u00e1t\u00edthatj\u00e1k a r\u00e9sztvev\u0151k az \u00fajra\u00e9leszt\u00e9s menet\u00e9t.<\/p>\n\n\n\n<p><strong><em>T\u00e9m\u00e1k:<\/em><\/strong><\/p>\n\n\n\n<ul><li>\u00dajsz\u00fcl\u00f6tt jellemz\u0151i, immunrendszere, fejl\u0151d\u00e9se, anat\u00f3miai jellemz\u0151i &#8211; &#8220;Megr\u00e1zott baba szindr\u00f3ma&#8221;<\/li><li>B\u00f6lcs\u0151hal\u00e1l &#8211; l\u00e9gz\u00e9sfigyel\u0151 &#8211; \u00fajra\u00e9leszt\u00e9s<\/li><li>L\u00e9g\u00fati betegs\u00e9gek &#8211; n\u00e1tha, krupp, t\u00fcd\u0151gyullad\u00e1s, stb.<\/li><li>Allergi\u00e1k, anafilaxi\u00e1s sokk.<\/li><li>L\u00e1z \u00e9s l\u00e1zcsillap\u00edt\u00e1s &#8211; l\u00e1zm\u00e9r\u00e9s, l\u00e1zcsillap\u00edt\u00e1s, gy\u00f3gyszer hat\u00f3anyagok, h\u0171t\u0151f\u00fcrd\u0151<\/li><li>L\u00e1zg\u00f6rcs<\/li><li>H\u00e1ny\u00e1s \u00e9s hasmen\u00e9s, kezel\u00e9se, vesz\u00e9lyei.<\/li><li>Betegs\u00e9g, v\u00e9szhelyzet eset\u00e9n teend\u0151k.<\/li><\/ul>\n\n\n<div class=\"wp-block-image\">\n<figure class=\"aligncenter size-large is-resized\"><a href=\"https:\/\/www.javorszky.hu\/wordpress\/wp-content\/uploads\/2026\/04\/aprilis.png\"><img loading=\"lazy\" src=\"https:\/\/www.javorszky.hu\/wordpress\/wp-content\/uploads\/2026\/04\/aprilis-1024x1024.png\" alt=\"\" class=\"wp-image-9946\" width=\"540\" height=\"540\" srcset=\"http:\/\/www.javorszky.hu\/wordpress\/wp-content\/uploads\/2026\/04\/aprilis-1024x1024.png 1024w, http:\/\/www.javorszky.hu\/wordpress\/wp-content\/uploads\/2026\/04\/aprilis-300x300.png 300w, http:\/\/www.javorszky.hu\/wordpress\/wp-content\/uploads\/2026\/04\/aprilis-150x150.png 150w, http:\/\/www.javorszky.hu\/wordpress\/wp-content\/uploads\/2026\/04\/aprilis-768x768.png 768w, http:\/\/www.javorszky.hu\/wordpress\/wp-content\/uploads\/2026\/04\/aprilis.png 1080w\" sizes=\"(max-width: 540px) 100vw, 540px\" \/><\/a><figcaption>\u00c1prilisi el\u0151ad\u00e1sok<\/figcaption><\/figure><\/div>\n\n\n<p><strong><mark style=\"background-color:rgba(0, 0, 0, 0)\" class=\"has-inline-color has-vivid-cyan-blue-color\">Kitelep\u00fclt eg\u00e9szs\u00e9g\u00fcgyi sz\u0171r\u00e9sek<\/mark><\/strong><\/p>\n\n\n\n<p><strong>Programjaink tov\u00e1bbra ingyenesek<\/strong> a telep\u00fcl\u00e9sek sz\u00e1m\u00e1ra. A m\u00e9r\u00e9sek eszk\u00f6zeit irod\u00e1nk biztos\u00edtja.<\/p>\n\n\n\n<p>A helyi rendezv\u00e9nyeken az al\u00e1bbi m\u00e9r\u00e9sekkel, el\u0151ad\u00e1sokkal tudunk r\u00e9szt venni:<\/p>\n\n\n\n<ol type=\"1\"><li>Sz\u0171r\u00e9s: v\u00e9rcukor- , koleszterin- , triglicerid- \u00e9s v\u00e9rnyom\u00e1s m\u00e9r\u00e9s, tests\u00faly valamint oxig\u00e9n szatur\u00e1ci\u00f3 m\u00e9r\u00e9s.<\/li><li>Dietetikai el\u0151ad\u00e1st \u00e9s egy\u00e9ni tan\u00e1csad\u00e1s.<\/li><li>\u00dajra\u00e9leszt\u00e9ssel kapcsolatos el\u0151ad\u00e1s.<\/li><\/ol>\n\n\n\n<div class=\"wp-container-4 wp-block-columns\">\n<div class=\"wp-container-3 wp-block-column\" style=\"flex-basis:100%\">\n<figure class=\"wp-container-2 wp-block-gallery-1 wp-block-gallery aligncenter has-nested-images columns-default is-cropped\"><\/figure>\n<\/div>\n<\/div>\n","protected":false},"excerpt":{"rendered":"<p>R\u00f3lunk A V\u00e1ci J\u00e1vorszky \u00d6d\u00f6n K\u00f3rh\u00e1z 2019-ben hozta l\u00e9tre az int\u00e9zm\u00e9ny keretein bel\u00fcl m\u0171k\u00f6d\u0151 Eg\u00e9szs\u00e9gfejleszt\u00e9si Irod\u00e1j\u00e1t. Ell\u00e1t\u00e1si ter\u00fclete a V\u00e1ci j\u00e1r\u00e1s. A k\u00f3rh\u00e1z szakemberei szakmai tud\u00e1sukkal j\u00e1rulnak hozz\u00e1 az iroda m\u0171k\u00f6d\u00e9s\u00e9hez. Az eg\u00e9szs\u00e9gfejleszt\u00e9si irod\u00e1k h\u00e1l\u00f3zat\u00e1nak ki\u00e9p\u00edt\u00e9se a prevent\u00edv szolg\u00e1ltat\u00e1sok: \u00e9letm\u00f3d-tan\u00e1csad\u00e1s, \u00e9letm\u00f3d-v\u00e1lt\u00f3 programok, k\u00f6z\u00f6ss\u00e9gi eg\u00e9szs\u00e9gfejleszt\u00e9si tev\u00e9kenys\u00e9gek t\u00f6meges \u00e9s egys\u00e9ges szakmai sz\u00ednvonal\u00fa megjelen\u00e9s\u00e9t jelentette. A h\u00e1l\u00f3zat kialak\u00edt\u00e1s\u00e1val [&hellip;]<\/p>\n","protected":false},"author":5,"featured_media":0,"parent":0,"menu_order":0,"comment_status":"closed","ping_status":"closed","template":"","meta":[],"_links":{"self":[{"href":"http:\/\/www.javorszky.hu\/wordpress\/index.php?rest_route=\/wp\/v2\/pages\/8276"}],"collection":[{"href":"http:\/\/www.javorszky.hu\/wordpress\/index.php?rest_route=\/wp\/v2\/pages"}],"about":[{"href":"http:\/\/www.javorszky.hu\/wordpress\/index.php?rest_route=\/wp\/v2\/types\/page"}],"author":[{"embeddable":true,"href":"http:\/\/www.javorszky.hu\/wordpress\/index.php?rest_route=\/wp\/v2\/users\/5"}],"replies":[{"embeddable":true,"href":"http:\/\/www.javorszky.hu\/wordpress\/index.php?rest_route=%2Fwp%2Fv2%2Fcomments&post=8276"}],"version-history":[{"count":38,"href":"http:\/\/www.javorszky.hu\/wordpress\/index.php?rest_route=\/wp\/v2\/pages\/8276\/revisions"}],"predecessor-version":[{"id":9952,"href":"http:\/\/www.javorszky.hu\/wordpress\/index.php?rest_route=\/wp\/v2\/pages\/8276\/revisions\/9952"}],"wp:attachment":[{"href":"http:\/\/www.javorszky.hu\/wordpress\/index.php?rest_route=%2Fwp%2Fv2%2Fmedia&parent=8276"}],"curies":[{"name":"wp","href":"https:\/\/api.w.org\/{rel}","templated":true}]}}