{"id":8345,"date":"2025-03-19T11:52:24","date_gmt":"2025-03-19T10:52:24","guid":{"rendered":"https:\/\/www.javorszky.hu\/wordpress\/?page_id=8345"},"modified":"2026-05-06T09:26:00","modified_gmt":"2026-05-06T07:26:00","slug":"kulonleges-kozzeteteli-lista","status":"publish","type":"page","link":"http:\/\/www.javorszky.hu\/wordpress\/?page_id=8345","title":{"rendered":"K\u00fcl\u00f6nleges k\u00f6zz\u00e9t\u00e9teli lista"},"content":{"rendered":"\n<figure class=\"wp-block-table is-style-stripes\"><table><tbody><tr><td><strong><mark style=\"background-color:rgba(0, 0, 0, 0)\" class=\"has-inline-color has-vivid-cyan-blue-color\">K\u00f6telez\u0151en k\u00f6zz\u00e9teend\u0151 k\u00f6z\u00e9rdek\u0171 adat megnevez\u00e9se<\/mark><\/strong><\/td><td class=\"has-text-align-center\" data-align=\"center\"><mark style=\"background-color:rgba(0, 0, 0, 0)\" class=\"has-inline-color has-vivid-cyan-blue-color\"><strong>Adat<\/strong><\/mark><\/td><\/tr><tr><td>1. A 368\/2011. (XII. 31.) Korm. rendelet 6. mell\u00e9klet 12. pontja alapj\u00e1n a k\u00f6zbeszerz\u00e9si elj\u00e1r\u00e1s eredm\u00e9nyek\u00e9nt az \u00e1llamh\u00e1ztart\u00e1s k\u00f6zponti alrendszer\u00e9be tartoz\u00f3 k\u00f6lts\u00e9gvet\u00e9si szerv, tov\u00e1bb\u00e1 a fejezeti kezel\u00e9s\u0171 el\u0151ir\u00e1nyzat, elk\u00fcl\u00f6n\u00edtett \u00e1llami p\u00e9nzalap terh\u00e9re megk\u00f6t\u00f6tt, nett\u00f3 100 milli\u00f3 forint teljes\u00edt\u00e9si \u00e9rt\u00e9ket meghalad\u00f3 szerz\u0151d\u00e9sek alapj\u00e1n teljes\u00edtett kifizet\u00e9s \u00f6sszege, k\u00f6zvetlen jogosultja \u00e9s a kifizet\u00e9s id\u0151pontja. (A kifizet\u00e9st k\u00f6vet\u0151 8 napon bel\u00fcl. Az el\u0151z\u0151 \u00e1llapot nem t\u00f6r\u00f6lhet\u0151.) 2022.07.15-t\u0151l hat\u00e1lyos a jogszab\u00e1ly<\/td><td class=\"has-text-align-center\" data-align=\"center\"><\/td><\/tr><tr><td>2. A 368\/2011. (XII. 31.) Korm. rendelet 6. mell\u00e9klet 13. pontja alapj\u00e1n az eur\u00f3pai uni\u00f3s t\u00e1rsfinansz\u00edroz\u00e1ssal bonyol\u00edtott p\u00e1ly\u00e1zatok eset\u00e9ben a nett\u00f3 100 milli\u00f3 forintot meghalad\u00f3, teljes\u00edtett kifizet\u00e9s \u00f6sszege, kedvezm\u00e9nyezettje, \u00e9s a kifizet\u00e9s id\u0151pontja. &nbsp;(A kifizet\u00e9st k\u00f6vet\u0151 8 napon bel\u00fcl. Az el\u0151z\u0151 \u00e1llapot nem t\u00f6r\u00f6lhet\u0151.)<\/td><td class=\"has-text-align-center\" data-align=\"center\"><\/td><\/tr><tr><td>3. A v\u00e1r\u00f3lista adatainak honlapon t\u00f6rt\u00e9n\u0151 k\u00f6zz\u00e9t\u00e9tel\u00e9re vonatkoz\u00f3 szab\u00e1lyair\u00f3l \u200bsz\u00f3l\u00f3 46\/2006. (XII. 27.) E\u00fcM rendelet 1. \u00a7 (1) alapj\u00e1n a k\u00fcl\u00f6n jogszab\u00e1ly szerinti v\u00e1r\u00f3list\u00e1n szerepl\u0151 adatok k\u00f6z\u00fcl az eg\u00e9szs\u00e9g\u00fcgyi szolg\u00e1ltat\u00f3 honlapj\u00e1n \u2013 a k\u00fcl\u00f6n jogszab\u00e1lyban meghat\u00e1rozottak szerint k\u00f6zz\u00e9tett \u2013 egyedi azonos\u00edt\u00f3n, valamint az ell\u00e1t\u00e1s ig\u00e9nybev\u00e9tel\u00e9nek v\u00e1rhat\u00f3 id\u0151pontj\u00e1n \u00e9s hely\u00e9n t\u00fal k\u00f6zz\u00e9 kell tenni a v\u00e1r\u00f3list\u00e1n elfoglalt aktu\u00e1lis helyet, \u00e9s a v\u00e1r\u00f3list\u00e1ra t\u00f6rt\u00e9n\u0151 felker\u00fcl\u00e9s id\u0151pontj\u00e1t is. A v\u00e1r\u00f3list\u00e1n szerepl\u0151 betegek k\u00fcl\u00f6n jogszab\u00e1ly szerinti szem\u00e9lyazonos\u00edt\u00f3 adatai nem nyilv\u00e1nosak.<\/td><td class=\"has-text-align-center\" data-align=\"center\"><a href=\"https:\/\/jogviszony.neak.gov.hu\/varolista_pub\/\">https:\/\/jogviszony.neak.gov.hu\/varolista_pub\/<\/a><\/td><\/tr><tr><td>4. A k\u00f6telez\u0151 eg\u00e9szs\u00e9gbiztos\u00edt\u00e1s ell\u00e1t\u00e1sair\u00f3l sz\u00f3l\u00f3 1997. \u00e9vi LXXXIII. t\u00f6rv\u00e9ny 20\/A. \u00a7 (3) alapj\u00e1n a v\u00e1r\u00f3lista adatai \u2013 kiz\u00e1r\u00f3lag szem\u00e9lyazonos\u00edt\u00e1sra alkalmatlan m\u00f3don \u2013 int\u00e9zm\u00e9nyi v\u00e1r\u00f3lista eset\u00e9ben az ell\u00e1t\u00e1st ny\u00fajt\u00f3 eg\u00e9szs\u00e9g\u00fcgyi szolg\u00e1ltat\u00f3 honlapj\u00e1n, k\u00f6zponti v\u00e1r\u00f3lista eset\u00e9n a korm\u00e1nyrendeletben kijel\u00f6lt szerv honlapj\u00e1n megtekinthet\u0151ek, ebben a form\u00e1jukban nyilv\u00e1nosak. A transzplant\u00e1ci\u00f3s v\u00e1r\u00f3lista kiv\u00e9tel\u00e9vel az ell\u00e1t\u00e1s ig\u00e9nybev\u00e9tel\u00e9nek v\u00e1rhat\u00f3 id\u0151pontj\u00e1t is k\u00f6zz\u00e9 kell tenni. Az eg\u00e9szs\u00e9gbiztos\u00edt\u00f3 honlapj\u00e1r\u00f3l a korm\u00e1nyrendeletben kijel\u00f6lt szerv honlapj\u00e1nak k\u00f6zvetlen\u00fcl el\u00e9rhet\u0151nek kell lennie.<\/td><td class=\"has-text-align-center\" data-align=\"center\"><a href=\"https:\/\/jogviszony.neak.gov.hu\/varolista_pub\/\">https:\/\/jogviszony.neak.gov.hu\/varolista_pub\/<\/a><\/td><\/tr><tr><td>5. A t\u00e9r\u00edt\u00e9si d\u00edj ellen\u00e9ben ig\u00e9nybe vehet\u0151 egyes eg\u00e9szs\u00e9g\u00fcgyi szolg\u00e1ltat\u00e1sok t\u00e9r\u00edt\u00e9si d\u00edj\u00e1r\u00f3l \u200bsz\u00f3l\u00f3 284\/1997. (XII. 23.) Korm. rendelet 1. \u00a7 (1) alapj\u00e1n az eg\u00e9szs\u00e9g\u00fcgyi szolg\u00e1ltat\u00f3 a r\u00e9szleges, kieg\u00e9sz\u00edt\u0151 \u00e9s teljes t\u00e9r\u00edt\u00e9si d\u00edj (a tov\u00e1bbiakban: t\u00e9r\u00edt\u00e9si d\u00edj) ellen\u00e9ben ig\u00e9nybe vehet\u0151 szolg\u00e1ltat\u00e1sok t\u00e9r\u00edt\u00e9si d\u00edj\u00e1t a betegek sz\u00e1m\u00e1ra hozz\u00e1f\u00e9rhet\u0151 m\u00f3don hozza nyilv\u00e1noss\u00e1gra.<\/td><td class=\"has-text-align-center\" data-align=\"center\"><a href=\"http:\/\/www.javorszky.hu\/wordpress\/wp-content\/uploads\/2026\/02\/Teritesi-dijtetelek4.verz_.pdf\" data-type=\"URL\" data-id=\"http:\/\/www.javorszky.hu\/wordpress\/wp-content\/uploads\/2026\/02\/Teritesi-dijtetelek4.verz_.pdf\">T\u00e9r\u00edt\u00e9si d\u00edjak<\/a><br><a href=\"http:\/\/www.javorszky.hu\/wordpress\/wp-content\/uploads\/2026\/05\/SZ27-Teritesi-Dijszabalyzat_3kisebb.pdf\" data-type=\"URL\" data-id=\"http:\/\/www.javorszky.hu\/wordpress\/wp-content\/uploads\/2026\/05\/SZ27-Teritesi-Dijszabalyzat_3kisebb.pdf\">SZ27 T\u00e9r\u00edt\u00e9si d\u00edjszab\u00e1lyzat<\/a><\/td><\/tr><tr><td>6. Az eg\u00e9szs\u00e9g\u00fcgyr\u0151l sz\u00f3l\u00f3 1997. \u00e9vi CLIV. t\u00f6rv\u00e9ny 33. \u00a7 (1) alapj\u00e1n az eg\u00e9szs\u00e9g\u00fcgyi szolg\u00e1ltat\u00f3 \u00e9s a betegjogi, ell\u00e1tottjogi \u00e9s gyermekjogi k\u00e9pvisel\u0151t foglalkoztat\u00f3 szerv biztos\u00edtja, hogy a betegek \u00e9s hozz\u00e1tartoz\u00f3ik a betegjogok k\u00e9pviselet\u00e9t ell\u00e1t\u00f3 szem\u00e9ly(ek) kil\u00e9t\u00e9t \u00e9s el\u00e9r\u00e9s\u00fck m\u00f3dj\u00e1t megismerhess\u00e9k.&nbsp;<br>Az Integr\u00e1lt Jogv\u00e9delmi Szolg\u00e1latr\u00f3l \u200b sz\u00f3l\u00f3 381\/2016. (XII. 2.) Korm. rendelet 8. \u00a7 (1) alapj\u00e1n a szolg\u00e1ltat\u00f3 gondoskodik arr\u00f3l, hogy a jogv\u00e9delmi k\u00e9pvisel\u0151<br>a) neve, el\u00e9rhet\u0151s\u00e9ge, fogad\u00f3\u00f3r\u00e1inak helye \u00e9s id\u0151pontja a szolg\u00e1ltat\u00f3 ter\u00fclet\u00e9n j\u00f3l l\u00e1that\u00f3 helyen kif\u00fcggeszt\u00e9sre ker\u00fclj\u00f6n, tov\u00e1bb\u00e1, ha a szolg\u00e1ltat\u00f3 honlapot \u00fczemeltet, azon k\u00f6zz\u00e9t\u00e9telre ker\u00fclj\u00f6n,<\/td><td class=\"has-text-align-center\" data-align=\"center\"><a href=\"https:\/\/www.javorszky.hu\/wordpress\/?page_id=926\" data-type=\"URL\" data-id=\"https:\/\/www.javorszky.hu\/wordpress\/?page_id=926\">Betegjogi k\u00e9pvisel\u0151<\/a><\/td><\/tr><tr><td>7. A k\u00f6telez\u0151 eg\u00e9szs\u00e9gbiztos\u00edt\u00e1s ell\u00e1t\u00e1sair\u00f3l sz\u00f3l\u00f3 1997. \u00e9vi LXXXIII. t\u00f6rv\u00e9ny v\u00e9grehajt\u00e1s\u00e1r\u00f3l \u200bsz\u00f3l\u00f3 217\/1997. (XII. 1.) Korm. rendelet 2. \u00a7 (1c) alapj\u00e1n az eg\u00e9szs\u00e9g\u00fcgyi szolg\u00e1ltat\u00f3 a honlapj\u00e1n \u00e9s az ell\u00e1t\u00e1s ny\u00fajt\u00e1s\u00e1nak hely\u00e9n t\u00e1j\u00e9koztat\u00f3ban teszi k\u00f6zz\u00e9 azoknak az ell\u00e1t\u00e1soknak a k\u00f6r\u00e9t, amelyek eset\u00e9ben nem fogadja az ell\u00e1t\u00e1si ter\u00fclet\u00e9n k\u00edv\u00fclr\u0151l \u00e9rkez\u0151 biztos\u00edtottakat. Ilyen ell\u00e1t\u00e1sok eset\u00e9ben a biztos\u00edtottat a betegfelv\u00e9tel sor\u00e1n sz\u00f3ban t\u00e1j\u00e9koztatni kell arr\u00f3l, hogy van-e lehet\u0151s\u00e9g a betegfogad\u00e1si lista alapj\u00e1n egy k\u00e9s\u0151bbi id\u0151pontban t\u00f6rt\u00e9n\u0151 ell\u00e1t\u00e1s-ig\u00e9nybev\u00e9telre.<\/td><td class=\"has-text-align-center\" data-align=\"center\"><a href=\"https:\/\/www.nnk.gov.hu\/index.php\/egeszsegugyi-igazgatas\/nyilvantartasok\/ellatasi-teruletek-nyilvantartasai.html\">https:\/\/www.nnk.gov.hu\/index.php\/egeszsegugyi-igazgatas\/nyilvantartasok\/ellatasi-teruletek-nyilvantartasai.html<\/a><\/td><\/tr><tr><td><\/td><td class=\"has-text-align-center\" data-align=\"center\"><\/td><\/tr><\/tbody><\/table><figcaption>2025.03.19.<\/figcaption><\/figure>\n","protected":false},"excerpt":{"rendered":"<p>K\u00f6telez\u0151en k\u00f6zz\u00e9teend\u0151 k\u00f6z\u00e9rdek\u0171 adat megnevez\u00e9se Adat 1. A 368\/2011. (XII. 31.) Korm. rendelet 6. mell\u00e9klet 12. pontja alapj\u00e1n a k\u00f6zbeszerz\u00e9si elj\u00e1r\u00e1s eredm\u00e9nyek\u00e9nt az \u00e1llamh\u00e1ztart\u00e1s k\u00f6zponti alrendszer\u00e9be tartoz\u00f3 k\u00f6lts\u00e9gvet\u00e9si szerv, tov\u00e1bb\u00e1 a fejezeti kezel\u00e9s\u0171 el\u0151ir\u00e1nyzat, elk\u00fcl\u00f6n\u00edtett \u00e1llami p\u00e9nzalap terh\u00e9re megk\u00f6t\u00f6tt, nett\u00f3 100 milli\u00f3 forint teljes\u00edt\u00e9si \u00e9rt\u00e9ket meghalad\u00f3 szerz\u0151d\u00e9sek alapj\u00e1n teljes\u00edtett kifizet\u00e9s \u00f6sszege, k\u00f6zvetlen jogosultja \u00e9s a [&hellip;]<\/p>\n","protected":false},"author":5,"featured_media":0,"parent":0,"menu_order":0,"comment_status":"closed","ping_status":"closed","template":"","meta":[],"_links":{"self":[{"href":"http:\/\/www.javorszky.hu\/wordpress\/index.php?rest_route=\/wp\/v2\/pages\/8345"}],"collection":[{"href":"http:\/\/www.javorszky.hu\/wordpress\/index.php?rest_route=\/wp\/v2\/pages"}],"about":[{"href":"http:\/\/www.javorszky.hu\/wordpress\/index.php?rest_route=\/wp\/v2\/types\/page"}],"author":[{"embeddable":true,"href":"http:\/\/www.javorszky.hu\/wordpress\/index.php?rest_route=\/wp\/v2\/users\/5"}],"replies":[{"embeddable":true,"href":"http:\/\/www.javorszky.hu\/wordpress\/index.php?rest_route=%2Fwp%2Fv2%2Fcomments&post=8345"}],"version-history":[{"count":10,"href":"http:\/\/www.javorszky.hu\/wordpress\/index.php?rest_route=\/wp\/v2\/pages\/8345\/revisions"}],"predecessor-version":[{"id":10033,"href":"http:\/\/www.javorszky.hu\/wordpress\/index.php?rest_route=\/wp\/v2\/pages\/8345\/revisions\/10033"}],"wp:attachment":[{"href":"http:\/\/www.javorszky.hu\/wordpress\/index.php?rest_route=%2Fwp%2Fv2%2Fmedia&parent=8345"}],"curies":[{"name":"wp","href":"https:\/\/api.w.org\/{rel}","templated":true}]}}