{"id":926,"date":"2016-01-20T09:13:18","date_gmt":"2016-01-20T08:13:18","guid":{"rendered":"http:\/\/www.javorszky.hu\/wordpress\/?page_id=926"},"modified":"2024-09-10T10:04:48","modified_gmt":"2024-09-10T08:04:48","slug":"betegjogi-kepviselo","status":"publish","type":"page","link":"http:\/\/www.javorszky.hu\/wordpress\/?page_id=926","title":{"rendered":"Betegjogi k\u00e9pvisel\u0151"},"content":{"rendered":"\n<h4 class=\"has-medium-font-size\">A jogv\u00e9delmi k\u00e9pvisel\u0151 az integr\u00e1lt jogv\u00e9delmi szolg\u00e1lat (IJSZ) munkat\u00e1rsa. A jogv\u00e9delmi k\u00e9pvisel\u0151 az eg\u00e9szs\u00e9g\u00fcgyi int\u00e9zm\u00e9nyt\u0151l f\u00fcggetlen szem\u00e9ly.<\/h4>\n\n\n\n<h4 class=\"has-medium-font-size\">A lenti  el\u00e9rhet\u0151s\u00e9gek sikertelens\u00e9ge eset\u00e9n az IJSZ z\u00f6ldsz\u00e1ma:                     <mark style=\"background-color:rgba(0, 0, 0, 0)\" class=\"has-inline-color has-vivid-green-cyan-color\"><strong>+36 80 620-055<\/strong><\/mark><\/h4>\n\n\n\n<p class=\"has-text-align-center has-medium-font-size\"><mark style=\"background-color:rgba(0, 0, 0, 0)\" class=\"has-inline-color has-vivid-green-cyan-color\">A szervezet honlap el\u00e9rhet\u0151s\u00e9ge <\/mark>: <a href=\"https:\/\/www.ijsz.hu\/\" data-type=\"URL\" data-id=\"https:\/\/www.ijsz.hu\/\">www.ijsz.hu<\/a><\/p>\n\n\n\n<p class=\"has-text-align-center\"><a href=\"https:\/\/www.ijsz.hu\/menupontok-2-47.html\">https:\/\/www.ijsz.hu\/menupontok-2-47.html<\/a><\/p>\n\n\n\n<figure class=\"wp-container-2 wp-block-gallery-1 wp-block-gallery has-nested-images columns-default is-cropped\">\n<figure class=\"wp-block-image size-large\"><a href=\"https:\/\/www.javorszky.hu\/wordpress\/wp-content\/uploads\/2024\/06\/Kepkivagas.jpg\"><img loading=\"lazy\" width=\"1024\" height=\"767\" data-id=\"7153\"  src=\"https:\/\/www.javorszky.hu\/wordpress\/wp-content\/uploads\/2024\/06\/Kepkivagas-1024x767.jpg\" alt=\"\" class=\"wp-image-7153\" srcset=\"http:\/\/www.javorszky.hu\/wordpress\/wp-content\/uploads\/2024\/06\/Kepkivagas-1024x767.jpg 1024w, http:\/\/www.javorszky.hu\/wordpress\/wp-content\/uploads\/2024\/06\/Kepkivagas-300x225.jpg 300w, http:\/\/www.javorszky.hu\/wordpress\/wp-content\/uploads\/2024\/06\/Kepkivagas-768x575.jpg 768w, http:\/\/www.javorszky.hu\/wordpress\/wp-content\/uploads\/2024\/06\/Kepkivagas.jpg 1044w\" sizes=\"(max-width: 1024px) 100vw, 1024px\" \/><\/a><\/figure>\n<\/figure>\n\n\n\n<p><a href=\"http:\/\/www.javorszky.hu\/betegjogikepv.jpg\">&nbsp;<\/a><\/p>\n\n\n\n<h2>Eg\u00e9szs\u00e9g\u00fcgyi ell\u00e1t\u00e1sa sor\u00e1n \u00d6nt az al\u00e1bbiak illetik meg:<\/h2>\n\n\n\n<ul><li>Megfelel\u0151 eg\u00e9szs\u00e9g\u00fcgyi ell\u00e1t\u00e1s<\/li><li>Emberi m\u00e9lt\u00f3s\u00e1g tiszteletben tart\u00e1sa<\/li><li>Kapcsolattart\u00e1s<\/li><li>Az eg\u00e9szs\u00e9g\u00fcgyi dokument\u00e1ci\u00f3 megismer\u00e9se<\/li><li>\u00d6nrendelkez\u00e9s \u00e9s az ell\u00e1t\u00e1s visszautas\u00edt\u00e1sa<\/li><li>Teljes k\u00f6r\u0171 t\u00e1j\u00e9koztat\u00e1s<\/li><li>Orvosi titoktart\u00e1s<\/li><li>Eg\u00e9szs\u00e9g\u00fcgyi int\u00e9zm\u00e9ny elhagy\u00e1sa<\/li><\/ul>\n\n\n\n<p style=\"line-height:1\">K\u00e9rj\u00fck, hogy ell\u00e1t\u00e1sa sor\u00e1n az eg\u00e9szs\u00e9g\u00fcgyi dolgoz\u00f3k \u00e9s a betegt\u00e1rsak jogainak tiszteletben tart\u00e1s\u00e1val m\u0171k\u00f6dj\u00f6n egy\u00fctt<\/p>\n\n\n\n<p style=\"line-height:1\">Eg\u00e9szs\u00e9g\u00fcgyi ell\u00e1t\u00e1sa sor\u00e1n felmer\u00fclt betegjogi s\u00e9relmek eset\u00e9n fordulhat az illet\u00e9kes betegjogi k\u00e9pvisel\u0151j\u00e9hez.<\/p>\n\n\n<div class=\"wp-block-image\">\n<figure class=\"aligncenter size-full\"><a href=\"https:\/\/www.javorszky.hu\/wordpress\/wp-content\/uploads\/2024\/09\/Uj-betegjogi-plakat.jpg\"><img loading=\"lazy\" width=\"520\" height=\"736\" src=\"https:\/\/www.javorszky.hu\/wordpress\/wp-content\/uploads\/2024\/09\/Uj-betegjogi-plakat.jpg\" alt=\"\" class=\"wp-image-7492\" srcset=\"http:\/\/www.javorszky.hu\/wordpress\/wp-content\/uploads\/2024\/09\/Uj-betegjogi-plakat.jpg 520w, http:\/\/www.javorszky.hu\/wordpress\/wp-content\/uploads\/2024\/09\/Uj-betegjogi-plakat-212x300.jpg 212w\" sizes=\"(max-width: 520px) 100vw, 520px\" \/><\/a><\/figure><\/div>\n\n<div class=\"wp-block-image\">\n<figure class=\"aligncenter size-large\"><a href=\"http:\/\/www.javorszky.hu\/wordpress\/wp-content\/uploads\/2022\/05\/Betegjogok.jpg\"><img loading=\"lazy\" width=\"724\" height=\"1024\" src=\"http:\/\/www.javorszky.hu\/wordpress\/wp-content\/uploads\/2022\/05\/Betegjogok-724x1024.jpg\" alt=\"\" class=\"wp-image-3342\" srcset=\"http:\/\/www.javorszky.hu\/wordpress\/wp-content\/uploads\/2022\/05\/Betegjogok-724x1024.jpg 724w, http:\/\/www.javorszky.hu\/wordpress\/wp-content\/uploads\/2022\/05\/Betegjogok-212x300.jpg 212w, http:\/\/www.javorszky.hu\/wordpress\/wp-content\/uploads\/2022\/05\/Betegjogok-768x1086.jpg 768w, http:\/\/www.javorszky.hu\/wordpress\/wp-content\/uploads\/2022\/05\/Betegjogok-1086x1536.jpg 1086w, http:\/\/www.javorszky.hu\/wordpress\/wp-content\/uploads\/2022\/05\/Betegjogok-1020x1443.jpg 1020w, http:\/\/www.javorszky.hu\/wordpress\/wp-content\/uploads\/2022\/05\/Betegjogok.jpg 1190w\" sizes=\"(max-width: 724px) 100vw, 724px\" \/><\/a><\/figure><\/div>","protected":false},"excerpt":{"rendered":"<p>A jogv\u00e9delmi k\u00e9pvisel\u0151 az integr\u00e1lt jogv\u00e9delmi szolg\u00e1lat (IJSZ) munkat\u00e1rsa. A jogv\u00e9delmi k\u00e9pvisel\u0151 az eg\u00e9szs\u00e9g\u00fcgyi int\u00e9zm\u00e9nyt\u0151l f\u00fcggetlen szem\u00e9ly. A lenti el\u00e9rhet\u0151s\u00e9gek sikertelens\u00e9ge eset\u00e9n az IJSZ z\u00f6ldsz\u00e1ma: +36 80 620-055 A szervezet honlap el\u00e9rhet\u0151s\u00e9ge : www.ijsz.hu https:\/\/www.ijsz.hu\/menupontok-2-47.html &nbsp; Eg\u00e9szs\u00e9g\u00fcgyi ell\u00e1t\u00e1sa sor\u00e1n \u00d6nt az al\u00e1bbiak illetik meg: Megfelel\u0151 eg\u00e9szs\u00e9g\u00fcgyi ell\u00e1t\u00e1s Emberi m\u00e9lt\u00f3s\u00e1g tiszteletben tart\u00e1sa Kapcsolattart\u00e1s Az eg\u00e9szs\u00e9g\u00fcgyi dokument\u00e1ci\u00f3 [&hellip;]<\/p>\n","protected":false},"author":1,"featured_media":0,"parent":0,"menu_order":0,"comment_status":"closed","ping_status":"closed","template":"","meta":[],"_links":{"self":[{"href":"http:\/\/www.javorszky.hu\/wordpress\/index.php?rest_route=\/wp\/v2\/pages\/926"}],"collection":[{"href":"http:\/\/www.javorszky.hu\/wordpress\/index.php?rest_route=\/wp\/v2\/pages"}],"about":[{"href":"http:\/\/www.javorszky.hu\/wordpress\/index.php?rest_route=\/wp\/v2\/types\/page"}],"author":[{"embeddable":true,"href":"http:\/\/www.javorszky.hu\/wordpress\/index.php?rest_route=\/wp\/v2\/users\/1"}],"replies":[{"embeddable":true,"href":"http:\/\/www.javorszky.hu\/wordpress\/index.php?rest_route=%2Fwp%2Fv2%2Fcomments&post=926"}],"version-history":[{"count":18,"href":"http:\/\/www.javorszky.hu\/wordpress\/index.php?rest_route=\/wp\/v2\/pages\/926\/revisions"}],"predecessor-version":[{"id":7496,"href":"http:\/\/www.javorszky.hu\/wordpress\/index.php?rest_route=\/wp\/v2\/pages\/926\/revisions\/7496"}],"wp:attachment":[{"href":"http:\/\/www.javorszky.hu\/wordpress\/index.php?rest_route=%2Fwp%2Fv2%2Fmedia&parent=926"}],"curies":[{"name":"wp","href":"https:\/\/api.w.org\/{rel}","templated":true}]}}