{"id":9602,"date":"2026-01-28T10:16:14","date_gmt":"2026-01-28T09:16:14","guid":{"rendered":"https:\/\/www.javorszky.hu\/wordpress\/?page_id=9602"},"modified":"2026-01-29T14:22:31","modified_gmt":"2026-01-29T13:22:31","slug":"mutet-utani-korhazi-tartozkodas","status":"publish","type":"page","link":"http:\/\/www.javorszky.hu\/wordpress\/?page_id=9602","title":{"rendered":"M\u0171t\u00e9t ut\u00e1ni k\u00f3rh\u00e1zi tart\u00f3zkod\u00e1s"},"content":{"rendered":"<div class=\"wp-block-image\">\n<figure class=\"aligncenter size-full\"><a href=\"https:\/\/www.javorszky.hu\/wordpress\/wp-content\/uploads\/2026\/01\/4-tablazat.jpg\"><img loading=\"lazy\" width=\"366\" height=\"839\" src=\"https:\/\/www.javorszky.hu\/wordpress\/wp-content\/uploads\/2026\/01\/4-tablazat.jpg\" alt=\"\" class=\"wp-image-9603\" srcset=\"http:\/\/www.javorszky.hu\/wordpress\/wp-content\/uploads\/2026\/01\/4-tablazat.jpg 366w, http:\/\/www.javorszky.hu\/wordpress\/wp-content\/uploads\/2026\/01\/4-tablazat-131x300.jpg 131w\" sizes=\"(max-width: 366px) 100vw, 366px\" \/><\/a><\/figure><\/div>\n\n\n<p><strong>Mi\u00e9rt fontos ez az id\u0151szak?<\/strong>&nbsp;<\/p>\n\n\n\n<p>&nbsp;<br>A m\u0171t\u00e9t ut\u00e1n a k\u00f3rh\u00e1zi megfigyel\u00e9s \u00e9s \u00e1pol\u00e1s c\u00e9lja az, hogy \u00d6n biztons\u00e1gban, ellen\u0151rz\u00f6tt k\u00f6r\u00fclm\u00e9nyek k\u00f6z\u00f6tt kezdhesse meg a fel\u00e9p\u00fcl\u00e9st.&nbsp;&nbsp;Az al\u00e1bbiakban bemutatjuk, mire sz\u00e1m\u00edthat az \u00e9bred\u00e9st\u0151l eg\u00e9szen a hazabocs\u00e1t\u00e1sig.&nbsp;Sokan megnyugtat\u00f3nak tartj\u00e1k, ha el\u0151re tudj\u00e1k, milyen l\u00e9p\u00e9sek k\u00f6vetkeznek, milyen t\u00fcnetek term\u00e9szetesek, \u00e9s mikor kell seg\u00edts\u00e9get k\u00e9rni.&nbsp;Ez\u00e9rt foglaljuk most \u00f6ssze r\u00e9szletesen a k\u00f3rh\u00e1zi tart\u00f3zkod\u00e1s legfontosabb elemeit.&nbsp;<\/p>\n\n\n\n<p><strong>4.1. \u00c9bred\u00e9s a m\u0171t\u00e9t ut\u00e1n<\/strong>&nbsp;<\/p>\n\n\n\n<p>&nbsp;A m\u0171t\u00e9t befejez\u00e9s\u00e9t k\u00f6vet\u0151en \u00d6n a m\u0171t\u0151i&nbsp;<strong>\u00e9bred\u0151szob\u00e1ba<\/strong>&nbsp;ker\u00fcl, ahol folyamatos megfigyel\u00e9s alatt \u00e1ll.&nbsp;Itt:&nbsp;<\/p>\n\n\n\n<ul><li>ellen\u0151rzik a v\u00e9rnyom\u00e1s\u00e1t, pulzus\u00e1t, l\u00e9gz\u00e9s\u00e9t,&nbsp;<\/li><li>sz\u00fcks\u00e9g eset\u00e9n f\u00e1jdalomcsillap\u00edt\u00f3t adnak,&nbsp;<\/li><li>figyelik, hogyan \u00e9bred az altat\u00e1sb\u00f3l.&nbsp;<\/li><\/ul>\n\n\n\n<p>Az \u00e9bred\u00e9s sor\u00e1n sz\u00e9d\u00fcl\u00e9s, hideg\u00e9rz\u00e9s, gyenges\u00e9g el\u0151fordulhat \u2014 ezek az altat\u00e1s term\u00e9szetes velej\u00e1r\u00f3i.&nbsp;<br>&nbsp;<\/p>\n\n\n\n<p><strong>4.2. F\u00e1jdalomcsillap\u00edt\u00e1s<\/strong>&nbsp;<\/p>\n\n\n\n<p>A m\u0171t\u00e9t ut\u00e1ni f\u00e1jdalom m\u00e9rt\u00e9ke m\u0171t\u00e9t-t\u00edpusonk\u00e9nt elt\u00e9r\u0151 lehet.&nbsp;&nbsp;A k\u00f3rh\u00e1z szem\u00e9lyzete az \u00d6n ig\u00e9nyeihez igaz\u00edtja a f\u00e1jdalomcsillap\u00edt\u00e1st.&nbsp;Ez t\u00f6rt\u00e9nhet:&nbsp;<\/p>\n\n\n\n<ul><li>inf\u00fazi\u00f3ban&nbsp;<\/li><li>tablett\u00e1ban&nbsp;<\/li><\/ul>\n\n\n\n<p>K\u00e9rj\u00fck, ha f\u00e1jdalmat \u00e9rez,&nbsp;<strong>ne k\u00e9slekedjen jelezni<\/strong>&nbsp;\u2014 a f\u00e1jdalom megfelel\u0151 kezel\u00e9se el\u0151seg\u00edti a gyorsabb gy\u00f3gyul\u00e1st.&nbsp;<\/p>\n\n\n\n<p>&nbsp;<strong>4.3. Folyad\u00e9kp\u00f3tl\u00e1s \u00e9s inf\u00fazi\u00f3k<\/strong>&nbsp;<\/p>\n\n\n\n<p>A m\u0171t\u00e9t ut\u00e1n az els\u0151 \u00f3r\u00e1kban inf\u00fazi\u00f3 biztos\u00edtja a folyad\u00e9kot \u00e9s az alapvet\u0151 t\u00e1panyagokat.&nbsp;&nbsp;Ha az \u00e1llapota engedi, fokozatosan kezdheti \u00fajra a sz\u00e1jon \u00e1t t\u00f6rt\u00e9n\u0151 folyad\u00e9kfogyaszt\u00e1st.&nbsp;Az \u00e1pol\u00f3k folyamatosan figyelik:&nbsp;<\/p>\n\n\n\n<ul><li>az inf\u00fazi\u00f3 mennyis\u00e9g\u00e9t,&nbsp;<\/li><li>a vizelet\u00fcr\u00edt\u00e9st,&nbsp;<\/li><li>a v\u00e9rnyom\u00e1st.&nbsp;<\/li><\/ul>\n\n\n\n<p><strong>4.4. Els\u0151 felkel\u00e9s <\/strong>&nbsp;<\/p>\n\n\n\n<p>A m\u0171t\u00e9t ut\u00e1n a fel\u00e9p\u00fcl\u00e9s fontos r\u00e9sze az els\u0151, \u00f3vatos felkel\u00e9s, amelyet gy\u00f3gytorn\u00e1sz \u00e9s \u00e1pol\u00f3 fel\u00fcgyelete mellett v\u00e9gez.&nbsp;A c\u00e9l:&nbsp;&nbsp;<\/p>\n\n\n\n<ul><li>a v\u00e9rr\u00f6gk\u00e9pz\u0151d\u00e9s kock\u00e1zat\u00e1nak cs\u00f6kkent\u00e9se,&nbsp;<\/li><li>a l\u00e9gz\u00e9s \u00e9s kering\u00e9s jav\u00edt\u00e1sa,&nbsp;<\/li><li>a gyorsabb gy\u00f3gyul\u00e1s el\u0151seg\u00edt\u00e9se.&nbsp;<\/li><\/ul>\n\n\n\n<p>A felkel\u00e9s id\u0151pontj\u00e1t a kezel\u0151orvos hat\u00e1rozza meg a m\u0171t\u00e9t t\u00edpus\u00e1t\u00f3l \u00e9s az \u00d6n \u00e1llapot\u00e1t\u00f3l f\u00fcgg\u0151en.&nbsp;<br>&nbsp;<\/p>\n\n\n\n<p><strong>4.5. A m\u0171t\u00e9tr\u0151l kapott t\u00e1j\u00e9koztat\u00e1s<\/strong>&nbsp;<\/p>\n\n\n\n<p>Miut\u00e1n stabil \u00e1llapotban visszaker\u00fcl az oszt\u00e1lyra, kezel\u0151orvosa t\u00e1j\u00e9koztatja \u00d6nt \u00e9s hozz\u00e1tartoz\u00f3j\u00e1t:&nbsp;<\/p>\n\n\n\n<ul><li>a m\u0171t\u00e9t menet\u00e9r\u0151l,&nbsp;<\/li><li>az eredm\u00e9ny\u00e9r\u0151l,&nbsp;<\/li><li>a m\u0171t\u00e9t sor\u00e1n szerzett meg\u00e1llap\u00edt\u00e1sokr\u00f3l,&nbsp;<\/li><li>az els\u0151 otthoni teend\u0151kr\u0151l.&nbsp;<\/li><\/ul>\n\n\n\n<p>A k\u00f3rh\u00e1zi szem\u00e9lyzet r\u00e9szletes \u00fatmutat\u00f3t ad a sebell\u00e1t\u00e1sr\u00f3l, gy\u00f3gyszerekr\u0151l \u00e9s a mozg\u00e1st \u00e9rint\u0151 korl\u00e1toz\u00e1sokr\u00f3l.&nbsp;<\/p>\n\n\n\n<p><strong>4.6. A hazabocs\u00e1t\u00e1s el\u0151k\u00e9sz\u00edt\u00e9se<\/strong>&nbsp;<\/p>\n\n\n\n<p>A k\u00f3rh\u00e1zi tart\u00f3zkod\u00e1s hossza m\u0171t\u00e9tt\u00edpust\u00f3l f\u00fcgg, \u00e1ltal\u00e1ban 1-3 nap.&nbsp;&nbsp;A hazabocs\u00e1t\u00e1s el\u0151tt:&nbsp;<\/p>\n\n\n\n<ul><li>megt\u00f6rt\u00e9nik a sebek ellen\u0151rz\u00e9se,&nbsp;<\/li><li>megbesz\u00e9lik a tov\u00e1bbi gy\u00f3gyszerszed\u00e9st,&nbsp;<\/li><li>kiadj\u00e1k a z\u00e1r\u00f3jelent\u00e9st,&nbsp;<\/li><li>egyeztetik az els\u0151 kontroll id\u0151pontj\u00e1t.&nbsp;<\/li><\/ul>\n\n\n\n<p>Hazabocs\u00e1t\u00e1sa el\u0151tt r\u00e9szletes t\u00e1j\u00e9koztat\u00e1st kap az otthoni sebell\u00e1t\u00e1sr\u00f3l, gy\u00f3gyszerekr\u0151l, a mozg\u00e1st \u00e9rint\u0151 korl\u00e1toz\u00e1sokr\u00f3l, illetve \u2013 amennyiben sz\u00fcks\u00e9ges &#8211; t\u00e1pl\u00e1lkoz\u00e1si tan\u00e1csokkal is ell\u00e1tj\u00e1k \u00d6nt.&nbsp;&nbsp;<\/p>\n\n\n\n<p><strong>FONTOS<\/strong>:&nbsp;K\u00e9rjen t\u00e1j\u00e9koztat\u00e1st azokr\u00f3l a t\u00fcnetekr\u0151l is, amelyek jelentkez\u00e9se eset\u00e9n hazabocs\u00e1t\u00e1sa ut\u00e1n orvoshoz kell forduljon.&nbsp;&nbsp;<\/p>\n\n\n\n<p><strong>4.7. Hozz\u00e1tartoz\u00f3knak<\/strong>&nbsp;<\/p>\n\n\n\n<p>A m\u0171t\u00e9t ut\u00e1ni id\u0151szakban a hozz\u00e1tartoz\u00f3k t\u00e1mogat\u00e1sa k\u00fcl\u00f6n\u00f6sen fontos.&nbsp;\u0150k tudnak seg\u00edteni:&nbsp;<\/p>\n\n\n\n<ul><li>a hazasz\u00e1ll\u00edt\u00e1s megszervez\u00e9s\u00e9ben,&nbsp;<\/li><li>az els\u0151 napok otthoni fel\u00fcgyelet\u00e9ben,&nbsp;<\/li><li>a gy\u00f3gyszerekkel \u00e9s sebell\u00e1t\u00e1ssal kapcsolatos teend\u0151kben.&nbsp;<\/li><\/ul>\n\n\n\n<p>K\u00e9rj\u00fck a csal\u00e1dtagokat, hogy a l\u00e1togat\u00e1si rendet tarts\u00e1k be, \u00e9s csak eg\u00e9szs\u00e9gesen l\u00e1togass\u00e1k hozz\u00e1tartoz\u00f3jukat.&nbsp;L\u00e1togat\u00e1si rend link<br>&nbsp;<\/p>\n\n\n\n<p><strong>4.8. Ellen\u0151rz\u0151lista a m\u0171t\u00e9t ut\u00e1ni k\u00f3rh\u00e1zi id\u0151szakra<\/strong>&nbsp;<\/p>\n\n\n\n<ul><li>Megbesz\u00e9ltem orvosommal a m\u0171t\u00e9t eredm\u00e9ny\u00e9t&nbsp;<\/li><li>\u00c1tvettem a hazabocs\u00e1t\u00e1shoz sz\u00fcks\u00e9ges dokumentumokat&nbsp;<\/li><li>Hozz\u00e1tartoz\u00f3im tudnak a hazasz\u00e1ll\u00edt\u00e1s id\u0151pontj\u00e1r\u00f3l&nbsp;<\/li><li>Felk\u00e9sz\u00fcltem az otthoni teend\u0151kre&nbsp;<\/li><li>Nincs l\u00e1z, er\u0151s f\u00e1jdalom vagy rendellenes t\u00fcnet&nbsp;<\/li><\/ul>\n","protected":false},"excerpt":{"rendered":"<p>Mi\u00e9rt fontos ez az id\u0151szak?&nbsp; &nbsp;A m\u0171t\u00e9t ut\u00e1n a k\u00f3rh\u00e1zi megfigyel\u00e9s \u00e9s \u00e1pol\u00e1s c\u00e9lja az, hogy \u00d6n biztons\u00e1gban, ellen\u0151rz\u00f6tt k\u00f6r\u00fclm\u00e9nyek k\u00f6z\u00f6tt kezdhesse meg a fel\u00e9p\u00fcl\u00e9st.&nbsp;&nbsp;Az al\u00e1bbiakban bemutatjuk, mire sz\u00e1m\u00edthat az \u00e9bred\u00e9st\u0151l eg\u00e9szen a hazabocs\u00e1t\u00e1sig.&nbsp;Sokan megnyugtat\u00f3nak tartj\u00e1k, ha el\u0151re tudj\u00e1k, milyen l\u00e9p\u00e9sek k\u00f6vetkeznek, milyen t\u00fcnetek term\u00e9szetesek, \u00e9s mikor kell seg\u00edts\u00e9get k\u00e9rni.&nbsp;Ez\u00e9rt foglaljuk most \u00f6ssze r\u00e9szletesen a [&hellip;]<\/p>\n","protected":false},"author":5,"featured_media":0,"parent":0,"menu_order":0,"comment_status":"closed","ping_status":"closed","template":"","meta":[],"_links":{"self":[{"href":"http:\/\/www.javorszky.hu\/wordpress\/index.php?rest_route=\/wp\/v2\/pages\/9602"}],"collection":[{"href":"http:\/\/www.javorszky.hu\/wordpress\/index.php?rest_route=\/wp\/v2\/pages"}],"about":[{"href":"http:\/\/www.javorszky.hu\/wordpress\/index.php?rest_route=\/wp\/v2\/types\/page"}],"author":[{"embeddable":true,"href":"http:\/\/www.javorszky.hu\/wordpress\/index.php?rest_route=\/wp\/v2\/users\/5"}],"replies":[{"embeddable":true,"href":"http:\/\/www.javorszky.hu\/wordpress\/index.php?rest_route=%2Fwp%2Fv2%2Fcomments&post=9602"}],"version-history":[{"count":2,"href":"http:\/\/www.javorszky.hu\/wordpress\/index.php?rest_route=\/wp\/v2\/pages\/9602\/revisions"}],"predecessor-version":[{"id":9627,"href":"http:\/\/www.javorszky.hu\/wordpress\/index.php?rest_route=\/wp\/v2\/pages\/9602\/revisions\/9627"}],"wp:attachment":[{"href":"http:\/\/www.javorszky.hu\/wordpress\/index.php?rest_route=%2Fwp%2Fv2%2Fmedia&parent=9602"}],"curies":[{"name":"wp","href":"https:\/\/api.w.org\/{rel}","templated":true}]}}